{"id":3056,"date":"2021-08-27T14:30:46","date_gmt":"2021-08-27T14:30:46","guid":{"rendered":"https:\/\/samsaragold.com\/product\/6g-keyboard-2\/"},"modified":"2023-09-19T14:44:42","modified_gmt":"2023-09-19T14:44:42","slug":"accessoires-humanscale-6g-keyboard","status":"publish","type":"product","link":"https:\/\/metrointeriors.ca\/fr\/produit\/accessoires-humanscale-6g-keyboard\/","title":{"rendered":"Clavier 6G"},"content":{"rendered":"<p>Le support clavier repr\u00e9sente l\u2019\u00e9l\u00e9ment essentiel d\u2019un poste de travail ergonomique \u00e0 diff\u00e9rents \u00e9gards. Comme les mouvements de saisie et la vision conditionnent la posture, le support clavier articul\u00e9 permet \u00e0 l\u2019utilisateur d\u2019adopter une position assise saine et neutre tout en ayant le clavier et la souris \u00e0 port\u00e9e de main. Un syst\u00e8me de clavier bien con\u00e7u prot\u00e8ge l\u2019utilisateur contre le syndrome du canal carpien, les douleurs au cou, \u00a0au dos et d\u2019autres troubles musculosquelettiques. Depuis 1995, Humanscale est le premier fabricant de supports clavier articul\u00e9s dont les ventes d\u00e9passent actuellement celles de tous les autres fabricants r\u00e9unis.<\/p>\n","protected":false},"excerpt":{"rendered":"<p>Le syst\u00e8me de clavier articul\u00e9 Humanscale 6G \u00ab Big Board \u00bb est con\u00e7u pour \u00eatre durable, l\u00e9ger et \u00e9l\u00e9gant tout en offrant une fonctionnalit\u00e9 et une facilit\u00e9 d&rsquo;utilisation exceptionnelles.<\/p>\n","protected":false},"featured_media":2731,"comment_status":"closed","ping_status":"closed","template":"","meta":{"_et_pb_use_builder":"","_et_pb_old_content":"","_et_gb_content_width":""},"product_brand":[],"product_cat":[151,145],"product_tag":[457,458],"class_list":{"0":"post-3056","1":"product","2":"type-product","3":"status-publish","4":"has-post-thumbnail","6":"product_cat-accessoires","7":"product_cat-access-humanscale-fr","8":"product_tag-6g-keyboard-fr","9":"product_tag-accessories-humanscale-fr","11":"first","12":"instock","13":"product-type-simple"},"yoast_head":"<!-- This site is optimized with the Yoast SEO plugin v27.0 - https:\/\/yoast.com\/product\/yoast-seo-wordpress\/ -->\n<title>Clavier 6G - Metro Interiors<\/title>\n<meta name=\"robots\" content=\"index, follow, max-snippet:-1, max-image-preview:large, max-video-preview:-1\" \/>\n<link rel=\"canonical\" href=\"https:\/\/metrointeriors.ca\/fr\/produit\/accessoires-humanscale-6g-keyboard\/\" \/>\n<meta property=\"og:locale\" content=\"fr_FR\" \/>\n<meta property=\"og:type\" content=\"article\" \/>\n<meta property=\"og:title\" content=\"Clavier 6G - Metro Interiors\" \/>\n<meta property=\"og:description\" content=\"Le syst\u00e8me de clavier articul\u00e9 Humanscale 6G \u00ab Big Board \u00bb est con\u00e7u pour \u00eatre durable, l\u00e9ger et \u00e9l\u00e9gant tout en offrant une fonctionnalit\u00e9 et une facilit\u00e9 d&#039;utilisation exceptionnelles.\" \/>\n<meta property=\"og:url\" content=\"https:\/\/metrointeriors.ca\/fr\/produit\/accessoires-humanscale-6g-keyboard\/\" \/>\n<meta property=\"og:site_name\" content=\"Metro Interiors\" \/>\n<meta property=\"article:modified_time\" content=\"2023-09-19T14:44:42+00:00\" \/>\n<meta property=\"og:image\" content=\"https:\/\/metrointeriors.ca\/wp-content\/uploads\/2021\/08\/accessories-humanscale-6g-keyboard-1.jpg\" \/>\n\t<meta property=\"og:image:width\" content=\"1080\" \/>\n\t<meta property=\"og:image:height\" content=\"1080\" \/>\n\t<meta property=\"og:image:type\" content=\"image\/jpeg\" \/>\n<meta name=\"twitter:card\" content=\"summary_large_image\" \/>\n<meta name=\"twitter:label1\" content=\"Dur\u00e9e de lecture estim\u00e9e\" \/>\n\t<meta name=\"twitter:data1\" content=\"1 minute\" \/>\n<script type=\"application\/ld+json\" class=\"yoast-schema-graph\">{\"@context\":\"https:\/\/schema.org\",\"@graph\":[{\"@type\":\"WebPage\",\"@id\":\"https:\/\/metrointeriors.ca\/fr\/produit\/accessoires-humanscale-6g-keyboard\/\",\"url\":\"https:\/\/metrointeriors.ca\/fr\/produit\/accessoires-humanscale-6g-keyboard\/\",\"name\":\"Clavier 6G - Metro Interiors\",\"isPartOf\":{\"@id\":\"https:\/\/metrointeriors.ca\/#website\"},\"primaryImageOfPage\":{\"@id\":\"https:\/\/metrointeriors.ca\/fr\/produit\/accessoires-humanscale-6g-keyboard\/#primaryimage\"},\"image\":{\"@id\":\"https:\/\/metrointeriors.ca\/fr\/produit\/accessoires-humanscale-6g-keyboard\/#primaryimage\"},\"thumbnailUrl\":\"https:\/\/metrointeriors.ca\/wp-content\/uploads\/2021\/08\/accessories-humanscale-6g-keyboard-1.jpg\",\"datePublished\":\"2021-08-27T14:30:46+00:00\",\"dateModified\":\"2023-09-19T14:44:42+00:00\",\"breadcrumb\":{\"@id\":\"https:\/\/metrointeriors.ca\/fr\/produit\/accessoires-humanscale-6g-keyboard\/#breadcrumb\"},\"inLanguage\":\"fr-FR\",\"potentialAction\":[{\"@type\":\"ReadAction\",\"target\":[\"https:\/\/metrointeriors.ca\/fr\/produit\/accessoires-humanscale-6g-keyboard\/\"]}]},{\"@type\":\"ImageObject\",\"inLanguage\":\"fr-FR\",\"@id\":\"https:\/\/metrointeriors.ca\/fr\/produit\/accessoires-humanscale-6g-keyboard\/#primaryimage\",\"url\":\"https:\/\/metrointeriors.ca\/wp-content\/uploads\/2021\/08\/accessories-humanscale-6g-keyboard-1.jpg\",\"contentUrl\":\"https:\/\/metrointeriors.ca\/wp-content\/uploads\/2021\/08\/accessories-humanscale-6g-keyboard-1.jpg\",\"width\":1080,\"height\":1080,\"caption\":\"accessories-humanscale-6g-keyboard\"},{\"@type\":\"BreadcrumbList\",\"@id\":\"https:\/\/metrointeriors.ca\/fr\/produit\/accessoires-humanscale-6g-keyboard\/#breadcrumb\",\"itemListElement\":[{\"@type\":\"ListItem\",\"position\":1,\"name\":\"Home\",\"item\":\"https:\/\/metrointeriors.ca\/fr\/\"},{\"@type\":\"ListItem\",\"position\":2,\"name\":\"Boutique\",\"item\":\"https:\/\/metrointeriors.ca\/fr\/boutique\/\"},{\"@type\":\"ListItem\",\"position\":3,\"name\":\"Clavier 6G\"}]},{\"@type\":\"WebSite\",\"@id\":\"https:\/\/metrointeriors.ca\/#website\",\"url\":\"https:\/\/metrointeriors.ca\/\",\"name\":\"Metro Interiors\",\"description\":\"Laissez-nous vous aider \u00e0 rafra\u00eechir votre espace de travail d&#039;entreprise\",\"potentialAction\":[{\"@type\":\"SearchAction\",\"target\":{\"@type\":\"EntryPoint\",\"urlTemplate\":\"https:\/\/metrointeriors.ca\/?s={search_term_string}\"},\"query-input\":{\"@type\":\"PropertyValueSpecification\",\"valueRequired\":true,\"valueName\":\"search_term_string\"}}],\"inLanguage\":\"fr-FR\"}]}<\/script>\n<!-- \/ Yoast SEO plugin. -->","yoast_head_json":{"title":"Clavier 6G - Metro Interiors","robots":{"index":"index","follow":"follow","max-snippet":"max-snippet:-1","max-image-preview":"max-image-preview:large","max-video-preview":"max-video-preview:-1"},"canonical":"https:\/\/metrointeriors.ca\/fr\/produit\/accessoires-humanscale-6g-keyboard\/","og_locale":"fr_FR","og_type":"article","og_title":"Clavier 6G - Metro Interiors","og_description":"Le syst\u00e8me de clavier articul\u00e9 Humanscale 6G \u00ab Big Board \u00bb est con\u00e7u pour \u00eatre durable, l\u00e9ger et \u00e9l\u00e9gant tout en offrant une fonctionnalit\u00e9 et une facilit\u00e9 d'utilisation exceptionnelles.","og_url":"https:\/\/metrointeriors.ca\/fr\/produit\/accessoires-humanscale-6g-keyboard\/","og_site_name":"Metro Interiors","article_modified_time":"2023-09-19T14:44:42+00:00","og_image":[{"width":1080,"height":1080,"url":"https:\/\/metrointeriors.ca\/wp-content\/uploads\/2021\/08\/accessories-humanscale-6g-keyboard-1.jpg","type":"image\/jpeg"}],"twitter_card":"summary_large_image","twitter_misc":{"Dur\u00e9e de lecture estim\u00e9e":"1 minute"},"schema":{"@context":"https:\/\/schema.org","@graph":[{"@type":"WebPage","@id":"https:\/\/metrointeriors.ca\/fr\/produit\/accessoires-humanscale-6g-keyboard\/","url":"https:\/\/metrointeriors.ca\/fr\/produit\/accessoires-humanscale-6g-keyboard\/","name":"Clavier 6G - Metro Interiors","isPartOf":{"@id":"https:\/\/metrointeriors.ca\/#website"},"primaryImageOfPage":{"@id":"https:\/\/metrointeriors.ca\/fr\/produit\/accessoires-humanscale-6g-keyboard\/#primaryimage"},"image":{"@id":"https:\/\/metrointeriors.ca\/fr\/produit\/accessoires-humanscale-6g-keyboard\/#primaryimage"},"thumbnailUrl":"https:\/\/metrointeriors.ca\/wp-content\/uploads\/2021\/08\/accessories-humanscale-6g-keyboard-1.jpg","datePublished":"2021-08-27T14:30:46+00:00","dateModified":"2023-09-19T14:44:42+00:00","breadcrumb":{"@id":"https:\/\/metrointeriors.ca\/fr\/produit\/accessoires-humanscale-6g-keyboard\/#breadcrumb"},"inLanguage":"fr-FR","potentialAction":[{"@type":"ReadAction","target":["https:\/\/metrointeriors.ca\/fr\/produit\/accessoires-humanscale-6g-keyboard\/"]}]},{"@type":"ImageObject","inLanguage":"fr-FR","@id":"https:\/\/metrointeriors.ca\/fr\/produit\/accessoires-humanscale-6g-keyboard\/#primaryimage","url":"https:\/\/metrointeriors.ca\/wp-content\/uploads\/2021\/08\/accessories-humanscale-6g-keyboard-1.jpg","contentUrl":"https:\/\/metrointeriors.ca\/wp-content\/uploads\/2021\/08\/accessories-humanscale-6g-keyboard-1.jpg","width":1080,"height":1080,"caption":"accessories-humanscale-6g-keyboard"},{"@type":"BreadcrumbList","@id":"https:\/\/metrointeriors.ca\/fr\/produit\/accessoires-humanscale-6g-keyboard\/#breadcrumb","itemListElement":[{"@type":"ListItem","position":1,"name":"Home","item":"https:\/\/metrointeriors.ca\/fr\/"},{"@type":"ListItem","position":2,"name":"Boutique","item":"https:\/\/metrointeriors.ca\/fr\/boutique\/"},{"@type":"ListItem","position":3,"name":"Clavier 6G"}]},{"@type":"WebSite","@id":"https:\/\/metrointeriors.ca\/#website","url":"https:\/\/metrointeriors.ca\/","name":"Metro Interiors","description":"Laissez-nous vous aider \u00e0 rafra\u00eechir votre espace de travail d&#039;entreprise","potentialAction":[{"@type":"SearchAction","target":{"@type":"EntryPoint","urlTemplate":"https:\/\/metrointeriors.ca\/?s={search_term_string}"},"query-input":{"@type":"PropertyValueSpecification","valueRequired":true,"valueName":"search_term_string"}}],"inLanguage":"fr-FR"}]}},"_links":{"self":[{"href":"https:\/\/metrointeriors.ca\/fr\/wp-json\/wp\/v2\/product\/3056","targetHints":{"allow":["GET"]}}],"collection":[{"href":"https:\/\/metrointeriors.ca\/fr\/wp-json\/wp\/v2\/product"}],"about":[{"href":"https:\/\/metrointeriors.ca\/fr\/wp-json\/wp\/v2\/types\/product"}],"replies":[{"embeddable":true,"href":"https:\/\/metrointeriors.ca\/fr\/wp-json\/wp\/v2\/comments?post=3056"}],"wp:featuredmedia":[{"embeddable":true,"href":"https:\/\/metrointeriors.ca\/fr\/wp-json\/wp\/v2\/media\/2731"}],"wp:attachment":[{"href":"https:\/\/metrointeriors.ca\/fr\/wp-json\/wp\/v2\/media?parent=3056"}],"wp:term":[{"taxonomy":"product_brand","embeddable":true,"href":"https:\/\/metrointeriors.ca\/fr\/wp-json\/wp\/v2\/product_brand?post=3056"},{"taxonomy":"product_cat","embeddable":true,"href":"https:\/\/metrointeriors.ca\/fr\/wp-json\/wp\/v2\/product_cat?post=3056"},{"taxonomy":"product_tag","embeddable":true,"href":"https:\/\/metrointeriors.ca\/fr\/wp-json\/wp\/v2\/product_tag?post=3056"}],"curies":[{"name":"wp","href":"https:\/\/api.w.org\/{rel}","templated":true}]}}