{"id":3046,"date":"2021-08-27T14:30:56","date_gmt":"2021-08-27T14:30:56","guid":{"rendered":"https:\/\/samsaragold.com\/product\/accessories-global-isle-power-tower\/"},"modified":"2023-09-19T12:13:51","modified_gmt":"2023-09-19T12:13:51","slug":"accessoires-global-isle-power-tower","status":"publish","type":"product","link":"https:\/\/metrointeriors.ca\/fr\/produit\/accessoires-global-isle-power-tower\/","title":{"rendered":"Station d\u2019alimentation Isle"},"content":{"rendered":"<p>Offre un acc\u00e8s de toutes parts \u00e0 douze prises de courant et \u00e0 six ports USB \u00e0 charge rapide \u00e0 une hauteur pratique. Pour r\u00e9pondre aux besoins ponctuels en alimentation dans un salon, un centre d\u2019apprentissage, une salle de classe ou de r\u00e9union ou tout autre espace commun, la station Isle, offerte dans un choix de trois finis raffin\u00e9s, vaut son pesant d\u2019or.<\/p>\n","protected":false},"excerpt":{"rendered":"<p>La libert\u00e9 de travailler sans interruption, voil\u00e0 ce que vous propose la station d\u2019alimentation Isle.<\/p>\n","protected":false},"featured_media":2728,"comment_status":"closed","ping_status":"closed","template":"","meta":{"_et_pb_use_builder":"","_et_pb_old_content":"","_et_gb_content_width":""},"product_brand":[],"product_cat":[151,144],"product_tag":[448,451],"class_list":{"0":"post-3046","1":"product","2":"type-product","3":"status-publish","4":"has-post-thumbnail","6":"product_cat-accessoires","7":"product_cat-access-global-fr","8":"product_tag-accessories-global-fr","9":"product_tag-isle-power-tower-fr","11":"first","12":"instock","13":"product-type-simple"},"yoast_head":"<!-- This site is optimized with the Yoast SEO plugin v27.0 - https:\/\/yoast.com\/product\/yoast-seo-wordpress\/ -->\n<title>Station d\u2019alimentation Isle - Metro Interiors<\/title>\n<meta name=\"robots\" content=\"index, follow, max-snippet:-1, max-image-preview:large, max-video-preview:-1\" \/>\n<link rel=\"canonical\" href=\"https:\/\/metrointeriors.ca\/fr\/produit\/accessoires-global-isle-power-tower\/\" \/>\n<meta property=\"og:locale\" content=\"fr_FR\" \/>\n<meta property=\"og:type\" content=\"article\" \/>\n<meta property=\"og:title\" content=\"Station d\u2019alimentation Isle - Metro Interiors\" \/>\n<meta property=\"og:description\" content=\"La libert\u00e9 de travailler sans interruption, voil\u00e0 ce que vous propose la station d\u2019alimentation Isle.\" \/>\n<meta property=\"og:url\" content=\"https:\/\/metrointeriors.ca\/fr\/produit\/accessoires-global-isle-power-tower\/\" \/>\n<meta property=\"og:site_name\" content=\"Metro Interiors\" \/>\n<meta property=\"article:modified_time\" content=\"2023-09-19T12:13:51+00:00\" \/>\n<meta property=\"og:image\" content=\"https:\/\/metrointeriors.ca\/wp-content\/uploads\/2021\/08\/accessories-global-Isle-Power-Tower4.jpg\" \/>\n\t<meta property=\"og:image:width\" content=\"1080\" \/>\n\t<meta property=\"og:image:height\" content=\"1080\" \/>\n\t<meta property=\"og:image:type\" content=\"image\/jpeg\" \/>\n<meta name=\"twitter:card\" content=\"summary_large_image\" \/>\n<script type=\"application\/ld+json\" class=\"yoast-schema-graph\">{\"@context\":\"https:\/\/schema.org\",\"@graph\":[{\"@type\":\"WebPage\",\"@id\":\"https:\/\/metrointeriors.ca\/fr\/produit\/accessoires-global-isle-power-tower\/\",\"url\":\"https:\/\/metrointeriors.ca\/fr\/produit\/accessoires-global-isle-power-tower\/\",\"name\":\"Station d\u2019alimentation Isle - Metro Interiors\",\"isPartOf\":{\"@id\":\"https:\/\/metrointeriors.ca\/#website\"},\"primaryImageOfPage\":{\"@id\":\"https:\/\/metrointeriors.ca\/fr\/produit\/accessoires-global-isle-power-tower\/#primaryimage\"},\"image\":{\"@id\":\"https:\/\/metrointeriors.ca\/fr\/produit\/accessoires-global-isle-power-tower\/#primaryimage\"},\"thumbnailUrl\":\"https:\/\/metrointeriors.ca\/wp-content\/uploads\/2021\/08\/accessories-global-Isle-Power-Tower4.jpg\",\"datePublished\":\"2021-08-27T14:30:56+00:00\",\"dateModified\":\"2023-09-19T12:13:51+00:00\",\"breadcrumb\":{\"@id\":\"https:\/\/metrointeriors.ca\/fr\/produit\/accessoires-global-isle-power-tower\/#breadcrumb\"},\"inLanguage\":\"fr-FR\",\"potentialAction\":[{\"@type\":\"ReadAction\",\"target\":[\"https:\/\/metrointeriors.ca\/fr\/produit\/accessoires-global-isle-power-tower\/\"]}]},{\"@type\":\"ImageObject\",\"inLanguage\":\"fr-FR\",\"@id\":\"https:\/\/metrointeriors.ca\/fr\/produit\/accessoires-global-isle-power-tower\/#primaryimage\",\"url\":\"https:\/\/metrointeriors.ca\/wp-content\/uploads\/2021\/08\/accessories-global-Isle-Power-Tower4.jpg\",\"contentUrl\":\"https:\/\/metrointeriors.ca\/wp-content\/uploads\/2021\/08\/accessories-global-Isle-Power-Tower4.jpg\",\"width\":1080,\"height\":1080,\"caption\":\"accessories-global-Isle-Power-Tower\"},{\"@type\":\"BreadcrumbList\",\"@id\":\"https:\/\/metrointeriors.ca\/fr\/produit\/accessoires-global-isle-power-tower\/#breadcrumb\",\"itemListElement\":[{\"@type\":\"ListItem\",\"position\":1,\"name\":\"Home\",\"item\":\"https:\/\/metrointeriors.ca\/fr\/\"},{\"@type\":\"ListItem\",\"position\":2,\"name\":\"Boutique\",\"item\":\"https:\/\/metrointeriors.ca\/fr\/boutique\/\"},{\"@type\":\"ListItem\",\"position\":3,\"name\":\"Station d\u2019alimentation Isle\"}]},{\"@type\":\"WebSite\",\"@id\":\"https:\/\/metrointeriors.ca\/#website\",\"url\":\"https:\/\/metrointeriors.ca\/\",\"name\":\"Metro Interiors\",\"description\":\"Laissez-nous vous aider \u00e0 rafra\u00eechir votre espace de travail d&#039;entreprise\",\"potentialAction\":[{\"@type\":\"SearchAction\",\"target\":{\"@type\":\"EntryPoint\",\"urlTemplate\":\"https:\/\/metrointeriors.ca\/?s={search_term_string}\"},\"query-input\":{\"@type\":\"PropertyValueSpecification\",\"valueRequired\":true,\"valueName\":\"search_term_string\"}}],\"inLanguage\":\"fr-FR\"}]}<\/script>\n<!-- \/ Yoast SEO plugin. -->","yoast_head_json":{"title":"Station d\u2019alimentation Isle - Metro Interiors","robots":{"index":"index","follow":"follow","max-snippet":"max-snippet:-1","max-image-preview":"max-image-preview:large","max-video-preview":"max-video-preview:-1"},"canonical":"https:\/\/metrointeriors.ca\/fr\/produit\/accessoires-global-isle-power-tower\/","og_locale":"fr_FR","og_type":"article","og_title":"Station d\u2019alimentation Isle - Metro Interiors","og_description":"La libert\u00e9 de travailler sans interruption, voil\u00e0 ce que vous propose la station d\u2019alimentation Isle.","og_url":"https:\/\/metrointeriors.ca\/fr\/produit\/accessoires-global-isle-power-tower\/","og_site_name":"Metro Interiors","article_modified_time":"2023-09-19T12:13:51+00:00","og_image":[{"width":1080,"height":1080,"url":"https:\/\/metrointeriors.ca\/wp-content\/uploads\/2021\/08\/accessories-global-Isle-Power-Tower4.jpg","type":"image\/jpeg"}],"twitter_card":"summary_large_image","schema":{"@context":"https:\/\/schema.org","@graph":[{"@type":"WebPage","@id":"https:\/\/metrointeriors.ca\/fr\/produit\/accessoires-global-isle-power-tower\/","url":"https:\/\/metrointeriors.ca\/fr\/produit\/accessoires-global-isle-power-tower\/","name":"Station d\u2019alimentation Isle - Metro Interiors","isPartOf":{"@id":"https:\/\/metrointeriors.ca\/#website"},"primaryImageOfPage":{"@id":"https:\/\/metrointeriors.ca\/fr\/produit\/accessoires-global-isle-power-tower\/#primaryimage"},"image":{"@id":"https:\/\/metrointeriors.ca\/fr\/produit\/accessoires-global-isle-power-tower\/#primaryimage"},"thumbnailUrl":"https:\/\/metrointeriors.ca\/wp-content\/uploads\/2021\/08\/accessories-global-Isle-Power-Tower4.jpg","datePublished":"2021-08-27T14:30:56+00:00","dateModified":"2023-09-19T12:13:51+00:00","breadcrumb":{"@id":"https:\/\/metrointeriors.ca\/fr\/produit\/accessoires-global-isle-power-tower\/#breadcrumb"},"inLanguage":"fr-FR","potentialAction":[{"@type":"ReadAction","target":["https:\/\/metrointeriors.ca\/fr\/produit\/accessoires-global-isle-power-tower\/"]}]},{"@type":"ImageObject","inLanguage":"fr-FR","@id":"https:\/\/metrointeriors.ca\/fr\/produit\/accessoires-global-isle-power-tower\/#primaryimage","url":"https:\/\/metrointeriors.ca\/wp-content\/uploads\/2021\/08\/accessories-global-Isle-Power-Tower4.jpg","contentUrl":"https:\/\/metrointeriors.ca\/wp-content\/uploads\/2021\/08\/accessories-global-Isle-Power-Tower4.jpg","width":1080,"height":1080,"caption":"accessories-global-Isle-Power-Tower"},{"@type":"BreadcrumbList","@id":"https:\/\/metrointeriors.ca\/fr\/produit\/accessoires-global-isle-power-tower\/#breadcrumb","itemListElement":[{"@type":"ListItem","position":1,"name":"Home","item":"https:\/\/metrointeriors.ca\/fr\/"},{"@type":"ListItem","position":2,"name":"Boutique","item":"https:\/\/metrointeriors.ca\/fr\/boutique\/"},{"@type":"ListItem","position":3,"name":"Station d\u2019alimentation Isle"}]},{"@type":"WebSite","@id":"https:\/\/metrointeriors.ca\/#website","url":"https:\/\/metrointeriors.ca\/","name":"Metro Interiors","description":"Laissez-nous vous aider \u00e0 rafra\u00eechir votre espace de travail d&#039;entreprise","potentialAction":[{"@type":"SearchAction","target":{"@type":"EntryPoint","urlTemplate":"https:\/\/metrointeriors.ca\/?s={search_term_string}"},"query-input":{"@type":"PropertyValueSpecification","valueRequired":true,"valueName":"search_term_string"}}],"inLanguage":"fr-FR"}]}},"_links":{"self":[{"href":"https:\/\/metrointeriors.ca\/fr\/wp-json\/wp\/v2\/product\/3046","targetHints":{"allow":["GET"]}}],"collection":[{"href":"https:\/\/metrointeriors.ca\/fr\/wp-json\/wp\/v2\/product"}],"about":[{"href":"https:\/\/metrointeriors.ca\/fr\/wp-json\/wp\/v2\/types\/product"}],"replies":[{"embeddable":true,"href":"https:\/\/metrointeriors.ca\/fr\/wp-json\/wp\/v2\/comments?post=3046"}],"wp:featuredmedia":[{"embeddable":true,"href":"https:\/\/metrointeriors.ca\/fr\/wp-json\/wp\/v2\/media\/2728"}],"wp:attachment":[{"href":"https:\/\/metrointeriors.ca\/fr\/wp-json\/wp\/v2\/media?parent=3046"}],"wp:term":[{"taxonomy":"product_brand","embeddable":true,"href":"https:\/\/metrointeriors.ca\/fr\/wp-json\/wp\/v2\/product_brand?post=3046"},{"taxonomy":"product_cat","embeddable":true,"href":"https:\/\/metrointeriors.ca\/fr\/wp-json\/wp\/v2\/product_cat?post=3046"},{"taxonomy":"product_tag","embeddable":true,"href":"https:\/\/metrointeriors.ca\/fr\/wp-json\/wp\/v2\/product_tag?post=3046"}],"curies":[{"name":"wp","href":"https:\/\/api.w.org\/{rel}","templated":true}]}}