{"id":3044,"date":"2021-08-27T14:30:46","date_gmt":"2021-08-27T14:30:46","guid":{"rendered":"https:\/\/samsaragold.com\/product\/accessories-global-dual-monitor-arms\/"},"modified":"2023-09-19T11:58:34","modified_gmt":"2023-09-19T11:58:34","slug":"accessoires-global-dual-monitor-arms","status":"publish","type":"product","link":"https:\/\/metrointeriors.ca\/fr\/produit\/accessoires-global-dual-monitor-arms\/","title":{"rendered":"Bras de moniteur deux bras"},"content":{"rendered":"<p>Con\u00e7ues pour s\u2019adapter autant \u00e0 vous qu\u2019aux technologies que vous utilisez, les solutions de productivit\u00e9 de Global s\u2019int\u00e8grent parfaitement aux produits de Global Furniture Group\u00a0pour r\u00e9pondre aux besoins actuels de divers milieux de travail.<\/p>\n<p>&nbsp;<\/p>\n<p>&nbsp;<\/p>\n","protected":false},"excerpt":{"rendered":"<p>Solutions de productivit\u00e9<sup>MC<\/sup> de Global est une gamme compl\u00e8te de produits ergonomiques qui forment un lien tout naturel entre les gens et la technologie pour am\u00e9liorer le confort et la productivit\u00e9.<\/p>\n","protected":false},"featured_media":2706,"comment_status":"closed","ping_status":"closed","template":"","meta":{"_et_pb_use_builder":"","_et_pb_old_content":"","_et_gb_content_width":""},"product_brand":[],"product_cat":[151,144],"product_tag":[448,449],"class_list":{"0":"post-3044","1":"product","2":"type-product","3":"status-publish","4":"has-post-thumbnail","6":"product_cat-accessoires","7":"product_cat-access-global-fr","8":"product_tag-accessories-global-fr","9":"product_tag-dual-monitor-arms-fr","11":"first","12":"instock","13":"product-type-simple"},"yoast_head":"<!-- This site is optimized with the Yoast SEO plugin v27.0 - https:\/\/yoast.com\/product\/yoast-seo-wordpress\/ -->\n<title>Bras de moniteur deux bras - Metro Interiors<\/title>\n<meta name=\"robots\" content=\"index, follow, max-snippet:-1, max-image-preview:large, max-video-preview:-1\" \/>\n<link rel=\"canonical\" href=\"https:\/\/metrointeriors.ca\/fr\/produit\/accessoires-global-dual-monitor-arms\/\" \/>\n<meta property=\"og:locale\" content=\"fr_FR\" \/>\n<meta property=\"og:type\" content=\"article\" \/>\n<meta property=\"og:title\" content=\"Bras de moniteur deux bras - Metro Interiors\" \/>\n<meta property=\"og:description\" content=\"Solutions de productivit\u00e9MC de Global est une gamme compl\u00e8te de produits ergonomiques qui forment un lien tout naturel entre les gens et la technologie pour am\u00e9liorer le confort et la productivit\u00e9.\" \/>\n<meta property=\"og:url\" content=\"https:\/\/metrointeriors.ca\/fr\/produit\/accessoires-global-dual-monitor-arms\/\" \/>\n<meta property=\"og:site_name\" content=\"Metro Interiors\" \/>\n<meta property=\"article:modified_time\" content=\"2023-09-19T11:58:34+00:00\" \/>\n<meta property=\"og:image\" content=\"https:\/\/metrointeriors.ca\/wp-content\/uploads\/2021\/08\/accessories-global-dual-monitor-arms.jpg\" \/>\n\t<meta property=\"og:image:width\" content=\"1080\" \/>\n\t<meta property=\"og:image:height\" content=\"1080\" \/>\n\t<meta property=\"og:image:type\" content=\"image\/jpeg\" \/>\n<meta name=\"twitter:card\" content=\"summary_large_image\" \/>\n<script type=\"application\/ld+json\" class=\"yoast-schema-graph\">{\"@context\":\"https:\/\/schema.org\",\"@graph\":[{\"@type\":\"WebPage\",\"@id\":\"https:\/\/metrointeriors.ca\/fr\/produit\/accessoires-global-dual-monitor-arms\/\",\"url\":\"https:\/\/metrointeriors.ca\/fr\/produit\/accessoires-global-dual-monitor-arms\/\",\"name\":\"Bras de moniteur deux bras - Metro Interiors\",\"isPartOf\":{\"@id\":\"https:\/\/metrointeriors.ca\/#website\"},\"primaryImageOfPage\":{\"@id\":\"https:\/\/metrointeriors.ca\/fr\/produit\/accessoires-global-dual-monitor-arms\/#primaryimage\"},\"image\":{\"@id\":\"https:\/\/metrointeriors.ca\/fr\/produit\/accessoires-global-dual-monitor-arms\/#primaryimage\"},\"thumbnailUrl\":\"https:\/\/metrointeriors.ca\/wp-content\/uploads\/2021\/08\/accessories-global-dual-monitor-arms.jpg\",\"datePublished\":\"2021-08-27T14:30:46+00:00\",\"dateModified\":\"2023-09-19T11:58:34+00:00\",\"breadcrumb\":{\"@id\":\"https:\/\/metrointeriors.ca\/fr\/produit\/accessoires-global-dual-monitor-arms\/#breadcrumb\"},\"inLanguage\":\"fr-FR\",\"potentialAction\":[{\"@type\":\"ReadAction\",\"target\":[\"https:\/\/metrointeriors.ca\/fr\/produit\/accessoires-global-dual-monitor-arms\/\"]}]},{\"@type\":\"ImageObject\",\"inLanguage\":\"fr-FR\",\"@id\":\"https:\/\/metrointeriors.ca\/fr\/produit\/accessoires-global-dual-monitor-arms\/#primaryimage\",\"url\":\"https:\/\/metrointeriors.ca\/wp-content\/uploads\/2021\/08\/accessories-global-dual-monitor-arms.jpg\",\"contentUrl\":\"https:\/\/metrointeriors.ca\/wp-content\/uploads\/2021\/08\/accessories-global-dual-monitor-arms.jpg\",\"width\":1080,\"height\":1080,\"caption\":\"accessories-global-dual-monitor-arms\"},{\"@type\":\"BreadcrumbList\",\"@id\":\"https:\/\/metrointeriors.ca\/fr\/produit\/accessoires-global-dual-monitor-arms\/#breadcrumb\",\"itemListElement\":[{\"@type\":\"ListItem\",\"position\":1,\"name\":\"Home\",\"item\":\"https:\/\/metrointeriors.ca\/fr\/\"},{\"@type\":\"ListItem\",\"position\":2,\"name\":\"Boutique\",\"item\":\"https:\/\/metrointeriors.ca\/fr\/boutique\/\"},{\"@type\":\"ListItem\",\"position\":3,\"name\":\"Bras de moniteur deux bras\"}]},{\"@type\":\"WebSite\",\"@id\":\"https:\/\/metrointeriors.ca\/#website\",\"url\":\"https:\/\/metrointeriors.ca\/\",\"name\":\"Metro Interiors\",\"description\":\"Laissez-nous vous aider \u00e0 rafra\u00eechir votre espace de travail d&#039;entreprise\",\"potentialAction\":[{\"@type\":\"SearchAction\",\"target\":{\"@type\":\"EntryPoint\",\"urlTemplate\":\"https:\/\/metrointeriors.ca\/?s={search_term_string}\"},\"query-input\":{\"@type\":\"PropertyValueSpecification\",\"valueRequired\":true,\"valueName\":\"search_term_string\"}}],\"inLanguage\":\"fr-FR\"}]}<\/script>\n<!-- \/ Yoast SEO plugin. -->","yoast_head_json":{"title":"Bras de moniteur deux bras - Metro Interiors","robots":{"index":"index","follow":"follow","max-snippet":"max-snippet:-1","max-image-preview":"max-image-preview:large","max-video-preview":"max-video-preview:-1"},"canonical":"https:\/\/metrointeriors.ca\/fr\/produit\/accessoires-global-dual-monitor-arms\/","og_locale":"fr_FR","og_type":"article","og_title":"Bras de moniteur deux bras - Metro Interiors","og_description":"Solutions de productivit\u00e9MC de Global est une gamme compl\u00e8te de produits ergonomiques qui forment un lien tout naturel entre les gens et la technologie pour am\u00e9liorer le confort et la productivit\u00e9.","og_url":"https:\/\/metrointeriors.ca\/fr\/produit\/accessoires-global-dual-monitor-arms\/","og_site_name":"Metro Interiors","article_modified_time":"2023-09-19T11:58:34+00:00","og_image":[{"width":1080,"height":1080,"url":"https:\/\/metrointeriors.ca\/wp-content\/uploads\/2021\/08\/accessories-global-dual-monitor-arms.jpg","type":"image\/jpeg"}],"twitter_card":"summary_large_image","schema":{"@context":"https:\/\/schema.org","@graph":[{"@type":"WebPage","@id":"https:\/\/metrointeriors.ca\/fr\/produit\/accessoires-global-dual-monitor-arms\/","url":"https:\/\/metrointeriors.ca\/fr\/produit\/accessoires-global-dual-monitor-arms\/","name":"Bras de moniteur deux bras - Metro Interiors","isPartOf":{"@id":"https:\/\/metrointeriors.ca\/#website"},"primaryImageOfPage":{"@id":"https:\/\/metrointeriors.ca\/fr\/produit\/accessoires-global-dual-monitor-arms\/#primaryimage"},"image":{"@id":"https:\/\/metrointeriors.ca\/fr\/produit\/accessoires-global-dual-monitor-arms\/#primaryimage"},"thumbnailUrl":"https:\/\/metrointeriors.ca\/wp-content\/uploads\/2021\/08\/accessories-global-dual-monitor-arms.jpg","datePublished":"2021-08-27T14:30:46+00:00","dateModified":"2023-09-19T11:58:34+00:00","breadcrumb":{"@id":"https:\/\/metrointeriors.ca\/fr\/produit\/accessoires-global-dual-monitor-arms\/#breadcrumb"},"inLanguage":"fr-FR","potentialAction":[{"@type":"ReadAction","target":["https:\/\/metrointeriors.ca\/fr\/produit\/accessoires-global-dual-monitor-arms\/"]}]},{"@type":"ImageObject","inLanguage":"fr-FR","@id":"https:\/\/metrointeriors.ca\/fr\/produit\/accessoires-global-dual-monitor-arms\/#primaryimage","url":"https:\/\/metrointeriors.ca\/wp-content\/uploads\/2021\/08\/accessories-global-dual-monitor-arms.jpg","contentUrl":"https:\/\/metrointeriors.ca\/wp-content\/uploads\/2021\/08\/accessories-global-dual-monitor-arms.jpg","width":1080,"height":1080,"caption":"accessories-global-dual-monitor-arms"},{"@type":"BreadcrumbList","@id":"https:\/\/metrointeriors.ca\/fr\/produit\/accessoires-global-dual-monitor-arms\/#breadcrumb","itemListElement":[{"@type":"ListItem","position":1,"name":"Home","item":"https:\/\/metrointeriors.ca\/fr\/"},{"@type":"ListItem","position":2,"name":"Boutique","item":"https:\/\/metrointeriors.ca\/fr\/boutique\/"},{"@type":"ListItem","position":3,"name":"Bras de moniteur deux bras"}]},{"@type":"WebSite","@id":"https:\/\/metrointeriors.ca\/#website","url":"https:\/\/metrointeriors.ca\/","name":"Metro Interiors","description":"Laissez-nous vous aider \u00e0 rafra\u00eechir votre espace de travail d&#039;entreprise","potentialAction":[{"@type":"SearchAction","target":{"@type":"EntryPoint","urlTemplate":"https:\/\/metrointeriors.ca\/?s={search_term_string}"},"query-input":{"@type":"PropertyValueSpecification","valueRequired":true,"valueName":"search_term_string"}}],"inLanguage":"fr-FR"}]}},"_links":{"self":[{"href":"https:\/\/metrointeriors.ca\/fr\/wp-json\/wp\/v2\/product\/3044","targetHints":{"allow":["GET"]}}],"collection":[{"href":"https:\/\/metrointeriors.ca\/fr\/wp-json\/wp\/v2\/product"}],"about":[{"href":"https:\/\/metrointeriors.ca\/fr\/wp-json\/wp\/v2\/types\/product"}],"replies":[{"embeddable":true,"href":"https:\/\/metrointeriors.ca\/fr\/wp-json\/wp\/v2\/comments?post=3044"}],"wp:featuredmedia":[{"embeddable":true,"href":"https:\/\/metrointeriors.ca\/fr\/wp-json\/wp\/v2\/media\/2706"}],"wp:attachment":[{"href":"https:\/\/metrointeriors.ca\/fr\/wp-json\/wp\/v2\/media?parent=3044"}],"wp:term":[{"taxonomy":"product_brand","embeddable":true,"href":"https:\/\/metrointeriors.ca\/fr\/wp-json\/wp\/v2\/product_brand?post=3044"},{"taxonomy":"product_cat","embeddable":true,"href":"https:\/\/metrointeriors.ca\/fr\/wp-json\/wp\/v2\/product_cat?post=3044"},{"taxonomy":"product_tag","embeddable":true,"href":"https:\/\/metrointeriors.ca\/fr\/wp-json\/wp\/v2\/product_tag?post=3044"}],"curies":[{"name":"wp","href":"https:\/\/api.w.org\/{rel}","templated":true}]}}