{"id":3043,"date":"2021-08-27T14:30:46","date_gmt":"2021-08-27T14:30:46","guid":{"rendered":"https:\/\/samsaragold.com\/product\/benching-groupe-lacasse-c-i-t-e-furniture-system\/"},"modified":"2023-09-18T20:05:50","modified_gmt":"2023-09-18T20:05:50","slug":"bancs-groupe-lacasse-c-i-t-e-furniture-system","status":"publish","type":"product","link":"https:\/\/metrointeriors.ca\/fr\/produit\/bancs-groupe-lacasse-c-i-t-e-furniture-system\/","title":{"rendered":"C.I.T.E. Furniture System"},"content":{"rendered":"<h2><strong>COLLABORATION\u00a0 l\u00a0\u00a0<\/strong><strong>INTERACTION\u00a0 l\u00a0\u00a0<\/strong><strong>TRAVAIL\u00a0 l\u00a0\u00a0<\/strong><strong>\u00c9QUIPE<\/strong><\/h2>\n<p>Au-del\u00e0 du style moderne et urbain se pr\u00e9sentant avec ce brin d\u2019audace que conf\u00e8rent les \u00e9crans en acrylique translucide et les accents en aluminium, le design de la collection r\u00e9pond aux plus r\u00e9centes normes BIFMA pour les syst\u00e8mes de mobilier de bureau.<\/p>\n","protected":false},"excerpt":{"rendered":"<p>Plus qu\u2019un syst\u00e8me de mobilier de bureau, C.I.T.\u00c9. s\u2019adapte aux besoins pr\u00e9sents, changeants et \u00e9mergents.<\/p>\n","protected":false},"featured_media":1771,"comment_status":"closed","ping_status":"closed","template":"","meta":{"_et_pb_use_builder":"","_et_pb_old_content":"","_et_gb_content_width":""},"product_brand":[],"product_cat":[152,148],"product_tag":[447],"class_list":{"0":"post-3043","1":"product","2":"type-product","3":"status-publish","4":"has-post-thumbnail","6":"product_cat-bancs","7":"product_cat-ben-lacasse-fr","8":"product_tag-lacasse-cite-benching-fr","10":"first","11":"instock","12":"featured","13":"product-type-simple"},"yoast_head":"<!-- This site is optimized with the Yoast SEO plugin v27.0 - https:\/\/yoast.com\/product\/yoast-seo-wordpress\/ -->\n<title>C.I.T.E. Furniture System - Metro Interiors<\/title>\n<meta name=\"robots\" content=\"index, follow, max-snippet:-1, max-image-preview:large, max-video-preview:-1\" \/>\n<link rel=\"canonical\" href=\"https:\/\/metrointeriors.ca\/fr\/produit\/bancs-groupe-lacasse-c-i-t-e-furniture-system\/\" \/>\n<meta property=\"og:locale\" content=\"fr_FR\" \/>\n<meta property=\"og:type\" content=\"article\" \/>\n<meta property=\"og:title\" content=\"C.I.T.E. Furniture System - Metro Interiors\" \/>\n<meta property=\"og:description\" content=\"Plus qu\u2019un syst\u00e8me de mobilier de bureau, C.I.T.\u00c9. s\u2019adapte aux besoins pr\u00e9sents, changeants et \u00e9mergents.\" \/>\n<meta property=\"og:url\" content=\"https:\/\/metrointeriors.ca\/fr\/produit\/bancs-groupe-lacasse-c-i-t-e-furniture-system\/\" \/>\n<meta property=\"og:site_name\" content=\"Metro Interiors\" \/>\n<meta property=\"article:modified_time\" content=\"2023-09-18T20:05:50+00:00\" \/>\n<meta property=\"og:image\" content=\"https:\/\/metrointeriors.ca\/wp-content\/uploads\/2021\/08\/01_CITE_C5NNS_PLAN03_MG054_TWT_SNO_Radiance-1080SQUARE.jpg\" \/>\n\t<meta property=\"og:image:width\" content=\"1080\" \/>\n\t<meta property=\"og:image:height\" content=\"1080\" \/>\n\t<meta property=\"og:image:type\" content=\"image\/jpeg\" \/>\n<meta name=\"twitter:card\" content=\"summary_large_image\" \/>\n<script type=\"application\/ld+json\" class=\"yoast-schema-graph\">{\"@context\":\"https:\/\/schema.org\",\"@graph\":[{\"@type\":\"WebPage\",\"@id\":\"https:\/\/metrointeriors.ca\/fr\/produit\/bancs-groupe-lacasse-c-i-t-e-furniture-system\/\",\"url\":\"https:\/\/metrointeriors.ca\/fr\/produit\/bancs-groupe-lacasse-c-i-t-e-furniture-system\/\",\"name\":\"C.I.T.E. Furniture System - Metro Interiors\",\"isPartOf\":{\"@id\":\"https:\/\/metrointeriors.ca\/#website\"},\"primaryImageOfPage\":{\"@id\":\"https:\/\/metrointeriors.ca\/fr\/produit\/bancs-groupe-lacasse-c-i-t-e-furniture-system\/#primaryimage\"},\"image\":{\"@id\":\"https:\/\/metrointeriors.ca\/fr\/produit\/bancs-groupe-lacasse-c-i-t-e-furniture-system\/#primaryimage\"},\"thumbnailUrl\":\"https:\/\/metrointeriors.ca\/wp-content\/uploads\/2021\/08\/01_CITE_C5NNS_PLAN03_MG054_TWT_SNO_Radiance-1080SQUARE.jpg\",\"datePublished\":\"2021-08-27T14:30:46+00:00\",\"dateModified\":\"2023-09-18T20:05:50+00:00\",\"breadcrumb\":{\"@id\":\"https:\/\/metrointeriors.ca\/fr\/produit\/bancs-groupe-lacasse-c-i-t-e-furniture-system\/#breadcrumb\"},\"inLanguage\":\"fr-FR\",\"potentialAction\":[{\"@type\":\"ReadAction\",\"target\":[\"https:\/\/metrointeriors.ca\/fr\/produit\/bancs-groupe-lacasse-c-i-t-e-furniture-system\/\"]}]},{\"@type\":\"ImageObject\",\"inLanguage\":\"fr-FR\",\"@id\":\"https:\/\/metrointeriors.ca\/fr\/produit\/bancs-groupe-lacasse-c-i-t-e-furniture-system\/#primaryimage\",\"url\":\"https:\/\/metrointeriors.ca\/wp-content\/uploads\/2021\/08\/01_CITE_C5NNS_PLAN03_MG054_TWT_SNO_Radiance-1080SQUARE.jpg\",\"contentUrl\":\"https:\/\/metrointeriors.ca\/wp-content\/uploads\/2021\/08\/01_CITE_C5NNS_PLAN03_MG054_TWT_SNO_Radiance-1080SQUARE.jpg\",\"width\":1080,\"height\":1080,\"caption\":\"LACASSE CITE BENCHING\"},{\"@type\":\"BreadcrumbList\",\"@id\":\"https:\/\/metrointeriors.ca\/fr\/produit\/bancs-groupe-lacasse-c-i-t-e-furniture-system\/#breadcrumb\",\"itemListElement\":[{\"@type\":\"ListItem\",\"position\":1,\"name\":\"Home\",\"item\":\"https:\/\/metrointeriors.ca\/fr\/\"},{\"@type\":\"ListItem\",\"position\":2,\"name\":\"Boutique\",\"item\":\"https:\/\/metrointeriors.ca\/fr\/boutique\/\"},{\"@type\":\"ListItem\",\"position\":3,\"name\":\"C.I.T.E. Furniture System\"}]},{\"@type\":\"WebSite\",\"@id\":\"https:\/\/metrointeriors.ca\/#website\",\"url\":\"https:\/\/metrointeriors.ca\/\",\"name\":\"Metro Interiors\",\"description\":\"Laissez-nous vous aider \u00e0 rafra\u00eechir votre espace de travail d&#039;entreprise\",\"potentialAction\":[{\"@type\":\"SearchAction\",\"target\":{\"@type\":\"EntryPoint\",\"urlTemplate\":\"https:\/\/metrointeriors.ca\/?s={search_term_string}\"},\"query-input\":{\"@type\":\"PropertyValueSpecification\",\"valueRequired\":true,\"valueName\":\"search_term_string\"}}],\"inLanguage\":\"fr-FR\"}]}<\/script>\n<!-- \/ Yoast SEO plugin. -->","yoast_head_json":{"title":"C.I.T.E. Furniture System - Metro Interiors","robots":{"index":"index","follow":"follow","max-snippet":"max-snippet:-1","max-image-preview":"max-image-preview:large","max-video-preview":"max-video-preview:-1"},"canonical":"https:\/\/metrointeriors.ca\/fr\/produit\/bancs-groupe-lacasse-c-i-t-e-furniture-system\/","og_locale":"fr_FR","og_type":"article","og_title":"C.I.T.E. Furniture System - Metro Interiors","og_description":"Plus qu\u2019un syst\u00e8me de mobilier de bureau, C.I.T.\u00c9. s\u2019adapte aux besoins pr\u00e9sents, changeants et \u00e9mergents.","og_url":"https:\/\/metrointeriors.ca\/fr\/produit\/bancs-groupe-lacasse-c-i-t-e-furniture-system\/","og_site_name":"Metro Interiors","article_modified_time":"2023-09-18T20:05:50+00:00","og_image":[{"width":1080,"height":1080,"url":"https:\/\/metrointeriors.ca\/wp-content\/uploads\/2021\/08\/01_CITE_C5NNS_PLAN03_MG054_TWT_SNO_Radiance-1080SQUARE.jpg","type":"image\/jpeg"}],"twitter_card":"summary_large_image","schema":{"@context":"https:\/\/schema.org","@graph":[{"@type":"WebPage","@id":"https:\/\/metrointeriors.ca\/fr\/produit\/bancs-groupe-lacasse-c-i-t-e-furniture-system\/","url":"https:\/\/metrointeriors.ca\/fr\/produit\/bancs-groupe-lacasse-c-i-t-e-furniture-system\/","name":"C.I.T.E. Furniture System - Metro Interiors","isPartOf":{"@id":"https:\/\/metrointeriors.ca\/#website"},"primaryImageOfPage":{"@id":"https:\/\/metrointeriors.ca\/fr\/produit\/bancs-groupe-lacasse-c-i-t-e-furniture-system\/#primaryimage"},"image":{"@id":"https:\/\/metrointeriors.ca\/fr\/produit\/bancs-groupe-lacasse-c-i-t-e-furniture-system\/#primaryimage"},"thumbnailUrl":"https:\/\/metrointeriors.ca\/wp-content\/uploads\/2021\/08\/01_CITE_C5NNS_PLAN03_MG054_TWT_SNO_Radiance-1080SQUARE.jpg","datePublished":"2021-08-27T14:30:46+00:00","dateModified":"2023-09-18T20:05:50+00:00","breadcrumb":{"@id":"https:\/\/metrointeriors.ca\/fr\/produit\/bancs-groupe-lacasse-c-i-t-e-furniture-system\/#breadcrumb"},"inLanguage":"fr-FR","potentialAction":[{"@type":"ReadAction","target":["https:\/\/metrointeriors.ca\/fr\/produit\/bancs-groupe-lacasse-c-i-t-e-furniture-system\/"]}]},{"@type":"ImageObject","inLanguage":"fr-FR","@id":"https:\/\/metrointeriors.ca\/fr\/produit\/bancs-groupe-lacasse-c-i-t-e-furniture-system\/#primaryimage","url":"https:\/\/metrointeriors.ca\/wp-content\/uploads\/2021\/08\/01_CITE_C5NNS_PLAN03_MG054_TWT_SNO_Radiance-1080SQUARE.jpg","contentUrl":"https:\/\/metrointeriors.ca\/wp-content\/uploads\/2021\/08\/01_CITE_C5NNS_PLAN03_MG054_TWT_SNO_Radiance-1080SQUARE.jpg","width":1080,"height":1080,"caption":"LACASSE CITE BENCHING"},{"@type":"BreadcrumbList","@id":"https:\/\/metrointeriors.ca\/fr\/produit\/bancs-groupe-lacasse-c-i-t-e-furniture-system\/#breadcrumb","itemListElement":[{"@type":"ListItem","position":1,"name":"Home","item":"https:\/\/metrointeriors.ca\/fr\/"},{"@type":"ListItem","position":2,"name":"Boutique","item":"https:\/\/metrointeriors.ca\/fr\/boutique\/"},{"@type":"ListItem","position":3,"name":"C.I.T.E. Furniture System"}]},{"@type":"WebSite","@id":"https:\/\/metrointeriors.ca\/#website","url":"https:\/\/metrointeriors.ca\/","name":"Metro Interiors","description":"Laissez-nous vous aider \u00e0 rafra\u00eechir votre espace de travail d&#039;entreprise","potentialAction":[{"@type":"SearchAction","target":{"@type":"EntryPoint","urlTemplate":"https:\/\/metrointeriors.ca\/?s={search_term_string}"},"query-input":{"@type":"PropertyValueSpecification","valueRequired":true,"valueName":"search_term_string"}}],"inLanguage":"fr-FR"}]}},"_links":{"self":[{"href":"https:\/\/metrointeriors.ca\/fr\/wp-json\/wp\/v2\/product\/3043","targetHints":{"allow":["GET"]}}],"collection":[{"href":"https:\/\/metrointeriors.ca\/fr\/wp-json\/wp\/v2\/product"}],"about":[{"href":"https:\/\/metrointeriors.ca\/fr\/wp-json\/wp\/v2\/types\/product"}],"replies":[{"embeddable":true,"href":"https:\/\/metrointeriors.ca\/fr\/wp-json\/wp\/v2\/comments?post=3043"}],"wp:featuredmedia":[{"embeddable":true,"href":"https:\/\/metrointeriors.ca\/fr\/wp-json\/wp\/v2\/media\/1771"}],"wp:attachment":[{"href":"https:\/\/metrointeriors.ca\/fr\/wp-json\/wp\/v2\/media?parent=3043"}],"wp:term":[{"taxonomy":"product_brand","embeddable":true,"href":"https:\/\/metrointeriors.ca\/fr\/wp-json\/wp\/v2\/product_brand?post=3043"},{"taxonomy":"product_cat","embeddable":true,"href":"https:\/\/metrointeriors.ca\/fr\/wp-json\/wp\/v2\/product_cat?post=3043"},{"taxonomy":"product_tag","embeddable":true,"href":"https:\/\/metrointeriors.ca\/fr\/wp-json\/wp\/v2\/product_tag?post=3043"}],"curies":[{"name":"wp","href":"https:\/\/api.w.org\/{rel}","templated":true}]}}