{"id":3030,"date":"2021-08-27T14:31:08","date_gmt":"2021-08-27T14:31:08","guid":{"rendered":"https:\/\/samsaragold.com\/product\/conference-training-global-zira\/"},"modified":"2023-09-18T18:53:28","modified_gmt":"2023-09-18T18:53:28","slug":"conference-formation-global-zira","status":"publish","type":"product","link":"https:\/\/metrointeriors.ca\/fr\/produit\/conference-formation-global-zira\/","title":{"rendered":"Tables Zira\u2122"},"content":{"rendered":"<p>Tables m\u00e9dias, de conseil ou de travail en collaboration : chacune s\u2019adapte \u00e0 votre fa\u00e7on de faire.<\/p>\n<ul>\n<li>Les options d&rsquo;alimentation et de technologie peuvent \u00eatre pr\u00e9cis\u00e9es pour les dessus de table.<\/li>\n<li>Le chariot multim\u00e9dia, le lutrin et le\u00a0tableau de pr\u00e9sentation constituent les composantes audiovisuelles.<\/li>\n<li>Les chariots de buffet, les chariots de service et les buffets\u00a0composent le\u00a0buffet.<\/li>\n<li>Les pi\u00e9tements avec portes sont facilement accessibles des deux c\u00f4t\u00e9s.<\/li>\n<li>Les passe-c\u00e2bles de surface de travail sont offerts uniquement en noir.<\/li>\n<\/ul>\n","protected":false},"excerpt":{"rendered":"<p>La gamme Zira<sup>MC<\/sup>\u00a0favorise l\u2019\u00e9change et la collaboration entre coll\u00e8gues.<\/p>\n","protected":false},"featured_media":2569,"comment_status":"closed","ping_status":"closed","template":"","meta":{"_et_pb_use_builder":"","_et_pb_old_content":"","_et_gb_content_width":""},"product_brand":[],"product_cat":[157,158],"product_tag":[437,411],"class_list":{"0":"post-3030","1":"product","2":"type-product","3":"status-publish","4":"has-post-thumbnail","6":"product_cat-conference-fr","7":"product_cat-conf-global-fr","8":"product_tag-global-fr","9":"product_tag-zira-fr","11":"first","12":"instock","13":"product-type-simple"},"yoast_head":"<!-- This site is optimized with the Yoast SEO plugin v27.0 - https:\/\/yoast.com\/product\/yoast-seo-wordpress\/ -->\n<title>Tables Zira\u2122 - Metro Interiors<\/title>\n<meta name=\"robots\" content=\"index, follow, max-snippet:-1, max-image-preview:large, max-video-preview:-1\" \/>\n<link rel=\"canonical\" href=\"https:\/\/metrointeriors.ca\/fr\/produit\/conference-formation-global-zira\/\" \/>\n<meta property=\"og:locale\" content=\"fr_FR\" \/>\n<meta property=\"og:type\" content=\"article\" \/>\n<meta property=\"og:title\" content=\"Tables Zira\u2122 - Metro Interiors\" \/>\n<meta property=\"og:description\" content=\"La gamme ZiraMC\u00a0favorise l\u2019\u00e9change et la collaboration entre coll\u00e8gues.\" \/>\n<meta property=\"og:url\" content=\"https:\/\/metrointeriors.ca\/fr\/produit\/conference-formation-global-zira\/\" \/>\n<meta property=\"og:site_name\" content=\"Metro Interiors\" \/>\n<meta property=\"article:modified_time\" content=\"2023-09-18T18:53:28+00:00\" \/>\n<meta property=\"og:image\" content=\"https:\/\/metrointeriors.ca\/wp-content\/uploads\/2021\/08\/ZIRA-global-conference.jpg\" \/>\n\t<meta property=\"og:image:width\" content=\"1080\" \/>\n\t<meta property=\"og:image:height\" content=\"1080\" \/>\n\t<meta property=\"og:image:type\" content=\"image\/jpeg\" \/>\n<meta name=\"twitter:card\" content=\"summary_large_image\" \/>\n<script type=\"application\/ld+json\" class=\"yoast-schema-graph\">{\"@context\":\"https:\/\/schema.org\",\"@graph\":[{\"@type\":\"WebPage\",\"@id\":\"https:\/\/metrointeriors.ca\/fr\/produit\/conference-formation-global-zira\/\",\"url\":\"https:\/\/metrointeriors.ca\/fr\/produit\/conference-formation-global-zira\/\",\"name\":\"Tables Zira\u2122 - Metro Interiors\",\"isPartOf\":{\"@id\":\"https:\/\/metrointeriors.ca\/#website\"},\"primaryImageOfPage\":{\"@id\":\"https:\/\/metrointeriors.ca\/fr\/produit\/conference-formation-global-zira\/#primaryimage\"},\"image\":{\"@id\":\"https:\/\/metrointeriors.ca\/fr\/produit\/conference-formation-global-zira\/#primaryimage\"},\"thumbnailUrl\":\"https:\/\/metrointeriors.ca\/wp-content\/uploads\/2021\/08\/ZIRA-global-conference.jpg\",\"datePublished\":\"2021-08-27T14:31:08+00:00\",\"dateModified\":\"2023-09-18T18:53:28+00:00\",\"breadcrumb\":{\"@id\":\"https:\/\/metrointeriors.ca\/fr\/produit\/conference-formation-global-zira\/#breadcrumb\"},\"inLanguage\":\"fr-FR\",\"potentialAction\":[{\"@type\":\"ReadAction\",\"target\":[\"https:\/\/metrointeriors.ca\/fr\/produit\/conference-formation-global-zira\/\"]}]},{\"@type\":\"ImageObject\",\"inLanguage\":\"fr-FR\",\"@id\":\"https:\/\/metrointeriors.ca\/fr\/produit\/conference-formation-global-zira\/#primaryimage\",\"url\":\"https:\/\/metrointeriors.ca\/wp-content\/uploads\/2021\/08\/ZIRA-global-conference.jpg\",\"contentUrl\":\"https:\/\/metrointeriors.ca\/wp-content\/uploads\/2021\/08\/ZIRA-global-conference.jpg\",\"width\":1080,\"height\":1080,\"caption\":\"ZIRA-global-conference\"},{\"@type\":\"BreadcrumbList\",\"@id\":\"https:\/\/metrointeriors.ca\/fr\/produit\/conference-formation-global-zira\/#breadcrumb\",\"itemListElement\":[{\"@type\":\"ListItem\",\"position\":1,\"name\":\"Home\",\"item\":\"https:\/\/metrointeriors.ca\/fr\/\"},{\"@type\":\"ListItem\",\"position\":2,\"name\":\"Boutique\",\"item\":\"https:\/\/metrointeriors.ca\/fr\/boutique\/\"},{\"@type\":\"ListItem\",\"position\":3,\"name\":\"Tables Zira\u2122\"}]},{\"@type\":\"WebSite\",\"@id\":\"https:\/\/metrointeriors.ca\/#website\",\"url\":\"https:\/\/metrointeriors.ca\/\",\"name\":\"Metro Interiors\",\"description\":\"Laissez-nous vous aider \u00e0 rafra\u00eechir votre espace de travail d&#039;entreprise\",\"potentialAction\":[{\"@type\":\"SearchAction\",\"target\":{\"@type\":\"EntryPoint\",\"urlTemplate\":\"https:\/\/metrointeriors.ca\/?s={search_term_string}\"},\"query-input\":{\"@type\":\"PropertyValueSpecification\",\"valueRequired\":true,\"valueName\":\"search_term_string\"}}],\"inLanguage\":\"fr-FR\"}]}<\/script>\n<!-- \/ Yoast SEO plugin. -->","yoast_head_json":{"title":"Tables Zira\u2122 - Metro Interiors","robots":{"index":"index","follow":"follow","max-snippet":"max-snippet:-1","max-image-preview":"max-image-preview:large","max-video-preview":"max-video-preview:-1"},"canonical":"https:\/\/metrointeriors.ca\/fr\/produit\/conference-formation-global-zira\/","og_locale":"fr_FR","og_type":"article","og_title":"Tables Zira\u2122 - Metro Interiors","og_description":"La gamme ZiraMC\u00a0favorise l\u2019\u00e9change et la collaboration entre coll\u00e8gues.","og_url":"https:\/\/metrointeriors.ca\/fr\/produit\/conference-formation-global-zira\/","og_site_name":"Metro Interiors","article_modified_time":"2023-09-18T18:53:28+00:00","og_image":[{"width":1080,"height":1080,"url":"https:\/\/metrointeriors.ca\/wp-content\/uploads\/2021\/08\/ZIRA-global-conference.jpg","type":"image\/jpeg"}],"twitter_card":"summary_large_image","schema":{"@context":"https:\/\/schema.org","@graph":[{"@type":"WebPage","@id":"https:\/\/metrointeriors.ca\/fr\/produit\/conference-formation-global-zira\/","url":"https:\/\/metrointeriors.ca\/fr\/produit\/conference-formation-global-zira\/","name":"Tables Zira\u2122 - Metro Interiors","isPartOf":{"@id":"https:\/\/metrointeriors.ca\/#website"},"primaryImageOfPage":{"@id":"https:\/\/metrointeriors.ca\/fr\/produit\/conference-formation-global-zira\/#primaryimage"},"image":{"@id":"https:\/\/metrointeriors.ca\/fr\/produit\/conference-formation-global-zira\/#primaryimage"},"thumbnailUrl":"https:\/\/metrointeriors.ca\/wp-content\/uploads\/2021\/08\/ZIRA-global-conference.jpg","datePublished":"2021-08-27T14:31:08+00:00","dateModified":"2023-09-18T18:53:28+00:00","breadcrumb":{"@id":"https:\/\/metrointeriors.ca\/fr\/produit\/conference-formation-global-zira\/#breadcrumb"},"inLanguage":"fr-FR","potentialAction":[{"@type":"ReadAction","target":["https:\/\/metrointeriors.ca\/fr\/produit\/conference-formation-global-zira\/"]}]},{"@type":"ImageObject","inLanguage":"fr-FR","@id":"https:\/\/metrointeriors.ca\/fr\/produit\/conference-formation-global-zira\/#primaryimage","url":"https:\/\/metrointeriors.ca\/wp-content\/uploads\/2021\/08\/ZIRA-global-conference.jpg","contentUrl":"https:\/\/metrointeriors.ca\/wp-content\/uploads\/2021\/08\/ZIRA-global-conference.jpg","width":1080,"height":1080,"caption":"ZIRA-global-conference"},{"@type":"BreadcrumbList","@id":"https:\/\/metrointeriors.ca\/fr\/produit\/conference-formation-global-zira\/#breadcrumb","itemListElement":[{"@type":"ListItem","position":1,"name":"Home","item":"https:\/\/metrointeriors.ca\/fr\/"},{"@type":"ListItem","position":2,"name":"Boutique","item":"https:\/\/metrointeriors.ca\/fr\/boutique\/"},{"@type":"ListItem","position":3,"name":"Tables Zira\u2122"}]},{"@type":"WebSite","@id":"https:\/\/metrointeriors.ca\/#website","url":"https:\/\/metrointeriors.ca\/","name":"Metro Interiors","description":"Laissez-nous vous aider \u00e0 rafra\u00eechir votre espace de travail d&#039;entreprise","potentialAction":[{"@type":"SearchAction","target":{"@type":"EntryPoint","urlTemplate":"https:\/\/metrointeriors.ca\/?s={search_term_string}"},"query-input":{"@type":"PropertyValueSpecification","valueRequired":true,"valueName":"search_term_string"}}],"inLanguage":"fr-FR"}]}},"_links":{"self":[{"href":"https:\/\/metrointeriors.ca\/fr\/wp-json\/wp\/v2\/product\/3030","targetHints":{"allow":["GET"]}}],"collection":[{"href":"https:\/\/metrointeriors.ca\/fr\/wp-json\/wp\/v2\/product"}],"about":[{"href":"https:\/\/metrointeriors.ca\/fr\/wp-json\/wp\/v2\/types\/product"}],"replies":[{"embeddable":true,"href":"https:\/\/metrointeriors.ca\/fr\/wp-json\/wp\/v2\/comments?post=3030"}],"wp:featuredmedia":[{"embeddable":true,"href":"https:\/\/metrointeriors.ca\/fr\/wp-json\/wp\/v2\/media\/2569"}],"wp:attachment":[{"href":"https:\/\/metrointeriors.ca\/fr\/wp-json\/wp\/v2\/media?parent=3030"}],"wp:term":[{"taxonomy":"product_brand","embeddable":true,"href":"https:\/\/metrointeriors.ca\/fr\/wp-json\/wp\/v2\/product_brand?post=3030"},{"taxonomy":"product_cat","embeddable":true,"href":"https:\/\/metrointeriors.ca\/fr\/wp-json\/wp\/v2\/product_cat?post=3030"},{"taxonomy":"product_tag","embeddable":true,"href":"https:\/\/metrointeriors.ca\/fr\/wp-json\/wp\/v2\/product_tag?post=3030"}],"curies":[{"name":"wp","href":"https:\/\/api.w.org\/{rel}","templated":true}]}}