{"id":3020,"date":"2021-08-27T14:29:46","date_gmt":"2021-08-27T14:29:46","guid":{"rendered":"https:\/\/samsaragold.com\/product\/filing-groupe-lacasse-laminate-laterals\/"},"modified":"2023-09-18T17:17:20","modified_gmt":"2023-09-18T17:17:20","slug":"filieres-groupe-lacasse-laminate-laterals","status":"publish","type":"product","link":"https:\/\/metrointeriors.ca\/fr\/produit\/filieres-groupe-lacasse-laminate-laterals\/","title":{"rendered":"Classeurs lat\u00e9raux en m\u00e9lamine"},"content":{"rendered":"<h3 class=\"h4\">Affaires class\u00e9es<\/h3>\n<div class=\"description\">\n<p>S&rsquo;harmonisant parfaitement avec nos diff\u00e9rentes collections, nos classeurs lat\u00e9raux en m\u00e9lamine sont toujours discrets et procurent le rangement dont vous avez besoin.<\/p>\n<\/div>\n","protected":false},"excerpt":{"rendered":"<p>Convient aux meubles de bureau \u00e0 domicile, aux espaces de travail ouverts et aux bureaux priv\u00e9s.<\/p>\n","protected":false},"featured_media":2457,"comment_status":"closed","ping_status":"closed","template":"","meta":{"_et_pb_use_builder":"","_et_pb_old_content":"","_et_gb_content_width":""},"product_brand":[],"product_cat":[429,164],"product_tag":[],"class_list":{"0":"post-3020","1":"product","2":"type-product","3":"status-publish","4":"has-post-thumbnail","6":"product_cat-filing-new-filieres-fr","7":"product_cat-f-lacasse-fr","9":"first","10":"instock","11":"product-type-simple"},"yoast_head":"<!-- This site is optimized with the Yoast SEO plugin v27.0 - https:\/\/yoast.com\/product\/yoast-seo-wordpress\/ -->\n<title>Classeurs lat\u00e9raux en m\u00e9lamine - Metro Interiors<\/title>\n<meta name=\"robots\" content=\"index, follow, max-snippet:-1, max-image-preview:large, max-video-preview:-1\" \/>\n<link rel=\"canonical\" href=\"https:\/\/metrointeriors.ca\/fr\/produit\/filieres-groupe-lacasse-laminate-laterals\/\" \/>\n<meta property=\"og:locale\" content=\"fr_FR\" \/>\n<meta property=\"og:type\" content=\"article\" \/>\n<meta property=\"og:title\" content=\"Classeurs lat\u00e9raux en m\u00e9lamine - Metro Interiors\" \/>\n<meta property=\"og:description\" content=\"Convient aux meubles de bureau \u00e0 domicile, aux espaces de travail ouverts et aux bureaux priv\u00e9s.\" \/>\n<meta property=\"og:url\" content=\"https:\/\/metrointeriors.ca\/fr\/produit\/filieres-groupe-lacasse-laminate-laterals\/\" \/>\n<meta property=\"og:site_name\" content=\"Metro Interiors\" \/>\n<meta property=\"article:modified_time\" content=\"2023-09-18T17:17:20+00:00\" \/>\n<meta property=\"og:image\" content=\"https:\/\/metrointeriors.ca\/wp-content\/uploads\/2021\/08\/lacasse-laminate-laterals-2.jpg\" \/>\n\t<meta property=\"og:image:width\" content=\"1080\" \/>\n\t<meta property=\"og:image:height\" content=\"1080\" \/>\n\t<meta property=\"og:image:type\" content=\"image\/jpeg\" \/>\n<meta name=\"twitter:card\" content=\"summary_large_image\" \/>\n<script type=\"application\/ld+json\" class=\"yoast-schema-graph\">{\"@context\":\"https:\/\/schema.org\",\"@graph\":[{\"@type\":\"WebPage\",\"@id\":\"https:\/\/metrointeriors.ca\/fr\/produit\/filieres-groupe-lacasse-laminate-laterals\/\",\"url\":\"https:\/\/metrointeriors.ca\/fr\/produit\/filieres-groupe-lacasse-laminate-laterals\/\",\"name\":\"Classeurs lat\u00e9raux en m\u00e9lamine - Metro Interiors\",\"isPartOf\":{\"@id\":\"https:\/\/metrointeriors.ca\/#website\"},\"primaryImageOfPage\":{\"@id\":\"https:\/\/metrointeriors.ca\/fr\/produit\/filieres-groupe-lacasse-laminate-laterals\/#primaryimage\"},\"image\":{\"@id\":\"https:\/\/metrointeriors.ca\/fr\/produit\/filieres-groupe-lacasse-laminate-laterals\/#primaryimage\"},\"thumbnailUrl\":\"https:\/\/metrointeriors.ca\/wp-content\/uploads\/2021\/08\/lacasse-laminate-laterals-2.jpg\",\"datePublished\":\"2021-08-27T14:29:46+00:00\",\"dateModified\":\"2023-09-18T17:17:20+00:00\",\"breadcrumb\":{\"@id\":\"https:\/\/metrointeriors.ca\/fr\/produit\/filieres-groupe-lacasse-laminate-laterals\/#breadcrumb\"},\"inLanguage\":\"fr-FR\",\"potentialAction\":[{\"@type\":\"ReadAction\",\"target\":[\"https:\/\/metrointeriors.ca\/fr\/produit\/filieres-groupe-lacasse-laminate-laterals\/\"]}]},{\"@type\":\"ImageObject\",\"inLanguage\":\"fr-FR\",\"@id\":\"https:\/\/metrointeriors.ca\/fr\/produit\/filieres-groupe-lacasse-laminate-laterals\/#primaryimage\",\"url\":\"https:\/\/metrointeriors.ca\/wp-content\/uploads\/2021\/08\/lacasse-laminate-laterals-2.jpg\",\"contentUrl\":\"https:\/\/metrointeriors.ca\/wp-content\/uploads\/2021\/08\/lacasse-laminate-laterals-2.jpg\",\"width\":1080,\"height\":1080,\"caption\":\"lacasse-laminate-laterals\"},{\"@type\":\"BreadcrumbList\",\"@id\":\"https:\/\/metrointeriors.ca\/fr\/produit\/filieres-groupe-lacasse-laminate-laterals\/#breadcrumb\",\"itemListElement\":[{\"@type\":\"ListItem\",\"position\":1,\"name\":\"Home\",\"item\":\"https:\/\/metrointeriors.ca\/fr\/\"},{\"@type\":\"ListItem\",\"position\":2,\"name\":\"Boutique\",\"item\":\"https:\/\/metrointeriors.ca\/fr\/boutique\/\"},{\"@type\":\"ListItem\",\"position\":3,\"name\":\"Classeurs lat\u00e9raux en m\u00e9lamine\"}]},{\"@type\":\"WebSite\",\"@id\":\"https:\/\/metrointeriors.ca\/#website\",\"url\":\"https:\/\/metrointeriors.ca\/\",\"name\":\"Metro Interiors\",\"description\":\"Laissez-nous vous aider \u00e0 rafra\u00eechir votre espace de travail d&#039;entreprise\",\"potentialAction\":[{\"@type\":\"SearchAction\",\"target\":{\"@type\":\"EntryPoint\",\"urlTemplate\":\"https:\/\/metrointeriors.ca\/?s={search_term_string}\"},\"query-input\":{\"@type\":\"PropertyValueSpecification\",\"valueRequired\":true,\"valueName\":\"search_term_string\"}}],\"inLanguage\":\"fr-FR\"}]}<\/script>\n<!-- \/ Yoast SEO plugin. -->","yoast_head_json":{"title":"Classeurs lat\u00e9raux en m\u00e9lamine - Metro Interiors","robots":{"index":"index","follow":"follow","max-snippet":"max-snippet:-1","max-image-preview":"max-image-preview:large","max-video-preview":"max-video-preview:-1"},"canonical":"https:\/\/metrointeriors.ca\/fr\/produit\/filieres-groupe-lacasse-laminate-laterals\/","og_locale":"fr_FR","og_type":"article","og_title":"Classeurs lat\u00e9raux en m\u00e9lamine - Metro Interiors","og_description":"Convient aux meubles de bureau \u00e0 domicile, aux espaces de travail ouverts et aux bureaux priv\u00e9s.","og_url":"https:\/\/metrointeriors.ca\/fr\/produit\/filieres-groupe-lacasse-laminate-laterals\/","og_site_name":"Metro Interiors","article_modified_time":"2023-09-18T17:17:20+00:00","og_image":[{"width":1080,"height":1080,"url":"https:\/\/metrointeriors.ca\/wp-content\/uploads\/2021\/08\/lacasse-laminate-laterals-2.jpg","type":"image\/jpeg"}],"twitter_card":"summary_large_image","schema":{"@context":"https:\/\/schema.org","@graph":[{"@type":"WebPage","@id":"https:\/\/metrointeriors.ca\/fr\/produit\/filieres-groupe-lacasse-laminate-laterals\/","url":"https:\/\/metrointeriors.ca\/fr\/produit\/filieres-groupe-lacasse-laminate-laterals\/","name":"Classeurs lat\u00e9raux en m\u00e9lamine - Metro Interiors","isPartOf":{"@id":"https:\/\/metrointeriors.ca\/#website"},"primaryImageOfPage":{"@id":"https:\/\/metrointeriors.ca\/fr\/produit\/filieres-groupe-lacasse-laminate-laterals\/#primaryimage"},"image":{"@id":"https:\/\/metrointeriors.ca\/fr\/produit\/filieres-groupe-lacasse-laminate-laterals\/#primaryimage"},"thumbnailUrl":"https:\/\/metrointeriors.ca\/wp-content\/uploads\/2021\/08\/lacasse-laminate-laterals-2.jpg","datePublished":"2021-08-27T14:29:46+00:00","dateModified":"2023-09-18T17:17:20+00:00","breadcrumb":{"@id":"https:\/\/metrointeriors.ca\/fr\/produit\/filieres-groupe-lacasse-laminate-laterals\/#breadcrumb"},"inLanguage":"fr-FR","potentialAction":[{"@type":"ReadAction","target":["https:\/\/metrointeriors.ca\/fr\/produit\/filieres-groupe-lacasse-laminate-laterals\/"]}]},{"@type":"ImageObject","inLanguage":"fr-FR","@id":"https:\/\/metrointeriors.ca\/fr\/produit\/filieres-groupe-lacasse-laminate-laterals\/#primaryimage","url":"https:\/\/metrointeriors.ca\/wp-content\/uploads\/2021\/08\/lacasse-laminate-laterals-2.jpg","contentUrl":"https:\/\/metrointeriors.ca\/wp-content\/uploads\/2021\/08\/lacasse-laminate-laterals-2.jpg","width":1080,"height":1080,"caption":"lacasse-laminate-laterals"},{"@type":"BreadcrumbList","@id":"https:\/\/metrointeriors.ca\/fr\/produit\/filieres-groupe-lacasse-laminate-laterals\/#breadcrumb","itemListElement":[{"@type":"ListItem","position":1,"name":"Home","item":"https:\/\/metrointeriors.ca\/fr\/"},{"@type":"ListItem","position":2,"name":"Boutique","item":"https:\/\/metrointeriors.ca\/fr\/boutique\/"},{"@type":"ListItem","position":3,"name":"Classeurs lat\u00e9raux en m\u00e9lamine"}]},{"@type":"WebSite","@id":"https:\/\/metrointeriors.ca\/#website","url":"https:\/\/metrointeriors.ca\/","name":"Metro Interiors","description":"Laissez-nous vous aider \u00e0 rafra\u00eechir votre espace de travail d&#039;entreprise","potentialAction":[{"@type":"SearchAction","target":{"@type":"EntryPoint","urlTemplate":"https:\/\/metrointeriors.ca\/?s={search_term_string}"},"query-input":{"@type":"PropertyValueSpecification","valueRequired":true,"valueName":"search_term_string"}}],"inLanguage":"fr-FR"}]}},"_links":{"self":[{"href":"https:\/\/metrointeriors.ca\/fr\/wp-json\/wp\/v2\/product\/3020","targetHints":{"allow":["GET"]}}],"collection":[{"href":"https:\/\/metrointeriors.ca\/fr\/wp-json\/wp\/v2\/product"}],"about":[{"href":"https:\/\/metrointeriors.ca\/fr\/wp-json\/wp\/v2\/types\/product"}],"replies":[{"embeddable":true,"href":"https:\/\/metrointeriors.ca\/fr\/wp-json\/wp\/v2\/comments?post=3020"}],"wp:featuredmedia":[{"embeddable":true,"href":"https:\/\/metrointeriors.ca\/fr\/wp-json\/wp\/v2\/media\/2457"}],"wp:attachment":[{"href":"https:\/\/metrointeriors.ca\/fr\/wp-json\/wp\/v2\/media?parent=3020"}],"wp:term":[{"taxonomy":"product_brand","embeddable":true,"href":"https:\/\/metrointeriors.ca\/fr\/wp-json\/wp\/v2\/product_brand?post=3020"},{"taxonomy":"product_cat","embeddable":true,"href":"https:\/\/metrointeriors.ca\/fr\/wp-json\/wp\/v2\/product_cat?post=3020"},{"taxonomy":"product_tag","embeddable":true,"href":"https:\/\/metrointeriors.ca\/fr\/wp-json\/wp\/v2\/product_tag?post=3020"}],"curies":[{"name":"wp","href":"https:\/\/api.w.org\/{rel}","templated":true}]}}