{"id":3015,"date":"2021-08-27T14:29:46","date_gmt":"2021-08-27T14:29:46","guid":{"rendered":"https:\/\/samsaragold.com\/product\/filing-groupe-lacasse-laminate-lockers\/"},"modified":"2023-09-18T17:01:38","modified_gmt":"2023-09-18T17:01:38","slug":"filieres-groupe-lacasse-laminate-lockers","status":"publish","type":"product","link":"https:\/\/metrointeriors.ca\/fr\/produit\/filieres-groupe-lacasse-laminate-lockers\/","title":{"rendered":"Vestiaires et casiers en m\u00e9lamine"},"content":{"rendered":"<p>Nous cr\u00e9ons du mobilier esth\u00e9tique, fonctionnel et configurable offrant toutes ces possibilit\u00e9s : vestiaires hauts\/bas, tout m\u00e9lamine\/en m\u00e9tal, avec assise rembourr\u00e9e, compartiment ferm\u00e9\/ouvert, casier personnel ou \u00e0 partager, avec ou sans serrure, avec options de serrure \u00e0 cl\u00e9, num\u00e9rique, magn\u00e9tique ou digitale&#8230; Dites-nous ce dont vous avez besoin, et nous vous pr\u00e9senterons\u00a0<strong>nos solutions Signature<\/strong>!<\/p>\n<p>&nbsp;<\/p>\n","protected":false},"excerpt":{"rendered":"<p>Groupe Lacasse a vraiment tout pour vos besoins en mobilier, m\u00eame pour les\u00a0vestiaires et casiers!<\/p>\n","protected":false},"featured_media":2448,"comment_status":"closed","ping_status":"closed","template":"","meta":{"_et_pb_use_builder":"","_et_pb_old_content":"","_et_gb_content_width":""},"product_brand":[],"product_cat":[429,164],"product_tag":[],"class_list":{"0":"post-3015","1":"product","2":"type-product","3":"status-publish","4":"has-post-thumbnail","6":"product_cat-filing-new-filieres-fr","7":"product_cat-f-lacasse-fr","9":"first","10":"instock","11":"product-type-simple"},"yoast_head":"<!-- This site is optimized with the Yoast SEO plugin v27.0 - https:\/\/yoast.com\/product\/yoast-seo-wordpress\/ -->\n<title>Vestiaires et casiers en m\u00e9lamine - Metro Interiors<\/title>\n<meta name=\"robots\" content=\"index, follow, max-snippet:-1, max-image-preview:large, max-video-preview:-1\" \/>\n<link rel=\"canonical\" href=\"https:\/\/metrointeriors.ca\/fr\/produit\/filieres-groupe-lacasse-laminate-lockers\/\" \/>\n<meta property=\"og:locale\" content=\"fr_FR\" \/>\n<meta property=\"og:type\" content=\"article\" \/>\n<meta property=\"og:title\" content=\"Vestiaires et casiers en m\u00e9lamine - Metro Interiors\" \/>\n<meta property=\"og:description\" content=\"Groupe Lacasse a vraiment tout pour vos besoins en mobilier, m\u00eame pour les\u00a0vestiaires et casiers!\" \/>\n<meta property=\"og:url\" content=\"https:\/\/metrointeriors.ca\/fr\/produit\/filieres-groupe-lacasse-laminate-lockers\/\" \/>\n<meta property=\"og:site_name\" content=\"Metro Interiors\" \/>\n<meta property=\"article:modified_time\" content=\"2023-09-18T17:01:38+00:00\" \/>\n<meta property=\"og:image\" content=\"https:\/\/metrointeriors.ca\/wp-content\/uploads\/2021\/08\/lacasse-lockers1080x1080.jpg\" \/>\n\t<meta property=\"og:image:width\" content=\"1080\" \/>\n\t<meta property=\"og:image:height\" content=\"1080\" \/>\n\t<meta property=\"og:image:type\" content=\"image\/jpeg\" \/>\n<meta name=\"twitter:card\" content=\"summary_large_image\" \/>\n<script type=\"application\/ld+json\" class=\"yoast-schema-graph\">{\"@context\":\"https:\/\/schema.org\",\"@graph\":[{\"@type\":\"WebPage\",\"@id\":\"https:\/\/metrointeriors.ca\/fr\/produit\/filieres-groupe-lacasse-laminate-lockers\/\",\"url\":\"https:\/\/metrointeriors.ca\/fr\/produit\/filieres-groupe-lacasse-laminate-lockers\/\",\"name\":\"Vestiaires et casiers en m\u00e9lamine - Metro Interiors\",\"isPartOf\":{\"@id\":\"https:\/\/metrointeriors.ca\/#website\"},\"primaryImageOfPage\":{\"@id\":\"https:\/\/metrointeriors.ca\/fr\/produit\/filieres-groupe-lacasse-laminate-lockers\/#primaryimage\"},\"image\":{\"@id\":\"https:\/\/metrointeriors.ca\/fr\/produit\/filieres-groupe-lacasse-laminate-lockers\/#primaryimage\"},\"thumbnailUrl\":\"https:\/\/metrointeriors.ca\/wp-content\/uploads\/2021\/08\/lacasse-lockers1080x1080.jpg\",\"datePublished\":\"2021-08-27T14:29:46+00:00\",\"dateModified\":\"2023-09-18T17:01:38+00:00\",\"breadcrumb\":{\"@id\":\"https:\/\/metrointeriors.ca\/fr\/produit\/filieres-groupe-lacasse-laminate-lockers\/#breadcrumb\"},\"inLanguage\":\"fr-FR\",\"potentialAction\":[{\"@type\":\"ReadAction\",\"target\":[\"https:\/\/metrointeriors.ca\/fr\/produit\/filieres-groupe-lacasse-laminate-lockers\/\"]}]},{\"@type\":\"ImageObject\",\"inLanguage\":\"fr-FR\",\"@id\":\"https:\/\/metrointeriors.ca\/fr\/produit\/filieres-groupe-lacasse-laminate-lockers\/#primaryimage\",\"url\":\"https:\/\/metrointeriors.ca\/wp-content\/uploads\/2021\/08\/lacasse-lockers1080x1080.jpg\",\"contentUrl\":\"https:\/\/metrointeriors.ca\/wp-content\/uploads\/2021\/08\/lacasse-lockers1080x1080.jpg\",\"width\":1080,\"height\":1080,\"caption\":\"lacasse-lockers\"},{\"@type\":\"BreadcrumbList\",\"@id\":\"https:\/\/metrointeriors.ca\/fr\/produit\/filieres-groupe-lacasse-laminate-lockers\/#breadcrumb\",\"itemListElement\":[{\"@type\":\"ListItem\",\"position\":1,\"name\":\"Home\",\"item\":\"https:\/\/metrointeriors.ca\/fr\/\"},{\"@type\":\"ListItem\",\"position\":2,\"name\":\"Boutique\",\"item\":\"https:\/\/metrointeriors.ca\/fr\/boutique\/\"},{\"@type\":\"ListItem\",\"position\":3,\"name\":\"Vestiaires et casiers en m\u00e9lamine\"}]},{\"@type\":\"WebSite\",\"@id\":\"https:\/\/metrointeriors.ca\/#website\",\"url\":\"https:\/\/metrointeriors.ca\/\",\"name\":\"Metro Interiors\",\"description\":\"Laissez-nous vous aider \u00e0 rafra\u00eechir votre espace de travail d&#039;entreprise\",\"potentialAction\":[{\"@type\":\"SearchAction\",\"target\":{\"@type\":\"EntryPoint\",\"urlTemplate\":\"https:\/\/metrointeriors.ca\/?s={search_term_string}\"},\"query-input\":{\"@type\":\"PropertyValueSpecification\",\"valueRequired\":true,\"valueName\":\"search_term_string\"}}],\"inLanguage\":\"fr-FR\"}]}<\/script>\n<!-- \/ Yoast SEO plugin. -->","yoast_head_json":{"title":"Vestiaires et casiers en m\u00e9lamine - Metro Interiors","robots":{"index":"index","follow":"follow","max-snippet":"max-snippet:-1","max-image-preview":"max-image-preview:large","max-video-preview":"max-video-preview:-1"},"canonical":"https:\/\/metrointeriors.ca\/fr\/produit\/filieres-groupe-lacasse-laminate-lockers\/","og_locale":"fr_FR","og_type":"article","og_title":"Vestiaires et casiers en m\u00e9lamine - Metro Interiors","og_description":"Groupe Lacasse a vraiment tout pour vos besoins en mobilier, m\u00eame pour les\u00a0vestiaires et casiers!","og_url":"https:\/\/metrointeriors.ca\/fr\/produit\/filieres-groupe-lacasse-laminate-lockers\/","og_site_name":"Metro Interiors","article_modified_time":"2023-09-18T17:01:38+00:00","og_image":[{"width":1080,"height":1080,"url":"https:\/\/metrointeriors.ca\/wp-content\/uploads\/2021\/08\/lacasse-lockers1080x1080.jpg","type":"image\/jpeg"}],"twitter_card":"summary_large_image","schema":{"@context":"https:\/\/schema.org","@graph":[{"@type":"WebPage","@id":"https:\/\/metrointeriors.ca\/fr\/produit\/filieres-groupe-lacasse-laminate-lockers\/","url":"https:\/\/metrointeriors.ca\/fr\/produit\/filieres-groupe-lacasse-laminate-lockers\/","name":"Vestiaires et casiers en m\u00e9lamine - Metro Interiors","isPartOf":{"@id":"https:\/\/metrointeriors.ca\/#website"},"primaryImageOfPage":{"@id":"https:\/\/metrointeriors.ca\/fr\/produit\/filieres-groupe-lacasse-laminate-lockers\/#primaryimage"},"image":{"@id":"https:\/\/metrointeriors.ca\/fr\/produit\/filieres-groupe-lacasse-laminate-lockers\/#primaryimage"},"thumbnailUrl":"https:\/\/metrointeriors.ca\/wp-content\/uploads\/2021\/08\/lacasse-lockers1080x1080.jpg","datePublished":"2021-08-27T14:29:46+00:00","dateModified":"2023-09-18T17:01:38+00:00","breadcrumb":{"@id":"https:\/\/metrointeriors.ca\/fr\/produit\/filieres-groupe-lacasse-laminate-lockers\/#breadcrumb"},"inLanguage":"fr-FR","potentialAction":[{"@type":"ReadAction","target":["https:\/\/metrointeriors.ca\/fr\/produit\/filieres-groupe-lacasse-laminate-lockers\/"]}]},{"@type":"ImageObject","inLanguage":"fr-FR","@id":"https:\/\/metrointeriors.ca\/fr\/produit\/filieres-groupe-lacasse-laminate-lockers\/#primaryimage","url":"https:\/\/metrointeriors.ca\/wp-content\/uploads\/2021\/08\/lacasse-lockers1080x1080.jpg","contentUrl":"https:\/\/metrointeriors.ca\/wp-content\/uploads\/2021\/08\/lacasse-lockers1080x1080.jpg","width":1080,"height":1080,"caption":"lacasse-lockers"},{"@type":"BreadcrumbList","@id":"https:\/\/metrointeriors.ca\/fr\/produit\/filieres-groupe-lacasse-laminate-lockers\/#breadcrumb","itemListElement":[{"@type":"ListItem","position":1,"name":"Home","item":"https:\/\/metrointeriors.ca\/fr\/"},{"@type":"ListItem","position":2,"name":"Boutique","item":"https:\/\/metrointeriors.ca\/fr\/boutique\/"},{"@type":"ListItem","position":3,"name":"Vestiaires et casiers en m\u00e9lamine"}]},{"@type":"WebSite","@id":"https:\/\/metrointeriors.ca\/#website","url":"https:\/\/metrointeriors.ca\/","name":"Metro Interiors","description":"Laissez-nous vous aider \u00e0 rafra\u00eechir votre espace de travail d&#039;entreprise","potentialAction":[{"@type":"SearchAction","target":{"@type":"EntryPoint","urlTemplate":"https:\/\/metrointeriors.ca\/?s={search_term_string}"},"query-input":{"@type":"PropertyValueSpecification","valueRequired":true,"valueName":"search_term_string"}}],"inLanguage":"fr-FR"}]}},"_links":{"self":[{"href":"https:\/\/metrointeriors.ca\/fr\/wp-json\/wp\/v2\/product\/3015","targetHints":{"allow":["GET"]}}],"collection":[{"href":"https:\/\/metrointeriors.ca\/fr\/wp-json\/wp\/v2\/product"}],"about":[{"href":"https:\/\/metrointeriors.ca\/fr\/wp-json\/wp\/v2\/types\/product"}],"replies":[{"embeddable":true,"href":"https:\/\/metrointeriors.ca\/fr\/wp-json\/wp\/v2\/comments?post=3015"}],"wp:featuredmedia":[{"embeddable":true,"href":"https:\/\/metrointeriors.ca\/fr\/wp-json\/wp\/v2\/media\/2448"}],"wp:attachment":[{"href":"https:\/\/metrointeriors.ca\/fr\/wp-json\/wp\/v2\/media?parent=3015"}],"wp:term":[{"taxonomy":"product_brand","embeddable":true,"href":"https:\/\/metrointeriors.ca\/fr\/wp-json\/wp\/v2\/product_brand?post=3015"},{"taxonomy":"product_cat","embeddable":true,"href":"https:\/\/metrointeriors.ca\/fr\/wp-json\/wp\/v2\/product_cat?post=3015"},{"taxonomy":"product_tag","embeddable":true,"href":"https:\/\/metrointeriors.ca\/fr\/wp-json\/wp\/v2\/product_tag?post=3015"}],"curies":[{"name":"wp","href":"https:\/\/api.w.org\/{rel}","templated":true}]}}