{"id":3005,"date":"2021-08-27T14:30:32","date_gmt":"2021-08-27T14:30:32","guid":{"rendered":"https:\/\/samsaragold.com\/product\/lounge-seating-groupe-lacasse-arold-hiphop\/"},"modified":"2023-09-18T15:40:49","modified_gmt":"2023-09-18T15:40:49","slug":"sieges-de-salon-groupe-lacasse-arold-hiphop","status":"publish","type":"product","link":"https:\/\/metrointeriors.ca\/fr\/produit\/sieges-de-salon-groupe-lacasse-arold-hiphop\/","title":{"rendered":"HipHop"},"content":{"rendered":"<h2>AROLD<\/h2>\n<h3 class=\"h4\">Faites-en le v\u00f4tre<\/h3>\n<div class=\"description\">\n<p>Combinez les formes rectangulaires, carr\u00e9es, courbes et rondes de nos modules selon vos besoins et r\u00e9inventez vos espaces.<\/p>\n<\/div>\n","protected":false},"excerpt":{"rendered":"<p>Avec ses lignes \u00e9pur\u00e9es qui s\u2019adaptent \u00e0 chacune de vos configurations,\u00a0HIP HOP vous permet de cr\u00e9er des environnements \u00e0 la fois personnalis\u00e9s et agr\u00e9ables.<\/p>\n<h2><\/h2>\n<div class=\"description\">\n<p>&nbsp;<\/p>\n<\/div>\n","protected":false},"featured_media":2028,"comment_status":"closed","ping_status":"closed","template":"","meta":{"_et_pb_use_builder":"","_et_pb_old_content":"","_et_gb_content_width":""},"product_brand":[],"product_cat":[421,173],"product_tag":[422,424],"class_list":{"0":"post-3005","1":"product","2":"type-product","3":"status-publish","4":"has-post-thumbnail","6":"product_cat-lacasse-sieges-de-salon","7":"product_cat-sieges-de-salon","8":"product_tag-arold-fr","9":"product_tag-hip-hop-fr","11":"first","12":"instock","13":"product-type-simple"},"yoast_head":"<!-- This site is optimized with the Yoast SEO plugin v27.0 - https:\/\/yoast.com\/product\/yoast-seo-wordpress\/ -->\n<title>HipHop - Metro Interiors<\/title>\n<meta name=\"robots\" content=\"index, follow, max-snippet:-1, max-image-preview:large, max-video-preview:-1\" \/>\n<link rel=\"canonical\" href=\"https:\/\/metrointeriors.ca\/fr\/produit\/sieges-de-salon-groupe-lacasse-arold-hiphop\/\" \/>\n<meta property=\"og:locale\" content=\"fr_FR\" \/>\n<meta property=\"og:type\" content=\"article\" \/>\n<meta property=\"og:title\" content=\"HipHop - Metro Interiors\" \/>\n<meta property=\"og:description\" content=\"Avec ses lignes \u00e9pur\u00e9es qui s\u2019adaptent \u00e0 chacune de vos configurations,\u00a0HIP HOP vous permet de cr\u00e9er des environnements \u00e0 la fois personnalis\u00e9s et agr\u00e9ables.    &nbsp;\" \/>\n<meta property=\"og:url\" content=\"https:\/\/metrointeriors.ca\/fr\/produit\/sieges-de-salon-groupe-lacasse-arold-hiphop\/\" \/>\n<meta property=\"og:site_name\" content=\"Metro Interiors\" \/>\n<meta property=\"article:modified_time\" content=\"2023-09-18T15:40:49+00:00\" \/>\n<meta property=\"og:image\" content=\"https:\/\/metrointeriors.ca\/wp-content\/uploads\/2021\/08\/01_2646_v_arold-hip-hop-hip-hop-plan30-w20-mg046-1080.jpg\" \/>\n\t<meta property=\"og:image:width\" content=\"1080\" \/>\n\t<meta property=\"og:image:height\" content=\"1080\" \/>\n\t<meta property=\"og:image:type\" content=\"image\/jpeg\" \/>\n<meta name=\"twitter:card\" content=\"summary_large_image\" \/>\n<script type=\"application\/ld+json\" class=\"yoast-schema-graph\">{\"@context\":\"https:\/\/schema.org\",\"@graph\":[{\"@type\":\"WebPage\",\"@id\":\"https:\/\/metrointeriors.ca\/fr\/produit\/sieges-de-salon-groupe-lacasse-arold-hiphop\/\",\"url\":\"https:\/\/metrointeriors.ca\/fr\/produit\/sieges-de-salon-groupe-lacasse-arold-hiphop\/\",\"name\":\"HipHop - Metro Interiors\",\"isPartOf\":{\"@id\":\"https:\/\/metrointeriors.ca\/#website\"},\"primaryImageOfPage\":{\"@id\":\"https:\/\/metrointeriors.ca\/fr\/produit\/sieges-de-salon-groupe-lacasse-arold-hiphop\/#primaryimage\"},\"image\":{\"@id\":\"https:\/\/metrointeriors.ca\/fr\/produit\/sieges-de-salon-groupe-lacasse-arold-hiphop\/#primaryimage\"},\"thumbnailUrl\":\"https:\/\/metrointeriors.ca\/wp-content\/uploads\/2021\/08\/01_2646_v_arold-hip-hop-hip-hop-plan30-w20-mg046-1080.jpg\",\"datePublished\":\"2021-08-27T14:30:32+00:00\",\"dateModified\":\"2023-09-18T15:40:49+00:00\",\"breadcrumb\":{\"@id\":\"https:\/\/metrointeriors.ca\/fr\/produit\/sieges-de-salon-groupe-lacasse-arold-hiphop\/#breadcrumb\"},\"inLanguage\":\"fr-FR\",\"potentialAction\":[{\"@type\":\"ReadAction\",\"target\":[\"https:\/\/metrointeriors.ca\/fr\/produit\/sieges-de-salon-groupe-lacasse-arold-hiphop\/\"]}]},{\"@type\":\"ImageObject\",\"inLanguage\":\"fr-FR\",\"@id\":\"https:\/\/metrointeriors.ca\/fr\/produit\/sieges-de-salon-groupe-lacasse-arold-hiphop\/#primaryimage\",\"url\":\"https:\/\/metrointeriors.ca\/wp-content\/uploads\/2021\/08\/01_2646_v_arold-hip-hop-hip-hop-plan30-w20-mg046-1080.jpg\",\"contentUrl\":\"https:\/\/metrointeriors.ca\/wp-content\/uploads\/2021\/08\/01_2646_v_arold-hip-hop-hip-hop-plan30-w20-mg046-1080.jpg\",\"width\":1080,\"height\":1080,\"caption\":\"arold-hip-hop\"},{\"@type\":\"BreadcrumbList\",\"@id\":\"https:\/\/metrointeriors.ca\/fr\/produit\/sieges-de-salon-groupe-lacasse-arold-hiphop\/#breadcrumb\",\"itemListElement\":[{\"@type\":\"ListItem\",\"position\":1,\"name\":\"Home\",\"item\":\"https:\/\/metrointeriors.ca\/fr\/\"},{\"@type\":\"ListItem\",\"position\":2,\"name\":\"Boutique\",\"item\":\"https:\/\/metrointeriors.ca\/fr\/boutique\/\"},{\"@type\":\"ListItem\",\"position\":3,\"name\":\"HipHop\"}]},{\"@type\":\"WebSite\",\"@id\":\"https:\/\/metrointeriors.ca\/#website\",\"url\":\"https:\/\/metrointeriors.ca\/\",\"name\":\"Metro Interiors\",\"description\":\"Laissez-nous vous aider \u00e0 rafra\u00eechir votre espace de travail d&#039;entreprise\",\"potentialAction\":[{\"@type\":\"SearchAction\",\"target\":{\"@type\":\"EntryPoint\",\"urlTemplate\":\"https:\/\/metrointeriors.ca\/?s={search_term_string}\"},\"query-input\":{\"@type\":\"PropertyValueSpecification\",\"valueRequired\":true,\"valueName\":\"search_term_string\"}}],\"inLanguage\":\"fr-FR\"}]}<\/script>\n<!-- \/ Yoast SEO plugin. -->","yoast_head_json":{"title":"HipHop - Metro Interiors","robots":{"index":"index","follow":"follow","max-snippet":"max-snippet:-1","max-image-preview":"max-image-preview:large","max-video-preview":"max-video-preview:-1"},"canonical":"https:\/\/metrointeriors.ca\/fr\/produit\/sieges-de-salon-groupe-lacasse-arold-hiphop\/","og_locale":"fr_FR","og_type":"article","og_title":"HipHop - Metro Interiors","og_description":"Avec ses lignes \u00e9pur\u00e9es qui s\u2019adaptent \u00e0 chacune de vos configurations,\u00a0HIP HOP vous permet de cr\u00e9er des environnements \u00e0 la fois personnalis\u00e9s et agr\u00e9ables.    &nbsp;","og_url":"https:\/\/metrointeriors.ca\/fr\/produit\/sieges-de-salon-groupe-lacasse-arold-hiphop\/","og_site_name":"Metro Interiors","article_modified_time":"2023-09-18T15:40:49+00:00","og_image":[{"width":1080,"height":1080,"url":"https:\/\/metrointeriors.ca\/wp-content\/uploads\/2021\/08\/01_2646_v_arold-hip-hop-hip-hop-plan30-w20-mg046-1080.jpg","type":"image\/jpeg"}],"twitter_card":"summary_large_image","schema":{"@context":"https:\/\/schema.org","@graph":[{"@type":"WebPage","@id":"https:\/\/metrointeriors.ca\/fr\/produit\/sieges-de-salon-groupe-lacasse-arold-hiphop\/","url":"https:\/\/metrointeriors.ca\/fr\/produit\/sieges-de-salon-groupe-lacasse-arold-hiphop\/","name":"HipHop - Metro Interiors","isPartOf":{"@id":"https:\/\/metrointeriors.ca\/#website"},"primaryImageOfPage":{"@id":"https:\/\/metrointeriors.ca\/fr\/produit\/sieges-de-salon-groupe-lacasse-arold-hiphop\/#primaryimage"},"image":{"@id":"https:\/\/metrointeriors.ca\/fr\/produit\/sieges-de-salon-groupe-lacasse-arold-hiphop\/#primaryimage"},"thumbnailUrl":"https:\/\/metrointeriors.ca\/wp-content\/uploads\/2021\/08\/01_2646_v_arold-hip-hop-hip-hop-plan30-w20-mg046-1080.jpg","datePublished":"2021-08-27T14:30:32+00:00","dateModified":"2023-09-18T15:40:49+00:00","breadcrumb":{"@id":"https:\/\/metrointeriors.ca\/fr\/produit\/sieges-de-salon-groupe-lacasse-arold-hiphop\/#breadcrumb"},"inLanguage":"fr-FR","potentialAction":[{"@type":"ReadAction","target":["https:\/\/metrointeriors.ca\/fr\/produit\/sieges-de-salon-groupe-lacasse-arold-hiphop\/"]}]},{"@type":"ImageObject","inLanguage":"fr-FR","@id":"https:\/\/metrointeriors.ca\/fr\/produit\/sieges-de-salon-groupe-lacasse-arold-hiphop\/#primaryimage","url":"https:\/\/metrointeriors.ca\/wp-content\/uploads\/2021\/08\/01_2646_v_arold-hip-hop-hip-hop-plan30-w20-mg046-1080.jpg","contentUrl":"https:\/\/metrointeriors.ca\/wp-content\/uploads\/2021\/08\/01_2646_v_arold-hip-hop-hip-hop-plan30-w20-mg046-1080.jpg","width":1080,"height":1080,"caption":"arold-hip-hop"},{"@type":"BreadcrumbList","@id":"https:\/\/metrointeriors.ca\/fr\/produit\/sieges-de-salon-groupe-lacasse-arold-hiphop\/#breadcrumb","itemListElement":[{"@type":"ListItem","position":1,"name":"Home","item":"https:\/\/metrointeriors.ca\/fr\/"},{"@type":"ListItem","position":2,"name":"Boutique","item":"https:\/\/metrointeriors.ca\/fr\/boutique\/"},{"@type":"ListItem","position":3,"name":"HipHop"}]},{"@type":"WebSite","@id":"https:\/\/metrointeriors.ca\/#website","url":"https:\/\/metrointeriors.ca\/","name":"Metro Interiors","description":"Laissez-nous vous aider \u00e0 rafra\u00eechir votre espace de travail d&#039;entreprise","potentialAction":[{"@type":"SearchAction","target":{"@type":"EntryPoint","urlTemplate":"https:\/\/metrointeriors.ca\/?s={search_term_string}"},"query-input":{"@type":"PropertyValueSpecification","valueRequired":true,"valueName":"search_term_string"}}],"inLanguage":"fr-FR"}]}},"_links":{"self":[{"href":"https:\/\/metrointeriors.ca\/fr\/wp-json\/wp\/v2\/product\/3005","targetHints":{"allow":["GET"]}}],"collection":[{"href":"https:\/\/metrointeriors.ca\/fr\/wp-json\/wp\/v2\/product"}],"about":[{"href":"https:\/\/metrointeriors.ca\/fr\/wp-json\/wp\/v2\/types\/product"}],"replies":[{"embeddable":true,"href":"https:\/\/metrointeriors.ca\/fr\/wp-json\/wp\/v2\/comments?post=3005"}],"wp:featuredmedia":[{"embeddable":true,"href":"https:\/\/metrointeriors.ca\/fr\/wp-json\/wp\/v2\/media\/2028"}],"wp:attachment":[{"href":"https:\/\/metrointeriors.ca\/fr\/wp-json\/wp\/v2\/media?parent=3005"}],"wp:term":[{"taxonomy":"product_brand","embeddable":true,"href":"https:\/\/metrointeriors.ca\/fr\/wp-json\/wp\/v2\/product_brand?post=3005"},{"taxonomy":"product_cat","embeddable":true,"href":"https:\/\/metrointeriors.ca\/fr\/wp-json\/wp\/v2\/product_cat?post=3005"},{"taxonomy":"product_tag","embeddable":true,"href":"https:\/\/metrointeriors.ca\/fr\/wp-json\/wp\/v2\/product_tag?post=3005"}],"curies":[{"name":"wp","href":"https:\/\/api.w.org\/{rel}","templated":true}]}}