{"id":3000,"date":"2023-02-14T19:20:31","date_gmt":"2023-02-14T19:20:31","guid":{"rendered":"https:\/\/samsaragold.com\/product\/lounge-seating-workspace48-motion-expo\/"},"modified":"2023-09-18T15:28:07","modified_gmt":"2023-09-18T15:28:07","slug":"sieges-de-salon-workspace48-motion-expo","status":"publish","type":"product","link":"https:\/\/metrointeriors.ca\/fr\/produit\/sieges-de-salon-workspace48-motion-expo\/","title":{"rendered":"Workspace48 Motion Expo"},"content":{"rendered":"<h2>Une fa\u00e7on sup\u00e9rieure de pr\u00e9senter<\/h2>\n<p>Les \u00e9crans offrent une certaine intimit\u00e9 acoustique et aident \u00e0 d\u00e9finir la zone d&rsquo;utilisation. Les bureaux \u00e0 hauteur plus r\u00e9duite offrent de l&rsquo;espace pour les ordinateurs portables ou les ordinateurs portables selon les besoins. Des \u00e9tudes montrent qu\u2019il est tr\u00e8s difficile de briser un n\u00e9gatif ! De somptueux si\u00e8ges moelleux de style europ\u00e9en pour votre espace de r\u00e9ception ou votre salle d&rsquo;attente. Que vous ayez besoin de si\u00e8ges moelleux et \u00e9l\u00e9gants pour votre espace de r\u00e9ception d&rsquo;entreprise ou pour votre nouvelle entreprise innovante\u00a0; Freeway vous aidera \u00e0 former une impression positive \u00e0 chaque fois.<\/p>\n<h3>Caract\u00e9ristiques<\/h3>\n<p>175,8\u2033L x 79,9\u2033P<br \/>\nPlaces assises env. 10 personnes<br \/>\nSi\u00e8ges \u00e0 2 niveaux parfaits pour les pr\u00e9sentations et les visions obscurcies<br \/>\nSurface de travail : 42\u2033H<\/p>\n","protected":false},"excerpt":{"rendered":"<p>Motion Expo est id\u00e9al pour les pr\u00e9sentations sur le lieu de travail, offrant 2 niveaux d\u00e9finis autour desquels les travailleurs peuvent se rassembler.<\/p>\n<p>&nbsp;<\/p>\n","protected":false},"featured_media":2150,"comment_status":"closed","ping_status":"closed","template":"","meta":{"_et_pb_use_builder":"","_et_pb_old_content":"","_et_gb_content_width":""},"product_brand":[],"product_cat":[173,419],"product_tag":[420],"class_list":{"0":"post-3000","1":"product","2":"type-product","3":"status-publish","4":"has-post-thumbnail","6":"product_cat-sieges-de-salon","7":"product_cat-sieges-de-salon-fr","8":"product_tag-workspace48-fr","10":"first","11":"instock","12":"product-type-simple"},"yoast_head":"<!-- This site is optimized with the Yoast SEO plugin v27.0 - https:\/\/yoast.com\/product\/yoast-seo-wordpress\/ -->\n<title>Workspace48 Motion Expo - Metro Interiors<\/title>\n<meta name=\"robots\" content=\"index, follow, max-snippet:-1, max-image-preview:large, max-video-preview:-1\" \/>\n<link rel=\"canonical\" href=\"https:\/\/metrointeriors.ca\/fr\/produit\/sieges-de-salon-workspace48-motion-expo\/\" \/>\n<meta property=\"og:locale\" content=\"fr_FR\" \/>\n<meta property=\"og:type\" content=\"article\" \/>\n<meta property=\"og:title\" content=\"Workspace48 Motion Expo - Metro Interiors\" \/>\n<meta property=\"og:description\" content=\"Motion Expo est id\u00e9al pour les pr\u00e9sentations sur le lieu de travail, offrant 2 niveaux d\u00e9finis autour desquels les travailleurs peuvent se rassembler.  &nbsp;\" \/>\n<meta property=\"og:url\" content=\"https:\/\/metrointeriors.ca\/fr\/produit\/sieges-de-salon-workspace48-motion-expo\/\" \/>\n<meta property=\"og:site_name\" content=\"Metro Interiors\" \/>\n<meta property=\"article:modified_time\" content=\"2023-09-18T15:28:07+00:00\" \/>\n<meta property=\"og:image\" content=\"https:\/\/metrointeriors.ca\/wp-content\/uploads\/2023\/02\/01_Expo-Focus-1080.jpg\" \/>\n\t<meta property=\"og:image:width\" content=\"1080\" \/>\n\t<meta property=\"og:image:height\" content=\"1080\" \/>\n\t<meta property=\"og:image:type\" content=\"image\/jpeg\" \/>\n<meta name=\"twitter:card\" content=\"summary_large_image\" \/>\n<meta name=\"twitter:label1\" content=\"Dur\u00e9e de lecture estim\u00e9e\" \/>\n\t<meta name=\"twitter:data1\" content=\"1 minute\" \/>\n<script type=\"application\/ld+json\" class=\"yoast-schema-graph\">{\"@context\":\"https:\/\/schema.org\",\"@graph\":[{\"@type\":\"WebPage\",\"@id\":\"https:\/\/metrointeriors.ca\/fr\/produit\/sieges-de-salon-workspace48-motion-expo\/\",\"url\":\"https:\/\/metrointeriors.ca\/fr\/produit\/sieges-de-salon-workspace48-motion-expo\/\",\"name\":\"Workspace48 Motion Expo - Metro Interiors\",\"isPartOf\":{\"@id\":\"https:\/\/metrointeriors.ca\/#website\"},\"primaryImageOfPage\":{\"@id\":\"https:\/\/metrointeriors.ca\/fr\/produit\/sieges-de-salon-workspace48-motion-expo\/#primaryimage\"},\"image\":{\"@id\":\"https:\/\/metrointeriors.ca\/fr\/produit\/sieges-de-salon-workspace48-motion-expo\/#primaryimage\"},\"thumbnailUrl\":\"https:\/\/metrointeriors.ca\/wp-content\/uploads\/2023\/02\/01_Expo-Focus-1080.jpg\",\"datePublished\":\"2023-02-14T19:20:31+00:00\",\"dateModified\":\"2023-09-18T15:28:07+00:00\",\"breadcrumb\":{\"@id\":\"https:\/\/metrointeriors.ca\/fr\/produit\/sieges-de-salon-workspace48-motion-expo\/#breadcrumb\"},\"inLanguage\":\"fr-FR\",\"potentialAction\":[{\"@type\":\"ReadAction\",\"target\":[\"https:\/\/metrointeriors.ca\/fr\/produit\/sieges-de-salon-workspace48-motion-expo\/\"]}]},{\"@type\":\"ImageObject\",\"inLanguage\":\"fr-FR\",\"@id\":\"https:\/\/metrointeriors.ca\/fr\/produit\/sieges-de-salon-workspace48-motion-expo\/#primaryimage\",\"url\":\"https:\/\/metrointeriors.ca\/wp-content\/uploads\/2023\/02\/01_Expo-Focus-1080.jpg\",\"contentUrl\":\"https:\/\/metrointeriors.ca\/wp-content\/uploads\/2023\/02\/01_Expo-Focus-1080.jpg\",\"width\":1080,\"height\":1080,\"caption\":\"Workspace48\"},{\"@type\":\"BreadcrumbList\",\"@id\":\"https:\/\/metrointeriors.ca\/fr\/produit\/sieges-de-salon-workspace48-motion-expo\/#breadcrumb\",\"itemListElement\":[{\"@type\":\"ListItem\",\"position\":1,\"name\":\"Home\",\"item\":\"https:\/\/metrointeriors.ca\/fr\/\"},{\"@type\":\"ListItem\",\"position\":2,\"name\":\"Boutique\",\"item\":\"https:\/\/metrointeriors.ca\/fr\/boutique\/\"},{\"@type\":\"ListItem\",\"position\":3,\"name\":\"Workspace48 Motion Expo\"}]},{\"@type\":\"WebSite\",\"@id\":\"https:\/\/metrointeriors.ca\/#website\",\"url\":\"https:\/\/metrointeriors.ca\/\",\"name\":\"Metro Interiors\",\"description\":\"Laissez-nous vous aider \u00e0 rafra\u00eechir votre espace de travail d&#039;entreprise\",\"potentialAction\":[{\"@type\":\"SearchAction\",\"target\":{\"@type\":\"EntryPoint\",\"urlTemplate\":\"https:\/\/metrointeriors.ca\/?s={search_term_string}\"},\"query-input\":{\"@type\":\"PropertyValueSpecification\",\"valueRequired\":true,\"valueName\":\"search_term_string\"}}],\"inLanguage\":\"fr-FR\"}]}<\/script>\n<!-- \/ Yoast SEO plugin. -->","yoast_head_json":{"title":"Workspace48 Motion Expo - Metro Interiors","robots":{"index":"index","follow":"follow","max-snippet":"max-snippet:-1","max-image-preview":"max-image-preview:large","max-video-preview":"max-video-preview:-1"},"canonical":"https:\/\/metrointeriors.ca\/fr\/produit\/sieges-de-salon-workspace48-motion-expo\/","og_locale":"fr_FR","og_type":"article","og_title":"Workspace48 Motion Expo - Metro Interiors","og_description":"Motion Expo est id\u00e9al pour les pr\u00e9sentations sur le lieu de travail, offrant 2 niveaux d\u00e9finis autour desquels les travailleurs peuvent se rassembler.  &nbsp;","og_url":"https:\/\/metrointeriors.ca\/fr\/produit\/sieges-de-salon-workspace48-motion-expo\/","og_site_name":"Metro Interiors","article_modified_time":"2023-09-18T15:28:07+00:00","og_image":[{"width":1080,"height":1080,"url":"https:\/\/metrointeriors.ca\/wp-content\/uploads\/2023\/02\/01_Expo-Focus-1080.jpg","type":"image\/jpeg"}],"twitter_card":"summary_large_image","twitter_misc":{"Dur\u00e9e de lecture estim\u00e9e":"1 minute"},"schema":{"@context":"https:\/\/schema.org","@graph":[{"@type":"WebPage","@id":"https:\/\/metrointeriors.ca\/fr\/produit\/sieges-de-salon-workspace48-motion-expo\/","url":"https:\/\/metrointeriors.ca\/fr\/produit\/sieges-de-salon-workspace48-motion-expo\/","name":"Workspace48 Motion Expo - Metro Interiors","isPartOf":{"@id":"https:\/\/metrointeriors.ca\/#website"},"primaryImageOfPage":{"@id":"https:\/\/metrointeriors.ca\/fr\/produit\/sieges-de-salon-workspace48-motion-expo\/#primaryimage"},"image":{"@id":"https:\/\/metrointeriors.ca\/fr\/produit\/sieges-de-salon-workspace48-motion-expo\/#primaryimage"},"thumbnailUrl":"https:\/\/metrointeriors.ca\/wp-content\/uploads\/2023\/02\/01_Expo-Focus-1080.jpg","datePublished":"2023-02-14T19:20:31+00:00","dateModified":"2023-09-18T15:28:07+00:00","breadcrumb":{"@id":"https:\/\/metrointeriors.ca\/fr\/produit\/sieges-de-salon-workspace48-motion-expo\/#breadcrumb"},"inLanguage":"fr-FR","potentialAction":[{"@type":"ReadAction","target":["https:\/\/metrointeriors.ca\/fr\/produit\/sieges-de-salon-workspace48-motion-expo\/"]}]},{"@type":"ImageObject","inLanguage":"fr-FR","@id":"https:\/\/metrointeriors.ca\/fr\/produit\/sieges-de-salon-workspace48-motion-expo\/#primaryimage","url":"https:\/\/metrointeriors.ca\/wp-content\/uploads\/2023\/02\/01_Expo-Focus-1080.jpg","contentUrl":"https:\/\/metrointeriors.ca\/wp-content\/uploads\/2023\/02\/01_Expo-Focus-1080.jpg","width":1080,"height":1080,"caption":"Workspace48"},{"@type":"BreadcrumbList","@id":"https:\/\/metrointeriors.ca\/fr\/produit\/sieges-de-salon-workspace48-motion-expo\/#breadcrumb","itemListElement":[{"@type":"ListItem","position":1,"name":"Home","item":"https:\/\/metrointeriors.ca\/fr\/"},{"@type":"ListItem","position":2,"name":"Boutique","item":"https:\/\/metrointeriors.ca\/fr\/boutique\/"},{"@type":"ListItem","position":3,"name":"Workspace48 Motion Expo"}]},{"@type":"WebSite","@id":"https:\/\/metrointeriors.ca\/#website","url":"https:\/\/metrointeriors.ca\/","name":"Metro Interiors","description":"Laissez-nous vous aider \u00e0 rafra\u00eechir votre espace de travail d&#039;entreprise","potentialAction":[{"@type":"SearchAction","target":{"@type":"EntryPoint","urlTemplate":"https:\/\/metrointeriors.ca\/?s={search_term_string}"},"query-input":{"@type":"PropertyValueSpecification","valueRequired":true,"valueName":"search_term_string"}}],"inLanguage":"fr-FR"}]}},"_links":{"self":[{"href":"https:\/\/metrointeriors.ca\/fr\/wp-json\/wp\/v2\/product\/3000","targetHints":{"allow":["GET"]}}],"collection":[{"href":"https:\/\/metrointeriors.ca\/fr\/wp-json\/wp\/v2\/product"}],"about":[{"href":"https:\/\/metrointeriors.ca\/fr\/wp-json\/wp\/v2\/types\/product"}],"replies":[{"embeddable":true,"href":"https:\/\/metrointeriors.ca\/fr\/wp-json\/wp\/v2\/comments?post=3000"}],"wp:featuredmedia":[{"embeddable":true,"href":"https:\/\/metrointeriors.ca\/fr\/wp-json\/wp\/v2\/media\/2150"}],"wp:attachment":[{"href":"https:\/\/metrointeriors.ca\/fr\/wp-json\/wp\/v2\/media?parent=3000"}],"wp:term":[{"taxonomy":"product_brand","embeddable":true,"href":"https:\/\/metrointeriors.ca\/fr\/wp-json\/wp\/v2\/product_brand?post=3000"},{"taxonomy":"product_cat","embeddable":true,"href":"https:\/\/metrointeriors.ca\/fr\/wp-json\/wp\/v2\/product_cat?post=3000"},{"taxonomy":"product_tag","embeddable":true,"href":"https:\/\/metrointeriors.ca\/fr\/wp-json\/wp\/v2\/product_tag?post=3000"}],"curies":[{"name":"wp","href":"https:\/\/api.w.org\/{rel}","templated":true}]}}