{"id":2997,"date":"2023-02-13T16:03:48","date_gmt":"2023-02-13T16:03:48","guid":{"rendered":"https:\/\/samsaragold.com\/product\/lounge-seating-ofs\/"},"modified":"2023-09-18T15:21:13","modified_gmt":"2023-09-18T15:21:13","slug":"sieges-de-salon-ofs","status":"publish","type":"product","link":"https:\/\/metrointeriors.ca\/fr\/produit\/sieges-de-salon-ofs\/","title":{"rendered":"OFS"},"content":{"rendered":"<p>Le designer Brian Graham s&rsquo;est inspir\u00e9 de l&rsquo;architecture et des paysages pour cr\u00e9er une forme gracieuse et invitante qui \u00e9voque un sentiment de beaut\u00e9 et de paix sans sacrifier la chaleur. Les gens ont besoin d\u2019environnements apaisants et inspirants, et Rowen contribue \u00e0 cr\u00e9er ces espaces. Les pieds fins et facett\u00e9s cr\u00e9ent une sensation de l\u00e9g\u00e8ret\u00e9 et d&rsquo;\u00e9quilibre, tandis que les formes plus douces des coussins assurent le confort.<\/p>\n","protected":false},"excerpt":{"rendered":"<p>\u00c9l\u00e9gant et accueillant ne font pas toujours bon m\u00e9nage.<\/p>\n","protected":false},"featured_media":2143,"comment_status":"closed","ping_status":"closed","template":"","meta":{"_et_pb_use_builder":"","_et_pb_old_content":"","_et_gb_content_width":""},"product_brand":[],"product_cat":[170,173],"product_tag":[415,392],"class_list":{"0":"post-2997","1":"product","2":"type-product","3":"status-publish","4":"has-post-thumbnail","6":"product_cat-lounge-ofs-fr","7":"product_cat-sieges-de-salon","8":"product_tag-lounge-fr","9":"product_tag-ofs-fr","11":"first","12":"instock","13":"featured","14":"product-type-simple"},"yoast_head":"<!-- This site is optimized with the Yoast SEO plugin v27.0 - https:\/\/yoast.com\/product\/yoast-seo-wordpress\/ -->\n<title>OFS - Metro Interiors<\/title>\n<meta name=\"robots\" content=\"index, follow, max-snippet:-1, max-image-preview:large, max-video-preview:-1\" \/>\n<link rel=\"canonical\" href=\"https:\/\/metrointeriors.ca\/fr\/produit\/sieges-de-salon-ofs\/\" \/>\n<meta property=\"og:locale\" content=\"fr_FR\" \/>\n<meta property=\"og:type\" content=\"article\" \/>\n<meta property=\"og:title\" content=\"OFS - Metro Interiors\" \/>\n<meta property=\"og:description\" content=\"\u00c9l\u00e9gant et accueillant ne font pas toujours bon m\u00e9nage.\" \/>\n<meta property=\"og:url\" content=\"https:\/\/metrointeriors.ca\/fr\/produit\/sieges-de-salon-ofs\/\" \/>\n<meta property=\"og:site_name\" content=\"Metro Interiors\" \/>\n<meta property=\"article:modified_time\" content=\"2023-09-18T15:21:13+00:00\" \/>\n<meta property=\"og:image\" content=\"https:\/\/metrointeriors.ca\/wp-content\/uploads\/2023\/02\/04_IMG_0052.jpg\" \/>\n\t<meta property=\"og:image:width\" content=\"1300\" \/>\n\t<meta property=\"og:image:height\" content=\"867\" \/>\n\t<meta property=\"og:image:type\" content=\"image\/jpeg\" \/>\n<meta name=\"twitter:card\" content=\"summary_large_image\" \/>\n<script type=\"application\/ld+json\" class=\"yoast-schema-graph\">{\"@context\":\"https:\/\/schema.org\",\"@graph\":[{\"@type\":\"WebPage\",\"@id\":\"https:\/\/metrointeriors.ca\/fr\/produit\/sieges-de-salon-ofs\/\",\"url\":\"https:\/\/metrointeriors.ca\/fr\/produit\/sieges-de-salon-ofs\/\",\"name\":\"OFS - Metro Interiors\",\"isPartOf\":{\"@id\":\"https:\/\/metrointeriors.ca\/#website\"},\"primaryImageOfPage\":{\"@id\":\"https:\/\/metrointeriors.ca\/fr\/produit\/sieges-de-salon-ofs\/#primaryimage\"},\"image\":{\"@id\":\"https:\/\/metrointeriors.ca\/fr\/produit\/sieges-de-salon-ofs\/#primaryimage\"},\"thumbnailUrl\":\"https:\/\/metrointeriors.ca\/wp-content\/uploads\/2023\/02\/04_IMG_0052.jpg\",\"datePublished\":\"2023-02-13T16:03:48+00:00\",\"dateModified\":\"2023-09-18T15:21:13+00:00\",\"breadcrumb\":{\"@id\":\"https:\/\/metrointeriors.ca\/fr\/produit\/sieges-de-salon-ofs\/#breadcrumb\"},\"inLanguage\":\"fr-FR\",\"potentialAction\":[{\"@type\":\"ReadAction\",\"target\":[\"https:\/\/metrointeriors.ca\/fr\/produit\/sieges-de-salon-ofs\/\"]}]},{\"@type\":\"ImageObject\",\"inLanguage\":\"fr-FR\",\"@id\":\"https:\/\/metrointeriors.ca\/fr\/produit\/sieges-de-salon-ofs\/#primaryimage\",\"url\":\"https:\/\/metrointeriors.ca\/wp-content\/uploads\/2023\/02\/04_IMG_0052.jpg\",\"contentUrl\":\"https:\/\/metrointeriors.ca\/wp-content\/uploads\/2023\/02\/04_IMG_0052.jpg\",\"width\":1300,\"height\":867,\"caption\":\"OFS\"},{\"@type\":\"BreadcrumbList\",\"@id\":\"https:\/\/metrointeriors.ca\/fr\/produit\/sieges-de-salon-ofs\/#breadcrumb\",\"itemListElement\":[{\"@type\":\"ListItem\",\"position\":1,\"name\":\"Home\",\"item\":\"https:\/\/metrointeriors.ca\/fr\/\"},{\"@type\":\"ListItem\",\"position\":2,\"name\":\"Boutique\",\"item\":\"https:\/\/metrointeriors.ca\/fr\/boutique\/\"},{\"@type\":\"ListItem\",\"position\":3,\"name\":\"OFS\"}]},{\"@type\":\"WebSite\",\"@id\":\"https:\/\/metrointeriors.ca\/#website\",\"url\":\"https:\/\/metrointeriors.ca\/\",\"name\":\"Metro Interiors\",\"description\":\"Laissez-nous vous aider \u00e0 rafra\u00eechir votre espace de travail d&#039;entreprise\",\"potentialAction\":[{\"@type\":\"SearchAction\",\"target\":{\"@type\":\"EntryPoint\",\"urlTemplate\":\"https:\/\/metrointeriors.ca\/?s={search_term_string}\"},\"query-input\":{\"@type\":\"PropertyValueSpecification\",\"valueRequired\":true,\"valueName\":\"search_term_string\"}}],\"inLanguage\":\"fr-FR\"}]}<\/script>\n<!-- \/ Yoast SEO plugin. -->","yoast_head_json":{"title":"OFS - Metro Interiors","robots":{"index":"index","follow":"follow","max-snippet":"max-snippet:-1","max-image-preview":"max-image-preview:large","max-video-preview":"max-video-preview:-1"},"canonical":"https:\/\/metrointeriors.ca\/fr\/produit\/sieges-de-salon-ofs\/","og_locale":"fr_FR","og_type":"article","og_title":"OFS - Metro Interiors","og_description":"\u00c9l\u00e9gant et accueillant ne font pas toujours bon m\u00e9nage.","og_url":"https:\/\/metrointeriors.ca\/fr\/produit\/sieges-de-salon-ofs\/","og_site_name":"Metro Interiors","article_modified_time":"2023-09-18T15:21:13+00:00","og_image":[{"width":1300,"height":867,"url":"https:\/\/metrointeriors.ca\/wp-content\/uploads\/2023\/02\/04_IMG_0052.jpg","type":"image\/jpeg"}],"twitter_card":"summary_large_image","schema":{"@context":"https:\/\/schema.org","@graph":[{"@type":"WebPage","@id":"https:\/\/metrointeriors.ca\/fr\/produit\/sieges-de-salon-ofs\/","url":"https:\/\/metrointeriors.ca\/fr\/produit\/sieges-de-salon-ofs\/","name":"OFS - Metro Interiors","isPartOf":{"@id":"https:\/\/metrointeriors.ca\/#website"},"primaryImageOfPage":{"@id":"https:\/\/metrointeriors.ca\/fr\/produit\/sieges-de-salon-ofs\/#primaryimage"},"image":{"@id":"https:\/\/metrointeriors.ca\/fr\/produit\/sieges-de-salon-ofs\/#primaryimage"},"thumbnailUrl":"https:\/\/metrointeriors.ca\/wp-content\/uploads\/2023\/02\/04_IMG_0052.jpg","datePublished":"2023-02-13T16:03:48+00:00","dateModified":"2023-09-18T15:21:13+00:00","breadcrumb":{"@id":"https:\/\/metrointeriors.ca\/fr\/produit\/sieges-de-salon-ofs\/#breadcrumb"},"inLanguage":"fr-FR","potentialAction":[{"@type":"ReadAction","target":["https:\/\/metrointeriors.ca\/fr\/produit\/sieges-de-salon-ofs\/"]}]},{"@type":"ImageObject","inLanguage":"fr-FR","@id":"https:\/\/metrointeriors.ca\/fr\/produit\/sieges-de-salon-ofs\/#primaryimage","url":"https:\/\/metrointeriors.ca\/wp-content\/uploads\/2023\/02\/04_IMG_0052.jpg","contentUrl":"https:\/\/metrointeriors.ca\/wp-content\/uploads\/2023\/02\/04_IMG_0052.jpg","width":1300,"height":867,"caption":"OFS"},{"@type":"BreadcrumbList","@id":"https:\/\/metrointeriors.ca\/fr\/produit\/sieges-de-salon-ofs\/#breadcrumb","itemListElement":[{"@type":"ListItem","position":1,"name":"Home","item":"https:\/\/metrointeriors.ca\/fr\/"},{"@type":"ListItem","position":2,"name":"Boutique","item":"https:\/\/metrointeriors.ca\/fr\/boutique\/"},{"@type":"ListItem","position":3,"name":"OFS"}]},{"@type":"WebSite","@id":"https:\/\/metrointeriors.ca\/#website","url":"https:\/\/metrointeriors.ca\/","name":"Metro Interiors","description":"Laissez-nous vous aider \u00e0 rafra\u00eechir votre espace de travail d&#039;entreprise","potentialAction":[{"@type":"SearchAction","target":{"@type":"EntryPoint","urlTemplate":"https:\/\/metrointeriors.ca\/?s={search_term_string}"},"query-input":{"@type":"PropertyValueSpecification","valueRequired":true,"valueName":"search_term_string"}}],"inLanguage":"fr-FR"}]}},"_links":{"self":[{"href":"https:\/\/metrointeriors.ca\/fr\/wp-json\/wp\/v2\/product\/2997","targetHints":{"allow":["GET"]}}],"collection":[{"href":"https:\/\/metrointeriors.ca\/fr\/wp-json\/wp\/v2\/product"}],"about":[{"href":"https:\/\/metrointeriors.ca\/fr\/wp-json\/wp\/v2\/types\/product"}],"replies":[{"embeddable":true,"href":"https:\/\/metrointeriors.ca\/fr\/wp-json\/wp\/v2\/comments?post=2997"}],"wp:featuredmedia":[{"embeddable":true,"href":"https:\/\/metrointeriors.ca\/fr\/wp-json\/wp\/v2\/media\/2143"}],"wp:attachment":[{"href":"https:\/\/metrointeriors.ca\/fr\/wp-json\/wp\/v2\/media?parent=2997"}],"wp:term":[{"taxonomy":"product_brand","embeddable":true,"href":"https:\/\/metrointeriors.ca\/fr\/wp-json\/wp\/v2\/product_brand?post=2997"},{"taxonomy":"product_cat","embeddable":true,"href":"https:\/\/metrointeriors.ca\/fr\/wp-json\/wp\/v2\/product_cat?post=2997"},{"taxonomy":"product_tag","embeddable":true,"href":"https:\/\/metrointeriors.ca\/fr\/wp-json\/wp\/v2\/product_tag?post=2997"}],"curies":[{"name":"wp","href":"https:\/\/api.w.org\/{rel}","templated":true}]}}