{"id":2994,"date":"2023-02-14T18:14:50","date_gmt":"2023-02-14T18:14:50","guid":{"rendered":"https:\/\/samsaragold.com\/product\/lounge-seating-keilhauer\/"},"modified":"2023-09-18T11:07:44","modified_gmt":"2023-09-18T11:07:44","slug":"sieges-de-salon-keilhauer","status":"publish","type":"product","link":"https:\/\/metrointeriors.ca\/fr\/produit\/sieges-de-salon-keilhauer\/","title":{"rendered":"Keilhauer"},"content":{"rendered":"<p>Une conception moderne pour les espaces collaboratifs et ouverts d&rsquo;aujourd&rsquo;hui ou tout autre environnement commercial, \u00e9ducatif, gouvernemental, de sant\u00e9 ou d&rsquo;accueil.<\/p>\n<ul>\n<li>Les capacit\u00e9s d&#8217;embo\u00eetement, la construction de qualit\u00e9 et la conception \u00e0 fort trafic offrent une gamme infinie de configurations curvilignes et rectilignes.<\/li>\n<li>Trois hauteurs de dossier disponibles : Standard, dossier haut et dossier allong\u00e9.<\/li>\n<li>De nombreux si\u00e8ges, bancs (sauf ronds) et tables peuvent \u00eatre \u00e9quip\u00e9s de prises \u00e9lectriques et USB pour appareils mobiles. Les modules d&rsquo;alimentation\/USB sont disponibles en : plaques frontales et prises d&rsquo;alimentation\/USB blanches ou plaque frontale et prises d&rsquo;alimentation\/USB noir jais.<\/li>\n<li>Versions optionnelles \u00e0 fort trafic (HT) cr\u00e9\u00e9es pour les zones \u00e0 forte utilisation (\u00e9coles, salons d&rsquo;a\u00e9roport) ou les environnements \u00e0 \u00e9quipes multiples o\u00f9 le mobilier doit \u00eatre performant \u00e0 tout moment.<br \/>\nLes versions \u00e0 trafic \u00e9lev\u00e9 sont \u00e9valu\u00e9es \u00e0 350 lb et b\u00e9n\u00e9ficient de la garantie robuste de Global.<\/li>\n<li>Les pieds coniques uniques de 6,5&Prime; de haut facilitent le nettoyage. Chaque pied est \u00e9quip\u00e9 d&rsquo;un pied en poly non marquant adapt\u00e9 \u00e0 tous les types de rev\u00eatements de sol.<\/li>\n<li>Les finitions des pieds sont standard en tungst\u00e8ne (TUN) et noir (BLK).<\/li>\n<li>Les tables sont fabriqu\u00e9es en stratifi\u00e9 haute pression et se coordonnent avec toutes les finitions en stratifi\u00e9 Global pour les meubles de rangement et les si\u00e8ges.<\/li>\n<li>L&#8217;emplacement du bras gauche ou droit est toujours d\u00e9termin\u00e9 \u00e0 partir d&rsquo;une position assise.<\/li>\n<\/ul>\n","protected":false},"excerpt":{"rendered":"<p>Rassemblez les gens dans un lieu o\u00f9 les id\u00e9es, les id\u00e9es et l&rsquo;inspiration peuvent \u00eatre partag\u00e9es.<\/p>\n","protected":false},"featured_media":2115,"comment_status":"closed","ping_status":"closed","template":"","meta":{"_et_pb_use_builder":"","_et_pb_old_content":"","_et_gb_content_width":""},"product_brand":[],"product_cat":[169,173],"product_tag":[418,415],"class_list":{"0":"post-2994","1":"product","2":"type-product","3":"status-publish","4":"has-post-thumbnail","6":"product_cat-lounge-keilhauer-fr","7":"product_cat-sieges-de-salon","8":"product_tag-keilhauer-fr","9":"product_tag-lounge-fr","11":"first","12":"instock","13":"featured","14":"product-type-simple"},"yoast_head":"<!-- This site is optimized with the Yoast SEO plugin v27.0 - https:\/\/yoast.com\/product\/yoast-seo-wordpress\/ -->\n<title>Keilhauer - Metro Interiors<\/title>\n<meta name=\"robots\" content=\"index, follow, max-snippet:-1, max-image-preview:large, max-video-preview:-1\" \/>\n<link rel=\"canonical\" href=\"https:\/\/metrointeriors.ca\/fr\/produit\/sieges-de-salon-keilhauer\/\" \/>\n<meta property=\"og:locale\" content=\"fr_FR\" \/>\n<meta property=\"og:type\" content=\"article\" \/>\n<meta property=\"og:title\" content=\"Keilhauer - Metro Interiors\" \/>\n<meta property=\"og:description\" content=\"Rassemblez les gens dans un lieu o\u00f9 les id\u00e9es, les id\u00e9es et l&#039;inspiration peuvent \u00eatre partag\u00e9es.\" \/>\n<meta property=\"og:url\" content=\"https:\/\/metrointeriors.ca\/fr\/produit\/sieges-de-salon-keilhauer\/\" \/>\n<meta property=\"og:site_name\" content=\"Metro Interiors\" \/>\n<meta property=\"article:modified_time\" content=\"2023-09-18T11:07:44+00:00\" \/>\n<meta property=\"og:image\" content=\"https:\/\/metrointeriors.ca\/wp-content\/uploads\/2023\/02\/01_GSD-88024-88220-88125-89401-1080.jpg\" \/>\n\t<meta property=\"og:image:width\" content=\"1080\" \/>\n\t<meta property=\"og:image:height\" content=\"1080\" \/>\n\t<meta property=\"og:image:type\" content=\"image\/jpeg\" \/>\n<meta name=\"twitter:card\" content=\"summary_large_image\" \/>\n<meta name=\"twitter:label1\" content=\"Dur\u00e9e de lecture estim\u00e9e\" \/>\n\t<meta name=\"twitter:data1\" content=\"1 minute\" \/>\n<script type=\"application\/ld+json\" class=\"yoast-schema-graph\">{\"@context\":\"https:\/\/schema.org\",\"@graph\":[{\"@type\":\"WebPage\",\"@id\":\"https:\/\/metrointeriors.ca\/fr\/produit\/sieges-de-salon-keilhauer\/\",\"url\":\"https:\/\/metrointeriors.ca\/fr\/produit\/sieges-de-salon-keilhauer\/\",\"name\":\"Keilhauer - Metro Interiors\",\"isPartOf\":{\"@id\":\"https:\/\/metrointeriors.ca\/#website\"},\"primaryImageOfPage\":{\"@id\":\"https:\/\/metrointeriors.ca\/fr\/produit\/sieges-de-salon-keilhauer\/#primaryimage\"},\"image\":{\"@id\":\"https:\/\/metrointeriors.ca\/fr\/produit\/sieges-de-salon-keilhauer\/#primaryimage\"},\"thumbnailUrl\":\"https:\/\/metrointeriors.ca\/wp-content\/uploads\/2023\/02\/01_GSD-88024-88220-88125-89401-1080.jpg\",\"datePublished\":\"2023-02-14T18:14:50+00:00\",\"dateModified\":\"2023-09-18T11:07:44+00:00\",\"breadcrumb\":{\"@id\":\"https:\/\/metrointeriors.ca\/fr\/produit\/sieges-de-salon-keilhauer\/#breadcrumb\"},\"inLanguage\":\"fr-FR\",\"potentialAction\":[{\"@type\":\"ReadAction\",\"target\":[\"https:\/\/metrointeriors.ca\/fr\/produit\/sieges-de-salon-keilhauer\/\"]}]},{\"@type\":\"ImageObject\",\"inLanguage\":\"fr-FR\",\"@id\":\"https:\/\/metrointeriors.ca\/fr\/produit\/sieges-de-salon-keilhauer\/#primaryimage\",\"url\":\"https:\/\/metrointeriors.ca\/wp-content\/uploads\/2023\/02\/01_GSD-88024-88220-88125-89401-1080.jpg\",\"contentUrl\":\"https:\/\/metrointeriors.ca\/wp-content\/uploads\/2023\/02\/01_GSD-88024-88220-88125-89401-1080.jpg\",\"width\":1080,\"height\":1080,\"caption\":\"KEILHAUER\"},{\"@type\":\"BreadcrumbList\",\"@id\":\"https:\/\/metrointeriors.ca\/fr\/produit\/sieges-de-salon-keilhauer\/#breadcrumb\",\"itemListElement\":[{\"@type\":\"ListItem\",\"position\":1,\"name\":\"Home\",\"item\":\"https:\/\/metrointeriors.ca\/fr\/\"},{\"@type\":\"ListItem\",\"position\":2,\"name\":\"Boutique\",\"item\":\"https:\/\/metrointeriors.ca\/fr\/boutique\/\"},{\"@type\":\"ListItem\",\"position\":3,\"name\":\"Keilhauer\"}]},{\"@type\":\"WebSite\",\"@id\":\"https:\/\/metrointeriors.ca\/#website\",\"url\":\"https:\/\/metrointeriors.ca\/\",\"name\":\"Metro Interiors\",\"description\":\"Laissez-nous vous aider \u00e0 rafra\u00eechir votre espace de travail d&#039;entreprise\",\"potentialAction\":[{\"@type\":\"SearchAction\",\"target\":{\"@type\":\"EntryPoint\",\"urlTemplate\":\"https:\/\/metrointeriors.ca\/?s={search_term_string}\"},\"query-input\":{\"@type\":\"PropertyValueSpecification\",\"valueRequired\":true,\"valueName\":\"search_term_string\"}}],\"inLanguage\":\"fr-FR\"}]}<\/script>\n<!-- \/ Yoast SEO plugin. -->","yoast_head_json":{"title":"Keilhauer - Metro Interiors","robots":{"index":"index","follow":"follow","max-snippet":"max-snippet:-1","max-image-preview":"max-image-preview:large","max-video-preview":"max-video-preview:-1"},"canonical":"https:\/\/metrointeriors.ca\/fr\/produit\/sieges-de-salon-keilhauer\/","og_locale":"fr_FR","og_type":"article","og_title":"Keilhauer - Metro Interiors","og_description":"Rassemblez les gens dans un lieu o\u00f9 les id\u00e9es, les id\u00e9es et l'inspiration peuvent \u00eatre partag\u00e9es.","og_url":"https:\/\/metrointeriors.ca\/fr\/produit\/sieges-de-salon-keilhauer\/","og_site_name":"Metro Interiors","article_modified_time":"2023-09-18T11:07:44+00:00","og_image":[{"width":1080,"height":1080,"url":"https:\/\/metrointeriors.ca\/wp-content\/uploads\/2023\/02\/01_GSD-88024-88220-88125-89401-1080.jpg","type":"image\/jpeg"}],"twitter_card":"summary_large_image","twitter_misc":{"Dur\u00e9e de lecture estim\u00e9e":"1 minute"},"schema":{"@context":"https:\/\/schema.org","@graph":[{"@type":"WebPage","@id":"https:\/\/metrointeriors.ca\/fr\/produit\/sieges-de-salon-keilhauer\/","url":"https:\/\/metrointeriors.ca\/fr\/produit\/sieges-de-salon-keilhauer\/","name":"Keilhauer - Metro Interiors","isPartOf":{"@id":"https:\/\/metrointeriors.ca\/#website"},"primaryImageOfPage":{"@id":"https:\/\/metrointeriors.ca\/fr\/produit\/sieges-de-salon-keilhauer\/#primaryimage"},"image":{"@id":"https:\/\/metrointeriors.ca\/fr\/produit\/sieges-de-salon-keilhauer\/#primaryimage"},"thumbnailUrl":"https:\/\/metrointeriors.ca\/wp-content\/uploads\/2023\/02\/01_GSD-88024-88220-88125-89401-1080.jpg","datePublished":"2023-02-14T18:14:50+00:00","dateModified":"2023-09-18T11:07:44+00:00","breadcrumb":{"@id":"https:\/\/metrointeriors.ca\/fr\/produit\/sieges-de-salon-keilhauer\/#breadcrumb"},"inLanguage":"fr-FR","potentialAction":[{"@type":"ReadAction","target":["https:\/\/metrointeriors.ca\/fr\/produit\/sieges-de-salon-keilhauer\/"]}]},{"@type":"ImageObject","inLanguage":"fr-FR","@id":"https:\/\/metrointeriors.ca\/fr\/produit\/sieges-de-salon-keilhauer\/#primaryimage","url":"https:\/\/metrointeriors.ca\/wp-content\/uploads\/2023\/02\/01_GSD-88024-88220-88125-89401-1080.jpg","contentUrl":"https:\/\/metrointeriors.ca\/wp-content\/uploads\/2023\/02\/01_GSD-88024-88220-88125-89401-1080.jpg","width":1080,"height":1080,"caption":"KEILHAUER"},{"@type":"BreadcrumbList","@id":"https:\/\/metrointeriors.ca\/fr\/produit\/sieges-de-salon-keilhauer\/#breadcrumb","itemListElement":[{"@type":"ListItem","position":1,"name":"Home","item":"https:\/\/metrointeriors.ca\/fr\/"},{"@type":"ListItem","position":2,"name":"Boutique","item":"https:\/\/metrointeriors.ca\/fr\/boutique\/"},{"@type":"ListItem","position":3,"name":"Keilhauer"}]},{"@type":"WebSite","@id":"https:\/\/metrointeriors.ca\/#website","url":"https:\/\/metrointeriors.ca\/","name":"Metro Interiors","description":"Laissez-nous vous aider \u00e0 rafra\u00eechir votre espace de travail d&#039;entreprise","potentialAction":[{"@type":"SearchAction","target":{"@type":"EntryPoint","urlTemplate":"https:\/\/metrointeriors.ca\/?s={search_term_string}"},"query-input":{"@type":"PropertyValueSpecification","valueRequired":true,"valueName":"search_term_string"}}],"inLanguage":"fr-FR"}]}},"_links":{"self":[{"href":"https:\/\/metrointeriors.ca\/fr\/wp-json\/wp\/v2\/product\/2994","targetHints":{"allow":["GET"]}}],"collection":[{"href":"https:\/\/metrointeriors.ca\/fr\/wp-json\/wp\/v2\/product"}],"about":[{"href":"https:\/\/metrointeriors.ca\/fr\/wp-json\/wp\/v2\/types\/product"}],"replies":[{"embeddable":true,"href":"https:\/\/metrointeriors.ca\/fr\/wp-json\/wp\/v2\/comments?post=2994"}],"wp:featuredmedia":[{"embeddable":true,"href":"https:\/\/metrointeriors.ca\/fr\/wp-json\/wp\/v2\/media\/2115"}],"wp:attachment":[{"href":"https:\/\/metrointeriors.ca\/fr\/wp-json\/wp\/v2\/media?parent=2994"}],"wp:term":[{"taxonomy":"product_brand","embeddable":true,"href":"https:\/\/metrointeriors.ca\/fr\/wp-json\/wp\/v2\/product_brand?post=2994"},{"taxonomy":"product_cat","embeddable":true,"href":"https:\/\/metrointeriors.ca\/fr\/wp-json\/wp\/v2\/product_cat?post=2994"},{"taxonomy":"product_tag","embeddable":true,"href":"https:\/\/metrointeriors.ca\/fr\/wp-json\/wp\/v2\/product_tag?post=2994"}],"curies":[{"name":"wp","href":"https:\/\/api.w.org\/{rel}","templated":true}]}}