{"id":2993,"date":"2021-08-27T14:30:32","date_gmt":"2021-08-27T14:30:32","guid":{"rendered":"https:\/\/samsaragold.com\/product\/lounge-seating-global-wind\/"},"modified":"2023-09-18T10:52:51","modified_gmt":"2023-09-18T10:52:51","slug":"sieges-de-salon-global-wind","status":"publish","type":"product","link":"https:\/\/metrointeriors.ca\/fr\/produit\/sieges-de-salon-global-wind\/","title":{"rendered":"Wind"},"content":{"rendered":"<p>La g\u00e9om\u00e9trie simple et les proportions all\u00e9g\u00e9es de la gamme Wind permettent de cr\u00e9er un d\u00e9cor d\u00e9contract\u00e9 et ouvert, m\u00eame dans les endroits exigus.<\/p>\n<ul>\n<li>Pi\u00e9tement tubulaire en acier durable avec coussins fixes enti\u00e8rement rembourr\u00e9s.<\/li>\n<li>Pi\u00e9tement et pieds finis chrom\u00e9s standards. Un fini noir,\u00a0fusain\u00a0et tungst\u00e8ne sont aussi offerts en option sans suppl\u00e9ment.<\/li>\n<li>S&rsquo;agence avec\u00a0<a href=\"https:\/\/www.globalfurnituregroup.com\/fr-ca\/products\/wind-tables\">Tables Wind.<\/a><\/li>\n<li>Les tables sont offertes en tout autre fini m\u00e9lamin\u00e9 de Global.<\/li>\n<\/ul>\n","protected":false},"excerpt":{"rendered":"<p>La g\u00e9om\u00e9trie simple de la s\u00e9rie Wind cr\u00e9e une atmosph\u00e8re d\u00e9tendue et ouverte.<\/p>\n","protected":false},"featured_media":1986,"comment_status":"closed","ping_status":"closed","template":"","meta":{"_et_pb_use_builder":"","_et_pb_old_content":"","_et_gb_content_width":""},"product_brand":[],"product_cat":[167,173],"product_tag":[417],"class_list":{"0":"post-2993","1":"product","2":"type-product","3":"status-publish","4":"has-post-thumbnail","6":"product_cat-lounge-global-fr","7":"product_cat-sieges-de-salon","8":"product_tag-wind-fr","10":"first","11":"instock","12":"product-type-simple"},"yoast_head":"<!-- This site is optimized with the Yoast SEO plugin v27.0 - https:\/\/yoast.com\/product\/yoast-seo-wordpress\/ -->\n<title>Wind - Metro Interiors<\/title>\n<meta name=\"robots\" content=\"index, follow, max-snippet:-1, max-image-preview:large, max-video-preview:-1\" \/>\n<link rel=\"canonical\" href=\"https:\/\/metrointeriors.ca\/fr\/produit\/sieges-de-salon-global-wind\/\" \/>\n<meta property=\"og:locale\" content=\"fr_FR\" \/>\n<meta property=\"og:type\" content=\"article\" \/>\n<meta property=\"og:title\" content=\"Wind - Metro Interiors\" \/>\n<meta property=\"og:description\" content=\"La g\u00e9om\u00e9trie simple de la s\u00e9rie Wind cr\u00e9e une atmosph\u00e8re d\u00e9tendue et ouverte.\" \/>\n<meta property=\"og:url\" content=\"https:\/\/metrointeriors.ca\/fr\/produit\/sieges-de-salon-global-wind\/\" \/>\n<meta property=\"og:site_name\" content=\"Metro Interiors\" \/>\n<meta property=\"article:modified_time\" content=\"2023-09-18T10:52:51+00:00\" \/>\n<meta property=\"og:image\" content=\"https:\/\/metrointeriors.ca\/wp-content\/uploads\/2021\/08\/04_DF_Express_Concepts011-REV_3367_1080SQ.jpg\" \/>\n\t<meta property=\"og:image:width\" content=\"1080\" \/>\n\t<meta property=\"og:image:height\" content=\"1080\" \/>\n\t<meta property=\"og:image:type\" content=\"image\/jpeg\" \/>\n<meta name=\"twitter:card\" content=\"summary_large_image\" \/>\n<script type=\"application\/ld+json\" class=\"yoast-schema-graph\">{\"@context\":\"https:\/\/schema.org\",\"@graph\":[{\"@type\":\"WebPage\",\"@id\":\"https:\/\/metrointeriors.ca\/fr\/produit\/sieges-de-salon-global-wind\/\",\"url\":\"https:\/\/metrointeriors.ca\/fr\/produit\/sieges-de-salon-global-wind\/\",\"name\":\"Wind - Metro Interiors\",\"isPartOf\":{\"@id\":\"https:\/\/metrointeriors.ca\/#website\"},\"primaryImageOfPage\":{\"@id\":\"https:\/\/metrointeriors.ca\/fr\/produit\/sieges-de-salon-global-wind\/#primaryimage\"},\"image\":{\"@id\":\"https:\/\/metrointeriors.ca\/fr\/produit\/sieges-de-salon-global-wind\/#primaryimage\"},\"thumbnailUrl\":\"https:\/\/metrointeriors.ca\/wp-content\/uploads\/2021\/08\/04_DF_Express_Concepts011-REV_3367_1080SQ.jpg\",\"datePublished\":\"2021-08-27T14:30:32+00:00\",\"dateModified\":\"2023-09-18T10:52:51+00:00\",\"breadcrumb\":{\"@id\":\"https:\/\/metrointeriors.ca\/fr\/produit\/sieges-de-salon-global-wind\/#breadcrumb\"},\"inLanguage\":\"fr-FR\",\"potentialAction\":[{\"@type\":\"ReadAction\",\"target\":[\"https:\/\/metrointeriors.ca\/fr\/produit\/sieges-de-salon-global-wind\/\"]}]},{\"@type\":\"ImageObject\",\"inLanguage\":\"fr-FR\",\"@id\":\"https:\/\/metrointeriors.ca\/fr\/produit\/sieges-de-salon-global-wind\/#primaryimage\",\"url\":\"https:\/\/metrointeriors.ca\/wp-content\/uploads\/2021\/08\/04_DF_Express_Concepts011-REV_3367_1080SQ.jpg\",\"contentUrl\":\"https:\/\/metrointeriors.ca\/wp-content\/uploads\/2021\/08\/04_DF_Express_Concepts011-REV_3367_1080SQ.jpg\",\"width\":1080,\"height\":1080,\"caption\":\"Wind\"},{\"@type\":\"BreadcrumbList\",\"@id\":\"https:\/\/metrointeriors.ca\/fr\/produit\/sieges-de-salon-global-wind\/#breadcrumb\",\"itemListElement\":[{\"@type\":\"ListItem\",\"position\":1,\"name\":\"Home\",\"item\":\"https:\/\/metrointeriors.ca\/fr\/\"},{\"@type\":\"ListItem\",\"position\":2,\"name\":\"Boutique\",\"item\":\"https:\/\/metrointeriors.ca\/fr\/boutique\/\"},{\"@type\":\"ListItem\",\"position\":3,\"name\":\"Wind\"}]},{\"@type\":\"WebSite\",\"@id\":\"https:\/\/metrointeriors.ca\/#website\",\"url\":\"https:\/\/metrointeriors.ca\/\",\"name\":\"Metro Interiors\",\"description\":\"Laissez-nous vous aider \u00e0 rafra\u00eechir votre espace de travail d&#039;entreprise\",\"potentialAction\":[{\"@type\":\"SearchAction\",\"target\":{\"@type\":\"EntryPoint\",\"urlTemplate\":\"https:\/\/metrointeriors.ca\/?s={search_term_string}\"},\"query-input\":{\"@type\":\"PropertyValueSpecification\",\"valueRequired\":true,\"valueName\":\"search_term_string\"}}],\"inLanguage\":\"fr-FR\"}]}<\/script>\n<!-- \/ Yoast SEO plugin. -->","yoast_head_json":{"title":"Wind - Metro Interiors","robots":{"index":"index","follow":"follow","max-snippet":"max-snippet:-1","max-image-preview":"max-image-preview:large","max-video-preview":"max-video-preview:-1"},"canonical":"https:\/\/metrointeriors.ca\/fr\/produit\/sieges-de-salon-global-wind\/","og_locale":"fr_FR","og_type":"article","og_title":"Wind - Metro Interiors","og_description":"La g\u00e9om\u00e9trie simple de la s\u00e9rie Wind cr\u00e9e une atmosph\u00e8re d\u00e9tendue et ouverte.","og_url":"https:\/\/metrointeriors.ca\/fr\/produit\/sieges-de-salon-global-wind\/","og_site_name":"Metro Interiors","article_modified_time":"2023-09-18T10:52:51+00:00","og_image":[{"width":1080,"height":1080,"url":"https:\/\/metrointeriors.ca\/wp-content\/uploads\/2021\/08\/04_DF_Express_Concepts011-REV_3367_1080SQ.jpg","type":"image\/jpeg"}],"twitter_card":"summary_large_image","schema":{"@context":"https:\/\/schema.org","@graph":[{"@type":"WebPage","@id":"https:\/\/metrointeriors.ca\/fr\/produit\/sieges-de-salon-global-wind\/","url":"https:\/\/metrointeriors.ca\/fr\/produit\/sieges-de-salon-global-wind\/","name":"Wind - Metro Interiors","isPartOf":{"@id":"https:\/\/metrointeriors.ca\/#website"},"primaryImageOfPage":{"@id":"https:\/\/metrointeriors.ca\/fr\/produit\/sieges-de-salon-global-wind\/#primaryimage"},"image":{"@id":"https:\/\/metrointeriors.ca\/fr\/produit\/sieges-de-salon-global-wind\/#primaryimage"},"thumbnailUrl":"https:\/\/metrointeriors.ca\/wp-content\/uploads\/2021\/08\/04_DF_Express_Concepts011-REV_3367_1080SQ.jpg","datePublished":"2021-08-27T14:30:32+00:00","dateModified":"2023-09-18T10:52:51+00:00","breadcrumb":{"@id":"https:\/\/metrointeriors.ca\/fr\/produit\/sieges-de-salon-global-wind\/#breadcrumb"},"inLanguage":"fr-FR","potentialAction":[{"@type":"ReadAction","target":["https:\/\/metrointeriors.ca\/fr\/produit\/sieges-de-salon-global-wind\/"]}]},{"@type":"ImageObject","inLanguage":"fr-FR","@id":"https:\/\/metrointeriors.ca\/fr\/produit\/sieges-de-salon-global-wind\/#primaryimage","url":"https:\/\/metrointeriors.ca\/wp-content\/uploads\/2021\/08\/04_DF_Express_Concepts011-REV_3367_1080SQ.jpg","contentUrl":"https:\/\/metrointeriors.ca\/wp-content\/uploads\/2021\/08\/04_DF_Express_Concepts011-REV_3367_1080SQ.jpg","width":1080,"height":1080,"caption":"Wind"},{"@type":"BreadcrumbList","@id":"https:\/\/metrointeriors.ca\/fr\/produit\/sieges-de-salon-global-wind\/#breadcrumb","itemListElement":[{"@type":"ListItem","position":1,"name":"Home","item":"https:\/\/metrointeriors.ca\/fr\/"},{"@type":"ListItem","position":2,"name":"Boutique","item":"https:\/\/metrointeriors.ca\/fr\/boutique\/"},{"@type":"ListItem","position":3,"name":"Wind"}]},{"@type":"WebSite","@id":"https:\/\/metrointeriors.ca\/#website","url":"https:\/\/metrointeriors.ca\/","name":"Metro Interiors","description":"Laissez-nous vous aider \u00e0 rafra\u00eechir votre espace de travail d&#039;entreprise","potentialAction":[{"@type":"SearchAction","target":{"@type":"EntryPoint","urlTemplate":"https:\/\/metrointeriors.ca\/?s={search_term_string}"},"query-input":{"@type":"PropertyValueSpecification","valueRequired":true,"valueName":"search_term_string"}}],"inLanguage":"fr-FR"}]}},"_links":{"self":[{"href":"https:\/\/metrointeriors.ca\/fr\/wp-json\/wp\/v2\/product\/2993","targetHints":{"allow":["GET"]}}],"collection":[{"href":"https:\/\/metrointeriors.ca\/fr\/wp-json\/wp\/v2\/product"}],"about":[{"href":"https:\/\/metrointeriors.ca\/fr\/wp-json\/wp\/v2\/types\/product"}],"replies":[{"embeddable":true,"href":"https:\/\/metrointeriors.ca\/fr\/wp-json\/wp\/v2\/comments?post=2993"}],"wp:featuredmedia":[{"embeddable":true,"href":"https:\/\/metrointeriors.ca\/fr\/wp-json\/wp\/v2\/media\/1986"}],"wp:attachment":[{"href":"https:\/\/metrointeriors.ca\/fr\/wp-json\/wp\/v2\/media?parent=2993"}],"wp:term":[{"taxonomy":"product_brand","embeddable":true,"href":"https:\/\/metrointeriors.ca\/fr\/wp-json\/wp\/v2\/product_brand?post=2993"},{"taxonomy":"product_cat","embeddable":true,"href":"https:\/\/metrointeriors.ca\/fr\/wp-json\/wp\/v2\/product_cat?post=2993"},{"taxonomy":"product_tag","embeddable":true,"href":"https:\/\/metrointeriors.ca\/fr\/wp-json\/wp\/v2\/product_tag?post=2993"}],"curies":[{"name":"wp","href":"https:\/\/api.w.org\/{rel}","templated":true}]}}