{"id":2990,"date":"2021-08-27T14:30:32","date_gmt":"2021-08-27T14:30:32","guid":{"rendered":"https:\/\/samsaragold.com\/product\/lounge-seating-global-drift\/"},"modified":"2023-09-16T15:48:50","modified_gmt":"2023-09-16T15:48:50","slug":"sieges-de-salon-global-drift","status":"publish","type":"product","link":"https:\/\/metrointeriors.ca\/fr\/produit\/sieges-de-salon-global-drift\/","title":{"rendered":"Drift"},"content":{"rendered":"<p>La collection de si\u00e8ges Drift<sup>MC<\/sup>\u00a0invite les gens \u00e0 se r\u00e9unir pour discuter de nouvelles id\u00e9es, formuler de nouvelles priorit\u00e9s, imaginer de nouvelles fa\u00e7ons de penser. Son aspect accueillant en fait un incontournable pour les zones de collaboration en milieu de travail aussi bien que les espaces communautaires dans le secteur de la sant\u00e9.<\/p>\n<p>La gamme propose des si\u00e8ges de salon et d\u2019appoint, des tabourets de bar et de comptoir et des si\u00e8ges fonctionnels pivotants qui permettent aux gens de tisser des liens partout o\u00f9 la journ\u00e9e les m\u00e8ne. Les pi\u00e9tements \u00e0 quatre pieds et pivotants en bois, offerts dans un vaste \u00e9ventail de finis populaires, conf\u00e8rent une riche chaleur \u00e0 cette collection de si\u00e8ges contemporains.<\/p>\n","protected":false},"excerpt":{"rendered":"<p>Avec chaque g\u00e9n\u00e9ration vient un vent de changement \u2013 c\u2019est l\u2019unique constante.<\/p>\n","protected":false},"featured_media":2014,"comment_status":"closed","ping_status":"closed","template":"","meta":{"_et_pb_use_builder":"off","_et_pb_old_content":"<strong>drift seating |<\/strong> product specification\r\n\r\nDrift\u2122 seating\u00a0inspires people to come together with new ideas, new priorities and new ways\u00a0of thinking. The series features lounge and side chairs in multiple back heights\u00a0with wood or Polished Chrome bases. The ottoman\u00a0is a quick way\u00a0to expand\u00a0the conversation or put your feet up.\r\n\r\n<a href=\"https:\/\/www.globalfurnituregroup.com\/\">Global Furniture Group<\/a>\r\n\r\n<strong>Features<\/strong>\r\n\u2022 One piece, contoured, seat, back & arms\r\n\u2022 Hardwood or Chrome base\r\n\u2022 Ships fully assembled\r\n<strong>\r\nOptions<\/strong>\r\nMODELS 8033, 8035 & 8037\r\n\u2022 Wood legs are available in any standard seating\r\nwood finish\r\n\r\n<strong>Construction (Overall Frame)<\/strong>\r\n\u2022 Welded steel framework\r\n\u2022 Flexible webbed seat suspension system\r\n\u2022 Metal-to-metal connections to chair legs\/base\r\n\r\n<strong>Construction (Legs\/Base)<\/strong>\r\n\u2022 Non-marking glides\r\nMODELS 8033, 8035 & 8037\r\n\u2022 Four leg swivel base, hardwood beech\r\nMODELS 8034, 8036 & 8038\r\n\u2022 Four prong swivel base, chrome-plated metal\r\n\r\n<strong>Upholstery<\/strong>\r\n\u2022 Can be upholstered in fabric, vinyl or leather\r\n\r\n<strong>Foam<\/strong>\r\n\u2022 Seat and back foam are molded around steel frame\r\n\u2022 Cold-cure polyurethane foam\r\n\u2022 Density: 3.1 - 3.4 lbs\r\n8037 8033","_et_gb_content_width":""},"product_brand":[],"product_cat":[167,173],"product_tag":[414],"class_list":{"0":"post-2990","1":"product","2":"type-product","3":"status-publish","4":"has-post-thumbnail","6":"product_cat-lounge-global-fr","7":"product_cat-sieges-de-salon","8":"product_tag-drift-fr","10":"first","11":"instock","12":"featured","13":"product-type-simple"},"yoast_head":"<!-- This site is optimized with the Yoast SEO plugin v27.0 - https:\/\/yoast.com\/product\/yoast-seo-wordpress\/ -->\n<title>Drift - Metro Interiors<\/title>\n<meta name=\"robots\" content=\"index, follow, max-snippet:-1, max-image-preview:large, max-video-preview:-1\" \/>\n<link rel=\"canonical\" href=\"https:\/\/metrointeriors.ca\/fr\/produit\/sieges-de-salon-global-drift\/\" \/>\n<meta property=\"og:locale\" content=\"fr_FR\" \/>\n<meta property=\"og:type\" content=\"article\" \/>\n<meta property=\"og:title\" content=\"Drift - Metro Interiors\" \/>\n<meta property=\"og:description\" content=\"Avec chaque g\u00e9n\u00e9ration vient un vent de changement \u2013 c\u2019est l\u2019unique constante.\" \/>\n<meta property=\"og:url\" content=\"https:\/\/metrointeriors.ca\/fr\/produit\/sieges-de-salon-global-drift\/\" \/>\n<meta property=\"og:site_name\" content=\"Metro Interiors\" \/>\n<meta property=\"article:modified_time\" content=\"2023-09-16T15:48:50+00:00\" \/>\n<meta property=\"og:image\" content=\"https:\/\/metrointeriors.ca\/wp-content\/uploads\/2021\/08\/01_series_drift_1080.jpg\" \/>\n\t<meta property=\"og:image:width\" content=\"1080\" \/>\n\t<meta property=\"og:image:height\" content=\"1080\" \/>\n\t<meta property=\"og:image:type\" content=\"image\/jpeg\" \/>\n<meta name=\"twitter:card\" content=\"summary_large_image\" \/>\n<meta name=\"twitter:label1\" content=\"Dur\u00e9e de lecture estim\u00e9e\" \/>\n\t<meta name=\"twitter:data1\" content=\"1 minute\" \/>\n<script type=\"application\/ld+json\" class=\"yoast-schema-graph\">{\"@context\":\"https:\/\/schema.org\",\"@graph\":[{\"@type\":\"WebPage\",\"@id\":\"https:\/\/metrointeriors.ca\/fr\/produit\/sieges-de-salon-global-drift\/\",\"url\":\"https:\/\/metrointeriors.ca\/fr\/produit\/sieges-de-salon-global-drift\/\",\"name\":\"Drift - Metro Interiors\",\"isPartOf\":{\"@id\":\"https:\/\/metrointeriors.ca\/#website\"},\"primaryImageOfPage\":{\"@id\":\"https:\/\/metrointeriors.ca\/fr\/produit\/sieges-de-salon-global-drift\/#primaryimage\"},\"image\":{\"@id\":\"https:\/\/metrointeriors.ca\/fr\/produit\/sieges-de-salon-global-drift\/#primaryimage\"},\"thumbnailUrl\":\"https:\/\/metrointeriors.ca\/wp-content\/uploads\/2021\/08\/01_series_drift_1080.jpg\",\"datePublished\":\"2021-08-27T14:30:32+00:00\",\"dateModified\":\"2023-09-16T15:48:50+00:00\",\"breadcrumb\":{\"@id\":\"https:\/\/metrointeriors.ca\/fr\/produit\/sieges-de-salon-global-drift\/#breadcrumb\"},\"inLanguage\":\"fr-FR\",\"potentialAction\":[{\"@type\":\"ReadAction\",\"target\":[\"https:\/\/metrointeriors.ca\/fr\/produit\/sieges-de-salon-global-drift\/\"]}]},{\"@type\":\"ImageObject\",\"inLanguage\":\"fr-FR\",\"@id\":\"https:\/\/metrointeriors.ca\/fr\/produit\/sieges-de-salon-global-drift\/#primaryimage\",\"url\":\"https:\/\/metrointeriors.ca\/wp-content\/uploads\/2021\/08\/01_series_drift_1080.jpg\",\"contentUrl\":\"https:\/\/metrointeriors.ca\/wp-content\/uploads\/2021\/08\/01_series_drift_1080.jpg\",\"width\":1080,\"height\":1080,\"caption\":\"Drift\"},{\"@type\":\"BreadcrumbList\",\"@id\":\"https:\/\/metrointeriors.ca\/fr\/produit\/sieges-de-salon-global-drift\/#breadcrumb\",\"itemListElement\":[{\"@type\":\"ListItem\",\"position\":1,\"name\":\"Home\",\"item\":\"https:\/\/metrointeriors.ca\/fr\/\"},{\"@type\":\"ListItem\",\"position\":2,\"name\":\"Boutique\",\"item\":\"https:\/\/metrointeriors.ca\/fr\/boutique\/\"},{\"@type\":\"ListItem\",\"position\":3,\"name\":\"Drift\"}]},{\"@type\":\"WebSite\",\"@id\":\"https:\/\/metrointeriors.ca\/#website\",\"url\":\"https:\/\/metrointeriors.ca\/\",\"name\":\"Metro Interiors\",\"description\":\"Laissez-nous vous aider \u00e0 rafra\u00eechir votre espace de travail d&#039;entreprise\",\"potentialAction\":[{\"@type\":\"SearchAction\",\"target\":{\"@type\":\"EntryPoint\",\"urlTemplate\":\"https:\/\/metrointeriors.ca\/?s={search_term_string}\"},\"query-input\":{\"@type\":\"PropertyValueSpecification\",\"valueRequired\":true,\"valueName\":\"search_term_string\"}}],\"inLanguage\":\"fr-FR\"}]}<\/script>\n<!-- \/ Yoast SEO plugin. -->","yoast_head_json":{"title":"Drift - Metro Interiors","robots":{"index":"index","follow":"follow","max-snippet":"max-snippet:-1","max-image-preview":"max-image-preview:large","max-video-preview":"max-video-preview:-1"},"canonical":"https:\/\/metrointeriors.ca\/fr\/produit\/sieges-de-salon-global-drift\/","og_locale":"fr_FR","og_type":"article","og_title":"Drift - Metro Interiors","og_description":"Avec chaque g\u00e9n\u00e9ration vient un vent de changement \u2013 c\u2019est l\u2019unique constante.","og_url":"https:\/\/metrointeriors.ca\/fr\/produit\/sieges-de-salon-global-drift\/","og_site_name":"Metro Interiors","article_modified_time":"2023-09-16T15:48:50+00:00","og_image":[{"width":1080,"height":1080,"url":"https:\/\/metrointeriors.ca\/wp-content\/uploads\/2021\/08\/01_series_drift_1080.jpg","type":"image\/jpeg"}],"twitter_card":"summary_large_image","twitter_misc":{"Dur\u00e9e de lecture estim\u00e9e":"1 minute"},"schema":{"@context":"https:\/\/schema.org","@graph":[{"@type":"WebPage","@id":"https:\/\/metrointeriors.ca\/fr\/produit\/sieges-de-salon-global-drift\/","url":"https:\/\/metrointeriors.ca\/fr\/produit\/sieges-de-salon-global-drift\/","name":"Drift - Metro Interiors","isPartOf":{"@id":"https:\/\/metrointeriors.ca\/#website"},"primaryImageOfPage":{"@id":"https:\/\/metrointeriors.ca\/fr\/produit\/sieges-de-salon-global-drift\/#primaryimage"},"image":{"@id":"https:\/\/metrointeriors.ca\/fr\/produit\/sieges-de-salon-global-drift\/#primaryimage"},"thumbnailUrl":"https:\/\/metrointeriors.ca\/wp-content\/uploads\/2021\/08\/01_series_drift_1080.jpg","datePublished":"2021-08-27T14:30:32+00:00","dateModified":"2023-09-16T15:48:50+00:00","breadcrumb":{"@id":"https:\/\/metrointeriors.ca\/fr\/produit\/sieges-de-salon-global-drift\/#breadcrumb"},"inLanguage":"fr-FR","potentialAction":[{"@type":"ReadAction","target":["https:\/\/metrointeriors.ca\/fr\/produit\/sieges-de-salon-global-drift\/"]}]},{"@type":"ImageObject","inLanguage":"fr-FR","@id":"https:\/\/metrointeriors.ca\/fr\/produit\/sieges-de-salon-global-drift\/#primaryimage","url":"https:\/\/metrointeriors.ca\/wp-content\/uploads\/2021\/08\/01_series_drift_1080.jpg","contentUrl":"https:\/\/metrointeriors.ca\/wp-content\/uploads\/2021\/08\/01_series_drift_1080.jpg","width":1080,"height":1080,"caption":"Drift"},{"@type":"BreadcrumbList","@id":"https:\/\/metrointeriors.ca\/fr\/produit\/sieges-de-salon-global-drift\/#breadcrumb","itemListElement":[{"@type":"ListItem","position":1,"name":"Home","item":"https:\/\/metrointeriors.ca\/fr\/"},{"@type":"ListItem","position":2,"name":"Boutique","item":"https:\/\/metrointeriors.ca\/fr\/boutique\/"},{"@type":"ListItem","position":3,"name":"Drift"}]},{"@type":"WebSite","@id":"https:\/\/metrointeriors.ca\/#website","url":"https:\/\/metrointeriors.ca\/","name":"Metro Interiors","description":"Laissez-nous vous aider \u00e0 rafra\u00eechir votre espace de travail d&#039;entreprise","potentialAction":[{"@type":"SearchAction","target":{"@type":"EntryPoint","urlTemplate":"https:\/\/metrointeriors.ca\/?s={search_term_string}"},"query-input":{"@type":"PropertyValueSpecification","valueRequired":true,"valueName":"search_term_string"}}],"inLanguage":"fr-FR"}]}},"_links":{"self":[{"href":"https:\/\/metrointeriors.ca\/fr\/wp-json\/wp\/v2\/product\/2990","targetHints":{"allow":["GET"]}}],"collection":[{"href":"https:\/\/metrointeriors.ca\/fr\/wp-json\/wp\/v2\/product"}],"about":[{"href":"https:\/\/metrointeriors.ca\/fr\/wp-json\/wp\/v2\/types\/product"}],"replies":[{"embeddable":true,"href":"https:\/\/metrointeriors.ca\/fr\/wp-json\/wp\/v2\/comments?post=2990"}],"wp:featuredmedia":[{"embeddable":true,"href":"https:\/\/metrointeriors.ca\/fr\/wp-json\/wp\/v2\/media\/2014"}],"wp:attachment":[{"href":"https:\/\/metrointeriors.ca\/fr\/wp-json\/wp\/v2\/media?parent=2990"}],"wp:term":[{"taxonomy":"product_brand","embeddable":true,"href":"https:\/\/metrointeriors.ca\/fr\/wp-json\/wp\/v2\/product_brand?post=2990"},{"taxonomy":"product_cat","embeddable":true,"href":"https:\/\/metrointeriors.ca\/fr\/wp-json\/wp\/v2\/product_cat?post=2990"},{"taxonomy":"product_tag","embeddable":true,"href":"https:\/\/metrointeriors.ca\/fr\/wp-json\/wp\/v2\/product_tag?post=2990"}],"curies":[{"name":"wp","href":"https:\/\/api.w.org\/{rel}","templated":true}]}}