{"id":2985,"date":"2023-02-12T18:43:57","date_gmt":"2023-02-12T18:43:57","guid":{"rendered":"https:\/\/samsaragold.com\/product\/private-offices-global-versaillles\/"},"modified":"2023-09-16T15:33:07","modified_gmt":"2023-09-16T15:33:07","slug":"bureaux-prives-global-versaillles","status":"publish","type":"product","link":"https:\/\/metrointeriors.ca\/fr\/produit\/bureaux-prives-global-versaillles\/","title":{"rendered":"Versailles"},"content":{"rendered":"<p>Rehaussez votre espace gr\u00e2ce \u00e0 la beaut\u00e9 naturelle du placage de bois.\u00a0Du plus classique au contemporain, quel que soit votre style, Versailles y conf\u00e9rera une \u00e9l\u00e9gance intemporelle. Am\u00e9nagez un bureau particulier traditionnel ou des espaces de travail collaboratif \u00e9clat\u00e9s \u2013 avec tous les choix que vous propose la gamme Versailles, les possibilit\u00e9s de planification ne sont limit\u00e9es que par votre imagination.<\/p>\n<p>&nbsp;<\/p>\n","protected":false},"excerpt":{"rendered":"<p>Beaut\u00e9. \u00c9quilibre. \u00c9l\u00e9gance.<\/p>\n","protected":false},"featured_media":1862,"comment_status":"closed","ping_status":"closed","template":"","meta":{"_et_pb_use_builder":"","_et_pb_old_content":"","_et_gb_content_width":""},"product_brand":[],"product_cat":[397,405],"product_tag":[410],"class_list":{"0":"post-2985","1":"product","2":"type-product","3":"status-publish","4":"has-post-thumbnail","6":"product_cat-private-offices-fr","7":"product_cat-bureaux-prives","8":"product_tag-versaillles-fr","10":"first","11":"instock","12":"product-type-simple"},"yoast_head":"<!-- This site is optimized with the Yoast SEO plugin v27.0 - https:\/\/yoast.com\/product\/yoast-seo-wordpress\/ -->\n<title>Versailles - Metro Interiors<\/title>\n<meta name=\"robots\" content=\"index, follow, max-snippet:-1, max-image-preview:large, max-video-preview:-1\" \/>\n<link rel=\"canonical\" href=\"https:\/\/metrointeriors.ca\/fr\/produit\/bureaux-prives-global-versaillles\/\" \/>\n<meta property=\"og:locale\" content=\"fr_FR\" \/>\n<meta property=\"og:type\" content=\"article\" \/>\n<meta property=\"og:title\" content=\"Versailles - Metro Interiors\" \/>\n<meta property=\"og:description\" content=\"Beaut\u00e9. \u00c9quilibre. \u00c9l\u00e9gance.\" \/>\n<meta property=\"og:url\" content=\"https:\/\/metrointeriors.ca\/fr\/produit\/bureaux-prives-global-versaillles\/\" \/>\n<meta property=\"og:site_name\" content=\"Metro Interiors\" \/>\n<meta property=\"article:modified_time\" content=\"2023-09-16T15:33:07+00:00\" \/>\n<meta property=\"og:image\" content=\"https:\/\/metrointeriors.ca\/wp-content\/uploads\/2023\/02\/01_Series_Versailles-1080SQ.jpg\" \/>\n\t<meta property=\"og:image:width\" content=\"1080\" \/>\n\t<meta property=\"og:image:height\" content=\"1080\" \/>\n\t<meta property=\"og:image:type\" content=\"image\/jpeg\" \/>\n<meta name=\"twitter:card\" content=\"summary_large_image\" \/>\n<script type=\"application\/ld+json\" class=\"yoast-schema-graph\">{\"@context\":\"https:\/\/schema.org\",\"@graph\":[{\"@type\":\"WebPage\",\"@id\":\"https:\/\/metrointeriors.ca\/fr\/produit\/bureaux-prives-global-versaillles\/\",\"url\":\"https:\/\/metrointeriors.ca\/fr\/produit\/bureaux-prives-global-versaillles\/\",\"name\":\"Versailles - Metro Interiors\",\"isPartOf\":{\"@id\":\"https:\/\/metrointeriors.ca\/#website\"},\"primaryImageOfPage\":{\"@id\":\"https:\/\/metrointeriors.ca\/fr\/produit\/bureaux-prives-global-versaillles\/#primaryimage\"},\"image\":{\"@id\":\"https:\/\/metrointeriors.ca\/fr\/produit\/bureaux-prives-global-versaillles\/#primaryimage\"},\"thumbnailUrl\":\"https:\/\/metrointeriors.ca\/wp-content\/uploads\/2023\/02\/01_Series_Versailles-1080SQ.jpg\",\"datePublished\":\"2023-02-12T18:43:57+00:00\",\"dateModified\":\"2023-09-16T15:33:07+00:00\",\"breadcrumb\":{\"@id\":\"https:\/\/metrointeriors.ca\/fr\/produit\/bureaux-prives-global-versaillles\/#breadcrumb\"},\"inLanguage\":\"fr-FR\",\"potentialAction\":[{\"@type\":\"ReadAction\",\"target\":[\"https:\/\/metrointeriors.ca\/fr\/produit\/bureaux-prives-global-versaillles\/\"]}]},{\"@type\":\"ImageObject\",\"inLanguage\":\"fr-FR\",\"@id\":\"https:\/\/metrointeriors.ca\/fr\/produit\/bureaux-prives-global-versaillles\/#primaryimage\",\"url\":\"https:\/\/metrointeriors.ca\/wp-content\/uploads\/2023\/02\/01_Series_Versailles-1080SQ.jpg\",\"contentUrl\":\"https:\/\/metrointeriors.ca\/wp-content\/uploads\/2023\/02\/01_Series_Versailles-1080SQ.jpg\",\"width\":1080,\"height\":1080,\"caption\":\"Versailles\"},{\"@type\":\"BreadcrumbList\",\"@id\":\"https:\/\/metrointeriors.ca\/fr\/produit\/bureaux-prives-global-versaillles\/#breadcrumb\",\"itemListElement\":[{\"@type\":\"ListItem\",\"position\":1,\"name\":\"Home\",\"item\":\"https:\/\/metrointeriors.ca\/fr\/\"},{\"@type\":\"ListItem\",\"position\":2,\"name\":\"Boutique\",\"item\":\"https:\/\/metrointeriors.ca\/fr\/boutique\/\"},{\"@type\":\"ListItem\",\"position\":3,\"name\":\"Versailles\"}]},{\"@type\":\"WebSite\",\"@id\":\"https:\/\/metrointeriors.ca\/#website\",\"url\":\"https:\/\/metrointeriors.ca\/\",\"name\":\"Metro Interiors\",\"description\":\"Laissez-nous vous aider \u00e0 rafra\u00eechir votre espace de travail d&#039;entreprise\",\"potentialAction\":[{\"@type\":\"SearchAction\",\"target\":{\"@type\":\"EntryPoint\",\"urlTemplate\":\"https:\/\/metrointeriors.ca\/?s={search_term_string}\"},\"query-input\":{\"@type\":\"PropertyValueSpecification\",\"valueRequired\":true,\"valueName\":\"search_term_string\"}}],\"inLanguage\":\"fr-FR\"}]}<\/script>\n<!-- \/ Yoast SEO plugin. -->","yoast_head_json":{"title":"Versailles - Metro Interiors","robots":{"index":"index","follow":"follow","max-snippet":"max-snippet:-1","max-image-preview":"max-image-preview:large","max-video-preview":"max-video-preview:-1"},"canonical":"https:\/\/metrointeriors.ca\/fr\/produit\/bureaux-prives-global-versaillles\/","og_locale":"fr_FR","og_type":"article","og_title":"Versailles - Metro Interiors","og_description":"Beaut\u00e9. \u00c9quilibre. \u00c9l\u00e9gance.","og_url":"https:\/\/metrointeriors.ca\/fr\/produit\/bureaux-prives-global-versaillles\/","og_site_name":"Metro Interiors","article_modified_time":"2023-09-16T15:33:07+00:00","og_image":[{"width":1080,"height":1080,"url":"https:\/\/metrointeriors.ca\/wp-content\/uploads\/2023\/02\/01_Series_Versailles-1080SQ.jpg","type":"image\/jpeg"}],"twitter_card":"summary_large_image","schema":{"@context":"https:\/\/schema.org","@graph":[{"@type":"WebPage","@id":"https:\/\/metrointeriors.ca\/fr\/produit\/bureaux-prives-global-versaillles\/","url":"https:\/\/metrointeriors.ca\/fr\/produit\/bureaux-prives-global-versaillles\/","name":"Versailles - Metro Interiors","isPartOf":{"@id":"https:\/\/metrointeriors.ca\/#website"},"primaryImageOfPage":{"@id":"https:\/\/metrointeriors.ca\/fr\/produit\/bureaux-prives-global-versaillles\/#primaryimage"},"image":{"@id":"https:\/\/metrointeriors.ca\/fr\/produit\/bureaux-prives-global-versaillles\/#primaryimage"},"thumbnailUrl":"https:\/\/metrointeriors.ca\/wp-content\/uploads\/2023\/02\/01_Series_Versailles-1080SQ.jpg","datePublished":"2023-02-12T18:43:57+00:00","dateModified":"2023-09-16T15:33:07+00:00","breadcrumb":{"@id":"https:\/\/metrointeriors.ca\/fr\/produit\/bureaux-prives-global-versaillles\/#breadcrumb"},"inLanguage":"fr-FR","potentialAction":[{"@type":"ReadAction","target":["https:\/\/metrointeriors.ca\/fr\/produit\/bureaux-prives-global-versaillles\/"]}]},{"@type":"ImageObject","inLanguage":"fr-FR","@id":"https:\/\/metrointeriors.ca\/fr\/produit\/bureaux-prives-global-versaillles\/#primaryimage","url":"https:\/\/metrointeriors.ca\/wp-content\/uploads\/2023\/02\/01_Series_Versailles-1080SQ.jpg","contentUrl":"https:\/\/metrointeriors.ca\/wp-content\/uploads\/2023\/02\/01_Series_Versailles-1080SQ.jpg","width":1080,"height":1080,"caption":"Versailles"},{"@type":"BreadcrumbList","@id":"https:\/\/metrointeriors.ca\/fr\/produit\/bureaux-prives-global-versaillles\/#breadcrumb","itemListElement":[{"@type":"ListItem","position":1,"name":"Home","item":"https:\/\/metrointeriors.ca\/fr\/"},{"@type":"ListItem","position":2,"name":"Boutique","item":"https:\/\/metrointeriors.ca\/fr\/boutique\/"},{"@type":"ListItem","position":3,"name":"Versailles"}]},{"@type":"WebSite","@id":"https:\/\/metrointeriors.ca\/#website","url":"https:\/\/metrointeriors.ca\/","name":"Metro Interiors","description":"Laissez-nous vous aider \u00e0 rafra\u00eechir votre espace de travail d&#039;entreprise","potentialAction":[{"@type":"SearchAction","target":{"@type":"EntryPoint","urlTemplate":"https:\/\/metrointeriors.ca\/?s={search_term_string}"},"query-input":{"@type":"PropertyValueSpecification","valueRequired":true,"valueName":"search_term_string"}}],"inLanguage":"fr-FR"}]}},"_links":{"self":[{"href":"https:\/\/metrointeriors.ca\/fr\/wp-json\/wp\/v2\/product\/2985","targetHints":{"allow":["GET"]}}],"collection":[{"href":"https:\/\/metrointeriors.ca\/fr\/wp-json\/wp\/v2\/product"}],"about":[{"href":"https:\/\/metrointeriors.ca\/fr\/wp-json\/wp\/v2\/types\/product"}],"replies":[{"embeddable":true,"href":"https:\/\/metrointeriors.ca\/fr\/wp-json\/wp\/v2\/comments?post=2985"}],"wp:featuredmedia":[{"embeddable":true,"href":"https:\/\/metrointeriors.ca\/fr\/wp-json\/wp\/v2\/media\/1862"}],"wp:attachment":[{"href":"https:\/\/metrointeriors.ca\/fr\/wp-json\/wp\/v2\/media?parent=2985"}],"wp:term":[{"taxonomy":"product_brand","embeddable":true,"href":"https:\/\/metrointeriors.ca\/fr\/wp-json\/wp\/v2\/product_brand?post=2985"},{"taxonomy":"product_cat","embeddable":true,"href":"https:\/\/metrointeriors.ca\/fr\/wp-json\/wp\/v2\/product_cat?post=2985"},{"taxonomy":"product_tag","embeddable":true,"href":"https:\/\/metrointeriors.ca\/fr\/wp-json\/wp\/v2\/product_tag?post=2985"}],"curies":[{"name":"wp","href":"https:\/\/api.w.org\/{rel}","templated":true}]}}