{"id":2978,"date":"2023-02-09T23:39:28","date_gmt":"2023-02-09T23:39:28","guid":{"rendered":"https:\/\/samsaragold.com\/product\/private-offices-global-corby\/"},"modified":"2023-09-16T12:06:42","modified_gmt":"2023-09-16T12:06:42","slug":"bureaux-prives-global-corby","status":"publish","type":"product","link":"https:\/\/metrointeriors.ca\/fr\/produit\/bureaux-prives-global-corby\/","title":{"rendered":"Corby\u2122"},"content":{"rendered":"<p><strong>Christopher Wright<\/strong> a r\u00e9fl\u00e9chi sur la langue vernaculaire moderne du milieu du si\u00e8cle pour concevoir une s\u00e9rie unique de mobilier de travail qui r\u00e9compense une nouvelle g\u00e9n\u00e9ration de pionniers et de b\u00e2tisseurs de nation.<\/p>\n<p>Les d\u00e9tails <strong>Corby<\/strong> sont modernes du nouveau si\u00e8cle avec un bord de couteau sur les dessus de table.<\/p>\n<ul>\n<li>Les plateaux en placage sont fabriqu\u00e9s \u00e0 partir de placages de qualit\u00e9 A avec des bordures en noyer massif, cerisier, ch\u00eane et \u00e9rable.<\/li>\n<li>Les surfaces en stratifi\u00e9 haute pression ont une \u00e9paisseur de 1 3\/8&Prime; avec un bord en PVC assorti de 3 mm.<\/li>\n<li>Lorsque le placage est sp\u00e9cifi\u00e9, des pieds effil\u00e9s en bois massif (noyer, cerisier, ch\u00eane et \u00e9rable) sont utilis\u00e9s pour soutenir la p\u00e9ninsule, les tables de travail, de collaboration et d&rsquo;appoint.<\/li>\n<li>Lorsque le stratifi\u00e9 est sp\u00e9cifi\u00e9, des pieds effil\u00e9s en peuplier massif sont utilis\u00e9s pour soutenir les tables p\u00e9ninsule, de travail, de collaboration et d&rsquo;appoint.<\/li>\n<li>Les panneaux arri\u00e8re des unit\u00e9s empilables sont en stratifi\u00e9 solide thermofusionn\u00e9.<\/li>\n<li>Les fonds de pi\u00e9destal, de cr\u00e9dence et de biblioth\u00e8que comprennent un profil biseaut\u00e9 peint de 1 3\/8&Prime; d&rsquo;\u00e9paisseur et des pieds effil\u00e9s en bois massif (4&Prime; de hauteur ou 11 1\/2&Prime; de hauteur).<\/li>\n<li>Les solutions de productivit\u00e9 de Global offrent plusieurs options d&rsquo;alimentation de bureau qui peuvent \u00eatre install\u00e9es ult\u00e9rieurement dans des \u0153illets ou mont\u00e9es par pince sur le bord des surfaces de travail. Les options de montage sous montage offrent un moyen propre d\u2019alimenter les accessoires dans les armoires de rangement.<\/li>\n<\/ul>\n","protected":false},"excerpt":{"rendered":"<p>Pr\u00e9sentation de la collection Corby de bureaux, tables et \u00e9l\u00e9ments de rangement en placage de bois et stratifi\u00e9.<\/p>\n","protected":false},"featured_media":1832,"comment_status":"closed","ping_status":"closed","template":"","meta":{"_et_pb_use_builder":"","_et_pb_old_content":"","_et_gb_content_width":""},"product_brand":[],"product_cat":[397,405],"product_tag":[406],"class_list":{"0":"post-2978","1":"product","2":"type-product","3":"status-publish","4":"has-post-thumbnail","6":"product_cat-private-offices-fr","7":"product_cat-bureaux-prives","8":"product_tag-corby-fr","10":"first","11":"instock","12":"product-type-simple"},"yoast_head":"<!-- This site is optimized with the Yoast SEO plugin v27.0 - https:\/\/yoast.com\/product\/yoast-seo-wordpress\/ -->\n<title>Corby\u2122 - Metro Interiors<\/title>\n<meta name=\"robots\" content=\"index, follow, max-snippet:-1, max-image-preview:large, max-video-preview:-1\" \/>\n<link rel=\"canonical\" href=\"https:\/\/metrointeriors.ca\/fr\/produit\/bureaux-prives-global-corby\/\" \/>\n<meta property=\"og:locale\" content=\"fr_FR\" \/>\n<meta property=\"og:type\" content=\"article\" \/>\n<meta property=\"og:title\" content=\"Corby\u2122 - Metro Interiors\" \/>\n<meta property=\"og:description\" content=\"Pr\u00e9sentation de la collection Corby de bureaux, tables et \u00e9l\u00e9ments de rangement en placage de bois et stratifi\u00e9.\" \/>\n<meta property=\"og:url\" content=\"https:\/\/metrointeriors.ca\/fr\/produit\/bureaux-prives-global-corby\/\" \/>\n<meta property=\"og:site_name\" content=\"Metro Interiors\" \/>\n<meta property=\"article:modified_time\" content=\"2023-09-16T12:06:42+00:00\" \/>\n<meta property=\"og:image\" content=\"https:\/\/metrointeriors.ca\/wp-content\/uploads\/2023\/02\/02_DB_Layout_1_MTW_2_A42E_1080AQ.jpg\" \/>\n\t<meta property=\"og:image:width\" content=\"1080\" \/>\n\t<meta property=\"og:image:height\" content=\"1080\" \/>\n\t<meta property=\"og:image:type\" content=\"image\/jpeg\" \/>\n<meta name=\"twitter:card\" content=\"summary_large_image\" \/>\n<meta name=\"twitter:label1\" content=\"Dur\u00e9e de lecture estim\u00e9e\" \/>\n\t<meta name=\"twitter:data1\" content=\"1 minute\" \/>\n<script type=\"application\/ld+json\" class=\"yoast-schema-graph\">{\"@context\":\"https:\/\/schema.org\",\"@graph\":[{\"@type\":\"WebPage\",\"@id\":\"https:\/\/metrointeriors.ca\/fr\/produit\/bureaux-prives-global-corby\/\",\"url\":\"https:\/\/metrointeriors.ca\/fr\/produit\/bureaux-prives-global-corby\/\",\"name\":\"Corby\u2122 - Metro Interiors\",\"isPartOf\":{\"@id\":\"https:\/\/metrointeriors.ca\/#website\"},\"primaryImageOfPage\":{\"@id\":\"https:\/\/metrointeriors.ca\/fr\/produit\/bureaux-prives-global-corby\/#primaryimage\"},\"image\":{\"@id\":\"https:\/\/metrointeriors.ca\/fr\/produit\/bureaux-prives-global-corby\/#primaryimage\"},\"thumbnailUrl\":\"https:\/\/metrointeriors.ca\/wp-content\/uploads\/2023\/02\/02_DB_Layout_1_MTW_2_A42E_1080AQ.jpg\",\"datePublished\":\"2023-02-09T23:39:28+00:00\",\"dateModified\":\"2023-09-16T12:06:42+00:00\",\"breadcrumb\":{\"@id\":\"https:\/\/metrointeriors.ca\/fr\/produit\/bureaux-prives-global-corby\/#breadcrumb\"},\"inLanguage\":\"fr-FR\",\"potentialAction\":[{\"@type\":\"ReadAction\",\"target\":[\"https:\/\/metrointeriors.ca\/fr\/produit\/bureaux-prives-global-corby\/\"]}]},{\"@type\":\"ImageObject\",\"inLanguage\":\"fr-FR\",\"@id\":\"https:\/\/metrointeriors.ca\/fr\/produit\/bureaux-prives-global-corby\/#primaryimage\",\"url\":\"https:\/\/metrointeriors.ca\/wp-content\/uploads\/2023\/02\/02_DB_Layout_1_MTW_2_A42E_1080AQ.jpg\",\"contentUrl\":\"https:\/\/metrointeriors.ca\/wp-content\/uploads\/2023\/02\/02_DB_Layout_1_MTW_2_A42E_1080AQ.jpg\",\"width\":1080,\"height\":1080,\"caption\":\"Corby\"},{\"@type\":\"BreadcrumbList\",\"@id\":\"https:\/\/metrointeriors.ca\/fr\/produit\/bureaux-prives-global-corby\/#breadcrumb\",\"itemListElement\":[{\"@type\":\"ListItem\",\"position\":1,\"name\":\"Home\",\"item\":\"https:\/\/metrointeriors.ca\/fr\/\"},{\"@type\":\"ListItem\",\"position\":2,\"name\":\"Boutique\",\"item\":\"https:\/\/metrointeriors.ca\/fr\/boutique\/\"},{\"@type\":\"ListItem\",\"position\":3,\"name\":\"Corby\u2122\"}]},{\"@type\":\"WebSite\",\"@id\":\"https:\/\/metrointeriors.ca\/#website\",\"url\":\"https:\/\/metrointeriors.ca\/\",\"name\":\"Metro Interiors\",\"description\":\"Laissez-nous vous aider \u00e0 rafra\u00eechir votre espace de travail d&#039;entreprise\",\"potentialAction\":[{\"@type\":\"SearchAction\",\"target\":{\"@type\":\"EntryPoint\",\"urlTemplate\":\"https:\/\/metrointeriors.ca\/?s={search_term_string}\"},\"query-input\":{\"@type\":\"PropertyValueSpecification\",\"valueRequired\":true,\"valueName\":\"search_term_string\"}}],\"inLanguage\":\"fr-FR\"}]}<\/script>\n<!-- \/ Yoast SEO plugin. -->","yoast_head_json":{"title":"Corby\u2122 - Metro Interiors","robots":{"index":"index","follow":"follow","max-snippet":"max-snippet:-1","max-image-preview":"max-image-preview:large","max-video-preview":"max-video-preview:-1"},"canonical":"https:\/\/metrointeriors.ca\/fr\/produit\/bureaux-prives-global-corby\/","og_locale":"fr_FR","og_type":"article","og_title":"Corby\u2122 - Metro Interiors","og_description":"Pr\u00e9sentation de la collection Corby de bureaux, tables et \u00e9l\u00e9ments de rangement en placage de bois et stratifi\u00e9.","og_url":"https:\/\/metrointeriors.ca\/fr\/produit\/bureaux-prives-global-corby\/","og_site_name":"Metro Interiors","article_modified_time":"2023-09-16T12:06:42+00:00","og_image":[{"width":1080,"height":1080,"url":"https:\/\/metrointeriors.ca\/wp-content\/uploads\/2023\/02\/02_DB_Layout_1_MTW_2_A42E_1080AQ.jpg","type":"image\/jpeg"}],"twitter_card":"summary_large_image","twitter_misc":{"Dur\u00e9e de lecture estim\u00e9e":"1 minute"},"schema":{"@context":"https:\/\/schema.org","@graph":[{"@type":"WebPage","@id":"https:\/\/metrointeriors.ca\/fr\/produit\/bureaux-prives-global-corby\/","url":"https:\/\/metrointeriors.ca\/fr\/produit\/bureaux-prives-global-corby\/","name":"Corby\u2122 - Metro Interiors","isPartOf":{"@id":"https:\/\/metrointeriors.ca\/#website"},"primaryImageOfPage":{"@id":"https:\/\/metrointeriors.ca\/fr\/produit\/bureaux-prives-global-corby\/#primaryimage"},"image":{"@id":"https:\/\/metrointeriors.ca\/fr\/produit\/bureaux-prives-global-corby\/#primaryimage"},"thumbnailUrl":"https:\/\/metrointeriors.ca\/wp-content\/uploads\/2023\/02\/02_DB_Layout_1_MTW_2_A42E_1080AQ.jpg","datePublished":"2023-02-09T23:39:28+00:00","dateModified":"2023-09-16T12:06:42+00:00","breadcrumb":{"@id":"https:\/\/metrointeriors.ca\/fr\/produit\/bureaux-prives-global-corby\/#breadcrumb"},"inLanguage":"fr-FR","potentialAction":[{"@type":"ReadAction","target":["https:\/\/metrointeriors.ca\/fr\/produit\/bureaux-prives-global-corby\/"]}]},{"@type":"ImageObject","inLanguage":"fr-FR","@id":"https:\/\/metrointeriors.ca\/fr\/produit\/bureaux-prives-global-corby\/#primaryimage","url":"https:\/\/metrointeriors.ca\/wp-content\/uploads\/2023\/02\/02_DB_Layout_1_MTW_2_A42E_1080AQ.jpg","contentUrl":"https:\/\/metrointeriors.ca\/wp-content\/uploads\/2023\/02\/02_DB_Layout_1_MTW_2_A42E_1080AQ.jpg","width":1080,"height":1080,"caption":"Corby"},{"@type":"BreadcrumbList","@id":"https:\/\/metrointeriors.ca\/fr\/produit\/bureaux-prives-global-corby\/#breadcrumb","itemListElement":[{"@type":"ListItem","position":1,"name":"Home","item":"https:\/\/metrointeriors.ca\/fr\/"},{"@type":"ListItem","position":2,"name":"Boutique","item":"https:\/\/metrointeriors.ca\/fr\/boutique\/"},{"@type":"ListItem","position":3,"name":"Corby\u2122"}]},{"@type":"WebSite","@id":"https:\/\/metrointeriors.ca\/#website","url":"https:\/\/metrointeriors.ca\/","name":"Metro Interiors","description":"Laissez-nous vous aider \u00e0 rafra\u00eechir votre espace de travail d&#039;entreprise","potentialAction":[{"@type":"SearchAction","target":{"@type":"EntryPoint","urlTemplate":"https:\/\/metrointeriors.ca\/?s={search_term_string}"},"query-input":{"@type":"PropertyValueSpecification","valueRequired":true,"valueName":"search_term_string"}}],"inLanguage":"fr-FR"}]}},"_links":{"self":[{"href":"https:\/\/metrointeriors.ca\/fr\/wp-json\/wp\/v2\/product\/2978","targetHints":{"allow":["GET"]}}],"collection":[{"href":"https:\/\/metrointeriors.ca\/fr\/wp-json\/wp\/v2\/product"}],"about":[{"href":"https:\/\/metrointeriors.ca\/fr\/wp-json\/wp\/v2\/types\/product"}],"replies":[{"embeddable":true,"href":"https:\/\/metrointeriors.ca\/fr\/wp-json\/wp\/v2\/comments?post=2978"}],"wp:featuredmedia":[{"embeddable":true,"href":"https:\/\/metrointeriors.ca\/fr\/wp-json\/wp\/v2\/media\/1832"}],"wp:attachment":[{"href":"https:\/\/metrointeriors.ca\/fr\/wp-json\/wp\/v2\/media?parent=2978"}],"wp:term":[{"taxonomy":"product_brand","embeddable":true,"href":"https:\/\/metrointeriors.ca\/fr\/wp-json\/wp\/v2\/product_brand?post=2978"},{"taxonomy":"product_cat","embeddable":true,"href":"https:\/\/metrointeriors.ca\/fr\/wp-json\/wp\/v2\/product_cat?post=2978"},{"taxonomy":"product_tag","embeddable":true,"href":"https:\/\/metrointeriors.ca\/fr\/wp-json\/wp\/v2\/product_tag?post=2978"}],"curies":[{"name":"wp","href":"https:\/\/api.w.org\/{rel}","templated":true}]}}