{"id":2974,"date":"2023-02-13T15:24:22","date_gmt":"2023-02-13T15:24:22","guid":{"rendered":"https:\/\/samsaragold.com\/product\/private-offices-groupe-lacasse-quad\/"},"modified":"2023-09-16T11:49:28","modified_gmt":"2023-09-16T11:49:28","slug":"bureaux-prives-groupe-lacasse-quad","status":"publish","type":"product","link":"https:\/\/metrointeriors.ca\/fr\/produit\/bureaux-prives-groupe-lacasse-quad\/","title":{"rendered":"Quad"},"content":{"rendered":"<h2 class=\"h4\">Inspiration zen<\/h2>\n<p>Avec Quad, les formes verticales et horizontales s\u2019harmonisent \u00e0 la perfection.\u00a0Avec Quad, vous pouvez cr\u00e9er un univers inspir\u00e9 et inspirant o\u00f9 tout vient s\u2019aligner parfaitement!<\/p>\n","protected":false},"excerpt":{"rendered":"<p>Nos vies sont mouvement\u00e9es, surcharg\u00e9es. Gr\u00e2ce \u00e0 Quad, entrez, chaque jour, dans un monde o\u00f9 se marient lignes pures et inspiration zen.<\/p>\n","protected":false},"featured_media":1922,"comment_status":"closed","ping_status":"closed","template":"","meta":{"_et_pb_use_builder":"","_et_pb_old_content":"","_et_gb_content_width":""},"product_brand":[],"product_cat":[397,396],"product_tag":[399,402],"class_list":{"0":"post-2974","1":"product","2":"type-product","3":"status-publish","4":"has-post-thumbnail","6":"product_cat-private-offices-fr","7":"product_cat-bureau-de-reception-lacasse-fr","8":"product_tag-private-ofiices-fr","9":"product_tag-stad-fr","11":"first","12":"instock","13":"product-type-simple"},"yoast_head":"<!-- This site is optimized with the Yoast SEO plugin v27.0 - https:\/\/yoast.com\/product\/yoast-seo-wordpress\/ -->\n<title>Quad - Metro Interiors<\/title>\n<meta name=\"robots\" content=\"index, follow, max-snippet:-1, max-image-preview:large, max-video-preview:-1\" \/>\n<link rel=\"canonical\" href=\"https:\/\/metrointeriors.ca\/fr\/produit\/bureaux-prives-groupe-lacasse-quad\/\" \/>\n<meta property=\"og:locale\" content=\"fr_FR\" \/>\n<meta property=\"og:type\" content=\"article\" \/>\n<meta property=\"og:title\" content=\"Quad - Metro Interiors\" \/>\n<meta property=\"og:description\" content=\"Nos vies sont mouvement\u00e9es, surcharg\u00e9es. Gr\u00e2ce \u00e0 Quad, entrez, chaque jour, dans un monde o\u00f9 se marient lignes pures et inspiration zen.\" \/>\n<meta property=\"og:url\" content=\"https:\/\/metrointeriors.ca\/fr\/produit\/bureaux-prives-groupe-lacasse-quad\/\" \/>\n<meta property=\"og:site_name\" content=\"Metro Interiors\" \/>\n<meta property=\"article:modified_time\" content=\"2023-09-16T11:49:28+00:00\" \/>\n<meta property=\"og:image\" content=\"https:\/\/metrointeriors.ca\/wp-content\/uploads\/2023\/02\/01_2246_v_lacasse-quad-quad-planxx-neocon-1080SQ.jpg\" \/>\n\t<meta property=\"og:image:width\" content=\"1080\" \/>\n\t<meta property=\"og:image:height\" content=\"1080\" \/>\n\t<meta property=\"og:image:type\" content=\"image\/jpeg\" \/>\n<meta name=\"twitter:card\" content=\"summary_large_image\" \/>\n<script type=\"application\/ld+json\" class=\"yoast-schema-graph\">{\"@context\":\"https:\/\/schema.org\",\"@graph\":[{\"@type\":\"WebPage\",\"@id\":\"https:\/\/metrointeriors.ca\/fr\/produit\/bureaux-prives-groupe-lacasse-quad\/\",\"url\":\"https:\/\/metrointeriors.ca\/fr\/produit\/bureaux-prives-groupe-lacasse-quad\/\",\"name\":\"Quad - Metro Interiors\",\"isPartOf\":{\"@id\":\"https:\/\/metrointeriors.ca\/#website\"},\"primaryImageOfPage\":{\"@id\":\"https:\/\/metrointeriors.ca\/fr\/produit\/bureaux-prives-groupe-lacasse-quad\/#primaryimage\"},\"image\":{\"@id\":\"https:\/\/metrointeriors.ca\/fr\/produit\/bureaux-prives-groupe-lacasse-quad\/#primaryimage\"},\"thumbnailUrl\":\"https:\/\/metrointeriors.ca\/wp-content\/uploads\/2023\/02\/01_2246_v_lacasse-quad-quad-planxx-neocon-1080SQ.jpg\",\"datePublished\":\"2023-02-13T15:24:22+00:00\",\"dateModified\":\"2023-09-16T11:49:28+00:00\",\"breadcrumb\":{\"@id\":\"https:\/\/metrointeriors.ca\/fr\/produit\/bureaux-prives-groupe-lacasse-quad\/#breadcrumb\"},\"inLanguage\":\"fr-FR\",\"potentialAction\":[{\"@type\":\"ReadAction\",\"target\":[\"https:\/\/metrointeriors.ca\/fr\/produit\/bureaux-prives-groupe-lacasse-quad\/\"]}]},{\"@type\":\"ImageObject\",\"inLanguage\":\"fr-FR\",\"@id\":\"https:\/\/metrointeriors.ca\/fr\/produit\/bureaux-prives-groupe-lacasse-quad\/#primaryimage\",\"url\":\"https:\/\/metrointeriors.ca\/wp-content\/uploads\/2023\/02\/01_2246_v_lacasse-quad-quad-planxx-neocon-1080SQ.jpg\",\"contentUrl\":\"https:\/\/metrointeriors.ca\/wp-content\/uploads\/2023\/02\/01_2246_v_lacasse-quad-quad-planxx-neocon-1080SQ.jpg\",\"width\":1080,\"height\":1080,\"caption\":\"lacasse-quad-quad-planxx\"},{\"@type\":\"BreadcrumbList\",\"@id\":\"https:\/\/metrointeriors.ca\/fr\/produit\/bureaux-prives-groupe-lacasse-quad\/#breadcrumb\",\"itemListElement\":[{\"@type\":\"ListItem\",\"position\":1,\"name\":\"Home\",\"item\":\"https:\/\/metrointeriors.ca\/fr\/\"},{\"@type\":\"ListItem\",\"position\":2,\"name\":\"Boutique\",\"item\":\"https:\/\/metrointeriors.ca\/fr\/boutique\/\"},{\"@type\":\"ListItem\",\"position\":3,\"name\":\"Quad\"}]},{\"@type\":\"WebSite\",\"@id\":\"https:\/\/metrointeriors.ca\/#website\",\"url\":\"https:\/\/metrointeriors.ca\/\",\"name\":\"Metro Interiors\",\"description\":\"Laissez-nous vous aider \u00e0 rafra\u00eechir votre espace de travail d&#039;entreprise\",\"potentialAction\":[{\"@type\":\"SearchAction\",\"target\":{\"@type\":\"EntryPoint\",\"urlTemplate\":\"https:\/\/metrointeriors.ca\/?s={search_term_string}\"},\"query-input\":{\"@type\":\"PropertyValueSpecification\",\"valueRequired\":true,\"valueName\":\"search_term_string\"}}],\"inLanguage\":\"fr-FR\"}]}<\/script>\n<!-- \/ Yoast SEO plugin. -->","yoast_head_json":{"title":"Quad - Metro Interiors","robots":{"index":"index","follow":"follow","max-snippet":"max-snippet:-1","max-image-preview":"max-image-preview:large","max-video-preview":"max-video-preview:-1"},"canonical":"https:\/\/metrointeriors.ca\/fr\/produit\/bureaux-prives-groupe-lacasse-quad\/","og_locale":"fr_FR","og_type":"article","og_title":"Quad - Metro Interiors","og_description":"Nos vies sont mouvement\u00e9es, surcharg\u00e9es. Gr\u00e2ce \u00e0 Quad, entrez, chaque jour, dans un monde o\u00f9 se marient lignes pures et inspiration zen.","og_url":"https:\/\/metrointeriors.ca\/fr\/produit\/bureaux-prives-groupe-lacasse-quad\/","og_site_name":"Metro Interiors","article_modified_time":"2023-09-16T11:49:28+00:00","og_image":[{"width":1080,"height":1080,"url":"https:\/\/metrointeriors.ca\/wp-content\/uploads\/2023\/02\/01_2246_v_lacasse-quad-quad-planxx-neocon-1080SQ.jpg","type":"image\/jpeg"}],"twitter_card":"summary_large_image","schema":{"@context":"https:\/\/schema.org","@graph":[{"@type":"WebPage","@id":"https:\/\/metrointeriors.ca\/fr\/produit\/bureaux-prives-groupe-lacasse-quad\/","url":"https:\/\/metrointeriors.ca\/fr\/produit\/bureaux-prives-groupe-lacasse-quad\/","name":"Quad - Metro Interiors","isPartOf":{"@id":"https:\/\/metrointeriors.ca\/#website"},"primaryImageOfPage":{"@id":"https:\/\/metrointeriors.ca\/fr\/produit\/bureaux-prives-groupe-lacasse-quad\/#primaryimage"},"image":{"@id":"https:\/\/metrointeriors.ca\/fr\/produit\/bureaux-prives-groupe-lacasse-quad\/#primaryimage"},"thumbnailUrl":"https:\/\/metrointeriors.ca\/wp-content\/uploads\/2023\/02\/01_2246_v_lacasse-quad-quad-planxx-neocon-1080SQ.jpg","datePublished":"2023-02-13T15:24:22+00:00","dateModified":"2023-09-16T11:49:28+00:00","breadcrumb":{"@id":"https:\/\/metrointeriors.ca\/fr\/produit\/bureaux-prives-groupe-lacasse-quad\/#breadcrumb"},"inLanguage":"fr-FR","potentialAction":[{"@type":"ReadAction","target":["https:\/\/metrointeriors.ca\/fr\/produit\/bureaux-prives-groupe-lacasse-quad\/"]}]},{"@type":"ImageObject","inLanguage":"fr-FR","@id":"https:\/\/metrointeriors.ca\/fr\/produit\/bureaux-prives-groupe-lacasse-quad\/#primaryimage","url":"https:\/\/metrointeriors.ca\/wp-content\/uploads\/2023\/02\/01_2246_v_lacasse-quad-quad-planxx-neocon-1080SQ.jpg","contentUrl":"https:\/\/metrointeriors.ca\/wp-content\/uploads\/2023\/02\/01_2246_v_lacasse-quad-quad-planxx-neocon-1080SQ.jpg","width":1080,"height":1080,"caption":"lacasse-quad-quad-planxx"},{"@type":"BreadcrumbList","@id":"https:\/\/metrointeriors.ca\/fr\/produit\/bureaux-prives-groupe-lacasse-quad\/#breadcrumb","itemListElement":[{"@type":"ListItem","position":1,"name":"Home","item":"https:\/\/metrointeriors.ca\/fr\/"},{"@type":"ListItem","position":2,"name":"Boutique","item":"https:\/\/metrointeriors.ca\/fr\/boutique\/"},{"@type":"ListItem","position":3,"name":"Quad"}]},{"@type":"WebSite","@id":"https:\/\/metrointeriors.ca\/#website","url":"https:\/\/metrointeriors.ca\/","name":"Metro Interiors","description":"Laissez-nous vous aider \u00e0 rafra\u00eechir votre espace de travail d&#039;entreprise","potentialAction":[{"@type":"SearchAction","target":{"@type":"EntryPoint","urlTemplate":"https:\/\/metrointeriors.ca\/?s={search_term_string}"},"query-input":{"@type":"PropertyValueSpecification","valueRequired":true,"valueName":"search_term_string"}}],"inLanguage":"fr-FR"}]}},"_links":{"self":[{"href":"https:\/\/metrointeriors.ca\/fr\/wp-json\/wp\/v2\/product\/2974","targetHints":{"allow":["GET"]}}],"collection":[{"href":"https:\/\/metrointeriors.ca\/fr\/wp-json\/wp\/v2\/product"}],"about":[{"href":"https:\/\/metrointeriors.ca\/fr\/wp-json\/wp\/v2\/types\/product"}],"replies":[{"embeddable":true,"href":"https:\/\/metrointeriors.ca\/fr\/wp-json\/wp\/v2\/comments?post=2974"}],"wp:featuredmedia":[{"embeddable":true,"href":"https:\/\/metrointeriors.ca\/fr\/wp-json\/wp\/v2\/media\/1922"}],"wp:attachment":[{"href":"https:\/\/metrointeriors.ca\/fr\/wp-json\/wp\/v2\/media?parent=2974"}],"wp:term":[{"taxonomy":"product_brand","embeddable":true,"href":"https:\/\/metrointeriors.ca\/fr\/wp-json\/wp\/v2\/product_brand?post=2974"},{"taxonomy":"product_cat","embeddable":true,"href":"https:\/\/metrointeriors.ca\/fr\/wp-json\/wp\/v2\/product_cat?post=2974"},{"taxonomy":"product_tag","embeddable":true,"href":"https:\/\/metrointeriors.ca\/fr\/wp-json\/wp\/v2\/product_tag?post=2974"}],"curies":[{"name":"wp","href":"https:\/\/api.w.org\/{rel}","templated":true}]}}