{"id":2971,"date":"2023-02-13T15:18:15","date_gmt":"2023-02-13T15:18:15","guid":{"rendered":"https:\/\/samsaragold.com\/product\/private-offices-groupe-lacasse-nex\/"},"modified":"2023-09-16T11:41:44","modified_gmt":"2023-09-16T11:41:44","slug":"bureaux-prives-groupe-lacasse-nex","status":"publish","type":"product","link":"https:\/\/metrointeriors.ca\/fr\/produit\/bureaux-prives-groupe-lacasse-nex\/","title":{"rendered":"Nex"},"content":{"rendered":"<h2 class=\"h4\">La modernit\u00e9 accessible<\/h2>\n<p>Une collection dont le design repousse les fronti\u00e8res \u00e9tablies en incorporant des fonctionnalit\u00e9s innovatrices. Son asym\u00e9trie, ses volumes et ses proportions s\u2019accorderont \u00e0 votre style, \u00e0 vos besoins. Le futur est l\u00e0&#8230; \u00e0 votre port\u00e9e.<\/p>\n","protected":false},"excerpt":{"rendered":"<p>La vie est synonyme de mouvement. Tourn\u00e9e vers l\u2019avenir, Groupe Lacasse a cr\u00e9\u00e9 NEX.<\/p>\n","protected":false},"featured_media":1907,"comment_status":"closed","ping_status":"closed","template":"","meta":{"_et_pb_use_builder":"","_et_pb_old_content":"","_et_gb_content_width":""},"product_brand":[],"product_cat":[397,396],"product_tag":[400,401],"class_list":{"0":"post-2971","1":"product","2":"type-product","3":"status-publish","4":"has-post-thumbnail","6":"product_cat-private-offices-fr","7":"product_cat-bureau-de-reception-lacasse-fr","8":"product_tag-nex-fr","9":"product_tag-private-offices-fr","11":"first","12":"instock","13":"featured","14":"product-type-simple"},"yoast_head":"<!-- This site is optimized with the Yoast SEO plugin v27.0 - https:\/\/yoast.com\/product\/yoast-seo-wordpress\/ -->\n<title>Nex - Metro Interiors<\/title>\n<meta name=\"robots\" content=\"index, follow, max-snippet:-1, max-image-preview:large, max-video-preview:-1\" \/>\n<link rel=\"canonical\" href=\"https:\/\/metrointeriors.ca\/fr\/produit\/bureaux-prives-groupe-lacasse-nex\/\" \/>\n<meta property=\"og:locale\" content=\"fr_FR\" \/>\n<meta property=\"og:type\" content=\"article\" \/>\n<meta property=\"og:title\" content=\"Nex - Metro Interiors\" \/>\n<meta property=\"og:description\" content=\"La vie est synonyme de mouvement. Tourn\u00e9e vers l\u2019avenir, Groupe Lacasse a cr\u00e9\u00e9 NEX.\" \/>\n<meta property=\"og:url\" content=\"https:\/\/metrointeriors.ca\/fr\/produit\/bureaux-prives-groupe-lacasse-nex\/\" \/>\n<meta property=\"og:site_name\" content=\"Metro Interiors\" \/>\n<meta property=\"article:modified_time\" content=\"2023-09-16T11:41:44+00:00\" \/>\n<meta property=\"og:image\" content=\"https:\/\/metrointeriors.ca\/wp-content\/uploads\/2023\/02\/01_2180_v_lacasse-nex-nex-plan57-mjv-1080SQ.jpg\" \/>\n\t<meta property=\"og:image:width\" content=\"1080\" \/>\n\t<meta property=\"og:image:height\" content=\"1080\" \/>\n\t<meta property=\"og:image:type\" content=\"image\/jpeg\" \/>\n<meta name=\"twitter:card\" content=\"summary_large_image\" \/>\n<script type=\"application\/ld+json\" class=\"yoast-schema-graph\">{\"@context\":\"https:\/\/schema.org\",\"@graph\":[{\"@type\":\"WebPage\",\"@id\":\"https:\/\/metrointeriors.ca\/fr\/produit\/bureaux-prives-groupe-lacasse-nex\/\",\"url\":\"https:\/\/metrointeriors.ca\/fr\/produit\/bureaux-prives-groupe-lacasse-nex\/\",\"name\":\"Nex - Metro Interiors\",\"isPartOf\":{\"@id\":\"https:\/\/metrointeriors.ca\/#website\"},\"primaryImageOfPage\":{\"@id\":\"https:\/\/metrointeriors.ca\/fr\/produit\/bureaux-prives-groupe-lacasse-nex\/#primaryimage\"},\"image\":{\"@id\":\"https:\/\/metrointeriors.ca\/fr\/produit\/bureaux-prives-groupe-lacasse-nex\/#primaryimage\"},\"thumbnailUrl\":\"https:\/\/metrointeriors.ca\/wp-content\/uploads\/2023\/02\/01_2180_v_lacasse-nex-nex-plan57-mjv-1080SQ.jpg\",\"datePublished\":\"2023-02-13T15:18:15+00:00\",\"dateModified\":\"2023-09-16T11:41:44+00:00\",\"breadcrumb\":{\"@id\":\"https:\/\/metrointeriors.ca\/fr\/produit\/bureaux-prives-groupe-lacasse-nex\/#breadcrumb\"},\"inLanguage\":\"fr-FR\",\"potentialAction\":[{\"@type\":\"ReadAction\",\"target\":[\"https:\/\/metrointeriors.ca\/fr\/produit\/bureaux-prives-groupe-lacasse-nex\/\"]}]},{\"@type\":\"ImageObject\",\"inLanguage\":\"fr-FR\",\"@id\":\"https:\/\/metrointeriors.ca\/fr\/produit\/bureaux-prives-groupe-lacasse-nex\/#primaryimage\",\"url\":\"https:\/\/metrointeriors.ca\/wp-content\/uploads\/2023\/02\/01_2180_v_lacasse-nex-nex-plan57-mjv-1080SQ.jpg\",\"contentUrl\":\"https:\/\/metrointeriors.ca\/wp-content\/uploads\/2023\/02\/01_2180_v_lacasse-nex-nex-plan57-mjv-1080SQ.jpg\",\"width\":1080,\"height\":1080,\"caption\":\"lacasse-nex\"},{\"@type\":\"BreadcrumbList\",\"@id\":\"https:\/\/metrointeriors.ca\/fr\/produit\/bureaux-prives-groupe-lacasse-nex\/#breadcrumb\",\"itemListElement\":[{\"@type\":\"ListItem\",\"position\":1,\"name\":\"Home\",\"item\":\"https:\/\/metrointeriors.ca\/fr\/\"},{\"@type\":\"ListItem\",\"position\":2,\"name\":\"Boutique\",\"item\":\"https:\/\/metrointeriors.ca\/fr\/boutique\/\"},{\"@type\":\"ListItem\",\"position\":3,\"name\":\"Nex\"}]},{\"@type\":\"WebSite\",\"@id\":\"https:\/\/metrointeriors.ca\/#website\",\"url\":\"https:\/\/metrointeriors.ca\/\",\"name\":\"Metro Interiors\",\"description\":\"Laissez-nous vous aider \u00e0 rafra\u00eechir votre espace de travail d&#039;entreprise\",\"potentialAction\":[{\"@type\":\"SearchAction\",\"target\":{\"@type\":\"EntryPoint\",\"urlTemplate\":\"https:\/\/metrointeriors.ca\/?s={search_term_string}\"},\"query-input\":{\"@type\":\"PropertyValueSpecification\",\"valueRequired\":true,\"valueName\":\"search_term_string\"}}],\"inLanguage\":\"fr-FR\"}]}<\/script>\n<!-- \/ Yoast SEO plugin. -->","yoast_head_json":{"title":"Nex - Metro Interiors","robots":{"index":"index","follow":"follow","max-snippet":"max-snippet:-1","max-image-preview":"max-image-preview:large","max-video-preview":"max-video-preview:-1"},"canonical":"https:\/\/metrointeriors.ca\/fr\/produit\/bureaux-prives-groupe-lacasse-nex\/","og_locale":"fr_FR","og_type":"article","og_title":"Nex - Metro Interiors","og_description":"La vie est synonyme de mouvement. Tourn\u00e9e vers l\u2019avenir, Groupe Lacasse a cr\u00e9\u00e9 NEX.","og_url":"https:\/\/metrointeriors.ca\/fr\/produit\/bureaux-prives-groupe-lacasse-nex\/","og_site_name":"Metro Interiors","article_modified_time":"2023-09-16T11:41:44+00:00","og_image":[{"width":1080,"height":1080,"url":"https:\/\/metrointeriors.ca\/wp-content\/uploads\/2023\/02\/01_2180_v_lacasse-nex-nex-plan57-mjv-1080SQ.jpg","type":"image\/jpeg"}],"twitter_card":"summary_large_image","schema":{"@context":"https:\/\/schema.org","@graph":[{"@type":"WebPage","@id":"https:\/\/metrointeriors.ca\/fr\/produit\/bureaux-prives-groupe-lacasse-nex\/","url":"https:\/\/metrointeriors.ca\/fr\/produit\/bureaux-prives-groupe-lacasse-nex\/","name":"Nex - Metro Interiors","isPartOf":{"@id":"https:\/\/metrointeriors.ca\/#website"},"primaryImageOfPage":{"@id":"https:\/\/metrointeriors.ca\/fr\/produit\/bureaux-prives-groupe-lacasse-nex\/#primaryimage"},"image":{"@id":"https:\/\/metrointeriors.ca\/fr\/produit\/bureaux-prives-groupe-lacasse-nex\/#primaryimage"},"thumbnailUrl":"https:\/\/metrointeriors.ca\/wp-content\/uploads\/2023\/02\/01_2180_v_lacasse-nex-nex-plan57-mjv-1080SQ.jpg","datePublished":"2023-02-13T15:18:15+00:00","dateModified":"2023-09-16T11:41:44+00:00","breadcrumb":{"@id":"https:\/\/metrointeriors.ca\/fr\/produit\/bureaux-prives-groupe-lacasse-nex\/#breadcrumb"},"inLanguage":"fr-FR","potentialAction":[{"@type":"ReadAction","target":["https:\/\/metrointeriors.ca\/fr\/produit\/bureaux-prives-groupe-lacasse-nex\/"]}]},{"@type":"ImageObject","inLanguage":"fr-FR","@id":"https:\/\/metrointeriors.ca\/fr\/produit\/bureaux-prives-groupe-lacasse-nex\/#primaryimage","url":"https:\/\/metrointeriors.ca\/wp-content\/uploads\/2023\/02\/01_2180_v_lacasse-nex-nex-plan57-mjv-1080SQ.jpg","contentUrl":"https:\/\/metrointeriors.ca\/wp-content\/uploads\/2023\/02\/01_2180_v_lacasse-nex-nex-plan57-mjv-1080SQ.jpg","width":1080,"height":1080,"caption":"lacasse-nex"},{"@type":"BreadcrumbList","@id":"https:\/\/metrointeriors.ca\/fr\/produit\/bureaux-prives-groupe-lacasse-nex\/#breadcrumb","itemListElement":[{"@type":"ListItem","position":1,"name":"Home","item":"https:\/\/metrointeriors.ca\/fr\/"},{"@type":"ListItem","position":2,"name":"Boutique","item":"https:\/\/metrointeriors.ca\/fr\/boutique\/"},{"@type":"ListItem","position":3,"name":"Nex"}]},{"@type":"WebSite","@id":"https:\/\/metrointeriors.ca\/#website","url":"https:\/\/metrointeriors.ca\/","name":"Metro Interiors","description":"Laissez-nous vous aider \u00e0 rafra\u00eechir votre espace de travail d&#039;entreprise","potentialAction":[{"@type":"SearchAction","target":{"@type":"EntryPoint","urlTemplate":"https:\/\/metrointeriors.ca\/?s={search_term_string}"},"query-input":{"@type":"PropertyValueSpecification","valueRequired":true,"valueName":"search_term_string"}}],"inLanguage":"fr-FR"}]}},"_links":{"self":[{"href":"https:\/\/metrointeriors.ca\/fr\/wp-json\/wp\/v2\/product\/2971","targetHints":{"allow":["GET"]}}],"collection":[{"href":"https:\/\/metrointeriors.ca\/fr\/wp-json\/wp\/v2\/product"}],"about":[{"href":"https:\/\/metrointeriors.ca\/fr\/wp-json\/wp\/v2\/types\/product"}],"replies":[{"embeddable":true,"href":"https:\/\/metrointeriors.ca\/fr\/wp-json\/wp\/v2\/comments?post=2971"}],"wp:featuredmedia":[{"embeddable":true,"href":"https:\/\/metrointeriors.ca\/fr\/wp-json\/wp\/v2\/media\/1907"}],"wp:attachment":[{"href":"https:\/\/metrointeriors.ca\/fr\/wp-json\/wp\/v2\/media?parent=2971"}],"wp:term":[{"taxonomy":"product_brand","embeddable":true,"href":"https:\/\/metrointeriors.ca\/fr\/wp-json\/wp\/v2\/product_brand?post=2971"},{"taxonomy":"product_cat","embeddable":true,"href":"https:\/\/metrointeriors.ca\/fr\/wp-json\/wp\/v2\/product_cat?post=2971"},{"taxonomy":"product_tag","embeddable":true,"href":"https:\/\/metrointeriors.ca\/fr\/wp-json\/wp\/v2\/product_tag?post=2971"}],"curies":[{"name":"wp","href":"https:\/\/api.w.org\/{rel}","templated":true}]}}