{"id":2969,"date":"2023-02-13T15:28:25","date_gmt":"2023-02-13T15:28:25","guid":{"rendered":"https:\/\/samsaragold.com\/product\/private-offices-groupe-lacasse-concept400\/"},"modified":"2023-09-16T10:29:17","modified_gmt":"2023-09-16T10:29:17","slug":"bureau-de-reception-groupe-lacasse-concept400","status":"publish","type":"product","link":"https:\/\/metrointeriors.ca\/fr\/produit\/bureau-de-reception-groupe-lacasse-concept400\/","title":{"rendered":"Concept 400E"},"content":{"rendered":"<h2 class=\"h4\">Une solution universelle<\/h2>\n<p>Avec au-del\u00e0 de 300 composantes \u00e0 coordonner, Concept 400E offre un large \u00e9ventail de solutions en mati\u00e8re d\u2019espace de travail, de rangement, de mobilier de r\u00e9ception et de salle de conf\u00e9rence. Les possibilit\u00e9s sont pratiquement infinies.<\/p>\n","protected":false},"excerpt":{"rendered":"<h3 class=\"h4\"><span style=\"color: #666666; font-size: 14px;\">Concept 400E propose une abondance de formes, de composantes et de finis.\u00a0<\/span><\/h3>\n","protected":false},"featured_media":1954,"comment_status":"closed","ping_status":"closed","template":"","meta":{"_et_pb_use_builder":"","_et_pb_old_content":"","_et_gb_content_width":""},"product_brand":[],"product_cat":[397,396],"product_tag":[398,399],"class_list":{"0":"post-2969","1":"product","2":"type-product","3":"status-publish","4":"has-post-thumbnail","6":"product_cat-private-offices-fr","7":"product_cat-bureau-de-reception-lacasse-fr","8":"product_tag-concept400-fr","9":"product_tag-private-ofiices-fr","11":"first","12":"instock","13":"product-type-simple"},"yoast_head":"<!-- This site is optimized with the Yoast SEO plugin v27.0 - https:\/\/yoast.com\/product\/yoast-seo-wordpress\/ -->\n<title>Concept 400E - Metro Interiors<\/title>\n<meta name=\"robots\" content=\"index, follow, max-snippet:-1, max-image-preview:large, max-video-preview:-1\" \/>\n<link rel=\"canonical\" href=\"https:\/\/metrointeriors.ca\/fr\/produit\/bureau-de-reception-groupe-lacasse-concept400\/\" \/>\n<meta property=\"og:locale\" content=\"fr_FR\" \/>\n<meta property=\"og:type\" content=\"article\" \/>\n<meta property=\"og:title\" content=\"Concept 400E - Metro Interiors\" \/>\n<meta property=\"og:description\" content=\"Concept 400E propose une abondance de formes, de composantes et de finis.\u00a0\" \/>\n<meta property=\"og:url\" content=\"https:\/\/metrointeriors.ca\/fr\/produit\/bureau-de-reception-groupe-lacasse-concept400\/\" \/>\n<meta property=\"og:site_name\" content=\"Metro Interiors\" \/>\n<meta property=\"article:modified_time\" content=\"2023-09-16T10:29:17+00:00\" \/>\n<meta property=\"og:image\" content=\"https:\/\/metrointeriors.ca\/wp-content\/uploads\/2023\/02\/01_2715_v_lacasse-concept-400e-concept-400e-plan23-1080sq.jpg\" \/>\n\t<meta property=\"og:image:width\" content=\"1080\" \/>\n\t<meta property=\"og:image:height\" content=\"1080\" \/>\n\t<meta property=\"og:image:type\" content=\"image\/jpeg\" \/>\n<meta name=\"twitter:card\" content=\"summary_large_image\" \/>\n<script type=\"application\/ld+json\" class=\"yoast-schema-graph\">{\"@context\":\"https:\/\/schema.org\",\"@graph\":[{\"@type\":\"WebPage\",\"@id\":\"https:\/\/metrointeriors.ca\/fr\/produit\/bureau-de-reception-groupe-lacasse-concept400\/\",\"url\":\"https:\/\/metrointeriors.ca\/fr\/produit\/bureau-de-reception-groupe-lacasse-concept400\/\",\"name\":\"Concept 400E - Metro Interiors\",\"isPartOf\":{\"@id\":\"https:\/\/metrointeriors.ca\/#website\"},\"primaryImageOfPage\":{\"@id\":\"https:\/\/metrointeriors.ca\/fr\/produit\/bureau-de-reception-groupe-lacasse-concept400\/#primaryimage\"},\"image\":{\"@id\":\"https:\/\/metrointeriors.ca\/fr\/produit\/bureau-de-reception-groupe-lacasse-concept400\/#primaryimage\"},\"thumbnailUrl\":\"https:\/\/metrointeriors.ca\/wp-content\/uploads\/2023\/02\/01_2715_v_lacasse-concept-400e-concept-400e-plan23-1080sq.jpg\",\"datePublished\":\"2023-02-13T15:28:25+00:00\",\"dateModified\":\"2023-09-16T10:29:17+00:00\",\"breadcrumb\":{\"@id\":\"https:\/\/metrointeriors.ca\/fr\/produit\/bureau-de-reception-groupe-lacasse-concept400\/#breadcrumb\"},\"inLanguage\":\"fr-FR\",\"potentialAction\":[{\"@type\":\"ReadAction\",\"target\":[\"https:\/\/metrointeriors.ca\/fr\/produit\/bureau-de-reception-groupe-lacasse-concept400\/\"]}]},{\"@type\":\"ImageObject\",\"inLanguage\":\"fr-FR\",\"@id\":\"https:\/\/metrointeriors.ca\/fr\/produit\/bureau-de-reception-groupe-lacasse-concept400\/#primaryimage\",\"url\":\"https:\/\/metrointeriors.ca\/wp-content\/uploads\/2023\/02\/01_2715_v_lacasse-concept-400e-concept-400e-plan23-1080sq.jpg\",\"contentUrl\":\"https:\/\/metrointeriors.ca\/wp-content\/uploads\/2023\/02\/01_2715_v_lacasse-concept-400e-concept-400e-plan23-1080sq.jpg\",\"width\":1080,\"height\":1080,\"caption\":\"lacasse concept 400\"},{\"@type\":\"BreadcrumbList\",\"@id\":\"https:\/\/metrointeriors.ca\/fr\/produit\/bureau-de-reception-groupe-lacasse-concept400\/#breadcrumb\",\"itemListElement\":[{\"@type\":\"ListItem\",\"position\":1,\"name\":\"Home\",\"item\":\"https:\/\/metrointeriors.ca\/fr\/\"},{\"@type\":\"ListItem\",\"position\":2,\"name\":\"Boutique\",\"item\":\"https:\/\/metrointeriors.ca\/fr\/boutique\/\"},{\"@type\":\"ListItem\",\"position\":3,\"name\":\"Concept 400E\"}]},{\"@type\":\"WebSite\",\"@id\":\"https:\/\/metrointeriors.ca\/#website\",\"url\":\"https:\/\/metrointeriors.ca\/\",\"name\":\"Metro Interiors\",\"description\":\"Laissez-nous vous aider \u00e0 rafra\u00eechir votre espace de travail d&#039;entreprise\",\"potentialAction\":[{\"@type\":\"SearchAction\",\"target\":{\"@type\":\"EntryPoint\",\"urlTemplate\":\"https:\/\/metrointeriors.ca\/?s={search_term_string}\"},\"query-input\":{\"@type\":\"PropertyValueSpecification\",\"valueRequired\":true,\"valueName\":\"search_term_string\"}}],\"inLanguage\":\"fr-FR\"}]}<\/script>\n<!-- \/ Yoast SEO plugin. -->","yoast_head_json":{"title":"Concept 400E - Metro Interiors","robots":{"index":"index","follow":"follow","max-snippet":"max-snippet:-1","max-image-preview":"max-image-preview:large","max-video-preview":"max-video-preview:-1"},"canonical":"https:\/\/metrointeriors.ca\/fr\/produit\/bureau-de-reception-groupe-lacasse-concept400\/","og_locale":"fr_FR","og_type":"article","og_title":"Concept 400E - Metro Interiors","og_description":"Concept 400E propose une abondance de formes, de composantes et de finis.\u00a0","og_url":"https:\/\/metrointeriors.ca\/fr\/produit\/bureau-de-reception-groupe-lacasse-concept400\/","og_site_name":"Metro Interiors","article_modified_time":"2023-09-16T10:29:17+00:00","og_image":[{"width":1080,"height":1080,"url":"https:\/\/metrointeriors.ca\/wp-content\/uploads\/2023\/02\/01_2715_v_lacasse-concept-400e-concept-400e-plan23-1080sq.jpg","type":"image\/jpeg"}],"twitter_card":"summary_large_image","schema":{"@context":"https:\/\/schema.org","@graph":[{"@type":"WebPage","@id":"https:\/\/metrointeriors.ca\/fr\/produit\/bureau-de-reception-groupe-lacasse-concept400\/","url":"https:\/\/metrointeriors.ca\/fr\/produit\/bureau-de-reception-groupe-lacasse-concept400\/","name":"Concept 400E - Metro Interiors","isPartOf":{"@id":"https:\/\/metrointeriors.ca\/#website"},"primaryImageOfPage":{"@id":"https:\/\/metrointeriors.ca\/fr\/produit\/bureau-de-reception-groupe-lacasse-concept400\/#primaryimage"},"image":{"@id":"https:\/\/metrointeriors.ca\/fr\/produit\/bureau-de-reception-groupe-lacasse-concept400\/#primaryimage"},"thumbnailUrl":"https:\/\/metrointeriors.ca\/wp-content\/uploads\/2023\/02\/01_2715_v_lacasse-concept-400e-concept-400e-plan23-1080sq.jpg","datePublished":"2023-02-13T15:28:25+00:00","dateModified":"2023-09-16T10:29:17+00:00","breadcrumb":{"@id":"https:\/\/metrointeriors.ca\/fr\/produit\/bureau-de-reception-groupe-lacasse-concept400\/#breadcrumb"},"inLanguage":"fr-FR","potentialAction":[{"@type":"ReadAction","target":["https:\/\/metrointeriors.ca\/fr\/produit\/bureau-de-reception-groupe-lacasse-concept400\/"]}]},{"@type":"ImageObject","inLanguage":"fr-FR","@id":"https:\/\/metrointeriors.ca\/fr\/produit\/bureau-de-reception-groupe-lacasse-concept400\/#primaryimage","url":"https:\/\/metrointeriors.ca\/wp-content\/uploads\/2023\/02\/01_2715_v_lacasse-concept-400e-concept-400e-plan23-1080sq.jpg","contentUrl":"https:\/\/metrointeriors.ca\/wp-content\/uploads\/2023\/02\/01_2715_v_lacasse-concept-400e-concept-400e-plan23-1080sq.jpg","width":1080,"height":1080,"caption":"lacasse concept 400"},{"@type":"BreadcrumbList","@id":"https:\/\/metrointeriors.ca\/fr\/produit\/bureau-de-reception-groupe-lacasse-concept400\/#breadcrumb","itemListElement":[{"@type":"ListItem","position":1,"name":"Home","item":"https:\/\/metrointeriors.ca\/fr\/"},{"@type":"ListItem","position":2,"name":"Boutique","item":"https:\/\/metrointeriors.ca\/fr\/boutique\/"},{"@type":"ListItem","position":3,"name":"Concept 400E"}]},{"@type":"WebSite","@id":"https:\/\/metrointeriors.ca\/#website","url":"https:\/\/metrointeriors.ca\/","name":"Metro Interiors","description":"Laissez-nous vous aider \u00e0 rafra\u00eechir votre espace de travail d&#039;entreprise","potentialAction":[{"@type":"SearchAction","target":{"@type":"EntryPoint","urlTemplate":"https:\/\/metrointeriors.ca\/?s={search_term_string}"},"query-input":{"@type":"PropertyValueSpecification","valueRequired":true,"valueName":"search_term_string"}}],"inLanguage":"fr-FR"}]}},"_links":{"self":[{"href":"https:\/\/metrointeriors.ca\/fr\/wp-json\/wp\/v2\/product\/2969","targetHints":{"allow":["GET"]}}],"collection":[{"href":"https:\/\/metrointeriors.ca\/fr\/wp-json\/wp\/v2\/product"}],"about":[{"href":"https:\/\/metrointeriors.ca\/fr\/wp-json\/wp\/v2\/types\/product"}],"replies":[{"embeddable":true,"href":"https:\/\/metrointeriors.ca\/fr\/wp-json\/wp\/v2\/comments?post=2969"}],"wp:featuredmedia":[{"embeddable":true,"href":"https:\/\/metrointeriors.ca\/fr\/wp-json\/wp\/v2\/media\/1954"}],"wp:attachment":[{"href":"https:\/\/metrointeriors.ca\/fr\/wp-json\/wp\/v2\/media?parent=2969"}],"wp:term":[{"taxonomy":"product_brand","embeddable":true,"href":"https:\/\/metrointeriors.ca\/fr\/wp-json\/wp\/v2\/product_brand?post=2969"},{"taxonomy":"product_cat","embeddable":true,"href":"https:\/\/metrointeriors.ca\/fr\/wp-json\/wp\/v2\/product_cat?post=2969"},{"taxonomy":"product_tag","embeddable":true,"href":"https:\/\/metrointeriors.ca\/fr\/wp-json\/wp\/v2\/product_tag?post=2969"}],"curies":[{"name":"wp","href":"https:\/\/api.w.org\/{rel}","templated":true}]}}