{"id":2966,"date":"2021-08-27T14:31:13","date_gmt":"2021-08-27T14:31:13","guid":{"rendered":"https:\/\/samsaragold.com\/product\/architectural-walls-phonebooths-ofs-obeya\/"},"modified":"2023-09-15T17:23:05","modified_gmt":"2023-09-15T17:23:05","slug":"murs-architecturaux-phonebooths-ofs-obeya","status":"publish","type":"product","link":"https:\/\/metrointeriors.ca\/fr\/produit\/murs-architecturaux-phonebooths-ofs-obeya\/","title":{"rendered":"Obeya"},"content":{"rendered":"<p>C\u2019est l\u2019essence fondamentale d\u2019Obeya. Gr\u00e2ce \u00e0 la richesse du bois, sa conception a \u00e9t\u00e9 con\u00e7ue pour simplifier et d\u00e9finir l&rsquo;espace. Les espaces con\u00e7us avec intention communiquent les attentes sans les prescrire pr\u00e9cis\u00e9ment. Obeya est un cadre qui rassemble les contextes et les personnes en cons\u00e9quence, sur la base des besoins humains d&rsquo;intimit\u00e9 et d&rsquo;appartenance.<\/p>\n","protected":false},"excerpt":{"rendered":"<p>Les cr\u00e9atifs vous diront qu&rsquo;un point de r\u00e9f\u00e9rence peut souvent produire bien plus de cr\u00e9ativit\u00e9 que de commencer avec une toile vierge.<\/p>\n","protected":false},"featured_media":2686,"comment_status":"closed","ping_status":"closed","template":"","meta":{"_et_pb_use_builder":"","_et_pb_old_content":"","_et_gb_content_width":""},"product_brand":[],"product_cat":[172,176],"product_tag":[393,395,392],"class_list":{"0":"post-2966","1":"product","2":"type-product","3":"status-publish","4":"has-post-thumbnail","6":"product_cat-cabines-panneaux-murs-fr","7":"product_cat-pbapw-ofs-fr","8":"product_tag-architectural-walls-phonebooths-fr","9":"product_tag-obeya-fr","10":"product_tag-ofs-fr","12":"first","13":"instock","14":"product-type-simple"},"yoast_head":"<!-- This site is optimized with the Yoast SEO plugin v27.0 - https:\/\/yoast.com\/product\/yoast-seo-wordpress\/ -->\n<title>Obeya - Metro Interiors<\/title>\n<meta name=\"robots\" content=\"index, follow, max-snippet:-1, max-image-preview:large, max-video-preview:-1\" \/>\n<link rel=\"canonical\" href=\"https:\/\/metrointeriors.ca\/fr\/produit\/murs-architecturaux-phonebooths-ofs-obeya\/\" \/>\n<meta property=\"og:locale\" content=\"fr_FR\" \/>\n<meta property=\"og:type\" content=\"article\" \/>\n<meta property=\"og:title\" content=\"Obeya - Metro Interiors\" \/>\n<meta property=\"og:description\" content=\"Les cr\u00e9atifs vous diront qu&#039;un point de r\u00e9f\u00e9rence peut souvent produire bien plus de cr\u00e9ativit\u00e9 que de commencer avec une toile vierge.\" \/>\n<meta property=\"og:url\" content=\"https:\/\/metrointeriors.ca\/fr\/produit\/murs-architecturaux-phonebooths-ofs-obeya\/\" \/>\n<meta property=\"og:site_name\" content=\"Metro Interiors\" \/>\n<meta property=\"article:modified_time\" content=\"2023-09-15T17:23:05+00:00\" \/>\n<meta property=\"og:image\" content=\"https:\/\/metrointeriors.ca\/wp-content\/uploads\/2021\/08\/booths-walls-ofs-obeya1.jpg\" \/>\n\t<meta property=\"og:image:width\" content=\"1080\" \/>\n\t<meta property=\"og:image:height\" content=\"1080\" \/>\n\t<meta property=\"og:image:type\" content=\"image\/jpeg\" \/>\n<meta name=\"twitter:card\" content=\"summary_large_image\" \/>\n<script type=\"application\/ld+json\" class=\"yoast-schema-graph\">{\"@context\":\"https:\/\/schema.org\",\"@graph\":[{\"@type\":\"WebPage\",\"@id\":\"https:\/\/metrointeriors.ca\/fr\/produit\/murs-architecturaux-phonebooths-ofs-obeya\/\",\"url\":\"https:\/\/metrointeriors.ca\/fr\/produit\/murs-architecturaux-phonebooths-ofs-obeya\/\",\"name\":\"Obeya - Metro Interiors\",\"isPartOf\":{\"@id\":\"https:\/\/metrointeriors.ca\/#website\"},\"primaryImageOfPage\":{\"@id\":\"https:\/\/metrointeriors.ca\/fr\/produit\/murs-architecturaux-phonebooths-ofs-obeya\/#primaryimage\"},\"image\":{\"@id\":\"https:\/\/metrointeriors.ca\/fr\/produit\/murs-architecturaux-phonebooths-ofs-obeya\/#primaryimage\"},\"thumbnailUrl\":\"https:\/\/metrointeriors.ca\/wp-content\/uploads\/2021\/08\/booths-walls-ofs-obeya1.jpg\",\"datePublished\":\"2021-08-27T14:31:13+00:00\",\"dateModified\":\"2023-09-15T17:23:05+00:00\",\"breadcrumb\":{\"@id\":\"https:\/\/metrointeriors.ca\/fr\/produit\/murs-architecturaux-phonebooths-ofs-obeya\/#breadcrumb\"},\"inLanguage\":\"fr-FR\",\"potentialAction\":[{\"@type\":\"ReadAction\",\"target\":[\"https:\/\/metrointeriors.ca\/fr\/produit\/murs-architecturaux-phonebooths-ofs-obeya\/\"]}]},{\"@type\":\"ImageObject\",\"inLanguage\":\"fr-FR\",\"@id\":\"https:\/\/metrointeriors.ca\/fr\/produit\/murs-architecturaux-phonebooths-ofs-obeya\/#primaryimage\",\"url\":\"https:\/\/metrointeriors.ca\/wp-content\/uploads\/2021\/08\/booths-walls-ofs-obeya1.jpg\",\"contentUrl\":\"https:\/\/metrointeriors.ca\/wp-content\/uploads\/2021\/08\/booths-walls-ofs-obeya1.jpg\",\"width\":1080,\"height\":1080,\"caption\":\"booths-walls-ofs-obeya\"},{\"@type\":\"BreadcrumbList\",\"@id\":\"https:\/\/metrointeriors.ca\/fr\/produit\/murs-architecturaux-phonebooths-ofs-obeya\/#breadcrumb\",\"itemListElement\":[{\"@type\":\"ListItem\",\"position\":1,\"name\":\"Home\",\"item\":\"https:\/\/metrointeriors.ca\/fr\/\"},{\"@type\":\"ListItem\",\"position\":2,\"name\":\"Boutique\",\"item\":\"https:\/\/metrointeriors.ca\/fr\/boutique\/\"},{\"@type\":\"ListItem\",\"position\":3,\"name\":\"Obeya\"}]},{\"@type\":\"WebSite\",\"@id\":\"https:\/\/metrointeriors.ca\/#website\",\"url\":\"https:\/\/metrointeriors.ca\/\",\"name\":\"Metro Interiors\",\"description\":\"Laissez-nous vous aider \u00e0 rafra\u00eechir votre espace de travail d&#039;entreprise\",\"potentialAction\":[{\"@type\":\"SearchAction\",\"target\":{\"@type\":\"EntryPoint\",\"urlTemplate\":\"https:\/\/metrointeriors.ca\/?s={search_term_string}\"},\"query-input\":{\"@type\":\"PropertyValueSpecification\",\"valueRequired\":true,\"valueName\":\"search_term_string\"}}],\"inLanguage\":\"fr-FR\"}]}<\/script>\n<!-- \/ Yoast SEO plugin. -->","yoast_head_json":{"title":"Obeya - Metro Interiors","robots":{"index":"index","follow":"follow","max-snippet":"max-snippet:-1","max-image-preview":"max-image-preview:large","max-video-preview":"max-video-preview:-1"},"canonical":"https:\/\/metrointeriors.ca\/fr\/produit\/murs-architecturaux-phonebooths-ofs-obeya\/","og_locale":"fr_FR","og_type":"article","og_title":"Obeya - Metro Interiors","og_description":"Les cr\u00e9atifs vous diront qu'un point de r\u00e9f\u00e9rence peut souvent produire bien plus de cr\u00e9ativit\u00e9 que de commencer avec une toile vierge.","og_url":"https:\/\/metrointeriors.ca\/fr\/produit\/murs-architecturaux-phonebooths-ofs-obeya\/","og_site_name":"Metro Interiors","article_modified_time":"2023-09-15T17:23:05+00:00","og_image":[{"width":1080,"height":1080,"url":"https:\/\/metrointeriors.ca\/wp-content\/uploads\/2021\/08\/booths-walls-ofs-obeya1.jpg","type":"image\/jpeg"}],"twitter_card":"summary_large_image","schema":{"@context":"https:\/\/schema.org","@graph":[{"@type":"WebPage","@id":"https:\/\/metrointeriors.ca\/fr\/produit\/murs-architecturaux-phonebooths-ofs-obeya\/","url":"https:\/\/metrointeriors.ca\/fr\/produit\/murs-architecturaux-phonebooths-ofs-obeya\/","name":"Obeya - Metro Interiors","isPartOf":{"@id":"https:\/\/metrointeriors.ca\/#website"},"primaryImageOfPage":{"@id":"https:\/\/metrointeriors.ca\/fr\/produit\/murs-architecturaux-phonebooths-ofs-obeya\/#primaryimage"},"image":{"@id":"https:\/\/metrointeriors.ca\/fr\/produit\/murs-architecturaux-phonebooths-ofs-obeya\/#primaryimage"},"thumbnailUrl":"https:\/\/metrointeriors.ca\/wp-content\/uploads\/2021\/08\/booths-walls-ofs-obeya1.jpg","datePublished":"2021-08-27T14:31:13+00:00","dateModified":"2023-09-15T17:23:05+00:00","breadcrumb":{"@id":"https:\/\/metrointeriors.ca\/fr\/produit\/murs-architecturaux-phonebooths-ofs-obeya\/#breadcrumb"},"inLanguage":"fr-FR","potentialAction":[{"@type":"ReadAction","target":["https:\/\/metrointeriors.ca\/fr\/produit\/murs-architecturaux-phonebooths-ofs-obeya\/"]}]},{"@type":"ImageObject","inLanguage":"fr-FR","@id":"https:\/\/metrointeriors.ca\/fr\/produit\/murs-architecturaux-phonebooths-ofs-obeya\/#primaryimage","url":"https:\/\/metrointeriors.ca\/wp-content\/uploads\/2021\/08\/booths-walls-ofs-obeya1.jpg","contentUrl":"https:\/\/metrointeriors.ca\/wp-content\/uploads\/2021\/08\/booths-walls-ofs-obeya1.jpg","width":1080,"height":1080,"caption":"booths-walls-ofs-obeya"},{"@type":"BreadcrumbList","@id":"https:\/\/metrointeriors.ca\/fr\/produit\/murs-architecturaux-phonebooths-ofs-obeya\/#breadcrumb","itemListElement":[{"@type":"ListItem","position":1,"name":"Home","item":"https:\/\/metrointeriors.ca\/fr\/"},{"@type":"ListItem","position":2,"name":"Boutique","item":"https:\/\/metrointeriors.ca\/fr\/boutique\/"},{"@type":"ListItem","position":3,"name":"Obeya"}]},{"@type":"WebSite","@id":"https:\/\/metrointeriors.ca\/#website","url":"https:\/\/metrointeriors.ca\/","name":"Metro Interiors","description":"Laissez-nous vous aider \u00e0 rafra\u00eechir votre espace de travail d&#039;entreprise","potentialAction":[{"@type":"SearchAction","target":{"@type":"EntryPoint","urlTemplate":"https:\/\/metrointeriors.ca\/?s={search_term_string}"},"query-input":{"@type":"PropertyValueSpecification","valueRequired":true,"valueName":"search_term_string"}}],"inLanguage":"fr-FR"}]}},"_links":{"self":[{"href":"https:\/\/metrointeriors.ca\/fr\/wp-json\/wp\/v2\/product\/2966","targetHints":{"allow":["GET"]}}],"collection":[{"href":"https:\/\/metrointeriors.ca\/fr\/wp-json\/wp\/v2\/product"}],"about":[{"href":"https:\/\/metrointeriors.ca\/fr\/wp-json\/wp\/v2\/types\/product"}],"replies":[{"embeddable":true,"href":"https:\/\/metrointeriors.ca\/fr\/wp-json\/wp\/v2\/comments?post=2966"}],"wp:featuredmedia":[{"embeddable":true,"href":"https:\/\/metrointeriors.ca\/fr\/wp-json\/wp\/v2\/media\/2686"}],"wp:attachment":[{"href":"https:\/\/metrointeriors.ca\/fr\/wp-json\/wp\/v2\/media?parent=2966"}],"wp:term":[{"taxonomy":"product_brand","embeddable":true,"href":"https:\/\/metrointeriors.ca\/fr\/wp-json\/wp\/v2\/product_brand?post=2966"},{"taxonomy":"product_cat","embeddable":true,"href":"https:\/\/metrointeriors.ca\/fr\/wp-json\/wp\/v2\/product_cat?post=2966"},{"taxonomy":"product_tag","embeddable":true,"href":"https:\/\/metrointeriors.ca\/fr\/wp-json\/wp\/v2\/product_tag?post=2966"}],"curies":[{"name":"wp","href":"https:\/\/api.w.org\/{rel}","templated":true}]}}