{"id":2963,"date":"2021-08-27T14:31:13","date_gmt":"2021-08-27T14:31:13","guid":{"rendered":"https:\/\/samsaragold.com\/product\/architectural-walls-phonebooths-ofs-heya\/"},"modified":"2023-09-15T17:17:23","modified_gmt":"2023-09-15T17:17:23","slug":"murs-architecturaux-phonebooths-ofs-heya","status":"publish","type":"product","link":"https:\/\/metrointeriors.ca\/fr\/produit\/murs-architecturaux-phonebooths-ofs-heya\/","title":{"rendered":"Heya"},"content":{"rendered":"<p>Le designer Roger Webb a cr\u00e9\u00e9 Heya pour former des espaces plus petits au sein d&rsquo;un environnement. Pour les individus, Heya cr\u00e9e un lieu o\u00f9 les gens peuvent s&rsquo;\u00e9vader, r\u00e9fl\u00e9chir et respirer. Pour les groupes, Heya cr\u00e9e un lieu permettant aux gens de collaborer et de se connecter \u00e9troitement. Nous avons m\u00eame amen\u00e9 Heya \u00e0 un niveau plus portable avec Heya mobile, cr\u00e9ant ainsi la possibilit\u00e9 d&rsquo;ajuster l&rsquo;espace en fonction des besoins des employ\u00e9s tout au long de la journ\u00e9e. Le confort et la douceur visuelle de Heya permettent \u00e0 ces petites pi\u00e8ces de s\u2019int\u00e9grer parfaitement au bureau, tout en offrant la proximit\u00e9 et l\u2019intimit\u00e9 dont les gens ont besoin pour vraiment se concentrer.<\/p>\n","protected":false},"excerpt":{"rendered":"<p>En japonais, Heya signifie \u00ab petite pi\u00e8ce \u00bb.<\/p>\n","protected":false},"featured_media":2663,"comment_status":"closed","ping_status":"closed","template":"","meta":{"_et_pb_use_builder":"","_et_pb_old_content":"","_et_gb_content_width":""},"product_brand":[],"product_cat":[172,176],"product_tag":[385,391,392,377],"class_list":{"0":"post-2963","1":"product","2":"type-product","3":"status-publish","4":"has-post-thumbnail","6":"product_cat-cabines-panneaux-murs-fr","7":"product_cat-pbapw-ofs-fr","8":"product_tag-architectural-walls-fr","9":"product_tag-heya-fr","10":"product_tag-ofs-fr","11":"product_tag-phonebooths-fr","13":"first","14":"instock","15":"product-type-simple"},"yoast_head":"<!-- This site is optimized with the Yoast SEO plugin v27.0 - https:\/\/yoast.com\/product\/yoast-seo-wordpress\/ -->\n<title>Heya - Metro Interiors<\/title>\n<meta name=\"robots\" content=\"index, follow, max-snippet:-1, max-image-preview:large, max-video-preview:-1\" \/>\n<link rel=\"canonical\" href=\"https:\/\/metrointeriors.ca\/fr\/produit\/murs-architecturaux-phonebooths-ofs-heya\/\" \/>\n<meta property=\"og:locale\" content=\"fr_FR\" \/>\n<meta property=\"og:type\" content=\"article\" \/>\n<meta property=\"og:title\" content=\"Heya - Metro Interiors\" \/>\n<meta property=\"og:description\" content=\"En japonais, Heya signifie \u00ab petite pi\u00e8ce \u00bb.\" \/>\n<meta property=\"og:url\" content=\"https:\/\/metrointeriors.ca\/fr\/produit\/murs-architecturaux-phonebooths-ofs-heya\/\" \/>\n<meta property=\"og:site_name\" content=\"Metro Interiors\" \/>\n<meta property=\"article:modified_time\" content=\"2023-09-15T17:17:23+00:00\" \/>\n<meta property=\"og:image\" content=\"https:\/\/metrointeriors.ca\/wp-content\/uploads\/2021\/08\/booths-walls-ofs-heya1.jpg\" \/>\n\t<meta property=\"og:image:width\" content=\"1080\" \/>\n\t<meta property=\"og:image:height\" content=\"1080\" \/>\n\t<meta property=\"og:image:type\" content=\"image\/jpeg\" \/>\n<meta name=\"twitter:card\" content=\"summary_large_image\" \/>\n<meta name=\"twitter:label1\" content=\"Dur\u00e9e de lecture estim\u00e9e\" \/>\n\t<meta name=\"twitter:data1\" content=\"1 minute\" \/>\n<script type=\"application\/ld+json\" class=\"yoast-schema-graph\">{\"@context\":\"https:\/\/schema.org\",\"@graph\":[{\"@type\":\"WebPage\",\"@id\":\"https:\/\/metrointeriors.ca\/fr\/produit\/murs-architecturaux-phonebooths-ofs-heya\/\",\"url\":\"https:\/\/metrointeriors.ca\/fr\/produit\/murs-architecturaux-phonebooths-ofs-heya\/\",\"name\":\"Heya - Metro Interiors\",\"isPartOf\":{\"@id\":\"https:\/\/metrointeriors.ca\/#website\"},\"primaryImageOfPage\":{\"@id\":\"https:\/\/metrointeriors.ca\/fr\/produit\/murs-architecturaux-phonebooths-ofs-heya\/#primaryimage\"},\"image\":{\"@id\":\"https:\/\/metrointeriors.ca\/fr\/produit\/murs-architecturaux-phonebooths-ofs-heya\/#primaryimage\"},\"thumbnailUrl\":\"https:\/\/metrointeriors.ca\/wp-content\/uploads\/2021\/08\/booths-walls-ofs-heya1.jpg\",\"datePublished\":\"2021-08-27T14:31:13+00:00\",\"dateModified\":\"2023-09-15T17:17:23+00:00\",\"breadcrumb\":{\"@id\":\"https:\/\/metrointeriors.ca\/fr\/produit\/murs-architecturaux-phonebooths-ofs-heya\/#breadcrumb\"},\"inLanguage\":\"fr-FR\",\"potentialAction\":[{\"@type\":\"ReadAction\",\"target\":[\"https:\/\/metrointeriors.ca\/fr\/produit\/murs-architecturaux-phonebooths-ofs-heya\/\"]}]},{\"@type\":\"ImageObject\",\"inLanguage\":\"fr-FR\",\"@id\":\"https:\/\/metrointeriors.ca\/fr\/produit\/murs-architecturaux-phonebooths-ofs-heya\/#primaryimage\",\"url\":\"https:\/\/metrointeriors.ca\/wp-content\/uploads\/2021\/08\/booths-walls-ofs-heya1.jpg\",\"contentUrl\":\"https:\/\/metrointeriors.ca\/wp-content\/uploads\/2021\/08\/booths-walls-ofs-heya1.jpg\",\"width\":1080,\"height\":1080},{\"@type\":\"BreadcrumbList\",\"@id\":\"https:\/\/metrointeriors.ca\/fr\/produit\/murs-architecturaux-phonebooths-ofs-heya\/#breadcrumb\",\"itemListElement\":[{\"@type\":\"ListItem\",\"position\":1,\"name\":\"Home\",\"item\":\"https:\/\/metrointeriors.ca\/fr\/\"},{\"@type\":\"ListItem\",\"position\":2,\"name\":\"Boutique\",\"item\":\"https:\/\/metrointeriors.ca\/fr\/boutique\/\"},{\"@type\":\"ListItem\",\"position\":3,\"name\":\"Heya\"}]},{\"@type\":\"WebSite\",\"@id\":\"https:\/\/metrointeriors.ca\/#website\",\"url\":\"https:\/\/metrointeriors.ca\/\",\"name\":\"Metro Interiors\",\"description\":\"Laissez-nous vous aider \u00e0 rafra\u00eechir votre espace de travail d&#039;entreprise\",\"potentialAction\":[{\"@type\":\"SearchAction\",\"target\":{\"@type\":\"EntryPoint\",\"urlTemplate\":\"https:\/\/metrointeriors.ca\/?s={search_term_string}\"},\"query-input\":{\"@type\":\"PropertyValueSpecification\",\"valueRequired\":true,\"valueName\":\"search_term_string\"}}],\"inLanguage\":\"fr-FR\"}]}<\/script>\n<!-- \/ Yoast SEO plugin. -->","yoast_head_json":{"title":"Heya - Metro Interiors","robots":{"index":"index","follow":"follow","max-snippet":"max-snippet:-1","max-image-preview":"max-image-preview:large","max-video-preview":"max-video-preview:-1"},"canonical":"https:\/\/metrointeriors.ca\/fr\/produit\/murs-architecturaux-phonebooths-ofs-heya\/","og_locale":"fr_FR","og_type":"article","og_title":"Heya - Metro Interiors","og_description":"En japonais, Heya signifie \u00ab petite pi\u00e8ce \u00bb.","og_url":"https:\/\/metrointeriors.ca\/fr\/produit\/murs-architecturaux-phonebooths-ofs-heya\/","og_site_name":"Metro Interiors","article_modified_time":"2023-09-15T17:17:23+00:00","og_image":[{"width":1080,"height":1080,"url":"https:\/\/metrointeriors.ca\/wp-content\/uploads\/2021\/08\/booths-walls-ofs-heya1.jpg","type":"image\/jpeg"}],"twitter_card":"summary_large_image","twitter_misc":{"Dur\u00e9e de lecture estim\u00e9e":"1 minute"},"schema":{"@context":"https:\/\/schema.org","@graph":[{"@type":"WebPage","@id":"https:\/\/metrointeriors.ca\/fr\/produit\/murs-architecturaux-phonebooths-ofs-heya\/","url":"https:\/\/metrointeriors.ca\/fr\/produit\/murs-architecturaux-phonebooths-ofs-heya\/","name":"Heya - Metro Interiors","isPartOf":{"@id":"https:\/\/metrointeriors.ca\/#website"},"primaryImageOfPage":{"@id":"https:\/\/metrointeriors.ca\/fr\/produit\/murs-architecturaux-phonebooths-ofs-heya\/#primaryimage"},"image":{"@id":"https:\/\/metrointeriors.ca\/fr\/produit\/murs-architecturaux-phonebooths-ofs-heya\/#primaryimage"},"thumbnailUrl":"https:\/\/metrointeriors.ca\/wp-content\/uploads\/2021\/08\/booths-walls-ofs-heya1.jpg","datePublished":"2021-08-27T14:31:13+00:00","dateModified":"2023-09-15T17:17:23+00:00","breadcrumb":{"@id":"https:\/\/metrointeriors.ca\/fr\/produit\/murs-architecturaux-phonebooths-ofs-heya\/#breadcrumb"},"inLanguage":"fr-FR","potentialAction":[{"@type":"ReadAction","target":["https:\/\/metrointeriors.ca\/fr\/produit\/murs-architecturaux-phonebooths-ofs-heya\/"]}]},{"@type":"ImageObject","inLanguage":"fr-FR","@id":"https:\/\/metrointeriors.ca\/fr\/produit\/murs-architecturaux-phonebooths-ofs-heya\/#primaryimage","url":"https:\/\/metrointeriors.ca\/wp-content\/uploads\/2021\/08\/booths-walls-ofs-heya1.jpg","contentUrl":"https:\/\/metrointeriors.ca\/wp-content\/uploads\/2021\/08\/booths-walls-ofs-heya1.jpg","width":1080,"height":1080},{"@type":"BreadcrumbList","@id":"https:\/\/metrointeriors.ca\/fr\/produit\/murs-architecturaux-phonebooths-ofs-heya\/#breadcrumb","itemListElement":[{"@type":"ListItem","position":1,"name":"Home","item":"https:\/\/metrointeriors.ca\/fr\/"},{"@type":"ListItem","position":2,"name":"Boutique","item":"https:\/\/metrointeriors.ca\/fr\/boutique\/"},{"@type":"ListItem","position":3,"name":"Heya"}]},{"@type":"WebSite","@id":"https:\/\/metrointeriors.ca\/#website","url":"https:\/\/metrointeriors.ca\/","name":"Metro Interiors","description":"Laissez-nous vous aider \u00e0 rafra\u00eechir votre espace de travail d&#039;entreprise","potentialAction":[{"@type":"SearchAction","target":{"@type":"EntryPoint","urlTemplate":"https:\/\/metrointeriors.ca\/?s={search_term_string}"},"query-input":{"@type":"PropertyValueSpecification","valueRequired":true,"valueName":"search_term_string"}}],"inLanguage":"fr-FR"}]}},"_links":{"self":[{"href":"https:\/\/metrointeriors.ca\/fr\/wp-json\/wp\/v2\/product\/2963","targetHints":{"allow":["GET"]}}],"collection":[{"href":"https:\/\/metrointeriors.ca\/fr\/wp-json\/wp\/v2\/product"}],"about":[{"href":"https:\/\/metrointeriors.ca\/fr\/wp-json\/wp\/v2\/types\/product"}],"replies":[{"embeddable":true,"href":"https:\/\/metrointeriors.ca\/fr\/wp-json\/wp\/v2\/comments?post=2963"}],"wp:featuredmedia":[{"embeddable":true,"href":"https:\/\/metrointeriors.ca\/fr\/wp-json\/wp\/v2\/media\/2663"}],"wp:attachment":[{"href":"https:\/\/metrointeriors.ca\/fr\/wp-json\/wp\/v2\/media?parent=2963"}],"wp:term":[{"taxonomy":"product_brand","embeddable":true,"href":"https:\/\/metrointeriors.ca\/fr\/wp-json\/wp\/v2\/product_brand?post=2963"},{"taxonomy":"product_cat","embeddable":true,"href":"https:\/\/metrointeriors.ca\/fr\/wp-json\/wp\/v2\/product_cat?post=2963"},{"taxonomy":"product_tag","embeddable":true,"href":"https:\/\/metrointeriors.ca\/fr\/wp-json\/wp\/v2\/product_tag?post=2963"}],"curies":[{"name":"wp","href":"https:\/\/api.w.org\/{rel}","templated":true}]}}