{"id":2961,"date":"2021-08-27T14:31:08","date_gmt":"2021-08-27T14:31:08","guid":{"rendered":"https:\/\/samsaragold.com\/product\/architectural-walls-ki-wiggleroom\/"},"modified":"2023-09-15T17:12:55","modified_gmt":"2023-09-15T17:12:55","slug":"murs-architecturaux-ki-wiggleroom","status":"publish","type":"product","link":"https:\/\/metrointeriors.ca\/fr\/produit\/murs-architecturaux-ki-wiggleroom\/","title":{"rendered":"Wiggleroom"},"content":{"rendered":"<p>Choisissez parmi une gamme d&rsquo;options pour les mat\u00e9riaux de panneaux, les surfaces, les si\u00e8ges et les accessoires qui am\u00e9liorent le confort et la productivit\u00e9 dans un espace de travail compact.<\/p>\n<h2>Un peu d&rsquo;espace<\/h2>\n<p>WiggleRoom apporte de l&rsquo;\u00e9quilibre aux environnements en cr\u00e9ant une option individuelle et sans distraction au sein de l&rsquo;unit\u00e9 des espaces ouverts. Dot\u00e9 d&rsquo;excellentes propri\u00e9t\u00e9s acoustiques, WiggleRoom favorise l&rsquo;intimit\u00e9 gr\u00e2ce \u00e0 des panneaux insonorisants et une porte scell\u00e9e magn\u00e9tiquement. Donc vas-y! Prenez cet appel t\u00e9l\u00e9phonique, organisez une vid\u00e9oconf\u00e9rence en t\u00eate-\u00e0-t\u00eate ou concentrez-vous, r\u00e9fl\u00e9chissez, r\u00eavez, cr\u00e9ez.<\/p>\n","protected":false},"excerpt":{"rendered":"<p>Tout d\u00e9pend de la fa\u00e7on dont cela fonctionne pour vous. \u00c0 l\u2019int\u00e9rieur, WiggleRoom offre bien plus qu\u2019une simple zone sans distraction.<\/p>\n","protected":false},"featured_media":2651,"comment_status":"closed","ping_status":"closed","template":"","meta":{"_et_pb_use_builder":"","_et_pb_old_content":"","_et_gb_content_width":""},"product_brand":[],"product_cat":[172,175],"product_tag":[385,390],"class_list":{"0":"post-2961","1":"product","2":"type-product","3":"status-publish","4":"has-post-thumbnail","6":"product_cat-cabines-panneaux-murs-fr","7":"product_cat-pbapw-ki-fr","8":"product_tag-architectural-walls-fr","9":"product_tag-ki-wiggleroom-fr","11":"first","12":"instock","13":"product-type-simple"},"yoast_head":"<!-- This site is optimized with the Yoast SEO plugin v27.0 - https:\/\/yoast.com\/product\/yoast-seo-wordpress\/ -->\n<title>Wiggleroom - Metro Interiors<\/title>\n<meta name=\"robots\" content=\"index, follow, max-snippet:-1, max-image-preview:large, max-video-preview:-1\" \/>\n<link rel=\"canonical\" href=\"https:\/\/metrointeriors.ca\/fr\/produit\/murs-architecturaux-ki-wiggleroom\/\" \/>\n<meta property=\"og:locale\" content=\"fr_FR\" \/>\n<meta property=\"og:type\" content=\"article\" \/>\n<meta property=\"og:title\" content=\"Wiggleroom - Metro Interiors\" \/>\n<meta property=\"og:description\" content=\"Tout d\u00e9pend de la fa\u00e7on dont cela fonctionne pour vous. \u00c0 l\u2019int\u00e9rieur, WiggleRoom offre bien plus qu\u2019une simple zone sans distraction.\" \/>\n<meta property=\"og:url\" content=\"https:\/\/metrointeriors.ca\/fr\/produit\/murs-architecturaux-ki-wiggleroom\/\" \/>\n<meta property=\"og:site_name\" content=\"Metro Interiors\" \/>\n<meta property=\"article:modified_time\" content=\"2023-09-15T17:12:55+00:00\" \/>\n<meta property=\"og:image\" content=\"https:\/\/metrointeriors.ca\/wp-content\/uploads\/2021\/08\/KI-walls-wiggleroom6.jpg\" \/>\n\t<meta property=\"og:image:width\" content=\"1080\" \/>\n\t<meta property=\"og:image:height\" content=\"1080\" \/>\n\t<meta property=\"og:image:type\" content=\"image\/jpeg\" \/>\n<meta name=\"twitter:card\" content=\"summary_large_image\" \/>\n<meta name=\"twitter:label1\" content=\"Dur\u00e9e de lecture estim\u00e9e\" \/>\n\t<meta name=\"twitter:data1\" content=\"1 minute\" \/>\n<script type=\"application\/ld+json\" class=\"yoast-schema-graph\">{\"@context\":\"https:\/\/schema.org\",\"@graph\":[{\"@type\":\"WebPage\",\"@id\":\"https:\/\/metrointeriors.ca\/fr\/produit\/murs-architecturaux-ki-wiggleroom\/\",\"url\":\"https:\/\/metrointeriors.ca\/fr\/produit\/murs-architecturaux-ki-wiggleroom\/\",\"name\":\"Wiggleroom - Metro Interiors\",\"isPartOf\":{\"@id\":\"https:\/\/metrointeriors.ca\/#website\"},\"primaryImageOfPage\":{\"@id\":\"https:\/\/metrointeriors.ca\/fr\/produit\/murs-architecturaux-ki-wiggleroom\/#primaryimage\"},\"image\":{\"@id\":\"https:\/\/metrointeriors.ca\/fr\/produit\/murs-architecturaux-ki-wiggleroom\/#primaryimage\"},\"thumbnailUrl\":\"https:\/\/metrointeriors.ca\/wp-content\/uploads\/2021\/08\/KI-walls-wiggleroom6.jpg\",\"datePublished\":\"2021-08-27T14:31:08+00:00\",\"dateModified\":\"2023-09-15T17:12:55+00:00\",\"breadcrumb\":{\"@id\":\"https:\/\/metrointeriors.ca\/fr\/produit\/murs-architecturaux-ki-wiggleroom\/#breadcrumb\"},\"inLanguage\":\"fr-FR\",\"potentialAction\":[{\"@type\":\"ReadAction\",\"target\":[\"https:\/\/metrointeriors.ca\/fr\/produit\/murs-architecturaux-ki-wiggleroom\/\"]}]},{\"@type\":\"ImageObject\",\"inLanguage\":\"fr-FR\",\"@id\":\"https:\/\/metrointeriors.ca\/fr\/produit\/murs-architecturaux-ki-wiggleroom\/#primaryimage\",\"url\":\"https:\/\/metrointeriors.ca\/wp-content\/uploads\/2021\/08\/KI-walls-wiggleroom6.jpg\",\"contentUrl\":\"https:\/\/metrointeriors.ca\/wp-content\/uploads\/2021\/08\/KI-walls-wiggleroom6.jpg\",\"width\":1080,\"height\":1080,\"caption\":\"KI-walls-wiggleroom\"},{\"@type\":\"BreadcrumbList\",\"@id\":\"https:\/\/metrointeriors.ca\/fr\/produit\/murs-architecturaux-ki-wiggleroom\/#breadcrumb\",\"itemListElement\":[{\"@type\":\"ListItem\",\"position\":1,\"name\":\"Home\",\"item\":\"https:\/\/metrointeriors.ca\/fr\/\"},{\"@type\":\"ListItem\",\"position\":2,\"name\":\"Boutique\",\"item\":\"https:\/\/metrointeriors.ca\/fr\/boutique\/\"},{\"@type\":\"ListItem\",\"position\":3,\"name\":\"Wiggleroom\"}]},{\"@type\":\"WebSite\",\"@id\":\"https:\/\/metrointeriors.ca\/#website\",\"url\":\"https:\/\/metrointeriors.ca\/\",\"name\":\"Metro Interiors\",\"description\":\"Laissez-nous vous aider \u00e0 rafra\u00eechir votre espace de travail d&#039;entreprise\",\"potentialAction\":[{\"@type\":\"SearchAction\",\"target\":{\"@type\":\"EntryPoint\",\"urlTemplate\":\"https:\/\/metrointeriors.ca\/?s={search_term_string}\"},\"query-input\":{\"@type\":\"PropertyValueSpecification\",\"valueRequired\":true,\"valueName\":\"search_term_string\"}}],\"inLanguage\":\"fr-FR\"}]}<\/script>\n<!-- \/ Yoast SEO plugin. -->","yoast_head_json":{"title":"Wiggleroom - Metro Interiors","robots":{"index":"index","follow":"follow","max-snippet":"max-snippet:-1","max-image-preview":"max-image-preview:large","max-video-preview":"max-video-preview:-1"},"canonical":"https:\/\/metrointeriors.ca\/fr\/produit\/murs-architecturaux-ki-wiggleroom\/","og_locale":"fr_FR","og_type":"article","og_title":"Wiggleroom - Metro Interiors","og_description":"Tout d\u00e9pend de la fa\u00e7on dont cela fonctionne pour vous. \u00c0 l\u2019int\u00e9rieur, WiggleRoom offre bien plus qu\u2019une simple zone sans distraction.","og_url":"https:\/\/metrointeriors.ca\/fr\/produit\/murs-architecturaux-ki-wiggleroom\/","og_site_name":"Metro Interiors","article_modified_time":"2023-09-15T17:12:55+00:00","og_image":[{"width":1080,"height":1080,"url":"https:\/\/metrointeriors.ca\/wp-content\/uploads\/2021\/08\/KI-walls-wiggleroom6.jpg","type":"image\/jpeg"}],"twitter_card":"summary_large_image","twitter_misc":{"Dur\u00e9e de lecture estim\u00e9e":"1 minute"},"schema":{"@context":"https:\/\/schema.org","@graph":[{"@type":"WebPage","@id":"https:\/\/metrointeriors.ca\/fr\/produit\/murs-architecturaux-ki-wiggleroom\/","url":"https:\/\/metrointeriors.ca\/fr\/produit\/murs-architecturaux-ki-wiggleroom\/","name":"Wiggleroom - Metro Interiors","isPartOf":{"@id":"https:\/\/metrointeriors.ca\/#website"},"primaryImageOfPage":{"@id":"https:\/\/metrointeriors.ca\/fr\/produit\/murs-architecturaux-ki-wiggleroom\/#primaryimage"},"image":{"@id":"https:\/\/metrointeriors.ca\/fr\/produit\/murs-architecturaux-ki-wiggleroom\/#primaryimage"},"thumbnailUrl":"https:\/\/metrointeriors.ca\/wp-content\/uploads\/2021\/08\/KI-walls-wiggleroom6.jpg","datePublished":"2021-08-27T14:31:08+00:00","dateModified":"2023-09-15T17:12:55+00:00","breadcrumb":{"@id":"https:\/\/metrointeriors.ca\/fr\/produit\/murs-architecturaux-ki-wiggleroom\/#breadcrumb"},"inLanguage":"fr-FR","potentialAction":[{"@type":"ReadAction","target":["https:\/\/metrointeriors.ca\/fr\/produit\/murs-architecturaux-ki-wiggleroom\/"]}]},{"@type":"ImageObject","inLanguage":"fr-FR","@id":"https:\/\/metrointeriors.ca\/fr\/produit\/murs-architecturaux-ki-wiggleroom\/#primaryimage","url":"https:\/\/metrointeriors.ca\/wp-content\/uploads\/2021\/08\/KI-walls-wiggleroom6.jpg","contentUrl":"https:\/\/metrointeriors.ca\/wp-content\/uploads\/2021\/08\/KI-walls-wiggleroom6.jpg","width":1080,"height":1080,"caption":"KI-walls-wiggleroom"},{"@type":"BreadcrumbList","@id":"https:\/\/metrointeriors.ca\/fr\/produit\/murs-architecturaux-ki-wiggleroom\/#breadcrumb","itemListElement":[{"@type":"ListItem","position":1,"name":"Home","item":"https:\/\/metrointeriors.ca\/fr\/"},{"@type":"ListItem","position":2,"name":"Boutique","item":"https:\/\/metrointeriors.ca\/fr\/boutique\/"},{"@type":"ListItem","position":3,"name":"Wiggleroom"}]},{"@type":"WebSite","@id":"https:\/\/metrointeriors.ca\/#website","url":"https:\/\/metrointeriors.ca\/","name":"Metro Interiors","description":"Laissez-nous vous aider \u00e0 rafra\u00eechir votre espace de travail d&#039;entreprise","potentialAction":[{"@type":"SearchAction","target":{"@type":"EntryPoint","urlTemplate":"https:\/\/metrointeriors.ca\/?s={search_term_string}"},"query-input":{"@type":"PropertyValueSpecification","valueRequired":true,"valueName":"search_term_string"}}],"inLanguage":"fr-FR"}]}},"_links":{"self":[{"href":"https:\/\/metrointeriors.ca\/fr\/wp-json\/wp\/v2\/product\/2961","targetHints":{"allow":["GET"]}}],"collection":[{"href":"https:\/\/metrointeriors.ca\/fr\/wp-json\/wp\/v2\/product"}],"about":[{"href":"https:\/\/metrointeriors.ca\/fr\/wp-json\/wp\/v2\/types\/product"}],"replies":[{"embeddable":true,"href":"https:\/\/metrointeriors.ca\/fr\/wp-json\/wp\/v2\/comments?post=2961"}],"wp:featuredmedia":[{"embeddable":true,"href":"https:\/\/metrointeriors.ca\/fr\/wp-json\/wp\/v2\/media\/2651"}],"wp:attachment":[{"href":"https:\/\/metrointeriors.ca\/fr\/wp-json\/wp\/v2\/media?parent=2961"}],"wp:term":[{"taxonomy":"product_brand","embeddable":true,"href":"https:\/\/metrointeriors.ca\/fr\/wp-json\/wp\/v2\/product_brand?post=2961"},{"taxonomy":"product_cat","embeddable":true,"href":"https:\/\/metrointeriors.ca\/fr\/wp-json\/wp\/v2\/product_cat?post=2961"},{"taxonomy":"product_tag","embeddable":true,"href":"https:\/\/metrointeriors.ca\/fr\/wp-json\/wp\/v2\/product_tag?post=2961"}],"curies":[{"name":"wp","href":"https:\/\/api.w.org\/{rel}","templated":true}]}}