{"id":2959,"date":"2021-08-27T14:31:08","date_gmt":"2021-08-27T14:31:08","guid":{"rendered":"https:\/\/samsaragold.com\/product\/architectural-walls-ki-lightline\/"},"modified":"2023-09-15T16:21:04","modified_gmt":"2023-09-15T16:21:04","slug":"murs-architecturaux-ki-lightline","status":"publish","type":"product","link":"https:\/\/metrointeriors.ca\/fr\/produit\/murs-architecturaux-ki-lightline\/","title":{"rendered":"Lightline"},"content":{"rendered":"<p>.. tout en assurant une unification visuelle entre l&rsquo;architecture et le mobilier. Le vitrage bout \u00e0 bout illimit\u00e9 vous permet de concevoir des espaces sans rupture visuelle, car Lightline ne n\u00e9cessite pas de poteaux verticaux. Et ses profils rectilignes plus fins et plus petits passent pratiquement inaper\u00e7us.<\/p>\n<p>Le mur architectural Lightline pr\u00e9sente une construction pr\u00e9-assembl\u00e9e avec du verre de \u00bd\u00a0\u00bb d&rsquo;\u00e9paisseur, des joints de verre sans soudure, des canaux sup\u00e9rieurs et inf\u00e9rieurs passifs et une quincaillerie magnifiquement con\u00e7ue, y compris des m\u00e9canismes de porte coulissante en verre pleine hauteur. Le verre plus \u00e9pais offre une rigidit\u00e9 et une att\u00e9nuation acoustique sup\u00e9rieures. Les bords du verre sont polis \u00e0 plat et chanfrein\u00e9s selon un angle pr\u00e9cis, formant un ajustement pratiquement sans couture lorsqu&rsquo;ils sont combin\u00e9s avec le joint sec.<\/p>\n<p>Polyvalent et adaptable, le mur architectural Lightline s\u2019int\u00e8gre facilement \u00e0 la construction permanente, \u00e0 l\u2019architecture existante et au mur architectural Evoke et Genius de KI. Lightline est la seule solution de vitrine enti\u00e8rement unifi\u00e9e qui peut \u00eatre facilement d\u00e9plac\u00e9e et reconfigur\u00e9e sans gaspillage et avec un minimum de main d&rsquo;\u0153uvre. De nombreuses options de conception et fonctionnalit\u00e9s incluent\u00a0:<\/p>\n<p>Hauteurs de plafond jusqu&rsquo;\u00e0 120\u2033 et largeurs jusqu&rsquo;\u00e0 48\u2033<br \/>\nVerre de \u00bd\u00a0\u00bb d&rsquo;\u00e9paisseur et vitrage bout \u00e0 bout assembl\u00e9 en usine<br \/>\n\u00c9paisseur du panneau de seulement 2,25\u2033 \u00e0 la base<br \/>\nDes visuels \u00e9pur\u00e9s avec des profils rectilignes<br \/>\nFlexibilit\u00e9 et r\u00e9utilisation maximales avec une large plage d&rsquo;ajustement aux zones de base et de plafond<br \/>\nLes offres de portes polyvalentes incluent des portes coulissantes ou battantes<br \/>\nCoins vitr\u00e9s ou connexions 3 voies inclus en option standard<br \/>\nGarantie 10 ans<\/p>\n","protected":false},"excerpt":{"rendered":"<p>Lightline est un syst\u00e8me de parois en verre pr\u00e9-assembl\u00e9 et unifi\u00e9 d\u00e9di\u00e9 \u00e0 l&rsquo;am\u00e9lioration de la lumi\u00e8re. Ses connexions transparentes maximisent la lumi\u00e8re naturelle pour des espaces plus lumineux et plus efficaces.<\/p>\n","protected":false},"featured_media":2638,"comment_status":"closed","ping_status":"closed","template":"","meta":{"_et_pb_use_builder":"","_et_pb_old_content":"","_et_gb_content_width":""},"product_brand":[],"product_cat":[172,175],"product_tag":[385,387,389],"class_list":{"0":"post-2959","1":"product","2":"type-product","3":"status-publish","4":"has-post-thumbnail","6":"product_cat-cabines-panneaux-murs-fr","7":"product_cat-pbapw-ki-fr","8":"product_tag-architectural-walls-fr","9":"product_tag-ki-fr","10":"product_tag-lightline-fr","12":"first","13":"instock","14":"product-type-simple"},"yoast_head":"<!-- This site is optimized with the Yoast SEO plugin v27.0 - https:\/\/yoast.com\/product\/yoast-seo-wordpress\/ -->\n<title>Lightline - Metro Interiors<\/title>\n<meta name=\"robots\" content=\"index, follow, max-snippet:-1, max-image-preview:large, max-video-preview:-1\" \/>\n<link rel=\"canonical\" href=\"https:\/\/metrointeriors.ca\/fr\/produit\/murs-architecturaux-ki-lightline\/\" \/>\n<meta property=\"og:locale\" content=\"fr_FR\" \/>\n<meta property=\"og:type\" content=\"article\" \/>\n<meta property=\"og:title\" content=\"Lightline - Metro Interiors\" \/>\n<meta property=\"og:description\" content=\"Lightline est un syst\u00e8me de parois en verre pr\u00e9-assembl\u00e9 et unifi\u00e9 d\u00e9di\u00e9 \u00e0 l&#039;am\u00e9lioration de la lumi\u00e8re. Ses connexions transparentes maximisent la lumi\u00e8re naturelle pour des espaces plus lumineux et plus efficaces.\" \/>\n<meta property=\"og:url\" content=\"https:\/\/metrointeriors.ca\/fr\/produit\/murs-architecturaux-ki-lightline\/\" \/>\n<meta property=\"og:site_name\" content=\"Metro Interiors\" \/>\n<meta property=\"article:modified_time\" content=\"2023-09-15T16:21:04+00:00\" \/>\n<meta property=\"og:image\" content=\"https:\/\/metrointeriors.ca\/wp-content\/uploads\/2021\/08\/KI-walls-lightline1.jpg\" \/>\n\t<meta property=\"og:image:width\" content=\"1080\" \/>\n\t<meta property=\"og:image:height\" content=\"1080\" \/>\n\t<meta property=\"og:image:type\" content=\"image\/jpeg\" \/>\n<meta name=\"twitter:card\" content=\"summary_large_image\" \/>\n<meta name=\"twitter:label1\" content=\"Dur\u00e9e de lecture estim\u00e9e\" \/>\n\t<meta name=\"twitter:data1\" content=\"1 minute\" \/>\n<script type=\"application\/ld+json\" class=\"yoast-schema-graph\">{\"@context\":\"https:\/\/schema.org\",\"@graph\":[{\"@type\":\"WebPage\",\"@id\":\"https:\/\/metrointeriors.ca\/fr\/produit\/murs-architecturaux-ki-lightline\/\",\"url\":\"https:\/\/metrointeriors.ca\/fr\/produit\/murs-architecturaux-ki-lightline\/\",\"name\":\"Lightline - Metro Interiors\",\"isPartOf\":{\"@id\":\"https:\/\/metrointeriors.ca\/#website\"},\"primaryImageOfPage\":{\"@id\":\"https:\/\/metrointeriors.ca\/fr\/produit\/murs-architecturaux-ki-lightline\/#primaryimage\"},\"image\":{\"@id\":\"https:\/\/metrointeriors.ca\/fr\/produit\/murs-architecturaux-ki-lightline\/#primaryimage\"},\"thumbnailUrl\":\"https:\/\/metrointeriors.ca\/wp-content\/uploads\/2021\/08\/KI-walls-lightline1.jpg\",\"datePublished\":\"2021-08-27T14:31:08+00:00\",\"dateModified\":\"2023-09-15T16:21:04+00:00\",\"breadcrumb\":{\"@id\":\"https:\/\/metrointeriors.ca\/fr\/produit\/murs-architecturaux-ki-lightline\/#breadcrumb\"},\"inLanguage\":\"fr-FR\",\"potentialAction\":[{\"@type\":\"ReadAction\",\"target\":[\"https:\/\/metrointeriors.ca\/fr\/produit\/murs-architecturaux-ki-lightline\/\"]}]},{\"@type\":\"ImageObject\",\"inLanguage\":\"fr-FR\",\"@id\":\"https:\/\/metrointeriors.ca\/fr\/produit\/murs-architecturaux-ki-lightline\/#primaryimage\",\"url\":\"https:\/\/metrointeriors.ca\/wp-content\/uploads\/2021\/08\/KI-walls-lightline1.jpg\",\"contentUrl\":\"https:\/\/metrointeriors.ca\/wp-content\/uploads\/2021\/08\/KI-walls-lightline1.jpg\",\"width\":1080,\"height\":1080,\"caption\":\"KI-walls-lightline\"},{\"@type\":\"BreadcrumbList\",\"@id\":\"https:\/\/metrointeriors.ca\/fr\/produit\/murs-architecturaux-ki-lightline\/#breadcrumb\",\"itemListElement\":[{\"@type\":\"ListItem\",\"position\":1,\"name\":\"Home\",\"item\":\"https:\/\/metrointeriors.ca\/fr\/\"},{\"@type\":\"ListItem\",\"position\":2,\"name\":\"Boutique\",\"item\":\"https:\/\/metrointeriors.ca\/fr\/boutique\/\"},{\"@type\":\"ListItem\",\"position\":3,\"name\":\"Lightline\"}]},{\"@type\":\"WebSite\",\"@id\":\"https:\/\/metrointeriors.ca\/#website\",\"url\":\"https:\/\/metrointeriors.ca\/\",\"name\":\"Metro Interiors\",\"description\":\"Laissez-nous vous aider \u00e0 rafra\u00eechir votre espace de travail d&#039;entreprise\",\"potentialAction\":[{\"@type\":\"SearchAction\",\"target\":{\"@type\":\"EntryPoint\",\"urlTemplate\":\"https:\/\/metrointeriors.ca\/?s={search_term_string}\"},\"query-input\":{\"@type\":\"PropertyValueSpecification\",\"valueRequired\":true,\"valueName\":\"search_term_string\"}}],\"inLanguage\":\"fr-FR\"}]}<\/script>\n<!-- \/ Yoast SEO plugin. -->","yoast_head_json":{"title":"Lightline - Metro Interiors","robots":{"index":"index","follow":"follow","max-snippet":"max-snippet:-1","max-image-preview":"max-image-preview:large","max-video-preview":"max-video-preview:-1"},"canonical":"https:\/\/metrointeriors.ca\/fr\/produit\/murs-architecturaux-ki-lightline\/","og_locale":"fr_FR","og_type":"article","og_title":"Lightline - Metro Interiors","og_description":"Lightline est un syst\u00e8me de parois en verre pr\u00e9-assembl\u00e9 et unifi\u00e9 d\u00e9di\u00e9 \u00e0 l'am\u00e9lioration de la lumi\u00e8re. Ses connexions transparentes maximisent la lumi\u00e8re naturelle pour des espaces plus lumineux et plus efficaces.","og_url":"https:\/\/metrointeriors.ca\/fr\/produit\/murs-architecturaux-ki-lightline\/","og_site_name":"Metro Interiors","article_modified_time":"2023-09-15T16:21:04+00:00","og_image":[{"width":1080,"height":1080,"url":"https:\/\/metrointeriors.ca\/wp-content\/uploads\/2021\/08\/KI-walls-lightline1.jpg","type":"image\/jpeg"}],"twitter_card":"summary_large_image","twitter_misc":{"Dur\u00e9e de lecture estim\u00e9e":"1 minute"},"schema":{"@context":"https:\/\/schema.org","@graph":[{"@type":"WebPage","@id":"https:\/\/metrointeriors.ca\/fr\/produit\/murs-architecturaux-ki-lightline\/","url":"https:\/\/metrointeriors.ca\/fr\/produit\/murs-architecturaux-ki-lightline\/","name":"Lightline - Metro Interiors","isPartOf":{"@id":"https:\/\/metrointeriors.ca\/#website"},"primaryImageOfPage":{"@id":"https:\/\/metrointeriors.ca\/fr\/produit\/murs-architecturaux-ki-lightline\/#primaryimage"},"image":{"@id":"https:\/\/metrointeriors.ca\/fr\/produit\/murs-architecturaux-ki-lightline\/#primaryimage"},"thumbnailUrl":"https:\/\/metrointeriors.ca\/wp-content\/uploads\/2021\/08\/KI-walls-lightline1.jpg","datePublished":"2021-08-27T14:31:08+00:00","dateModified":"2023-09-15T16:21:04+00:00","breadcrumb":{"@id":"https:\/\/metrointeriors.ca\/fr\/produit\/murs-architecturaux-ki-lightline\/#breadcrumb"},"inLanguage":"fr-FR","potentialAction":[{"@type":"ReadAction","target":["https:\/\/metrointeriors.ca\/fr\/produit\/murs-architecturaux-ki-lightline\/"]}]},{"@type":"ImageObject","inLanguage":"fr-FR","@id":"https:\/\/metrointeriors.ca\/fr\/produit\/murs-architecturaux-ki-lightline\/#primaryimage","url":"https:\/\/metrointeriors.ca\/wp-content\/uploads\/2021\/08\/KI-walls-lightline1.jpg","contentUrl":"https:\/\/metrointeriors.ca\/wp-content\/uploads\/2021\/08\/KI-walls-lightline1.jpg","width":1080,"height":1080,"caption":"KI-walls-lightline"},{"@type":"BreadcrumbList","@id":"https:\/\/metrointeriors.ca\/fr\/produit\/murs-architecturaux-ki-lightline\/#breadcrumb","itemListElement":[{"@type":"ListItem","position":1,"name":"Home","item":"https:\/\/metrointeriors.ca\/fr\/"},{"@type":"ListItem","position":2,"name":"Boutique","item":"https:\/\/metrointeriors.ca\/fr\/boutique\/"},{"@type":"ListItem","position":3,"name":"Lightline"}]},{"@type":"WebSite","@id":"https:\/\/metrointeriors.ca\/#website","url":"https:\/\/metrointeriors.ca\/","name":"Metro Interiors","description":"Laissez-nous vous aider \u00e0 rafra\u00eechir votre espace de travail d&#039;entreprise","potentialAction":[{"@type":"SearchAction","target":{"@type":"EntryPoint","urlTemplate":"https:\/\/metrointeriors.ca\/?s={search_term_string}"},"query-input":{"@type":"PropertyValueSpecification","valueRequired":true,"valueName":"search_term_string"}}],"inLanguage":"fr-FR"}]}},"_links":{"self":[{"href":"https:\/\/metrointeriors.ca\/fr\/wp-json\/wp\/v2\/product\/2959","targetHints":{"allow":["GET"]}}],"collection":[{"href":"https:\/\/metrointeriors.ca\/fr\/wp-json\/wp\/v2\/product"}],"about":[{"href":"https:\/\/metrointeriors.ca\/fr\/wp-json\/wp\/v2\/types\/product"}],"replies":[{"embeddable":true,"href":"https:\/\/metrointeriors.ca\/fr\/wp-json\/wp\/v2\/comments?post=2959"}],"wp:featuredmedia":[{"embeddable":true,"href":"https:\/\/metrointeriors.ca\/fr\/wp-json\/wp\/v2\/media\/2638"}],"wp:attachment":[{"href":"https:\/\/metrointeriors.ca\/fr\/wp-json\/wp\/v2\/media?parent=2959"}],"wp:term":[{"taxonomy":"product_brand","embeddable":true,"href":"https:\/\/metrointeriors.ca\/fr\/wp-json\/wp\/v2\/product_brand?post=2959"},{"taxonomy":"product_cat","embeddable":true,"href":"https:\/\/metrointeriors.ca\/fr\/wp-json\/wp\/v2\/product_cat?post=2959"},{"taxonomy":"product_tag","embeddable":true,"href":"https:\/\/metrointeriors.ca\/fr\/wp-json\/wp\/v2\/product_tag?post=2959"}],"curies":[{"name":"wp","href":"https:\/\/api.w.org\/{rel}","templated":true}]}}