{"id":2957,"date":"2021-08-27T14:31:08","date_gmt":"2021-08-27T14:31:08","guid":{"rendered":"https:\/\/samsaragold.com\/product\/architectural-walls-ki-genius\/"},"modified":"2023-09-15T14:41:16","modified_gmt":"2023-09-15T14:41:16","slug":"murs-architecturaux-ki-genius","status":"publish","type":"product","link":"https:\/\/metrointeriors.ca\/fr\/produit\/murs-architecturaux-ki-genius\/","title":{"rendered":"Genius"},"content":{"rendered":"<p>Le mur architectural <strong>Genius<\/strong> r\u00e9pond facilement \u00e0 ces besoins gr\u00e2ce \u00e0 des conceptions et des configurations personnalisables. Compatible avec toutes les gammes de meubles des syst\u00e8mes KI, le mur architectural Genius s&rsquo;int\u00e8gre aux surfaces de travail, aux rangements et aux accessoires pour cr\u00e9er des postes de travail rationalis\u00e9s, des salles de conf\u00e9rence, des salles de formation et plus encore.<\/p>\n<p>Avec une offre illimit\u00e9e d&rsquo;options, de mat\u00e9riaux, de textures, de couleurs, de styles de portes et de configurations, le mur architectural Genius offre la flexibilit\u00e9 de conception n\u00e9cessaire pour cr\u00e9er un impact visuel in\u00e9gal\u00e9. Des bureaux aux salles de conf\u00e9rence en passant par les vitrines de magasins, le mur architectural Genius poss\u00e8de la profondeur de produit n\u00e9cessaire pour obtenir n&rsquo;importe quel look dans n&rsquo;importe quel environnement. Les cadres peuvent \u00eatre sp\u00e9cifi\u00e9s dans des mat\u00e9riaux allant de l&rsquo;aluminium anodis\u00e9 au bois massif. Choisissez parmi des portes en verre ou en placage, coulissantes ou battantes avec quincaillerie cach\u00e9e ou expos\u00e9e. La gamme d\u2019options \u00e9limine les limites quant aux conceptions possibles.<\/p>\n<p>Le mur architectural Genius transforme les espaces int\u00e9rieurs tout en pr\u00e9servant l\u2019environnement ext\u00e9rieur. Construits \u00e0 l\u2019aide de mat\u00e9riaux et de proc\u00e9d\u00e9s de fabrication \u00e9cologiques, les murs architecturaux Genius sont con\u00e7us pour la durabilit\u00e9. Le mur architectural Genius permet de minimiser l\u2019encombrement du bureau gr\u00e2ce \u00e0 une vari\u00e9t\u00e9 de portes coulissantes. De plus, les options de verre apportent facilement la lumi\u00e8re du jour dans les espaces int\u00e9rieurs. De plus, le mur architectural Genius peut r\u00e9duire consid\u00e9rablement les d\u00e9bris de d\u00e9charge provenant d&rsquo;un chantier tout en maintenant des niveaux plus \u00e9lev\u00e9s de qualit\u00e9 de l&rsquo;air int\u00e9rieur.<\/p>\n<p>Le mur architectural Genius offre les hautes performances et la valeur exig\u00e9es par les bureaux et les environnements professionnels d&rsquo;aujourd&rsquo;hui. Avec une offre compl\u00e8te de fonctionnalit\u00e9s et d&rsquo;options, Genius peut r\u00e9duire le bruit (44 \u00e0 48 STC sur les panneaux solides), fournir de l&rsquo;\u00e9nergie et des donn\u00e9es et s&rsquo;int\u00e9grer de mani\u00e8re transparente aux meubles et aux \u00e9l\u00e9ments architecturaux. Con\u00e7u pour durer, le mur architectural Genius offre des ann\u00e9es d\u2019utilisation, m\u00eame apr\u00e8s de multiples reconfigurations.<\/p>\n<p>Approuv\u00e9 pour les zones sismiques et les applications en salle blanche. Garantie 10 ans sur la plupart des articles.<\/p>\n","protected":false},"excerpt":{"rendered":"<p>La t\u00e2che fondamentale d\u2019un mur est de segmenter l\u2019espace et de garantir l\u2019intimit\u00e9. Le mur architectural Genius\u00ae fait cela et bien plus encore, cr\u00e9ant des espaces hautement fonctionnels qui favorisent l&rsquo;efficacit\u00e9 et la productivit\u00e9.<\/p>\n","protected":false},"featured_media":2628,"comment_status":"closed","ping_status":"closed","template":"","meta":{"_et_pb_use_builder":"","_et_pb_old_content":"","_et_gb_content_width":""},"product_brand":[],"product_cat":[172,175],"product_tag":[385,388,387],"class_list":{"0":"post-2957","1":"product","2":"type-product","3":"status-publish","4":"has-post-thumbnail","6":"product_cat-cabines-panneaux-murs-fr","7":"product_cat-pbapw-ki-fr","8":"product_tag-architectural-walls-fr","9":"product_tag-genius-fr","10":"product_tag-ki-fr","12":"first","13":"instock","14":"product-type-simple"},"yoast_head":"<!-- This site is optimized with the Yoast SEO plugin v27.0 - https:\/\/yoast.com\/product\/yoast-seo-wordpress\/ -->\n<title>Genius - Metro Interiors<\/title>\n<meta name=\"robots\" content=\"index, follow, max-snippet:-1, max-image-preview:large, max-video-preview:-1\" \/>\n<link rel=\"canonical\" href=\"https:\/\/metrointeriors.ca\/fr\/produit\/murs-architecturaux-ki-genius\/\" \/>\n<meta property=\"og:locale\" content=\"fr_FR\" \/>\n<meta property=\"og:type\" content=\"article\" \/>\n<meta property=\"og:title\" content=\"Genius - Metro Interiors\" \/>\n<meta property=\"og:description\" content=\"La t\u00e2che fondamentale d\u2019un mur est de segmenter l\u2019espace et de garantir l\u2019intimit\u00e9. Le mur architectural Genius\u00ae fait cela et bien plus encore, cr\u00e9ant des espaces hautement fonctionnels qui favorisent l&#039;efficacit\u00e9 et la productivit\u00e9.\" \/>\n<meta property=\"og:url\" content=\"https:\/\/metrointeriors.ca\/fr\/produit\/murs-architecturaux-ki-genius\/\" \/>\n<meta property=\"og:site_name\" content=\"Metro Interiors\" \/>\n<meta property=\"article:modified_time\" content=\"2023-09-15T14:41:16+00:00\" \/>\n<meta property=\"og:image\" content=\"https:\/\/metrointeriors.ca\/wp-content\/uploads\/2021\/08\/KI-walls-genius1.jpg\" \/>\n\t<meta property=\"og:image:width\" content=\"1080\" \/>\n\t<meta property=\"og:image:height\" content=\"1080\" \/>\n\t<meta property=\"og:image:type\" content=\"image\/jpeg\" \/>\n<meta name=\"twitter:card\" content=\"summary_large_image\" \/>\n<meta name=\"twitter:label1\" content=\"Dur\u00e9e de lecture estim\u00e9e\" \/>\n\t<meta name=\"twitter:data1\" content=\"2 minutes\" \/>\n<script type=\"application\/ld+json\" class=\"yoast-schema-graph\">{\"@context\":\"https:\/\/schema.org\",\"@graph\":[{\"@type\":\"WebPage\",\"@id\":\"https:\/\/metrointeriors.ca\/fr\/produit\/murs-architecturaux-ki-genius\/\",\"url\":\"https:\/\/metrointeriors.ca\/fr\/produit\/murs-architecturaux-ki-genius\/\",\"name\":\"Genius - Metro Interiors\",\"isPartOf\":{\"@id\":\"https:\/\/metrointeriors.ca\/#website\"},\"primaryImageOfPage\":{\"@id\":\"https:\/\/metrointeriors.ca\/fr\/produit\/murs-architecturaux-ki-genius\/#primaryimage\"},\"image\":{\"@id\":\"https:\/\/metrointeriors.ca\/fr\/produit\/murs-architecturaux-ki-genius\/#primaryimage\"},\"thumbnailUrl\":\"https:\/\/metrointeriors.ca\/wp-content\/uploads\/2021\/08\/KI-walls-genius1.jpg\",\"datePublished\":\"2021-08-27T14:31:08+00:00\",\"dateModified\":\"2023-09-15T14:41:16+00:00\",\"breadcrumb\":{\"@id\":\"https:\/\/metrointeriors.ca\/fr\/produit\/murs-architecturaux-ki-genius\/#breadcrumb\"},\"inLanguage\":\"fr-FR\",\"potentialAction\":[{\"@type\":\"ReadAction\",\"target\":[\"https:\/\/metrointeriors.ca\/fr\/produit\/murs-architecturaux-ki-genius\/\"]}]},{\"@type\":\"ImageObject\",\"inLanguage\":\"fr-FR\",\"@id\":\"https:\/\/metrointeriors.ca\/fr\/produit\/murs-architecturaux-ki-genius\/#primaryimage\",\"url\":\"https:\/\/metrointeriors.ca\/wp-content\/uploads\/2021\/08\/KI-walls-genius1.jpg\",\"contentUrl\":\"https:\/\/metrointeriors.ca\/wp-content\/uploads\/2021\/08\/KI-walls-genius1.jpg\",\"width\":1080,\"height\":1080,\"caption\":\"genius\"},{\"@type\":\"BreadcrumbList\",\"@id\":\"https:\/\/metrointeriors.ca\/fr\/produit\/murs-architecturaux-ki-genius\/#breadcrumb\",\"itemListElement\":[{\"@type\":\"ListItem\",\"position\":1,\"name\":\"Home\",\"item\":\"https:\/\/metrointeriors.ca\/fr\/\"},{\"@type\":\"ListItem\",\"position\":2,\"name\":\"Boutique\",\"item\":\"https:\/\/metrointeriors.ca\/fr\/boutique\/\"},{\"@type\":\"ListItem\",\"position\":3,\"name\":\"Genius\"}]},{\"@type\":\"WebSite\",\"@id\":\"https:\/\/metrointeriors.ca\/#website\",\"url\":\"https:\/\/metrointeriors.ca\/\",\"name\":\"Metro Interiors\",\"description\":\"Laissez-nous vous aider \u00e0 rafra\u00eechir votre espace de travail d&#039;entreprise\",\"potentialAction\":[{\"@type\":\"SearchAction\",\"target\":{\"@type\":\"EntryPoint\",\"urlTemplate\":\"https:\/\/metrointeriors.ca\/?s={search_term_string}\"},\"query-input\":{\"@type\":\"PropertyValueSpecification\",\"valueRequired\":true,\"valueName\":\"search_term_string\"}}],\"inLanguage\":\"fr-FR\"}]}<\/script>\n<!-- \/ Yoast SEO plugin. -->","yoast_head_json":{"title":"Genius - Metro Interiors","robots":{"index":"index","follow":"follow","max-snippet":"max-snippet:-1","max-image-preview":"max-image-preview:large","max-video-preview":"max-video-preview:-1"},"canonical":"https:\/\/metrointeriors.ca\/fr\/produit\/murs-architecturaux-ki-genius\/","og_locale":"fr_FR","og_type":"article","og_title":"Genius - Metro Interiors","og_description":"La t\u00e2che fondamentale d\u2019un mur est de segmenter l\u2019espace et de garantir l\u2019intimit\u00e9. Le mur architectural Genius\u00ae fait cela et bien plus encore, cr\u00e9ant des espaces hautement fonctionnels qui favorisent l'efficacit\u00e9 et la productivit\u00e9.","og_url":"https:\/\/metrointeriors.ca\/fr\/produit\/murs-architecturaux-ki-genius\/","og_site_name":"Metro Interiors","article_modified_time":"2023-09-15T14:41:16+00:00","og_image":[{"width":1080,"height":1080,"url":"https:\/\/metrointeriors.ca\/wp-content\/uploads\/2021\/08\/KI-walls-genius1.jpg","type":"image\/jpeg"}],"twitter_card":"summary_large_image","twitter_misc":{"Dur\u00e9e de lecture estim\u00e9e":"2 minutes"},"schema":{"@context":"https:\/\/schema.org","@graph":[{"@type":"WebPage","@id":"https:\/\/metrointeriors.ca\/fr\/produit\/murs-architecturaux-ki-genius\/","url":"https:\/\/metrointeriors.ca\/fr\/produit\/murs-architecturaux-ki-genius\/","name":"Genius - Metro Interiors","isPartOf":{"@id":"https:\/\/metrointeriors.ca\/#website"},"primaryImageOfPage":{"@id":"https:\/\/metrointeriors.ca\/fr\/produit\/murs-architecturaux-ki-genius\/#primaryimage"},"image":{"@id":"https:\/\/metrointeriors.ca\/fr\/produit\/murs-architecturaux-ki-genius\/#primaryimage"},"thumbnailUrl":"https:\/\/metrointeriors.ca\/wp-content\/uploads\/2021\/08\/KI-walls-genius1.jpg","datePublished":"2021-08-27T14:31:08+00:00","dateModified":"2023-09-15T14:41:16+00:00","breadcrumb":{"@id":"https:\/\/metrointeriors.ca\/fr\/produit\/murs-architecturaux-ki-genius\/#breadcrumb"},"inLanguage":"fr-FR","potentialAction":[{"@type":"ReadAction","target":["https:\/\/metrointeriors.ca\/fr\/produit\/murs-architecturaux-ki-genius\/"]}]},{"@type":"ImageObject","inLanguage":"fr-FR","@id":"https:\/\/metrointeriors.ca\/fr\/produit\/murs-architecturaux-ki-genius\/#primaryimage","url":"https:\/\/metrointeriors.ca\/wp-content\/uploads\/2021\/08\/KI-walls-genius1.jpg","contentUrl":"https:\/\/metrointeriors.ca\/wp-content\/uploads\/2021\/08\/KI-walls-genius1.jpg","width":1080,"height":1080,"caption":"genius"},{"@type":"BreadcrumbList","@id":"https:\/\/metrointeriors.ca\/fr\/produit\/murs-architecturaux-ki-genius\/#breadcrumb","itemListElement":[{"@type":"ListItem","position":1,"name":"Home","item":"https:\/\/metrointeriors.ca\/fr\/"},{"@type":"ListItem","position":2,"name":"Boutique","item":"https:\/\/metrointeriors.ca\/fr\/boutique\/"},{"@type":"ListItem","position":3,"name":"Genius"}]},{"@type":"WebSite","@id":"https:\/\/metrointeriors.ca\/#website","url":"https:\/\/metrointeriors.ca\/","name":"Metro Interiors","description":"Laissez-nous vous aider \u00e0 rafra\u00eechir votre espace de travail d&#039;entreprise","potentialAction":[{"@type":"SearchAction","target":{"@type":"EntryPoint","urlTemplate":"https:\/\/metrointeriors.ca\/?s={search_term_string}"},"query-input":{"@type":"PropertyValueSpecification","valueRequired":true,"valueName":"search_term_string"}}],"inLanguage":"fr-FR"}]}},"_links":{"self":[{"href":"https:\/\/metrointeriors.ca\/fr\/wp-json\/wp\/v2\/product\/2957","targetHints":{"allow":["GET"]}}],"collection":[{"href":"https:\/\/metrointeriors.ca\/fr\/wp-json\/wp\/v2\/product"}],"about":[{"href":"https:\/\/metrointeriors.ca\/fr\/wp-json\/wp\/v2\/types\/product"}],"replies":[{"embeddable":true,"href":"https:\/\/metrointeriors.ca\/fr\/wp-json\/wp\/v2\/comments?post=2957"}],"wp:featuredmedia":[{"embeddable":true,"href":"https:\/\/metrointeriors.ca\/fr\/wp-json\/wp\/v2\/media\/2628"}],"wp:attachment":[{"href":"https:\/\/metrointeriors.ca\/fr\/wp-json\/wp\/v2\/media?parent=2957"}],"wp:term":[{"taxonomy":"product_brand","embeddable":true,"href":"https:\/\/metrointeriors.ca\/fr\/wp-json\/wp\/v2\/product_brand?post=2957"},{"taxonomy":"product_cat","embeddable":true,"href":"https:\/\/metrointeriors.ca\/fr\/wp-json\/wp\/v2\/product_cat?post=2957"},{"taxonomy":"product_tag","embeddable":true,"href":"https:\/\/metrointeriors.ca\/fr\/wp-json\/wp\/v2\/product_tag?post=2957"}],"curies":[{"name":"wp","href":"https:\/\/api.w.org\/{rel}","templated":true}]}}