{"id":2956,"date":"2021-08-27T14:31:08","date_gmt":"2021-08-27T14:31:08","guid":{"rendered":"https:\/\/samsaragold.com\/product\/architectural-walls-ki-evoke\/"},"modified":"2023-09-15T14:37:19","modified_gmt":"2023-09-15T14:37:19","slug":"murs-architecturaux-ki-evoke","status":"publish","type":"product","link":"https:\/\/metrointeriors.ca\/fr\/produit\/murs-architecturaux-ki-evoke\/","title":{"rendered":"Evoke"},"content":{"rendered":"<p>Vous avez d\u00e9sormais la libert\u00e9 de vous exprimer d\u2019une mani\u00e8re autrefois inimaginable avec un syst\u00e8me mural. Pr\u00e9sentant l&rsquo;esth\u00e9tique passive des cloisons s\u00e8ches avec des lignes de r\u00e9v\u00e9lation pratiquement homog\u00e8nes, Evoke est aussi flexible qu&rsquo;un mur mobile traditionnel, mais peut \u00eatre envelopp\u00e9 par s\u00e9rigraphie et m\u00eame peint sur le terrain &#8211; tout sauf sec.<\/p>\n<p>Avec un processus de construction aussi simple qu&rsquo;un mur permanent, Evoke s&rsquo;installe plus rapidement et plus facilement que les cloisons s\u00e8ches (et autres syst\u00e8mes de murs mobiles traditionnels) et peut \u00e9galement \u00eatre rapidement reconfigur\u00e9 avec beaucoup moins de d\u00e9chets \u00e0 un co\u00fbt minime &#8211; offrant aux entrepreneurs, architectes et concepteurs un niveau sans pr\u00e9c\u00e9dent. de contr\u00f4le.<\/p>\n<p>Travaillant de concert avec les cloisons s\u00e8ches existantes ainsi qu&rsquo;avec les murs architecturaux Lightline et Genius de KI, la performance d&rsquo;Evoke est inimitable. Et avec un indice de performance de classe de transmission du son (STC) allant jusqu&rsquo;\u00e0 50, son acoustique est imbattable, minimisant ainsi les distractions et maximisant la productivit\u00e9.<\/p>\n<p>Con\u00e7us pour la durabilit\u00e9, les murs architecturaux Evoke offrent des ann\u00e9es d&rsquo;utilisation, m\u00eame apr\u00e8s de multiples reconfigurations, appuy\u00e9s par une garantie de 10 ans sur la plupart des articles. Evoke est approuv\u00e9 pour les zones sismiques et les applications en salles blanches.<\/p>\n<p>NOUVEAU! Evoke est d\u00e9sormais disponible avec des panneaux de verre \u00e0 claire-voie. Une imposte en verre, l\u2019option \u00e0 claire-voie apporte la lumi\u00e8re naturelle dans l\u2019espace tout en pr\u00e9servant l\u2019intimit\u00e9 visuelle et audio. L&rsquo;option de claire-voie Evoke utilise un vitrage de 3\/8&Prime; pour maintenir sa meilleure valeur STC de sa cat\u00e9gorie. Il maintient l&rsquo;esth\u00e9tique presque homog\u00e8ne pour laquelle Evoke est connu en utilisant un meneau vertical sans soudure. Contactez votre sp\u00e9cialiste des ventes KI d\u00e9di\u00e9 pour en savoir plus.<\/p>\n","protected":false},"excerpt":{"rendered":"<p>Evoke est une alternative r\u00e9volutionnaire aux cloisons s\u00e8ches qui change tout, de l&rsquo;esprit des architectes au c\u0153ur des designers.<\/p>\n","protected":false},"featured_media":2614,"comment_status":"closed","ping_status":"closed","template":"","meta":{"_et_pb_use_builder":"","_et_pb_old_content":"","_et_gb_content_width":""},"product_brand":[],"product_cat":[172,175],"product_tag":[385,386,387],"class_list":{"0":"post-2956","1":"product","2":"type-product","3":"status-publish","4":"has-post-thumbnail","6":"product_cat-cabines-panneaux-murs-fr","7":"product_cat-pbapw-ki-fr","8":"product_tag-architectural-walls-fr","9":"product_tag-evoke-fr","10":"product_tag-ki-fr","12":"first","13":"instock","14":"product-type-simple"},"yoast_head":"<!-- This site is optimized with the Yoast SEO plugin v27.0 - https:\/\/yoast.com\/product\/yoast-seo-wordpress\/ -->\n<title>Evoke - Metro Interiors<\/title>\n<meta name=\"robots\" content=\"index, follow, max-snippet:-1, max-image-preview:large, max-video-preview:-1\" \/>\n<link rel=\"canonical\" href=\"https:\/\/metrointeriors.ca\/fr\/produit\/murs-architecturaux-ki-evoke\/\" \/>\n<meta property=\"og:locale\" content=\"fr_FR\" \/>\n<meta property=\"og:type\" content=\"article\" \/>\n<meta property=\"og:title\" content=\"Evoke - Metro Interiors\" \/>\n<meta property=\"og:description\" content=\"Evoke est une alternative r\u00e9volutionnaire aux cloisons s\u00e8ches qui change tout, de l&#039;esprit des architectes au c\u0153ur des designers.\" \/>\n<meta property=\"og:url\" content=\"https:\/\/metrointeriors.ca\/fr\/produit\/murs-architecturaux-ki-evoke\/\" \/>\n<meta property=\"og:site_name\" content=\"Metro Interiors\" \/>\n<meta property=\"article:modified_time\" content=\"2023-09-15T14:37:19+00:00\" \/>\n<meta property=\"og:image\" content=\"https:\/\/metrointeriors.ca\/wp-content\/uploads\/2021\/08\/KI-walls-evoke1.jpg\" \/>\n\t<meta property=\"og:image:width\" content=\"1080\" \/>\n\t<meta property=\"og:image:height\" content=\"1080\" \/>\n\t<meta property=\"og:image:type\" content=\"image\/jpeg\" \/>\n<meta name=\"twitter:card\" content=\"summary_large_image\" \/>\n<meta name=\"twitter:label1\" content=\"Dur\u00e9e de lecture estim\u00e9e\" \/>\n\t<meta name=\"twitter:data1\" content=\"2 minutes\" \/>\n<script type=\"application\/ld+json\" class=\"yoast-schema-graph\">{\"@context\":\"https:\/\/schema.org\",\"@graph\":[{\"@type\":\"WebPage\",\"@id\":\"https:\/\/metrointeriors.ca\/fr\/produit\/murs-architecturaux-ki-evoke\/\",\"url\":\"https:\/\/metrointeriors.ca\/fr\/produit\/murs-architecturaux-ki-evoke\/\",\"name\":\"Evoke - Metro Interiors\",\"isPartOf\":{\"@id\":\"https:\/\/metrointeriors.ca\/#website\"},\"primaryImageOfPage\":{\"@id\":\"https:\/\/metrointeriors.ca\/fr\/produit\/murs-architecturaux-ki-evoke\/#primaryimage\"},\"image\":{\"@id\":\"https:\/\/metrointeriors.ca\/fr\/produit\/murs-architecturaux-ki-evoke\/#primaryimage\"},\"thumbnailUrl\":\"https:\/\/metrointeriors.ca\/wp-content\/uploads\/2021\/08\/KI-walls-evoke1.jpg\",\"datePublished\":\"2021-08-27T14:31:08+00:00\",\"dateModified\":\"2023-09-15T14:37:19+00:00\",\"breadcrumb\":{\"@id\":\"https:\/\/metrointeriors.ca\/fr\/produit\/murs-architecturaux-ki-evoke\/#breadcrumb\"},\"inLanguage\":\"fr-FR\",\"potentialAction\":[{\"@type\":\"ReadAction\",\"target\":[\"https:\/\/metrointeriors.ca\/fr\/produit\/murs-architecturaux-ki-evoke\/\"]}]},{\"@type\":\"ImageObject\",\"inLanguage\":\"fr-FR\",\"@id\":\"https:\/\/metrointeriors.ca\/fr\/produit\/murs-architecturaux-ki-evoke\/#primaryimage\",\"url\":\"https:\/\/metrointeriors.ca\/wp-content\/uploads\/2021\/08\/KI-walls-evoke1.jpg\",\"contentUrl\":\"https:\/\/metrointeriors.ca\/wp-content\/uploads\/2021\/08\/KI-walls-evoke1.jpg\",\"width\":1080,\"height\":1080,\"caption\":\"KI-walls-evoke\"},{\"@type\":\"BreadcrumbList\",\"@id\":\"https:\/\/metrointeriors.ca\/fr\/produit\/murs-architecturaux-ki-evoke\/#breadcrumb\",\"itemListElement\":[{\"@type\":\"ListItem\",\"position\":1,\"name\":\"Home\",\"item\":\"https:\/\/metrointeriors.ca\/fr\/\"},{\"@type\":\"ListItem\",\"position\":2,\"name\":\"Boutique\",\"item\":\"https:\/\/metrointeriors.ca\/fr\/boutique\/\"},{\"@type\":\"ListItem\",\"position\":3,\"name\":\"Evoke\"}]},{\"@type\":\"WebSite\",\"@id\":\"https:\/\/metrointeriors.ca\/#website\",\"url\":\"https:\/\/metrointeriors.ca\/\",\"name\":\"Metro Interiors\",\"description\":\"Laissez-nous vous aider \u00e0 rafra\u00eechir votre espace de travail d&#039;entreprise\",\"potentialAction\":[{\"@type\":\"SearchAction\",\"target\":{\"@type\":\"EntryPoint\",\"urlTemplate\":\"https:\/\/metrointeriors.ca\/?s={search_term_string}\"},\"query-input\":{\"@type\":\"PropertyValueSpecification\",\"valueRequired\":true,\"valueName\":\"search_term_string\"}}],\"inLanguage\":\"fr-FR\"}]}<\/script>\n<!-- \/ Yoast SEO plugin. -->","yoast_head_json":{"title":"Evoke - Metro Interiors","robots":{"index":"index","follow":"follow","max-snippet":"max-snippet:-1","max-image-preview":"max-image-preview:large","max-video-preview":"max-video-preview:-1"},"canonical":"https:\/\/metrointeriors.ca\/fr\/produit\/murs-architecturaux-ki-evoke\/","og_locale":"fr_FR","og_type":"article","og_title":"Evoke - Metro Interiors","og_description":"Evoke est une alternative r\u00e9volutionnaire aux cloisons s\u00e8ches qui change tout, de l'esprit des architectes au c\u0153ur des designers.","og_url":"https:\/\/metrointeriors.ca\/fr\/produit\/murs-architecturaux-ki-evoke\/","og_site_name":"Metro Interiors","article_modified_time":"2023-09-15T14:37:19+00:00","og_image":[{"width":1080,"height":1080,"url":"https:\/\/metrointeriors.ca\/wp-content\/uploads\/2021\/08\/KI-walls-evoke1.jpg","type":"image\/jpeg"}],"twitter_card":"summary_large_image","twitter_misc":{"Dur\u00e9e de lecture estim\u00e9e":"2 minutes"},"schema":{"@context":"https:\/\/schema.org","@graph":[{"@type":"WebPage","@id":"https:\/\/metrointeriors.ca\/fr\/produit\/murs-architecturaux-ki-evoke\/","url":"https:\/\/metrointeriors.ca\/fr\/produit\/murs-architecturaux-ki-evoke\/","name":"Evoke - Metro Interiors","isPartOf":{"@id":"https:\/\/metrointeriors.ca\/#website"},"primaryImageOfPage":{"@id":"https:\/\/metrointeriors.ca\/fr\/produit\/murs-architecturaux-ki-evoke\/#primaryimage"},"image":{"@id":"https:\/\/metrointeriors.ca\/fr\/produit\/murs-architecturaux-ki-evoke\/#primaryimage"},"thumbnailUrl":"https:\/\/metrointeriors.ca\/wp-content\/uploads\/2021\/08\/KI-walls-evoke1.jpg","datePublished":"2021-08-27T14:31:08+00:00","dateModified":"2023-09-15T14:37:19+00:00","breadcrumb":{"@id":"https:\/\/metrointeriors.ca\/fr\/produit\/murs-architecturaux-ki-evoke\/#breadcrumb"},"inLanguage":"fr-FR","potentialAction":[{"@type":"ReadAction","target":["https:\/\/metrointeriors.ca\/fr\/produit\/murs-architecturaux-ki-evoke\/"]}]},{"@type":"ImageObject","inLanguage":"fr-FR","@id":"https:\/\/metrointeriors.ca\/fr\/produit\/murs-architecturaux-ki-evoke\/#primaryimage","url":"https:\/\/metrointeriors.ca\/wp-content\/uploads\/2021\/08\/KI-walls-evoke1.jpg","contentUrl":"https:\/\/metrointeriors.ca\/wp-content\/uploads\/2021\/08\/KI-walls-evoke1.jpg","width":1080,"height":1080,"caption":"KI-walls-evoke"},{"@type":"BreadcrumbList","@id":"https:\/\/metrointeriors.ca\/fr\/produit\/murs-architecturaux-ki-evoke\/#breadcrumb","itemListElement":[{"@type":"ListItem","position":1,"name":"Home","item":"https:\/\/metrointeriors.ca\/fr\/"},{"@type":"ListItem","position":2,"name":"Boutique","item":"https:\/\/metrointeriors.ca\/fr\/boutique\/"},{"@type":"ListItem","position":3,"name":"Evoke"}]},{"@type":"WebSite","@id":"https:\/\/metrointeriors.ca\/#website","url":"https:\/\/metrointeriors.ca\/","name":"Metro Interiors","description":"Laissez-nous vous aider \u00e0 rafra\u00eechir votre espace de travail d&#039;entreprise","potentialAction":[{"@type":"SearchAction","target":{"@type":"EntryPoint","urlTemplate":"https:\/\/metrointeriors.ca\/?s={search_term_string}"},"query-input":{"@type":"PropertyValueSpecification","valueRequired":true,"valueName":"search_term_string"}}],"inLanguage":"fr-FR"}]}},"_links":{"self":[{"href":"https:\/\/metrointeriors.ca\/fr\/wp-json\/wp\/v2\/product\/2956","targetHints":{"allow":["GET"]}}],"collection":[{"href":"https:\/\/metrointeriors.ca\/fr\/wp-json\/wp\/v2\/product"}],"about":[{"href":"https:\/\/metrointeriors.ca\/fr\/wp-json\/wp\/v2\/types\/product"}],"replies":[{"embeddable":true,"href":"https:\/\/metrointeriors.ca\/fr\/wp-json\/wp\/v2\/comments?post=2956"}],"wp:featuredmedia":[{"embeddable":true,"href":"https:\/\/metrointeriors.ca\/fr\/wp-json\/wp\/v2\/media\/2614"}],"wp:attachment":[{"href":"https:\/\/metrointeriors.ca\/fr\/wp-json\/wp\/v2\/media?parent=2956"}],"wp:term":[{"taxonomy":"product_brand","embeddable":true,"href":"https:\/\/metrointeriors.ca\/fr\/wp-json\/wp\/v2\/product_brand?post=2956"},{"taxonomy":"product_cat","embeddable":true,"href":"https:\/\/metrointeriors.ca\/fr\/wp-json\/wp\/v2\/product_cat?post=2956"},{"taxonomy":"product_tag","embeddable":true,"href":"https:\/\/metrointeriors.ca\/fr\/wp-json\/wp\/v2\/product_tag?post=2956"}],"curies":[{"name":"wp","href":"https:\/\/api.w.org\/{rel}","templated":true}]}}