{"id":2954,"date":"2023-08-03T20:18:10","date_gmt":"2023-08-03T20:18:10","guid":{"rendered":"https:\/\/samsaragold.com\/product\/architectural-walls-phonebooths-global-priva-acoustic-pod\/"},"modified":"2023-09-14T20:43:34","modified_gmt":"2023-09-14T20:43:34","slug":"murs-architecturaux-cabines-acoustique-global-priva-acoustic-pod","status":"publish","type":"product","link":"https:\/\/metrointeriors.ca\/fr\/produit\/murs-architecturaux-cabines-acoustique-global-priva-acoustic-pod\/","title":{"rendered":"Cabine acoustique Priva"},"content":{"rendered":"<p>La ventilation (55 pieds cubes par minute) et l\u2019\u00e9clairage \u00e0 DEL \u00e0 basse tension, deux caract\u00e9ristiques int\u00e9gr\u00e9es, sont activ\u00e9s par un syst\u00e8me de d\u00e9tection automatique pour r\u00e9dure la consommation d\u2019\u00e9nergie tout en offrant un endroit confortable o\u00f9 s\u2019isoler quelques instants ou pour une utilisation plus longue. La porte en verre tremp\u00e9, jumel\u00e9e \u00e0 un panneau arri\u00e8re en verre (en option), fait oublier qu\u2019on se trouve dans une bulle acoustique.<\/p>\n","protected":false},"excerpt":{"rendered":"<p>Les cabines acoustiques Priva permettent de cr\u00e9er des espaces intimes favorisant la concentration ou la collaboration, des oasis de tranquillit\u00e9 loin de l\u2019agitation des bureaux d\u00e9cloisonn\u00e9s.<\/p>\n","protected":false},"featured_media":2697,"comment_status":"closed","ping_status":"closed","template":"","meta":{"_et_pb_use_builder":"","_et_pb_old_content":"","_et_gb_content_width":""},"product_brand":[],"product_cat":[172,380],"product_tag":[381,384],"class_list":{"0":"post-2954","1":"product","2":"type-product","3":"status-publish","4":"has-post-thumbnail","6":"product_cat-cabines-panneaux-murs-fr","7":"product_cat-global-booths-fr","8":"product_tag-architectural-walls-phonebooths-global-fr","9":"product_tag-priva-acoustic-pod-fr","11":"first","12":"instock","13":"product-type-simple"},"yoast_head":"<!-- This site is optimized with the Yoast SEO plugin v27.0 - https:\/\/yoast.com\/product\/yoast-seo-wordpress\/ -->\n<title>Cabine acoustique Priva - Metro Interiors<\/title>\n<meta name=\"robots\" content=\"index, follow, max-snippet:-1, max-image-preview:large, max-video-preview:-1\" \/>\n<link rel=\"canonical\" href=\"https:\/\/metrointeriors.ca\/fr\/produit\/murs-architecturaux-cabines-acoustique-global-priva-acoustic-pod\/\" \/>\n<meta property=\"og:locale\" content=\"fr_FR\" \/>\n<meta property=\"og:type\" content=\"article\" \/>\n<meta property=\"og:title\" content=\"Cabine acoustique Priva - Metro Interiors\" \/>\n<meta property=\"og:description\" content=\"Les cabines acoustiques Priva permettent de cr\u00e9er des espaces intimes favorisant la concentration ou la collaboration, des oasis de tranquillit\u00e9 loin de l\u2019agitation des bureaux d\u00e9cloisonn\u00e9s.\" \/>\n<meta property=\"og:url\" content=\"https:\/\/metrointeriors.ca\/fr\/produit\/murs-architecturaux-cabines-acoustique-global-priva-acoustic-pod\/\" \/>\n<meta property=\"og:site_name\" content=\"Metro Interiors\" \/>\n<meta property=\"article:modified_time\" content=\"2023-09-14T20:43:34+00:00\" \/>\n<meta property=\"og:image\" content=\"https:\/\/metrointeriors.ca\/wp-content\/uploads\/2023\/08\/api-priva-acoiustic-pod-1.jpg\" \/>\n\t<meta property=\"og:image:width\" content=\"1080\" \/>\n\t<meta property=\"og:image:height\" content=\"1080\" \/>\n\t<meta property=\"og:image:type\" content=\"image\/jpeg\" \/>\n<meta name=\"twitter:card\" content=\"summary_large_image\" \/>\n<script type=\"application\/ld+json\" class=\"yoast-schema-graph\">{\"@context\":\"https:\/\/schema.org\",\"@graph\":[{\"@type\":\"WebPage\",\"@id\":\"https:\/\/metrointeriors.ca\/fr\/produit\/murs-architecturaux-cabines-acoustique-global-priva-acoustic-pod\/\",\"url\":\"https:\/\/metrointeriors.ca\/fr\/produit\/murs-architecturaux-cabines-acoustique-global-priva-acoustic-pod\/\",\"name\":\"Cabine acoustique Priva - Metro Interiors\",\"isPartOf\":{\"@id\":\"https:\/\/metrointeriors.ca\/#website\"},\"primaryImageOfPage\":{\"@id\":\"https:\/\/metrointeriors.ca\/fr\/produit\/murs-architecturaux-cabines-acoustique-global-priva-acoustic-pod\/#primaryimage\"},\"image\":{\"@id\":\"https:\/\/metrointeriors.ca\/fr\/produit\/murs-architecturaux-cabines-acoustique-global-priva-acoustic-pod\/#primaryimage\"},\"thumbnailUrl\":\"https:\/\/metrointeriors.ca\/wp-content\/uploads\/2023\/08\/api-priva-acoiustic-pod-1.jpg\",\"datePublished\":\"2023-08-03T20:18:10+00:00\",\"dateModified\":\"2023-09-14T20:43:34+00:00\",\"breadcrumb\":{\"@id\":\"https:\/\/metrointeriors.ca\/fr\/produit\/murs-architecturaux-cabines-acoustique-global-priva-acoustic-pod\/#breadcrumb\"},\"inLanguage\":\"fr-FR\",\"potentialAction\":[{\"@type\":\"ReadAction\",\"target\":[\"https:\/\/metrointeriors.ca\/fr\/produit\/murs-architecturaux-cabines-acoustique-global-priva-acoustic-pod\/\"]}]},{\"@type\":\"ImageObject\",\"inLanguage\":\"fr-FR\",\"@id\":\"https:\/\/metrointeriors.ca\/fr\/produit\/murs-architecturaux-cabines-acoustique-global-priva-acoustic-pod\/#primaryimage\",\"url\":\"https:\/\/metrointeriors.ca\/wp-content\/uploads\/2023\/08\/api-priva-acoiustic-pod-1.jpg\",\"contentUrl\":\"https:\/\/metrointeriors.ca\/wp-content\/uploads\/2023\/08\/api-priva-acoiustic-pod-1.jpg\",\"width\":1080,\"height\":1080,\"caption\":\"global api-priva-acoiustic-pod\"},{\"@type\":\"BreadcrumbList\",\"@id\":\"https:\/\/metrointeriors.ca\/fr\/produit\/murs-architecturaux-cabines-acoustique-global-priva-acoustic-pod\/#breadcrumb\",\"itemListElement\":[{\"@type\":\"ListItem\",\"position\":1,\"name\":\"Home\",\"item\":\"https:\/\/metrointeriors.ca\/fr\/\"},{\"@type\":\"ListItem\",\"position\":2,\"name\":\"Boutique\",\"item\":\"https:\/\/metrointeriors.ca\/fr\/boutique\/\"},{\"@type\":\"ListItem\",\"position\":3,\"name\":\"Cabine acoustique Priva\"}]},{\"@type\":\"WebSite\",\"@id\":\"https:\/\/metrointeriors.ca\/#website\",\"url\":\"https:\/\/metrointeriors.ca\/\",\"name\":\"Metro Interiors\",\"description\":\"Laissez-nous vous aider \u00e0 rafra\u00eechir votre espace de travail d&#039;entreprise\",\"potentialAction\":[{\"@type\":\"SearchAction\",\"target\":{\"@type\":\"EntryPoint\",\"urlTemplate\":\"https:\/\/metrointeriors.ca\/?s={search_term_string}\"},\"query-input\":{\"@type\":\"PropertyValueSpecification\",\"valueRequired\":true,\"valueName\":\"search_term_string\"}}],\"inLanguage\":\"fr-FR\"}]}<\/script>\n<!-- \/ Yoast SEO plugin. -->","yoast_head_json":{"title":"Cabine acoustique Priva - Metro Interiors","robots":{"index":"index","follow":"follow","max-snippet":"max-snippet:-1","max-image-preview":"max-image-preview:large","max-video-preview":"max-video-preview:-1"},"canonical":"https:\/\/metrointeriors.ca\/fr\/produit\/murs-architecturaux-cabines-acoustique-global-priva-acoustic-pod\/","og_locale":"fr_FR","og_type":"article","og_title":"Cabine acoustique Priva - Metro Interiors","og_description":"Les cabines acoustiques Priva permettent de cr\u00e9er des espaces intimes favorisant la concentration ou la collaboration, des oasis de tranquillit\u00e9 loin de l\u2019agitation des bureaux d\u00e9cloisonn\u00e9s.","og_url":"https:\/\/metrointeriors.ca\/fr\/produit\/murs-architecturaux-cabines-acoustique-global-priva-acoustic-pod\/","og_site_name":"Metro Interiors","article_modified_time":"2023-09-14T20:43:34+00:00","og_image":[{"width":1080,"height":1080,"url":"https:\/\/metrointeriors.ca\/wp-content\/uploads\/2023\/08\/api-priva-acoiustic-pod-1.jpg","type":"image\/jpeg"}],"twitter_card":"summary_large_image","schema":{"@context":"https:\/\/schema.org","@graph":[{"@type":"WebPage","@id":"https:\/\/metrointeriors.ca\/fr\/produit\/murs-architecturaux-cabines-acoustique-global-priva-acoustic-pod\/","url":"https:\/\/metrointeriors.ca\/fr\/produit\/murs-architecturaux-cabines-acoustique-global-priva-acoustic-pod\/","name":"Cabine acoustique Priva - Metro Interiors","isPartOf":{"@id":"https:\/\/metrointeriors.ca\/#website"},"primaryImageOfPage":{"@id":"https:\/\/metrointeriors.ca\/fr\/produit\/murs-architecturaux-cabines-acoustique-global-priva-acoustic-pod\/#primaryimage"},"image":{"@id":"https:\/\/metrointeriors.ca\/fr\/produit\/murs-architecturaux-cabines-acoustique-global-priva-acoustic-pod\/#primaryimage"},"thumbnailUrl":"https:\/\/metrointeriors.ca\/wp-content\/uploads\/2023\/08\/api-priva-acoiustic-pod-1.jpg","datePublished":"2023-08-03T20:18:10+00:00","dateModified":"2023-09-14T20:43:34+00:00","breadcrumb":{"@id":"https:\/\/metrointeriors.ca\/fr\/produit\/murs-architecturaux-cabines-acoustique-global-priva-acoustic-pod\/#breadcrumb"},"inLanguage":"fr-FR","potentialAction":[{"@type":"ReadAction","target":["https:\/\/metrointeriors.ca\/fr\/produit\/murs-architecturaux-cabines-acoustique-global-priva-acoustic-pod\/"]}]},{"@type":"ImageObject","inLanguage":"fr-FR","@id":"https:\/\/metrointeriors.ca\/fr\/produit\/murs-architecturaux-cabines-acoustique-global-priva-acoustic-pod\/#primaryimage","url":"https:\/\/metrointeriors.ca\/wp-content\/uploads\/2023\/08\/api-priva-acoiustic-pod-1.jpg","contentUrl":"https:\/\/metrointeriors.ca\/wp-content\/uploads\/2023\/08\/api-priva-acoiustic-pod-1.jpg","width":1080,"height":1080,"caption":"global api-priva-acoiustic-pod"},{"@type":"BreadcrumbList","@id":"https:\/\/metrointeriors.ca\/fr\/produit\/murs-architecturaux-cabines-acoustique-global-priva-acoustic-pod\/#breadcrumb","itemListElement":[{"@type":"ListItem","position":1,"name":"Home","item":"https:\/\/metrointeriors.ca\/fr\/"},{"@type":"ListItem","position":2,"name":"Boutique","item":"https:\/\/metrointeriors.ca\/fr\/boutique\/"},{"@type":"ListItem","position":3,"name":"Cabine acoustique Priva"}]},{"@type":"WebSite","@id":"https:\/\/metrointeriors.ca\/#website","url":"https:\/\/metrointeriors.ca\/","name":"Metro Interiors","description":"Laissez-nous vous aider \u00e0 rafra\u00eechir votre espace de travail d&#039;entreprise","potentialAction":[{"@type":"SearchAction","target":{"@type":"EntryPoint","urlTemplate":"https:\/\/metrointeriors.ca\/?s={search_term_string}"},"query-input":{"@type":"PropertyValueSpecification","valueRequired":true,"valueName":"search_term_string"}}],"inLanguage":"fr-FR"}]}},"_links":{"self":[{"href":"https:\/\/metrointeriors.ca\/fr\/wp-json\/wp\/v2\/product\/2954","targetHints":{"allow":["GET"]}}],"collection":[{"href":"https:\/\/metrointeriors.ca\/fr\/wp-json\/wp\/v2\/product"}],"about":[{"href":"https:\/\/metrointeriors.ca\/fr\/wp-json\/wp\/v2\/types\/product"}],"replies":[{"embeddable":true,"href":"https:\/\/metrointeriors.ca\/fr\/wp-json\/wp\/v2\/comments?post=2954"}],"wp:featuredmedia":[{"embeddable":true,"href":"https:\/\/metrointeriors.ca\/fr\/wp-json\/wp\/v2\/media\/2697"}],"wp:attachment":[{"href":"https:\/\/metrointeriors.ca\/fr\/wp-json\/wp\/v2\/media?parent=2954"}],"wp:term":[{"taxonomy":"product_brand","embeddable":true,"href":"https:\/\/metrointeriors.ca\/fr\/wp-json\/wp\/v2\/product_brand?post=2954"},{"taxonomy":"product_cat","embeddable":true,"href":"https:\/\/metrointeriors.ca\/fr\/wp-json\/wp\/v2\/product_cat?post=2954"},{"taxonomy":"product_tag","embeddable":true,"href":"https:\/\/metrointeriors.ca\/fr\/wp-json\/wp\/v2\/product_tag?post=2954"}],"curies":[{"name":"wp","href":"https:\/\/api.w.org\/{rel}","templated":true}]}}