{"id":2952,"date":"2023-08-03T20:40:39","date_gmt":"2023-08-03T20:40:39","guid":{"rendered":"https:\/\/samsaragold.com\/product\/architectural-walls-phonebooths-global-pet-felt-screens-panels\/"},"modified":"2023-09-14T20:29:51","modified_gmt":"2023-09-14T20:29:51","slug":"murs-architecturaux-cabines-telephoniques-global-cloisonnettes-et-panneaux-feutre-pet","status":"publish","type":"product","link":"https:\/\/metrointeriors.ca\/fr\/produit\/murs-architecturaux-cabines-telephoniques-global-cloisonnettes-et-panneaux-feutre-pet\/","title":{"rendered":"Cloisonnettes et panneaux en feutre PET"},"content":{"rendered":"<p>Ce mat\u00e9riau insonorisant, doux et agr\u00e9able au toucher, vous aidera \u00e0 cr\u00e9er un endroit invitant pour le travail individuel et plus cibl\u00e9. Vous pouvez aussi y \u00e9pingler images et id\u00e9es pour inspirer votre cr\u00e9ativit\u00e9.<\/p>\n<p>\u00c9cologique, le feutre PET est fabriqu\u00e9 \u00e0 partir de fibres de polyester \u00e0 haute teneur (50\u00a0%) de mati\u00e8res recycl\u00e9es post-consommation. Qui plus est, les cloisonnettes et panneaux sont enti\u00e8rement recyclables et non toxiques. Les pinces pour \u00e9cran de confidentialit\u00e9 ne doivent \u00eatre utilis\u00e9es que sur des surfaces de 1 po.<\/p>\n","protected":false},"excerpt":{"rendered":"<p>Voici les cloisonnettes d\u2019intimit\u00e9 et panneaux de fond en feutre PET.<\/p>\n","protected":false},"featured_media":2704,"comment_status":"closed","ping_status":"closed","template":"","meta":{"_et_pb_use_builder":"","_et_pb_old_content":"","_et_gb_content_width":""},"product_brand":[],"product_cat":[172,380],"product_tag":[381,382],"class_list":{"0":"post-2952","1":"product","2":"type-product","3":"status-publish","4":"has-post-thumbnail","6":"product_cat-cabines-panneaux-murs-fr","7":"product_cat-global-booths-fr","8":"product_tag-architectural-walls-phonebooths-global-fr","9":"product_tag-pet-felt-screens-panels-fr","11":"first","12":"instock","13":"product-type-simple"},"yoast_head":"<!-- This site is optimized with the Yoast SEO plugin v27.0 - https:\/\/yoast.com\/product\/yoast-seo-wordpress\/ -->\n<title>Cloisonnettes et panneaux en feutre PET - Metro Interiors<\/title>\n<meta name=\"robots\" content=\"index, follow, max-snippet:-1, max-image-preview:large, max-video-preview:-1\" \/>\n<link rel=\"canonical\" href=\"https:\/\/metrointeriors.ca\/fr\/produit\/murs-architecturaux-cabines-telephoniques-global-cloisonnettes-et-panneaux-feutre-pet\/\" \/>\n<meta property=\"og:locale\" content=\"fr_FR\" \/>\n<meta property=\"og:type\" content=\"article\" \/>\n<meta property=\"og:title\" content=\"Cloisonnettes et panneaux en feutre PET - Metro Interiors\" \/>\n<meta property=\"og:description\" content=\"Voici les cloisonnettes d\u2019intimit\u00e9 et panneaux de fond en feutre PET.\" \/>\n<meta property=\"og:url\" content=\"https:\/\/metrointeriors.ca\/fr\/produit\/murs-architecturaux-cabines-telephoniques-global-cloisonnettes-et-panneaux-feutre-pet\/\" \/>\n<meta property=\"og:site_name\" content=\"Metro Interiors\" \/>\n<meta property=\"article:modified_time\" content=\"2023-09-14T20:29:51+00:00\" \/>\n<meta property=\"og:image\" content=\"https:\/\/metrointeriors.ca\/wp-content\/uploads\/2023\/08\/global-screens-walls-pet-felt-screen.jpg\" \/>\n\t<meta property=\"og:image:width\" content=\"1080\" \/>\n\t<meta property=\"og:image:height\" content=\"1080\" \/>\n\t<meta property=\"og:image:type\" content=\"image\/jpeg\" \/>\n<meta name=\"twitter:card\" content=\"summary_large_image\" \/>\n<script type=\"application\/ld+json\" class=\"yoast-schema-graph\">{\"@context\":\"https:\/\/schema.org\",\"@graph\":[{\"@type\":\"WebPage\",\"@id\":\"https:\/\/metrointeriors.ca\/fr\/produit\/murs-architecturaux-cabines-telephoniques-global-cloisonnettes-et-panneaux-feutre-pet\/\",\"url\":\"https:\/\/metrointeriors.ca\/fr\/produit\/murs-architecturaux-cabines-telephoniques-global-cloisonnettes-et-panneaux-feutre-pet\/\",\"name\":\"Cloisonnettes et panneaux en feutre PET - Metro Interiors\",\"isPartOf\":{\"@id\":\"https:\/\/metrointeriors.ca\/#website\"},\"primaryImageOfPage\":{\"@id\":\"https:\/\/metrointeriors.ca\/fr\/produit\/murs-architecturaux-cabines-telephoniques-global-cloisonnettes-et-panneaux-feutre-pet\/#primaryimage\"},\"image\":{\"@id\":\"https:\/\/metrointeriors.ca\/fr\/produit\/murs-architecturaux-cabines-telephoniques-global-cloisonnettes-et-panneaux-feutre-pet\/#primaryimage\"},\"thumbnailUrl\":\"https:\/\/metrointeriors.ca\/wp-content\/uploads\/2023\/08\/global-screens-walls-pet-felt-screen.jpg\",\"datePublished\":\"2023-08-03T20:40:39+00:00\",\"dateModified\":\"2023-09-14T20:29:51+00:00\",\"breadcrumb\":{\"@id\":\"https:\/\/metrointeriors.ca\/fr\/produit\/murs-architecturaux-cabines-telephoniques-global-cloisonnettes-et-panneaux-feutre-pet\/#breadcrumb\"},\"inLanguage\":\"fr-FR\",\"potentialAction\":[{\"@type\":\"ReadAction\",\"target\":[\"https:\/\/metrointeriors.ca\/fr\/produit\/murs-architecturaux-cabines-telephoniques-global-cloisonnettes-et-panneaux-feutre-pet\/\"]}]},{\"@type\":\"ImageObject\",\"inLanguage\":\"fr-FR\",\"@id\":\"https:\/\/metrointeriors.ca\/fr\/produit\/murs-architecturaux-cabines-telephoniques-global-cloisonnettes-et-panneaux-feutre-pet\/#primaryimage\",\"url\":\"https:\/\/metrointeriors.ca\/wp-content\/uploads\/2023\/08\/global-screens-walls-pet-felt-screen.jpg\",\"contentUrl\":\"https:\/\/metrointeriors.ca\/wp-content\/uploads\/2023\/08\/global-screens-walls-pet-felt-screen.jpg\",\"width\":1080,\"height\":1080,\"caption\":\"global-screens-walls-pet-felt-screen\"},{\"@type\":\"BreadcrumbList\",\"@id\":\"https:\/\/metrointeriors.ca\/fr\/produit\/murs-architecturaux-cabines-telephoniques-global-cloisonnettes-et-panneaux-feutre-pet\/#breadcrumb\",\"itemListElement\":[{\"@type\":\"ListItem\",\"position\":1,\"name\":\"Home\",\"item\":\"https:\/\/metrointeriors.ca\/fr\/\"},{\"@type\":\"ListItem\",\"position\":2,\"name\":\"Boutique\",\"item\":\"https:\/\/metrointeriors.ca\/fr\/boutique\/\"},{\"@type\":\"ListItem\",\"position\":3,\"name\":\"Cloisonnettes et panneaux en feutre PET\"}]},{\"@type\":\"WebSite\",\"@id\":\"https:\/\/metrointeriors.ca\/#website\",\"url\":\"https:\/\/metrointeriors.ca\/\",\"name\":\"Metro Interiors\",\"description\":\"Laissez-nous vous aider \u00e0 rafra\u00eechir votre espace de travail d&#039;entreprise\",\"potentialAction\":[{\"@type\":\"SearchAction\",\"target\":{\"@type\":\"EntryPoint\",\"urlTemplate\":\"https:\/\/metrointeriors.ca\/?s={search_term_string}\"},\"query-input\":{\"@type\":\"PropertyValueSpecification\",\"valueRequired\":true,\"valueName\":\"search_term_string\"}}],\"inLanguage\":\"fr-FR\"}]}<\/script>\n<!-- \/ Yoast SEO plugin. -->","yoast_head_json":{"title":"Cloisonnettes et panneaux en feutre PET - Metro Interiors","robots":{"index":"index","follow":"follow","max-snippet":"max-snippet:-1","max-image-preview":"max-image-preview:large","max-video-preview":"max-video-preview:-1"},"canonical":"https:\/\/metrointeriors.ca\/fr\/produit\/murs-architecturaux-cabines-telephoniques-global-cloisonnettes-et-panneaux-feutre-pet\/","og_locale":"fr_FR","og_type":"article","og_title":"Cloisonnettes et panneaux en feutre PET - Metro Interiors","og_description":"Voici les cloisonnettes d\u2019intimit\u00e9 et panneaux de fond en feutre PET.","og_url":"https:\/\/metrointeriors.ca\/fr\/produit\/murs-architecturaux-cabines-telephoniques-global-cloisonnettes-et-panneaux-feutre-pet\/","og_site_name":"Metro Interiors","article_modified_time":"2023-09-14T20:29:51+00:00","og_image":[{"width":1080,"height":1080,"url":"https:\/\/metrointeriors.ca\/wp-content\/uploads\/2023\/08\/global-screens-walls-pet-felt-screen.jpg","type":"image\/jpeg"}],"twitter_card":"summary_large_image","schema":{"@context":"https:\/\/schema.org","@graph":[{"@type":"WebPage","@id":"https:\/\/metrointeriors.ca\/fr\/produit\/murs-architecturaux-cabines-telephoniques-global-cloisonnettes-et-panneaux-feutre-pet\/","url":"https:\/\/metrointeriors.ca\/fr\/produit\/murs-architecturaux-cabines-telephoniques-global-cloisonnettes-et-panneaux-feutre-pet\/","name":"Cloisonnettes et panneaux en feutre PET - Metro Interiors","isPartOf":{"@id":"https:\/\/metrointeriors.ca\/#website"},"primaryImageOfPage":{"@id":"https:\/\/metrointeriors.ca\/fr\/produit\/murs-architecturaux-cabines-telephoniques-global-cloisonnettes-et-panneaux-feutre-pet\/#primaryimage"},"image":{"@id":"https:\/\/metrointeriors.ca\/fr\/produit\/murs-architecturaux-cabines-telephoniques-global-cloisonnettes-et-panneaux-feutre-pet\/#primaryimage"},"thumbnailUrl":"https:\/\/metrointeriors.ca\/wp-content\/uploads\/2023\/08\/global-screens-walls-pet-felt-screen.jpg","datePublished":"2023-08-03T20:40:39+00:00","dateModified":"2023-09-14T20:29:51+00:00","breadcrumb":{"@id":"https:\/\/metrointeriors.ca\/fr\/produit\/murs-architecturaux-cabines-telephoniques-global-cloisonnettes-et-panneaux-feutre-pet\/#breadcrumb"},"inLanguage":"fr-FR","potentialAction":[{"@type":"ReadAction","target":["https:\/\/metrointeriors.ca\/fr\/produit\/murs-architecturaux-cabines-telephoniques-global-cloisonnettes-et-panneaux-feutre-pet\/"]}]},{"@type":"ImageObject","inLanguage":"fr-FR","@id":"https:\/\/metrointeriors.ca\/fr\/produit\/murs-architecturaux-cabines-telephoniques-global-cloisonnettes-et-panneaux-feutre-pet\/#primaryimage","url":"https:\/\/metrointeriors.ca\/wp-content\/uploads\/2023\/08\/global-screens-walls-pet-felt-screen.jpg","contentUrl":"https:\/\/metrointeriors.ca\/wp-content\/uploads\/2023\/08\/global-screens-walls-pet-felt-screen.jpg","width":1080,"height":1080,"caption":"global-screens-walls-pet-felt-screen"},{"@type":"BreadcrumbList","@id":"https:\/\/metrointeriors.ca\/fr\/produit\/murs-architecturaux-cabines-telephoniques-global-cloisonnettes-et-panneaux-feutre-pet\/#breadcrumb","itemListElement":[{"@type":"ListItem","position":1,"name":"Home","item":"https:\/\/metrointeriors.ca\/fr\/"},{"@type":"ListItem","position":2,"name":"Boutique","item":"https:\/\/metrointeriors.ca\/fr\/boutique\/"},{"@type":"ListItem","position":3,"name":"Cloisonnettes et panneaux en feutre PET"}]},{"@type":"WebSite","@id":"https:\/\/metrointeriors.ca\/#website","url":"https:\/\/metrointeriors.ca\/","name":"Metro Interiors","description":"Laissez-nous vous aider \u00e0 rafra\u00eechir votre espace de travail d&#039;entreprise","potentialAction":[{"@type":"SearchAction","target":{"@type":"EntryPoint","urlTemplate":"https:\/\/metrointeriors.ca\/?s={search_term_string}"},"query-input":{"@type":"PropertyValueSpecification","valueRequired":true,"valueName":"search_term_string"}}],"inLanguage":"fr-FR"}]}},"_links":{"self":[{"href":"https:\/\/metrointeriors.ca\/fr\/wp-json\/wp\/v2\/product\/2952","targetHints":{"allow":["GET"]}}],"collection":[{"href":"https:\/\/metrointeriors.ca\/fr\/wp-json\/wp\/v2\/product"}],"about":[{"href":"https:\/\/metrointeriors.ca\/fr\/wp-json\/wp\/v2\/types\/product"}],"replies":[{"embeddable":true,"href":"https:\/\/metrointeriors.ca\/fr\/wp-json\/wp\/v2\/comments?post=2952"}],"wp:featuredmedia":[{"embeddable":true,"href":"https:\/\/metrointeriors.ca\/fr\/wp-json\/wp\/v2\/media\/2704"}],"wp:attachment":[{"href":"https:\/\/metrointeriors.ca\/fr\/wp-json\/wp\/v2\/media?parent=2952"}],"wp:term":[{"taxonomy":"product_brand","embeddable":true,"href":"https:\/\/metrointeriors.ca\/fr\/wp-json\/wp\/v2\/product_brand?post=2952"},{"taxonomy":"product_cat","embeddable":true,"href":"https:\/\/metrointeriors.ca\/fr\/wp-json\/wp\/v2\/product_cat?post=2952"},{"taxonomy":"product_tag","embeddable":true,"href":"https:\/\/metrointeriors.ca\/fr\/wp-json\/wp\/v2\/product_tag?post=2952"}],"curies":[{"name":"wp","href":"https:\/\/api.w.org\/{rel}","templated":true}]}}