{"id":2950,"date":"2021-08-27T14:31:13","date_gmt":"2021-08-27T14:31:13","guid":{"rendered":"https:\/\/samsaragold.com\/product\/phonebooths-buzzspace-buzzyhug\/"},"modified":"2023-09-14T20:02:08","modified_gmt":"2023-09-14T20:02:08","slug":"cabines-telephoniques-buzzspace-buzzyhug","status":"publish","type":"product","link":"https:\/\/metrointeriors.ca\/fr\/produit\/cabines-telephoniques-buzzspace-buzzyhug\/","title":{"rendered":"Buzzyhug"},"content":{"rendered":"<p>En raison de sa structure compacte et organique, il est simple de combiner plusieurs BuzziHug pour diviser les espaces ouverts et cr\u00e9er une atmosph\u00e8re visuellement \u00e9poustouflante tout en absorbant le son.<\/p>\n<h2>Une \u00e9treinte chaleureuse<\/h2>\n<p>BuzziHug \u00e9quilibre parfaitement le fait d&rsquo;\u00eatre une cabine d&rsquo;intimit\u00e9 semi-ferm\u00e9e et un poste de travail individuel debout. Gr\u00e2ce \u00e0 son corps rembourr\u00e9 volumineux, BuzziHug att\u00e9nue efficacement le bruit excessif tout en servant d&rsquo;\u00e9l\u00e9ment de design inattendu dans n&rsquo;importe quel espace de travail. Tout comme une \u00e9treinte chaleureuse, BuzziHug cr\u00e9e instantan\u00e9ment un environnement de travail confortable et s\u00fbr permettant aux employ\u00e9s de passer des appels vid\u00e9o ou de se concentrer sur leur travail.<\/p>\n<h2>Placer n&rsquo;importe o\u00f9<\/h2>\n<p>Gr\u00e2ce \u00e0 ses attributs l\u00e9gers et flexibles, BuzziHug peut \u00eatre plac\u00e9 dans n&rsquo;importe quelle zone d\u00e9di\u00e9e. La\u00a0cabine de confidentialit\u00e9\u00a0peut sortir directement de l&#8217;emballage et \u00eatre install\u00e9e o\u00f9 vous le souhaitez, il suffit de mettre \u00e0 niveau ses pieds r\u00e9glables pour qu&rsquo;elle puisse reposer sur un sol in\u00e9gal. Construit avec un noyau robuste, BuzziHug peut \u00e9galement \u00eatre boulonn\u00e9 au sol pour l&#8217;emp\u00eacher de tomber lors de tremblements de terre et de chocs sismiques.<\/p>\n","protected":false},"excerpt":{"rendered":"<p>Pouvant accueillir une personne, la solution acoustique semi-ferm\u00e9e offre en outre un espace de travail priv\u00e9 tout en garantissant la distance physique.<\/p>\n","protected":false},"featured_media":2608,"comment_status":"closed","ping_status":"closed","template":"","meta":{"_et_pb_use_builder":"","_et_pb_old_content":"","_et_gb_content_width":""},"product_brand":[],"product_cat":[174,172],"product_tag":[378,376,377],"class_list":{"0":"post-2950","1":"product","2":"type-product","3":"status-publish","4":"has-post-thumbnail","6":"product_cat-buzzispace-fr","7":"product_cat-cabines-panneaux-murs-fr","8":"product_tag-buzzshug-fr","9":"product_tag-buzzspace-fr","10":"product_tag-phonebooths-fr","12":"first","13":"instock","14":"product-type-simple"},"yoast_head":"<!-- This site is optimized with the Yoast SEO plugin v27.0 - https:\/\/yoast.com\/product\/yoast-seo-wordpress\/ -->\n<title>Buzzyhug - Metro Interiors<\/title>\n<meta name=\"robots\" content=\"index, follow, max-snippet:-1, max-image-preview:large, max-video-preview:-1\" \/>\n<link rel=\"canonical\" href=\"https:\/\/metrointeriors.ca\/fr\/produit\/cabines-telephoniques-buzzspace-buzzyhug\/\" \/>\n<meta property=\"og:locale\" content=\"fr_FR\" \/>\n<meta property=\"og:type\" content=\"article\" \/>\n<meta property=\"og:title\" content=\"Buzzyhug - Metro Interiors\" \/>\n<meta property=\"og:description\" content=\"Pouvant accueillir une personne, la solution acoustique semi-ferm\u00e9e offre en outre un espace de travail priv\u00e9 tout en garantissant la distance physique.\" \/>\n<meta property=\"og:url\" content=\"https:\/\/metrointeriors.ca\/fr\/produit\/cabines-telephoniques-buzzspace-buzzyhug\/\" \/>\n<meta property=\"og:site_name\" content=\"Metro Interiors\" \/>\n<meta property=\"article:modified_time\" content=\"2023-09-14T20:02:08+00:00\" \/>\n<meta property=\"og:image\" content=\"https:\/\/metrointeriors.ca\/wp-content\/uploads\/2021\/08\/phonebooth-BuzziHug-01.jpg\" \/>\n\t<meta property=\"og:image:width\" content=\"1080\" \/>\n\t<meta property=\"og:image:height\" content=\"1080\" \/>\n\t<meta property=\"og:image:type\" content=\"image\/jpeg\" \/>\n<meta name=\"twitter:card\" content=\"summary_large_image\" \/>\n<meta name=\"twitter:label1\" content=\"Dur\u00e9e de lecture estim\u00e9e\" \/>\n\t<meta name=\"twitter:data1\" content=\"1 minute\" \/>\n<script type=\"application\/ld+json\" class=\"yoast-schema-graph\">{\"@context\":\"https:\/\/schema.org\",\"@graph\":[{\"@type\":\"WebPage\",\"@id\":\"https:\/\/metrointeriors.ca\/fr\/produit\/cabines-telephoniques-buzzspace-buzzyhug\/\",\"url\":\"https:\/\/metrointeriors.ca\/fr\/produit\/cabines-telephoniques-buzzspace-buzzyhug\/\",\"name\":\"Buzzyhug - Metro Interiors\",\"isPartOf\":{\"@id\":\"https:\/\/metrointeriors.ca\/#website\"},\"primaryImageOfPage\":{\"@id\":\"https:\/\/metrointeriors.ca\/fr\/produit\/cabines-telephoniques-buzzspace-buzzyhug\/#primaryimage\"},\"image\":{\"@id\":\"https:\/\/metrointeriors.ca\/fr\/produit\/cabines-telephoniques-buzzspace-buzzyhug\/#primaryimage\"},\"thumbnailUrl\":\"https:\/\/metrointeriors.ca\/wp-content\/uploads\/2021\/08\/phonebooth-BuzziHug-01.jpg\",\"datePublished\":\"2021-08-27T14:31:13+00:00\",\"dateModified\":\"2023-09-14T20:02:08+00:00\",\"breadcrumb\":{\"@id\":\"https:\/\/metrointeriors.ca\/fr\/produit\/cabines-telephoniques-buzzspace-buzzyhug\/#breadcrumb\"},\"inLanguage\":\"fr-FR\",\"potentialAction\":[{\"@type\":\"ReadAction\",\"target\":[\"https:\/\/metrointeriors.ca\/fr\/produit\/cabines-telephoniques-buzzspace-buzzyhug\/\"]}]},{\"@type\":\"ImageObject\",\"inLanguage\":\"fr-FR\",\"@id\":\"https:\/\/metrointeriors.ca\/fr\/produit\/cabines-telephoniques-buzzspace-buzzyhug\/#primaryimage\",\"url\":\"https:\/\/metrointeriors.ca\/wp-content\/uploads\/2021\/08\/phonebooth-BuzziHug-01.jpg\",\"contentUrl\":\"https:\/\/metrointeriors.ca\/wp-content\/uploads\/2021\/08\/phonebooth-BuzziHug-01.jpg\",\"width\":1080,\"height\":1080,\"caption\":\"phonebooth-BuzziHug-\"},{\"@type\":\"BreadcrumbList\",\"@id\":\"https:\/\/metrointeriors.ca\/fr\/produit\/cabines-telephoniques-buzzspace-buzzyhug\/#breadcrumb\",\"itemListElement\":[{\"@type\":\"ListItem\",\"position\":1,\"name\":\"Home\",\"item\":\"https:\/\/metrointeriors.ca\/fr\/\"},{\"@type\":\"ListItem\",\"position\":2,\"name\":\"Boutique\",\"item\":\"https:\/\/metrointeriors.ca\/fr\/boutique\/\"},{\"@type\":\"ListItem\",\"position\":3,\"name\":\"Buzzyhug\"}]},{\"@type\":\"WebSite\",\"@id\":\"https:\/\/metrointeriors.ca\/#website\",\"url\":\"https:\/\/metrointeriors.ca\/\",\"name\":\"Metro Interiors\",\"description\":\"Laissez-nous vous aider \u00e0 rafra\u00eechir votre espace de travail d&#039;entreprise\",\"potentialAction\":[{\"@type\":\"SearchAction\",\"target\":{\"@type\":\"EntryPoint\",\"urlTemplate\":\"https:\/\/metrointeriors.ca\/?s={search_term_string}\"},\"query-input\":{\"@type\":\"PropertyValueSpecification\",\"valueRequired\":true,\"valueName\":\"search_term_string\"}}],\"inLanguage\":\"fr-FR\"}]}<\/script>\n<!-- \/ Yoast SEO plugin. -->","yoast_head_json":{"title":"Buzzyhug - Metro Interiors","robots":{"index":"index","follow":"follow","max-snippet":"max-snippet:-1","max-image-preview":"max-image-preview:large","max-video-preview":"max-video-preview:-1"},"canonical":"https:\/\/metrointeriors.ca\/fr\/produit\/cabines-telephoniques-buzzspace-buzzyhug\/","og_locale":"fr_FR","og_type":"article","og_title":"Buzzyhug - Metro Interiors","og_description":"Pouvant accueillir une personne, la solution acoustique semi-ferm\u00e9e offre en outre un espace de travail priv\u00e9 tout en garantissant la distance physique.","og_url":"https:\/\/metrointeriors.ca\/fr\/produit\/cabines-telephoniques-buzzspace-buzzyhug\/","og_site_name":"Metro Interiors","article_modified_time":"2023-09-14T20:02:08+00:00","og_image":[{"width":1080,"height":1080,"url":"https:\/\/metrointeriors.ca\/wp-content\/uploads\/2021\/08\/phonebooth-BuzziHug-01.jpg","type":"image\/jpeg"}],"twitter_card":"summary_large_image","twitter_misc":{"Dur\u00e9e de lecture estim\u00e9e":"1 minute"},"schema":{"@context":"https:\/\/schema.org","@graph":[{"@type":"WebPage","@id":"https:\/\/metrointeriors.ca\/fr\/produit\/cabines-telephoniques-buzzspace-buzzyhug\/","url":"https:\/\/metrointeriors.ca\/fr\/produit\/cabines-telephoniques-buzzspace-buzzyhug\/","name":"Buzzyhug - Metro Interiors","isPartOf":{"@id":"https:\/\/metrointeriors.ca\/#website"},"primaryImageOfPage":{"@id":"https:\/\/metrointeriors.ca\/fr\/produit\/cabines-telephoniques-buzzspace-buzzyhug\/#primaryimage"},"image":{"@id":"https:\/\/metrointeriors.ca\/fr\/produit\/cabines-telephoniques-buzzspace-buzzyhug\/#primaryimage"},"thumbnailUrl":"https:\/\/metrointeriors.ca\/wp-content\/uploads\/2021\/08\/phonebooth-BuzziHug-01.jpg","datePublished":"2021-08-27T14:31:13+00:00","dateModified":"2023-09-14T20:02:08+00:00","breadcrumb":{"@id":"https:\/\/metrointeriors.ca\/fr\/produit\/cabines-telephoniques-buzzspace-buzzyhug\/#breadcrumb"},"inLanguage":"fr-FR","potentialAction":[{"@type":"ReadAction","target":["https:\/\/metrointeriors.ca\/fr\/produit\/cabines-telephoniques-buzzspace-buzzyhug\/"]}]},{"@type":"ImageObject","inLanguage":"fr-FR","@id":"https:\/\/metrointeriors.ca\/fr\/produit\/cabines-telephoniques-buzzspace-buzzyhug\/#primaryimage","url":"https:\/\/metrointeriors.ca\/wp-content\/uploads\/2021\/08\/phonebooth-BuzziHug-01.jpg","contentUrl":"https:\/\/metrointeriors.ca\/wp-content\/uploads\/2021\/08\/phonebooth-BuzziHug-01.jpg","width":1080,"height":1080,"caption":"phonebooth-BuzziHug-"},{"@type":"BreadcrumbList","@id":"https:\/\/metrointeriors.ca\/fr\/produit\/cabines-telephoniques-buzzspace-buzzyhug\/#breadcrumb","itemListElement":[{"@type":"ListItem","position":1,"name":"Home","item":"https:\/\/metrointeriors.ca\/fr\/"},{"@type":"ListItem","position":2,"name":"Boutique","item":"https:\/\/metrointeriors.ca\/fr\/boutique\/"},{"@type":"ListItem","position":3,"name":"Buzzyhug"}]},{"@type":"WebSite","@id":"https:\/\/metrointeriors.ca\/#website","url":"https:\/\/metrointeriors.ca\/","name":"Metro Interiors","description":"Laissez-nous vous aider \u00e0 rafra\u00eechir votre espace de travail d&#039;entreprise","potentialAction":[{"@type":"SearchAction","target":{"@type":"EntryPoint","urlTemplate":"https:\/\/metrointeriors.ca\/?s={search_term_string}"},"query-input":{"@type":"PropertyValueSpecification","valueRequired":true,"valueName":"search_term_string"}}],"inLanguage":"fr-FR"}]}},"_links":{"self":[{"href":"https:\/\/metrointeriors.ca\/fr\/wp-json\/wp\/v2\/product\/2950","targetHints":{"allow":["GET"]}}],"collection":[{"href":"https:\/\/metrointeriors.ca\/fr\/wp-json\/wp\/v2\/product"}],"about":[{"href":"https:\/\/metrointeriors.ca\/fr\/wp-json\/wp\/v2\/types\/product"}],"replies":[{"embeddable":true,"href":"https:\/\/metrointeriors.ca\/fr\/wp-json\/wp\/v2\/comments?post=2950"}],"wp:featuredmedia":[{"embeddable":true,"href":"https:\/\/metrointeriors.ca\/fr\/wp-json\/wp\/v2\/media\/2608"}],"wp:attachment":[{"href":"https:\/\/metrointeriors.ca\/fr\/wp-json\/wp\/v2\/media?parent=2950"}],"wp:term":[{"taxonomy":"product_brand","embeddable":true,"href":"https:\/\/metrointeriors.ca\/fr\/wp-json\/wp\/v2\/product_brand?post=2950"},{"taxonomy":"product_cat","embeddable":true,"href":"https:\/\/metrointeriors.ca\/fr\/wp-json\/wp\/v2\/product_cat?post=2950"},{"taxonomy":"product_tag","embeddable":true,"href":"https:\/\/metrointeriors.ca\/fr\/wp-json\/wp\/v2\/product_tag?post=2950"}],"curies":[{"name":"wp","href":"https:\/\/api.w.org\/{rel}","templated":true}]}}