{"id":2949,"date":"2021-08-27T14:31:08","date_gmt":"2021-08-27T14:31:08","guid":{"rendered":"https:\/\/samsaragold.com\/product\/phonebooths-buzzspace-buzzinest\/"},"modified":"2023-09-14T19:54:44","modified_gmt":"2023-09-14T19:54:44","slug":"cabines-telephoniques-buzzspace-buzzinest","status":"publish","type":"product","link":"https:\/\/metrointeriors.ca\/fr\/produit\/cabines-telephoniques-buzzspace-buzzinest\/","title":{"rendered":"Buzzinest"},"content":{"rendered":"<h2>Des espaces de travail silencieux partout<\/h2>\n<p>La cabine acoustique compacte pour 1 personne offre un espace priv\u00e9 pour travailler et prendre des appels, tandis que le BuzziNest Pod permet \u00e0 jusqu&rsquo;\u00e0 4 personnes de tenir des r\u00e9unions et des collaborations en face-\u00e0-face dans n&rsquo;importe quel espace ouvert sans d\u00e9ranger les autres et, surtout, \u00eatre d\u00e9rang\u00e9.<\/p>\n<h2>Bloqueur de son<\/h2>\n<p>Gr\u00e2ce \u00e0 son ext\u00e9rieur rembourr\u00e9 de luxe et \u00e0 ses panneaux en tissu \u00e0 l&rsquo;int\u00e9rieur, BuzziNest att\u00e9nue efficacement le bruit provenant de toutes les directions pour cr\u00e9er un maximum de paix et de tranquillit\u00e9 pour tout le monde dans le bureau, que vous travailliez \u00e0 l&rsquo;int\u00e9rieur ou \u00e0 l&rsquo;ext\u00e9rieur de BuzziNest. Dites adieu aux r\u00e9verb\u00e9rations et au bruit excessifs !<\/p>\n","protected":false},"excerpt":{"rendered":"<p>BuzziNest Booth et Pod sont d&rsquo;excellentes alternatives aux infrastructures co\u00fbteuses et tout ce dont vous avez besoin pour effacer les bruits perturbateurs de n&rsquo;importe quel lieu de travail.<\/p>\n","protected":false},"featured_media":2598,"comment_status":"closed","ping_status":"closed","template":"","meta":{"_et_pb_use_builder":"","_et_pb_old_content":"","_et_gb_content_width":""},"product_brand":[],"product_cat":[174,172],"product_tag":[375,376,377],"class_list":{"0":"post-2949","1":"product","2":"type-product","3":"status-publish","4":"has-post-thumbnail","6":"product_cat-buzzispace-fr","7":"product_cat-cabines-panneaux-murs-fr","8":"product_tag-buzzinest-fr","9":"product_tag-buzzspace-fr","10":"product_tag-phonebooths-fr","12":"first","13":"instock","14":"product-type-simple"},"yoast_head":"<!-- This site is optimized with the Yoast SEO plugin v27.0 - https:\/\/yoast.com\/product\/yoast-seo-wordpress\/ -->\n<title>Buzzinest - Metro Interiors<\/title>\n<meta name=\"robots\" content=\"index, follow, max-snippet:-1, max-image-preview:large, max-video-preview:-1\" \/>\n<link rel=\"canonical\" href=\"https:\/\/metrointeriors.ca\/fr\/produit\/cabines-telephoniques-buzzspace-buzzinest\/\" \/>\n<meta property=\"og:locale\" content=\"fr_FR\" \/>\n<meta property=\"og:type\" content=\"article\" \/>\n<meta property=\"og:title\" content=\"Buzzinest - Metro Interiors\" \/>\n<meta property=\"og:description\" content=\"BuzziNest Booth et Pod sont d&#039;excellentes alternatives aux infrastructures co\u00fbteuses et tout ce dont vous avez besoin pour effacer les bruits perturbateurs de n&#039;importe quel lieu de travail.\" \/>\n<meta property=\"og:url\" content=\"https:\/\/metrointeriors.ca\/fr\/produit\/cabines-telephoniques-buzzspace-buzzinest\/\" \/>\n<meta property=\"og:site_name\" content=\"Metro Interiors\" \/>\n<meta property=\"article:modified_time\" content=\"2023-09-14T19:54:44+00:00\" \/>\n<meta property=\"og:image\" content=\"https:\/\/metrointeriors.ca\/wp-content\/uploads\/2021\/08\/phonebooth-BuzziNest-01.jpg\" \/>\n\t<meta property=\"og:image:width\" content=\"1080\" \/>\n\t<meta property=\"og:image:height\" content=\"1080\" \/>\n\t<meta property=\"og:image:type\" content=\"image\/jpeg\" \/>\n<meta name=\"twitter:card\" content=\"summary_large_image\" \/>\n<meta name=\"twitter:label1\" content=\"Dur\u00e9e de lecture estim\u00e9e\" \/>\n\t<meta name=\"twitter:data1\" content=\"1 minute\" \/>\n<script type=\"application\/ld+json\" class=\"yoast-schema-graph\">{\"@context\":\"https:\/\/schema.org\",\"@graph\":[{\"@type\":\"WebPage\",\"@id\":\"https:\/\/metrointeriors.ca\/fr\/produit\/cabines-telephoniques-buzzspace-buzzinest\/\",\"url\":\"https:\/\/metrointeriors.ca\/fr\/produit\/cabines-telephoniques-buzzspace-buzzinest\/\",\"name\":\"Buzzinest - Metro Interiors\",\"isPartOf\":{\"@id\":\"https:\/\/metrointeriors.ca\/#website\"},\"primaryImageOfPage\":{\"@id\":\"https:\/\/metrointeriors.ca\/fr\/produit\/cabines-telephoniques-buzzspace-buzzinest\/#primaryimage\"},\"image\":{\"@id\":\"https:\/\/metrointeriors.ca\/fr\/produit\/cabines-telephoniques-buzzspace-buzzinest\/#primaryimage\"},\"thumbnailUrl\":\"https:\/\/metrointeriors.ca\/wp-content\/uploads\/2021\/08\/phonebooth-BuzziNest-01.jpg\",\"datePublished\":\"2021-08-27T14:31:08+00:00\",\"dateModified\":\"2023-09-14T19:54:44+00:00\",\"breadcrumb\":{\"@id\":\"https:\/\/metrointeriors.ca\/fr\/produit\/cabines-telephoniques-buzzspace-buzzinest\/#breadcrumb\"},\"inLanguage\":\"fr-FR\",\"potentialAction\":[{\"@type\":\"ReadAction\",\"target\":[\"https:\/\/metrointeriors.ca\/fr\/produit\/cabines-telephoniques-buzzspace-buzzinest\/\"]}]},{\"@type\":\"ImageObject\",\"inLanguage\":\"fr-FR\",\"@id\":\"https:\/\/metrointeriors.ca\/fr\/produit\/cabines-telephoniques-buzzspace-buzzinest\/#primaryimage\",\"url\":\"https:\/\/metrointeriors.ca\/wp-content\/uploads\/2021\/08\/phonebooth-BuzziNest-01.jpg\",\"contentUrl\":\"https:\/\/metrointeriors.ca\/wp-content\/uploads\/2021\/08\/phonebooth-BuzziNest-01.jpg\",\"width\":1080,\"height\":1080,\"caption\":\"phonebooth-BuzziNest-\"},{\"@type\":\"BreadcrumbList\",\"@id\":\"https:\/\/metrointeriors.ca\/fr\/produit\/cabines-telephoniques-buzzspace-buzzinest\/#breadcrumb\",\"itemListElement\":[{\"@type\":\"ListItem\",\"position\":1,\"name\":\"Home\",\"item\":\"https:\/\/metrointeriors.ca\/fr\/\"},{\"@type\":\"ListItem\",\"position\":2,\"name\":\"Boutique\",\"item\":\"https:\/\/metrointeriors.ca\/fr\/boutique\/\"},{\"@type\":\"ListItem\",\"position\":3,\"name\":\"Buzzinest\"}]},{\"@type\":\"WebSite\",\"@id\":\"https:\/\/metrointeriors.ca\/#website\",\"url\":\"https:\/\/metrointeriors.ca\/\",\"name\":\"Metro Interiors\",\"description\":\"Laissez-nous vous aider \u00e0 rafra\u00eechir votre espace de travail d&#039;entreprise\",\"potentialAction\":[{\"@type\":\"SearchAction\",\"target\":{\"@type\":\"EntryPoint\",\"urlTemplate\":\"https:\/\/metrointeriors.ca\/?s={search_term_string}\"},\"query-input\":{\"@type\":\"PropertyValueSpecification\",\"valueRequired\":true,\"valueName\":\"search_term_string\"}}],\"inLanguage\":\"fr-FR\"}]}<\/script>\n<!-- \/ Yoast SEO plugin. -->","yoast_head_json":{"title":"Buzzinest - Metro Interiors","robots":{"index":"index","follow":"follow","max-snippet":"max-snippet:-1","max-image-preview":"max-image-preview:large","max-video-preview":"max-video-preview:-1"},"canonical":"https:\/\/metrointeriors.ca\/fr\/produit\/cabines-telephoniques-buzzspace-buzzinest\/","og_locale":"fr_FR","og_type":"article","og_title":"Buzzinest - Metro Interiors","og_description":"BuzziNest Booth et Pod sont d'excellentes alternatives aux infrastructures co\u00fbteuses et tout ce dont vous avez besoin pour effacer les bruits perturbateurs de n'importe quel lieu de travail.","og_url":"https:\/\/metrointeriors.ca\/fr\/produit\/cabines-telephoniques-buzzspace-buzzinest\/","og_site_name":"Metro Interiors","article_modified_time":"2023-09-14T19:54:44+00:00","og_image":[{"width":1080,"height":1080,"url":"https:\/\/metrointeriors.ca\/wp-content\/uploads\/2021\/08\/phonebooth-BuzziNest-01.jpg","type":"image\/jpeg"}],"twitter_card":"summary_large_image","twitter_misc":{"Dur\u00e9e de lecture estim\u00e9e":"1 minute"},"schema":{"@context":"https:\/\/schema.org","@graph":[{"@type":"WebPage","@id":"https:\/\/metrointeriors.ca\/fr\/produit\/cabines-telephoniques-buzzspace-buzzinest\/","url":"https:\/\/metrointeriors.ca\/fr\/produit\/cabines-telephoniques-buzzspace-buzzinest\/","name":"Buzzinest - Metro Interiors","isPartOf":{"@id":"https:\/\/metrointeriors.ca\/#website"},"primaryImageOfPage":{"@id":"https:\/\/metrointeriors.ca\/fr\/produit\/cabines-telephoniques-buzzspace-buzzinest\/#primaryimage"},"image":{"@id":"https:\/\/metrointeriors.ca\/fr\/produit\/cabines-telephoniques-buzzspace-buzzinest\/#primaryimage"},"thumbnailUrl":"https:\/\/metrointeriors.ca\/wp-content\/uploads\/2021\/08\/phonebooth-BuzziNest-01.jpg","datePublished":"2021-08-27T14:31:08+00:00","dateModified":"2023-09-14T19:54:44+00:00","breadcrumb":{"@id":"https:\/\/metrointeriors.ca\/fr\/produit\/cabines-telephoniques-buzzspace-buzzinest\/#breadcrumb"},"inLanguage":"fr-FR","potentialAction":[{"@type":"ReadAction","target":["https:\/\/metrointeriors.ca\/fr\/produit\/cabines-telephoniques-buzzspace-buzzinest\/"]}]},{"@type":"ImageObject","inLanguage":"fr-FR","@id":"https:\/\/metrointeriors.ca\/fr\/produit\/cabines-telephoniques-buzzspace-buzzinest\/#primaryimage","url":"https:\/\/metrointeriors.ca\/wp-content\/uploads\/2021\/08\/phonebooth-BuzziNest-01.jpg","contentUrl":"https:\/\/metrointeriors.ca\/wp-content\/uploads\/2021\/08\/phonebooth-BuzziNest-01.jpg","width":1080,"height":1080,"caption":"phonebooth-BuzziNest-"},{"@type":"BreadcrumbList","@id":"https:\/\/metrointeriors.ca\/fr\/produit\/cabines-telephoniques-buzzspace-buzzinest\/#breadcrumb","itemListElement":[{"@type":"ListItem","position":1,"name":"Home","item":"https:\/\/metrointeriors.ca\/fr\/"},{"@type":"ListItem","position":2,"name":"Boutique","item":"https:\/\/metrointeriors.ca\/fr\/boutique\/"},{"@type":"ListItem","position":3,"name":"Buzzinest"}]},{"@type":"WebSite","@id":"https:\/\/metrointeriors.ca\/#website","url":"https:\/\/metrointeriors.ca\/","name":"Metro Interiors","description":"Laissez-nous vous aider \u00e0 rafra\u00eechir votre espace de travail d&#039;entreprise","potentialAction":[{"@type":"SearchAction","target":{"@type":"EntryPoint","urlTemplate":"https:\/\/metrointeriors.ca\/?s={search_term_string}"},"query-input":{"@type":"PropertyValueSpecification","valueRequired":true,"valueName":"search_term_string"}}],"inLanguage":"fr-FR"}]}},"_links":{"self":[{"href":"https:\/\/metrointeriors.ca\/fr\/wp-json\/wp\/v2\/product\/2949","targetHints":{"allow":["GET"]}}],"collection":[{"href":"https:\/\/metrointeriors.ca\/fr\/wp-json\/wp\/v2\/product"}],"about":[{"href":"https:\/\/metrointeriors.ca\/fr\/wp-json\/wp\/v2\/types\/product"}],"replies":[{"embeddable":true,"href":"https:\/\/metrointeriors.ca\/fr\/wp-json\/wp\/v2\/comments?post=2949"}],"wp:featuredmedia":[{"embeddable":true,"href":"https:\/\/metrointeriors.ca\/fr\/wp-json\/wp\/v2\/media\/2598"}],"wp:attachment":[{"href":"https:\/\/metrointeriors.ca\/fr\/wp-json\/wp\/v2\/media?parent=2949"}],"wp:term":[{"taxonomy":"product_brand","embeddable":true,"href":"https:\/\/metrointeriors.ca\/fr\/wp-json\/wp\/v2\/product_brand?post=2949"},{"taxonomy":"product_cat","embeddable":true,"href":"https:\/\/metrointeriors.ca\/fr\/wp-json\/wp\/v2\/product_cat?post=2949"},{"taxonomy":"product_tag","embeddable":true,"href":"https:\/\/metrointeriors.ca\/fr\/wp-json\/wp\/v2\/product_tag?post=2949"}],"curies":[{"name":"wp","href":"https:\/\/api.w.org\/{rel}","templated":true}]}}