{"id":2947,"date":"2021-08-27T14:31:08","date_gmt":"2021-08-27T14:31:08","guid":{"rendered":"https:\/\/samsaragold.com\/product\/phonebooths-buzzspace-buzzihood\/"},"modified":"2023-09-14T19:50:37","modified_gmt":"2023-09-14T19:50:37","slug":"cabines-telephoniques-buzzspace-buzzihood","status":"publish","type":"product","link":"https:\/\/metrointeriors.ca\/fr\/produit\/cabines-telephoniques-buzzspace-buzzihood\/","title":{"rendered":"Buzzihood"},"content":{"rendered":"<p>Cette cabine t\u00e9l\u00e9phonique insonorisante garantit que les conversations priv\u00e9es restent priv\u00e9es.<\/p>\n<h2>Protection instantan\u00e9e<\/h2>\n<p>Confidentialit\u00e9 et protection instantan\u00e9es dans les espaces ouverts\u00a0: faites une pause ou passez un appel sans que personne ne vous \u00e9coute dans ce cocon reconnaissable, qui rappelle la c\u00e9l\u00e8bre\u00a0cabine t\u00e9l\u00e9phonique de bureau\u00a0que l&rsquo;on voit couramment dans les a\u00e9roports, les halls d&rsquo;h\u00f4tel, les gares ou d&rsquo;autres espaces publics.<\/p>\n<p>Choisissez entre diff\u00e9rents motifs, plats ou 3D, ainsi qu&rsquo;une gamme de couleurs de tissu pour faire ressortir votre cabine t\u00e9l\u00e9phonique. Disponible avec une tablette en option, ce qui facilite la prise de notes pendant les appels.<\/p>\n<p>Con\u00e7u pour les environnements de travail ouverts, son toit inclin\u00e9 et ses murs non parall\u00e8les emp\u00eachent la propagation du son \u00e0 l&rsquo;int\u00e9rieur, permettant ainsi aux personnes d&rsquo;avoir des appels t\u00e9l\u00e9phoniques priv\u00e9s et silencieux sans aucune perturbation. L&rsquo;ensemble du cocon, recouvert de mousse acoustique, absorbe les ondes sonores, ce qui se traduit par plus d&rsquo;intimit\u00e9 interne et moins de bruit de fond provenant du monde ext\u00e9rieur.<\/p>\n","protected":false},"excerpt":{"rendered":"<p>C&rsquo;est ton t\u00e9l\u00e9phone qui sonne ? Prenez-le et ne vous inqui\u00e9tez pas si quelqu&rsquo;un entend votre conversation.<\/p>\n","protected":false},"featured_media":2592,"comment_status":"closed","ping_status":"closed","template":"","meta":{"_et_pb_use_builder":"","_et_pb_old_content":"","_et_gb_content_width":""},"product_brand":[],"product_cat":[174,172],"product_tag":[374],"class_list":{"0":"post-2947","1":"product","2":"type-product","3":"status-publish","4":"has-post-thumbnail","6":"product_cat-buzzispace-fr","7":"product_cat-cabines-panneaux-murs-fr","8":"product_tag-phonehood-fr","10":"first","11":"instock","12":"product-type-simple"},"yoast_head":"<!-- This site is optimized with the Yoast SEO plugin v27.0 - https:\/\/yoast.com\/product\/yoast-seo-wordpress\/ -->\n<title>Buzzihood - Metro Interiors<\/title>\n<meta name=\"robots\" content=\"index, follow, max-snippet:-1, max-image-preview:large, max-video-preview:-1\" \/>\n<link rel=\"canonical\" href=\"https:\/\/metrointeriors.ca\/fr\/produit\/cabines-telephoniques-buzzspace-buzzihood\/\" \/>\n<meta property=\"og:locale\" content=\"fr_FR\" \/>\n<meta property=\"og:type\" content=\"article\" \/>\n<meta property=\"og:title\" content=\"Buzzihood - Metro Interiors\" \/>\n<meta property=\"og:description\" content=\"C&#039;est ton t\u00e9l\u00e9phone qui sonne ? Prenez-le et ne vous inqui\u00e9tez pas si quelqu&#039;un entend votre conversation.\" \/>\n<meta property=\"og:url\" content=\"https:\/\/metrointeriors.ca\/fr\/produit\/cabines-telephoniques-buzzspace-buzzihood\/\" \/>\n<meta property=\"og:site_name\" content=\"Metro Interiors\" \/>\n<meta property=\"article:modified_time\" content=\"2023-09-14T19:50:37+00:00\" \/>\n<meta property=\"og:image\" content=\"https:\/\/metrointeriors.ca\/wp-content\/uploads\/2021\/08\/phonehood-BuzziBooth-02.jpg\" \/>\n\t<meta property=\"og:image:width\" content=\"1080\" \/>\n\t<meta property=\"og:image:height\" content=\"1080\" \/>\n\t<meta property=\"og:image:type\" content=\"image\/jpeg\" \/>\n<meta name=\"twitter:card\" content=\"summary_large_image\" \/>\n<meta name=\"twitter:label1\" content=\"Dur\u00e9e de lecture estim\u00e9e\" \/>\n\t<meta name=\"twitter:data1\" content=\"1 minute\" \/>\n<script type=\"application\/ld+json\" class=\"yoast-schema-graph\">{\"@context\":\"https:\/\/schema.org\",\"@graph\":[{\"@type\":\"WebPage\",\"@id\":\"https:\/\/metrointeriors.ca\/fr\/produit\/cabines-telephoniques-buzzspace-buzzihood\/\",\"url\":\"https:\/\/metrointeriors.ca\/fr\/produit\/cabines-telephoniques-buzzspace-buzzihood\/\",\"name\":\"Buzzihood - Metro Interiors\",\"isPartOf\":{\"@id\":\"https:\/\/metrointeriors.ca\/#website\"},\"primaryImageOfPage\":{\"@id\":\"https:\/\/metrointeriors.ca\/fr\/produit\/cabines-telephoniques-buzzspace-buzzihood\/#primaryimage\"},\"image\":{\"@id\":\"https:\/\/metrointeriors.ca\/fr\/produit\/cabines-telephoniques-buzzspace-buzzihood\/#primaryimage\"},\"thumbnailUrl\":\"https:\/\/metrointeriors.ca\/wp-content\/uploads\/2021\/08\/phonehood-BuzziBooth-02.jpg\",\"datePublished\":\"2021-08-27T14:31:08+00:00\",\"dateModified\":\"2023-09-14T19:50:37+00:00\",\"breadcrumb\":{\"@id\":\"https:\/\/metrointeriors.ca\/fr\/produit\/cabines-telephoniques-buzzspace-buzzihood\/#breadcrumb\"},\"inLanguage\":\"fr-FR\",\"potentialAction\":[{\"@type\":\"ReadAction\",\"target\":[\"https:\/\/metrointeriors.ca\/fr\/produit\/cabines-telephoniques-buzzspace-buzzihood\/\"]}]},{\"@type\":\"ImageObject\",\"inLanguage\":\"fr-FR\",\"@id\":\"https:\/\/metrointeriors.ca\/fr\/produit\/cabines-telephoniques-buzzspace-buzzihood\/#primaryimage\",\"url\":\"https:\/\/metrointeriors.ca\/wp-content\/uploads\/2021\/08\/phonehood-BuzziBooth-02.jpg\",\"contentUrl\":\"https:\/\/metrointeriors.ca\/wp-content\/uploads\/2021\/08\/phonehood-BuzziBooth-02.jpg\",\"width\":1080,\"height\":1080,\"caption\":\"phonehood-BuzziBooth\"},{\"@type\":\"BreadcrumbList\",\"@id\":\"https:\/\/metrointeriors.ca\/fr\/produit\/cabines-telephoniques-buzzspace-buzzihood\/#breadcrumb\",\"itemListElement\":[{\"@type\":\"ListItem\",\"position\":1,\"name\":\"Home\",\"item\":\"https:\/\/metrointeriors.ca\/fr\/\"},{\"@type\":\"ListItem\",\"position\":2,\"name\":\"Boutique\",\"item\":\"https:\/\/metrointeriors.ca\/fr\/boutique\/\"},{\"@type\":\"ListItem\",\"position\":3,\"name\":\"Buzzihood\"}]},{\"@type\":\"WebSite\",\"@id\":\"https:\/\/metrointeriors.ca\/#website\",\"url\":\"https:\/\/metrointeriors.ca\/\",\"name\":\"Metro Interiors\",\"description\":\"Laissez-nous vous aider \u00e0 rafra\u00eechir votre espace de travail d&#039;entreprise\",\"potentialAction\":[{\"@type\":\"SearchAction\",\"target\":{\"@type\":\"EntryPoint\",\"urlTemplate\":\"https:\/\/metrointeriors.ca\/?s={search_term_string}\"},\"query-input\":{\"@type\":\"PropertyValueSpecification\",\"valueRequired\":true,\"valueName\":\"search_term_string\"}}],\"inLanguage\":\"fr-FR\"}]}<\/script>\n<!-- \/ Yoast SEO plugin. -->","yoast_head_json":{"title":"Buzzihood - Metro Interiors","robots":{"index":"index","follow":"follow","max-snippet":"max-snippet:-1","max-image-preview":"max-image-preview:large","max-video-preview":"max-video-preview:-1"},"canonical":"https:\/\/metrointeriors.ca\/fr\/produit\/cabines-telephoniques-buzzspace-buzzihood\/","og_locale":"fr_FR","og_type":"article","og_title":"Buzzihood - Metro Interiors","og_description":"C'est ton t\u00e9l\u00e9phone qui sonne ? Prenez-le et ne vous inqui\u00e9tez pas si quelqu'un entend votre conversation.","og_url":"https:\/\/metrointeriors.ca\/fr\/produit\/cabines-telephoniques-buzzspace-buzzihood\/","og_site_name":"Metro Interiors","article_modified_time":"2023-09-14T19:50:37+00:00","og_image":[{"width":1080,"height":1080,"url":"https:\/\/metrointeriors.ca\/wp-content\/uploads\/2021\/08\/phonehood-BuzziBooth-02.jpg","type":"image\/jpeg"}],"twitter_card":"summary_large_image","twitter_misc":{"Dur\u00e9e de lecture estim\u00e9e":"1 minute"},"schema":{"@context":"https:\/\/schema.org","@graph":[{"@type":"WebPage","@id":"https:\/\/metrointeriors.ca\/fr\/produit\/cabines-telephoniques-buzzspace-buzzihood\/","url":"https:\/\/metrointeriors.ca\/fr\/produit\/cabines-telephoniques-buzzspace-buzzihood\/","name":"Buzzihood - Metro Interiors","isPartOf":{"@id":"https:\/\/metrointeriors.ca\/#website"},"primaryImageOfPage":{"@id":"https:\/\/metrointeriors.ca\/fr\/produit\/cabines-telephoniques-buzzspace-buzzihood\/#primaryimage"},"image":{"@id":"https:\/\/metrointeriors.ca\/fr\/produit\/cabines-telephoniques-buzzspace-buzzihood\/#primaryimage"},"thumbnailUrl":"https:\/\/metrointeriors.ca\/wp-content\/uploads\/2021\/08\/phonehood-BuzziBooth-02.jpg","datePublished":"2021-08-27T14:31:08+00:00","dateModified":"2023-09-14T19:50:37+00:00","breadcrumb":{"@id":"https:\/\/metrointeriors.ca\/fr\/produit\/cabines-telephoniques-buzzspace-buzzihood\/#breadcrumb"},"inLanguage":"fr-FR","potentialAction":[{"@type":"ReadAction","target":["https:\/\/metrointeriors.ca\/fr\/produit\/cabines-telephoniques-buzzspace-buzzihood\/"]}]},{"@type":"ImageObject","inLanguage":"fr-FR","@id":"https:\/\/metrointeriors.ca\/fr\/produit\/cabines-telephoniques-buzzspace-buzzihood\/#primaryimage","url":"https:\/\/metrointeriors.ca\/wp-content\/uploads\/2021\/08\/phonehood-BuzziBooth-02.jpg","contentUrl":"https:\/\/metrointeriors.ca\/wp-content\/uploads\/2021\/08\/phonehood-BuzziBooth-02.jpg","width":1080,"height":1080,"caption":"phonehood-BuzziBooth"},{"@type":"BreadcrumbList","@id":"https:\/\/metrointeriors.ca\/fr\/produit\/cabines-telephoniques-buzzspace-buzzihood\/#breadcrumb","itemListElement":[{"@type":"ListItem","position":1,"name":"Home","item":"https:\/\/metrointeriors.ca\/fr\/"},{"@type":"ListItem","position":2,"name":"Boutique","item":"https:\/\/metrointeriors.ca\/fr\/boutique\/"},{"@type":"ListItem","position":3,"name":"Buzzihood"}]},{"@type":"WebSite","@id":"https:\/\/metrointeriors.ca\/#website","url":"https:\/\/metrointeriors.ca\/","name":"Metro Interiors","description":"Laissez-nous vous aider \u00e0 rafra\u00eechir votre espace de travail d&#039;entreprise","potentialAction":[{"@type":"SearchAction","target":{"@type":"EntryPoint","urlTemplate":"https:\/\/metrointeriors.ca\/?s={search_term_string}"},"query-input":{"@type":"PropertyValueSpecification","valueRequired":true,"valueName":"search_term_string"}}],"inLanguage":"fr-FR"}]}},"_links":{"self":[{"href":"https:\/\/metrointeriors.ca\/fr\/wp-json\/wp\/v2\/product\/2947","targetHints":{"allow":["GET"]}}],"collection":[{"href":"https:\/\/metrointeriors.ca\/fr\/wp-json\/wp\/v2\/product"}],"about":[{"href":"https:\/\/metrointeriors.ca\/fr\/wp-json\/wp\/v2\/types\/product"}],"replies":[{"embeddable":true,"href":"https:\/\/metrointeriors.ca\/fr\/wp-json\/wp\/v2\/comments?post=2947"}],"wp:featuredmedia":[{"embeddable":true,"href":"https:\/\/metrointeriors.ca\/fr\/wp-json\/wp\/v2\/media\/2592"}],"wp:attachment":[{"href":"https:\/\/metrointeriors.ca\/fr\/wp-json\/wp\/v2\/media?parent=2947"}],"wp:term":[{"taxonomy":"product_brand","embeddable":true,"href":"https:\/\/metrointeriors.ca\/fr\/wp-json\/wp\/v2\/product_brand?post=2947"},{"taxonomy":"product_cat","embeddable":true,"href":"https:\/\/metrointeriors.ca\/fr\/wp-json\/wp\/v2\/product_cat?post=2947"},{"taxonomy":"product_tag","embeddable":true,"href":"https:\/\/metrointeriors.ca\/fr\/wp-json\/wp\/v2\/product_tag?post=2947"}],"curies":[{"name":"wp","href":"https:\/\/api.w.org\/{rel}","templated":true}]}}