{"id":2946,"date":"2021-08-27T14:31:08","date_gmt":"2021-08-27T14:31:08","guid":{"rendered":"https:\/\/samsaragold.com\/product\/phone-booths-buzzispace-buzzibooth\/"},"modified":"2023-09-14T19:51:24","modified_gmt":"2023-09-14T19:51:24","slug":"cabines-telephoniques-buzzispace-buzzibooth","status":"publish","type":"product","link":"https:\/\/metrointeriors.ca\/fr\/produit\/cabines-telephoniques-buzzispace-buzzibooth\/","title":{"rendered":"Buzzibooth"},"content":{"rendered":"<h2>Poste de travail insonoris\u00e9 &#8211; Un havre de paix<\/h2>\n<p>Arr\u00eatez de fuir les espaces bruyants et bond\u00e9s. Cette cabine t\u00e9l\u00e9phonique et poste de travail acoustique de bureau recr\u00e9e l&rsquo;intimit\u00e9 des bureaux ouverts, vous offrant un moment de paix et de tranquillit\u00e9.<\/p>\n<p>Rappelle la cabine t\u00e9l\u00e9phonique publique ou la petite cabane de plage en bois typique. Disponible dans une vari\u00e9t\u00e9 de\u00a0couleurs et de tissus\u00a0avec la possibilit\u00e9 suppl\u00e9mentaire de personnaliser diff\u00e9rentes combinaisons de couleurs.<br \/>\nLes bords doux et les formes rondes contribuent \u00e0 mieux diffuser le son tandis que le toit inclin\u00e9 et les parois non parall\u00e8les emp\u00eachent la propagation du son \u00e0 l&rsquo;int\u00e9rieur de la cabine. L&rsquo;ensemble du cocon, recouvert de mousse acoustique, absorbe les ondes sonores, ce qui entra\u00eene plus d&rsquo;intimit\u00e9 interne et moins de bruit de fond provenant du monde ext\u00e9rieur.<\/p>\n","protected":false},"excerpt":{"rendered":"<p>Fabriqu\u00e9 en feutre insonorisant qui att\u00e9nue les bruits ext\u00e9rieurs pour les appels t\u00e9l\u00e9phoniques priv\u00e9s et le travail cibl\u00e9.<\/p>\n","protected":false},"featured_media":2582,"comment_status":"closed","ping_status":"closed","template":"","meta":{"_et_pb_use_builder":"","_et_pb_old_content":"","_et_gb_content_width":""},"product_brand":[],"product_cat":[174,172],"product_tag":[371,372,373],"class_list":{"0":"post-2946","1":"product","2":"type-product","3":"status-publish","4":"has-post-thumbnail","6":"product_cat-buzzispace-fr","7":"product_cat-cabines-panneaux-murs-fr","8":"product_tag-buzzibooth-fr","9":"product_tag-buzzispace-fr","10":"product_tag-phone-booths-fr","12":"first","13":"instock","14":"product-type-simple"},"yoast_head":"<!-- This site is optimized with the Yoast SEO plugin v27.0 - https:\/\/yoast.com\/product\/yoast-seo-wordpress\/ -->\n<title>Buzzibooth - Metro Interiors<\/title>\n<meta name=\"robots\" content=\"index, follow, max-snippet:-1, max-image-preview:large, max-video-preview:-1\" \/>\n<link rel=\"canonical\" href=\"https:\/\/metrointeriors.ca\/fr\/produit\/cabines-telephoniques-buzzispace-buzzibooth\/\" \/>\n<meta property=\"og:locale\" content=\"fr_FR\" \/>\n<meta property=\"og:type\" content=\"article\" \/>\n<meta property=\"og:title\" content=\"Buzzibooth - Metro Interiors\" \/>\n<meta property=\"og:description\" content=\"Fabriqu\u00e9 en feutre insonorisant qui att\u00e9nue les bruits ext\u00e9rieurs pour les appels t\u00e9l\u00e9phoniques priv\u00e9s et le travail cibl\u00e9.\" \/>\n<meta property=\"og:url\" content=\"https:\/\/metrointeriors.ca\/fr\/produit\/cabines-telephoniques-buzzispace-buzzibooth\/\" \/>\n<meta property=\"og:site_name\" content=\"Metro Interiors\" \/>\n<meta property=\"article:modified_time\" content=\"2023-09-14T19:51:24+00:00\" \/>\n<meta property=\"og:image\" content=\"https:\/\/metrointeriors.ca\/wp-content\/uploads\/2021\/08\/phonebooth-BuzziBooth-01.jpg\" \/>\n\t<meta property=\"og:image:width\" content=\"1080\" \/>\n\t<meta property=\"og:image:height\" content=\"1080\" \/>\n\t<meta property=\"og:image:type\" content=\"image\/jpeg\" \/>\n<meta name=\"twitter:card\" content=\"summary_large_image\" \/>\n<meta name=\"twitter:label1\" content=\"Dur\u00e9e de lecture estim\u00e9e\" \/>\n\t<meta name=\"twitter:data1\" content=\"1 minute\" \/>\n<script type=\"application\/ld+json\" class=\"yoast-schema-graph\">{\"@context\":\"https:\/\/schema.org\",\"@graph\":[{\"@type\":\"WebPage\",\"@id\":\"https:\/\/metrointeriors.ca\/fr\/produit\/cabines-telephoniques-buzzispace-buzzibooth\/\",\"url\":\"https:\/\/metrointeriors.ca\/fr\/produit\/cabines-telephoniques-buzzispace-buzzibooth\/\",\"name\":\"Buzzibooth - Metro Interiors\",\"isPartOf\":{\"@id\":\"https:\/\/metrointeriors.ca\/#website\"},\"primaryImageOfPage\":{\"@id\":\"https:\/\/metrointeriors.ca\/fr\/produit\/cabines-telephoniques-buzzispace-buzzibooth\/#primaryimage\"},\"image\":{\"@id\":\"https:\/\/metrointeriors.ca\/fr\/produit\/cabines-telephoniques-buzzispace-buzzibooth\/#primaryimage\"},\"thumbnailUrl\":\"https:\/\/metrointeriors.ca\/wp-content\/uploads\/2021\/08\/phonebooth-BuzziBooth-01.jpg\",\"datePublished\":\"2021-08-27T14:31:08+00:00\",\"dateModified\":\"2023-09-14T19:51:24+00:00\",\"breadcrumb\":{\"@id\":\"https:\/\/metrointeriors.ca\/fr\/produit\/cabines-telephoniques-buzzispace-buzzibooth\/#breadcrumb\"},\"inLanguage\":\"fr-FR\",\"potentialAction\":[{\"@type\":\"ReadAction\",\"target\":[\"https:\/\/metrointeriors.ca\/fr\/produit\/cabines-telephoniques-buzzispace-buzzibooth\/\"]}]},{\"@type\":\"ImageObject\",\"inLanguage\":\"fr-FR\",\"@id\":\"https:\/\/metrointeriors.ca\/fr\/produit\/cabines-telephoniques-buzzispace-buzzibooth\/#primaryimage\",\"url\":\"https:\/\/metrointeriors.ca\/wp-content\/uploads\/2021\/08\/phonebooth-BuzziBooth-01.jpg\",\"contentUrl\":\"https:\/\/metrointeriors.ca\/wp-content\/uploads\/2021\/08\/phonebooth-BuzziBooth-01.jpg\",\"width\":1080,\"height\":1080,\"caption\":\"phonebooth-BuzziBooth-\"},{\"@type\":\"BreadcrumbList\",\"@id\":\"https:\/\/metrointeriors.ca\/fr\/produit\/cabines-telephoniques-buzzispace-buzzibooth\/#breadcrumb\",\"itemListElement\":[{\"@type\":\"ListItem\",\"position\":1,\"name\":\"Home\",\"item\":\"https:\/\/metrointeriors.ca\/fr\/\"},{\"@type\":\"ListItem\",\"position\":2,\"name\":\"Boutique\",\"item\":\"https:\/\/metrointeriors.ca\/fr\/boutique\/\"},{\"@type\":\"ListItem\",\"position\":3,\"name\":\"Buzzibooth\"}]},{\"@type\":\"WebSite\",\"@id\":\"https:\/\/metrointeriors.ca\/#website\",\"url\":\"https:\/\/metrointeriors.ca\/\",\"name\":\"Metro Interiors\",\"description\":\"Laissez-nous vous aider \u00e0 rafra\u00eechir votre espace de travail d&#039;entreprise\",\"potentialAction\":[{\"@type\":\"SearchAction\",\"target\":{\"@type\":\"EntryPoint\",\"urlTemplate\":\"https:\/\/metrointeriors.ca\/?s={search_term_string}\"},\"query-input\":{\"@type\":\"PropertyValueSpecification\",\"valueRequired\":true,\"valueName\":\"search_term_string\"}}],\"inLanguage\":\"fr-FR\"}]}<\/script>\n<!-- \/ Yoast SEO plugin. -->","yoast_head_json":{"title":"Buzzibooth - Metro Interiors","robots":{"index":"index","follow":"follow","max-snippet":"max-snippet:-1","max-image-preview":"max-image-preview:large","max-video-preview":"max-video-preview:-1"},"canonical":"https:\/\/metrointeriors.ca\/fr\/produit\/cabines-telephoniques-buzzispace-buzzibooth\/","og_locale":"fr_FR","og_type":"article","og_title":"Buzzibooth - Metro Interiors","og_description":"Fabriqu\u00e9 en feutre insonorisant qui att\u00e9nue les bruits ext\u00e9rieurs pour les appels t\u00e9l\u00e9phoniques priv\u00e9s et le travail cibl\u00e9.","og_url":"https:\/\/metrointeriors.ca\/fr\/produit\/cabines-telephoniques-buzzispace-buzzibooth\/","og_site_name":"Metro Interiors","article_modified_time":"2023-09-14T19:51:24+00:00","og_image":[{"width":1080,"height":1080,"url":"https:\/\/metrointeriors.ca\/wp-content\/uploads\/2021\/08\/phonebooth-BuzziBooth-01.jpg","type":"image\/jpeg"}],"twitter_card":"summary_large_image","twitter_misc":{"Dur\u00e9e de lecture estim\u00e9e":"1 minute"},"schema":{"@context":"https:\/\/schema.org","@graph":[{"@type":"WebPage","@id":"https:\/\/metrointeriors.ca\/fr\/produit\/cabines-telephoniques-buzzispace-buzzibooth\/","url":"https:\/\/metrointeriors.ca\/fr\/produit\/cabines-telephoniques-buzzispace-buzzibooth\/","name":"Buzzibooth - Metro Interiors","isPartOf":{"@id":"https:\/\/metrointeriors.ca\/#website"},"primaryImageOfPage":{"@id":"https:\/\/metrointeriors.ca\/fr\/produit\/cabines-telephoniques-buzzispace-buzzibooth\/#primaryimage"},"image":{"@id":"https:\/\/metrointeriors.ca\/fr\/produit\/cabines-telephoniques-buzzispace-buzzibooth\/#primaryimage"},"thumbnailUrl":"https:\/\/metrointeriors.ca\/wp-content\/uploads\/2021\/08\/phonebooth-BuzziBooth-01.jpg","datePublished":"2021-08-27T14:31:08+00:00","dateModified":"2023-09-14T19:51:24+00:00","breadcrumb":{"@id":"https:\/\/metrointeriors.ca\/fr\/produit\/cabines-telephoniques-buzzispace-buzzibooth\/#breadcrumb"},"inLanguage":"fr-FR","potentialAction":[{"@type":"ReadAction","target":["https:\/\/metrointeriors.ca\/fr\/produit\/cabines-telephoniques-buzzispace-buzzibooth\/"]}]},{"@type":"ImageObject","inLanguage":"fr-FR","@id":"https:\/\/metrointeriors.ca\/fr\/produit\/cabines-telephoniques-buzzispace-buzzibooth\/#primaryimage","url":"https:\/\/metrointeriors.ca\/wp-content\/uploads\/2021\/08\/phonebooth-BuzziBooth-01.jpg","contentUrl":"https:\/\/metrointeriors.ca\/wp-content\/uploads\/2021\/08\/phonebooth-BuzziBooth-01.jpg","width":1080,"height":1080,"caption":"phonebooth-BuzziBooth-"},{"@type":"BreadcrumbList","@id":"https:\/\/metrointeriors.ca\/fr\/produit\/cabines-telephoniques-buzzispace-buzzibooth\/#breadcrumb","itemListElement":[{"@type":"ListItem","position":1,"name":"Home","item":"https:\/\/metrointeriors.ca\/fr\/"},{"@type":"ListItem","position":2,"name":"Boutique","item":"https:\/\/metrointeriors.ca\/fr\/boutique\/"},{"@type":"ListItem","position":3,"name":"Buzzibooth"}]},{"@type":"WebSite","@id":"https:\/\/metrointeriors.ca\/#website","url":"https:\/\/metrointeriors.ca\/","name":"Metro Interiors","description":"Laissez-nous vous aider \u00e0 rafra\u00eechir votre espace de travail d&#039;entreprise","potentialAction":[{"@type":"SearchAction","target":{"@type":"EntryPoint","urlTemplate":"https:\/\/metrointeriors.ca\/?s={search_term_string}"},"query-input":{"@type":"PropertyValueSpecification","valueRequired":true,"valueName":"search_term_string"}}],"inLanguage":"fr-FR"}]}},"_links":{"self":[{"href":"https:\/\/metrointeriors.ca\/fr\/wp-json\/wp\/v2\/product\/2946","targetHints":{"allow":["GET"]}}],"collection":[{"href":"https:\/\/metrointeriors.ca\/fr\/wp-json\/wp\/v2\/product"}],"about":[{"href":"https:\/\/metrointeriors.ca\/fr\/wp-json\/wp\/v2\/types\/product"}],"replies":[{"embeddable":true,"href":"https:\/\/metrointeriors.ca\/fr\/wp-json\/wp\/v2\/comments?post=2946"}],"wp:featuredmedia":[{"embeddable":true,"href":"https:\/\/metrointeriors.ca\/fr\/wp-json\/wp\/v2\/media\/2582"}],"wp:attachment":[{"href":"https:\/\/metrointeriors.ca\/fr\/wp-json\/wp\/v2\/media?parent=2946"}],"wp:term":[{"taxonomy":"product_brand","embeddable":true,"href":"https:\/\/metrointeriors.ca\/fr\/wp-json\/wp\/v2\/product_brand?post=2946"},{"taxonomy":"product_cat","embeddable":true,"href":"https:\/\/metrointeriors.ca\/fr\/wp-json\/wp\/v2\/product_cat?post=2946"},{"taxonomy":"product_tag","embeddable":true,"href":"https:\/\/metrointeriors.ca\/fr\/wp-json\/wp\/v2\/product_tag?post=2946"}],"curies":[{"name":"wp","href":"https:\/\/api.w.org\/{rel}","templated":true}]}}