{"id":2936,"date":"2023-02-21T16:48:37","date_gmt":"2023-02-21T16:48:37","guid":{"rendered":"https:\/\/samsaragold.com\/product\/seating-keilhauer-forsi\/"},"modified":"2023-09-14T17:42:29","modified_gmt":"2023-09-14T17:42:29","slug":"chaises-keilhauer-forsi","status":"publish","type":"product","link":"https:\/\/metrointeriors.ca\/fr\/produit\/chaises-keilhauer-forsi\/","title":{"rendered":"Forsi"},"content":{"rendered":"<p>La chaise <strong>Forsi<\/strong> est propos\u00e9e dans une hauteur de salon de travail innovante, id\u00e9ale pour promouvoir la pens\u00e9e cr\u00e9ative, et la table <strong>Forsi<\/strong> est propos\u00e9e soit dans la m\u00eame hauteur de salon de travail, soit dans la hauteur de conf\u00e9rence traditionnelle. Il s\u2019agit de la premi\u00e8re gamme de produits Keilhauer \u00e0 proposer cette option de hauteur unique : elle se situe \u00e0 mi-chemin entre la formalit\u00e9 d\u2019une salle de conf\u00e9rence et la d\u00e9tente dans un salon.<\/p>\n","protected":false},"excerpt":{"rendered":"<p>Con\u00e7ue par EOOS, collaborateur fr\u00e9quent de Keilhauer, Forsi est une collection de mobilier de conf\u00e9rence con\u00e7ue pour r\u00e9pondre aux besoins des r\u00e9unions modernes.<\/p>\n","protected":false},"featured_media":2345,"comment_status":"closed","ping_status":"closed","template":"","meta":{"_et_pb_use_builder":"","_et_pb_old_content":"","_et_gb_content_width":""},"product_brand":[],"product_cat":[340,362],"product_tag":[365],"class_list":{"0":"post-2936","1":"product","2":"type-product","3":"status-publish","4":"has-post-thumbnail","6":"product_cat-seating-new-fr","7":"product_cat-keilhauer-chaises","8":"product_tag-forsi-fr","10":"first","11":"instock","12":"product-type-simple"},"yoast_head":"<!-- This site is optimized with the Yoast SEO plugin v27.0 - https:\/\/yoast.com\/product\/yoast-seo-wordpress\/ -->\n<title>Forsi - Metro Interiors<\/title>\n<meta name=\"robots\" content=\"index, follow, max-snippet:-1, max-image-preview:large, max-video-preview:-1\" \/>\n<link rel=\"canonical\" href=\"https:\/\/metrointeriors.ca\/fr\/produit\/chaises-keilhauer-forsi\/\" \/>\n<meta property=\"og:locale\" content=\"fr_FR\" \/>\n<meta property=\"og:type\" content=\"article\" \/>\n<meta property=\"og:title\" content=\"Forsi - Metro Interiors\" \/>\n<meta property=\"og:description\" content=\"Con\u00e7ue par EOOS, collaborateur fr\u00e9quent de Keilhauer, Forsi est une collection de mobilier de conf\u00e9rence con\u00e7ue pour r\u00e9pondre aux besoins des r\u00e9unions modernes.\" \/>\n<meta property=\"og:url\" content=\"https:\/\/metrointeriors.ca\/fr\/produit\/chaises-keilhauer-forsi\/\" \/>\n<meta property=\"og:site_name\" content=\"Metro Interiors\" \/>\n<meta property=\"article:modified_time\" content=\"2023-09-14T17:42:29+00:00\" \/>\n<meta property=\"og:image\" content=\"https:\/\/metrointeriors.ca\/wp-content\/uploads\/2023\/02\/02_Forsi-82100-82130-82204-Boxcar-1080.jpg\" \/>\n\t<meta property=\"og:image:width\" content=\"1080\" \/>\n\t<meta property=\"og:image:height\" content=\"1080\" \/>\n\t<meta property=\"og:image:type\" content=\"image\/jpeg\" \/>\n<meta name=\"twitter:card\" content=\"summary_large_image\" \/>\n<script type=\"application\/ld+json\" class=\"yoast-schema-graph\">{\"@context\":\"https:\/\/schema.org\",\"@graph\":[{\"@type\":\"WebPage\",\"@id\":\"https:\/\/metrointeriors.ca\/fr\/produit\/chaises-keilhauer-forsi\/\",\"url\":\"https:\/\/metrointeriors.ca\/fr\/produit\/chaises-keilhauer-forsi\/\",\"name\":\"Forsi - Metro Interiors\",\"isPartOf\":{\"@id\":\"https:\/\/metrointeriors.ca\/#website\"},\"primaryImageOfPage\":{\"@id\":\"https:\/\/metrointeriors.ca\/fr\/produit\/chaises-keilhauer-forsi\/#primaryimage\"},\"image\":{\"@id\":\"https:\/\/metrointeriors.ca\/fr\/produit\/chaises-keilhauer-forsi\/#primaryimage\"},\"thumbnailUrl\":\"https:\/\/metrointeriors.ca\/wp-content\/uploads\/2023\/02\/02_Forsi-82100-82130-82204-Boxcar-1080.jpg\",\"datePublished\":\"2023-02-21T16:48:37+00:00\",\"dateModified\":\"2023-09-14T17:42:29+00:00\",\"breadcrumb\":{\"@id\":\"https:\/\/metrointeriors.ca\/fr\/produit\/chaises-keilhauer-forsi\/#breadcrumb\"},\"inLanguage\":\"fr-FR\",\"potentialAction\":[{\"@type\":\"ReadAction\",\"target\":[\"https:\/\/metrointeriors.ca\/fr\/produit\/chaises-keilhauer-forsi\/\"]}]},{\"@type\":\"ImageObject\",\"inLanguage\":\"fr-FR\",\"@id\":\"https:\/\/metrointeriors.ca\/fr\/produit\/chaises-keilhauer-forsi\/#primaryimage\",\"url\":\"https:\/\/metrointeriors.ca\/wp-content\/uploads\/2023\/02\/02_Forsi-82100-82130-82204-Boxcar-1080.jpg\",\"contentUrl\":\"https:\/\/metrointeriors.ca\/wp-content\/uploads\/2023\/02\/02_Forsi-82100-82130-82204-Boxcar-1080.jpg\",\"width\":1080,\"height\":1080,\"caption\":\"Forsi\"},{\"@type\":\"BreadcrumbList\",\"@id\":\"https:\/\/metrointeriors.ca\/fr\/produit\/chaises-keilhauer-forsi\/#breadcrumb\",\"itemListElement\":[{\"@type\":\"ListItem\",\"position\":1,\"name\":\"Home\",\"item\":\"https:\/\/metrointeriors.ca\/fr\/\"},{\"@type\":\"ListItem\",\"position\":2,\"name\":\"Boutique\",\"item\":\"https:\/\/metrointeriors.ca\/fr\/boutique\/\"},{\"@type\":\"ListItem\",\"position\":3,\"name\":\"Forsi\"}]},{\"@type\":\"WebSite\",\"@id\":\"https:\/\/metrointeriors.ca\/#website\",\"url\":\"https:\/\/metrointeriors.ca\/\",\"name\":\"Metro Interiors\",\"description\":\"Laissez-nous vous aider \u00e0 rafra\u00eechir votre espace de travail d&#039;entreprise\",\"potentialAction\":[{\"@type\":\"SearchAction\",\"target\":{\"@type\":\"EntryPoint\",\"urlTemplate\":\"https:\/\/metrointeriors.ca\/?s={search_term_string}\"},\"query-input\":{\"@type\":\"PropertyValueSpecification\",\"valueRequired\":true,\"valueName\":\"search_term_string\"}}],\"inLanguage\":\"fr-FR\"}]}<\/script>\n<!-- \/ Yoast SEO plugin. -->","yoast_head_json":{"title":"Forsi - Metro Interiors","robots":{"index":"index","follow":"follow","max-snippet":"max-snippet:-1","max-image-preview":"max-image-preview:large","max-video-preview":"max-video-preview:-1"},"canonical":"https:\/\/metrointeriors.ca\/fr\/produit\/chaises-keilhauer-forsi\/","og_locale":"fr_FR","og_type":"article","og_title":"Forsi - Metro Interiors","og_description":"Con\u00e7ue par EOOS, collaborateur fr\u00e9quent de Keilhauer, Forsi est une collection de mobilier de conf\u00e9rence con\u00e7ue pour r\u00e9pondre aux besoins des r\u00e9unions modernes.","og_url":"https:\/\/metrointeriors.ca\/fr\/produit\/chaises-keilhauer-forsi\/","og_site_name":"Metro Interiors","article_modified_time":"2023-09-14T17:42:29+00:00","og_image":[{"width":1080,"height":1080,"url":"https:\/\/metrointeriors.ca\/wp-content\/uploads\/2023\/02\/02_Forsi-82100-82130-82204-Boxcar-1080.jpg","type":"image\/jpeg"}],"twitter_card":"summary_large_image","schema":{"@context":"https:\/\/schema.org","@graph":[{"@type":"WebPage","@id":"https:\/\/metrointeriors.ca\/fr\/produit\/chaises-keilhauer-forsi\/","url":"https:\/\/metrointeriors.ca\/fr\/produit\/chaises-keilhauer-forsi\/","name":"Forsi - Metro Interiors","isPartOf":{"@id":"https:\/\/metrointeriors.ca\/#website"},"primaryImageOfPage":{"@id":"https:\/\/metrointeriors.ca\/fr\/produit\/chaises-keilhauer-forsi\/#primaryimage"},"image":{"@id":"https:\/\/metrointeriors.ca\/fr\/produit\/chaises-keilhauer-forsi\/#primaryimage"},"thumbnailUrl":"https:\/\/metrointeriors.ca\/wp-content\/uploads\/2023\/02\/02_Forsi-82100-82130-82204-Boxcar-1080.jpg","datePublished":"2023-02-21T16:48:37+00:00","dateModified":"2023-09-14T17:42:29+00:00","breadcrumb":{"@id":"https:\/\/metrointeriors.ca\/fr\/produit\/chaises-keilhauer-forsi\/#breadcrumb"},"inLanguage":"fr-FR","potentialAction":[{"@type":"ReadAction","target":["https:\/\/metrointeriors.ca\/fr\/produit\/chaises-keilhauer-forsi\/"]}]},{"@type":"ImageObject","inLanguage":"fr-FR","@id":"https:\/\/metrointeriors.ca\/fr\/produit\/chaises-keilhauer-forsi\/#primaryimage","url":"https:\/\/metrointeriors.ca\/wp-content\/uploads\/2023\/02\/02_Forsi-82100-82130-82204-Boxcar-1080.jpg","contentUrl":"https:\/\/metrointeriors.ca\/wp-content\/uploads\/2023\/02\/02_Forsi-82100-82130-82204-Boxcar-1080.jpg","width":1080,"height":1080,"caption":"Forsi"},{"@type":"BreadcrumbList","@id":"https:\/\/metrointeriors.ca\/fr\/produit\/chaises-keilhauer-forsi\/#breadcrumb","itemListElement":[{"@type":"ListItem","position":1,"name":"Home","item":"https:\/\/metrointeriors.ca\/fr\/"},{"@type":"ListItem","position":2,"name":"Boutique","item":"https:\/\/metrointeriors.ca\/fr\/boutique\/"},{"@type":"ListItem","position":3,"name":"Forsi"}]},{"@type":"WebSite","@id":"https:\/\/metrointeriors.ca\/#website","url":"https:\/\/metrointeriors.ca\/","name":"Metro Interiors","description":"Laissez-nous vous aider \u00e0 rafra\u00eechir votre espace de travail d&#039;entreprise","potentialAction":[{"@type":"SearchAction","target":{"@type":"EntryPoint","urlTemplate":"https:\/\/metrointeriors.ca\/?s={search_term_string}"},"query-input":{"@type":"PropertyValueSpecification","valueRequired":true,"valueName":"search_term_string"}}],"inLanguage":"fr-FR"}]}},"_links":{"self":[{"href":"https:\/\/metrointeriors.ca\/fr\/wp-json\/wp\/v2\/product\/2936","targetHints":{"allow":["GET"]}}],"collection":[{"href":"https:\/\/metrointeriors.ca\/fr\/wp-json\/wp\/v2\/product"}],"about":[{"href":"https:\/\/metrointeriors.ca\/fr\/wp-json\/wp\/v2\/types\/product"}],"replies":[{"embeddable":true,"href":"https:\/\/metrointeriors.ca\/fr\/wp-json\/wp\/v2\/comments?post=2936"}],"wp:featuredmedia":[{"embeddable":true,"href":"https:\/\/metrointeriors.ca\/fr\/wp-json\/wp\/v2\/media\/2345"}],"wp:attachment":[{"href":"https:\/\/metrointeriors.ca\/fr\/wp-json\/wp\/v2\/media?parent=2936"}],"wp:term":[{"taxonomy":"product_brand","embeddable":true,"href":"https:\/\/metrointeriors.ca\/fr\/wp-json\/wp\/v2\/product_brand?post=2936"},{"taxonomy":"product_cat","embeddable":true,"href":"https:\/\/metrointeriors.ca\/fr\/wp-json\/wp\/v2\/product_cat?post=2936"},{"taxonomy":"product_tag","embeddable":true,"href":"https:\/\/metrointeriors.ca\/fr\/wp-json\/wp\/v2\/product_tag?post=2936"}],"curies":[{"name":"wp","href":"https:\/\/api.w.org\/{rel}","templated":true}]}}