{"id":2927,"date":"2023-02-21T16:23:40","date_gmt":"2023-02-21T16:23:40","guid":{"rendered":"https:\/\/samsaragold.com\/product\/seating-icon-c4\/"},"modified":"2023-09-14T16:53:45","modified_gmt":"2023-09-14T16:53:45","slug":"chaises-icon-c4","status":"publish","type":"product","link":"https:\/\/metrointeriors.ca\/fr\/produit\/chaises-icon-c4\/","title":{"rendered":"C4"},"content":{"rendered":"<p>Les r\u00e9glages encastr\u00e9s de l&rsquo;inclinaison et de la hauteur ainsi que les accoudoirs en boucle biseaut\u00e9s enveloppants rehaussent sa silhouette \u00e9l\u00e9gante.<\/p>\n<p>CARACT\u00c9RISTIQUES<\/p>\n<ul>\n<li>Enroulez autour des bras en boucle biseaut\u00e9s<\/li>\n<li>Base en aluminium poli<\/li>\n<li>R\u00e9glage de la hauteur et verrouillage de l&rsquo;inclinaison int\u00e9gr\u00e9s<\/li>\n<li>Tension d&rsquo;inclinaison cach\u00e9e<\/li>\n<\/ul>\n","protected":false},"excerpt":{"rendered":"<p>Votre corps adorera les contours ajust\u00e9s de cette chaise de travail l\u00e9g\u00e8re.<\/p>\n","protected":false},"featured_media":2306,"comment_status":"closed","ping_status":"closed","template":"","meta":{"_et_pb_use_builder":"","_et_pb_old_content":"","_et_gb_content_width":""},"product_brand":[],"product_cat":[340,358],"product_tag":[359],"class_list":{"0":"post-2927","1":"product","2":"type-product","3":"status-publish","4":"has-post-thumbnail","6":"product_cat-seating-new-fr","7":"product_cat-icon-seating-new-fr","8":"product_tag-c4-fr","10":"first","11":"instock","12":"product-type-simple"},"yoast_head":"<!-- This site is optimized with the Yoast SEO plugin v27.0 - https:\/\/yoast.com\/product\/yoast-seo-wordpress\/ -->\n<title>C4 - Metro Interiors<\/title>\n<meta name=\"robots\" content=\"index, follow, max-snippet:-1, max-image-preview:large, max-video-preview:-1\" \/>\n<link rel=\"canonical\" href=\"https:\/\/metrointeriors.ca\/fr\/produit\/chaises-icon-c4\/\" \/>\n<meta property=\"og:locale\" content=\"fr_FR\" \/>\n<meta property=\"og:type\" content=\"article\" \/>\n<meta property=\"og:title\" content=\"C4 - Metro Interiors\" \/>\n<meta property=\"og:description\" content=\"Votre corps adorera les contours ajust\u00e9s de cette chaise de travail l\u00e9g\u00e8re.\" \/>\n<meta property=\"og:url\" content=\"https:\/\/metrointeriors.ca\/fr\/produit\/chaises-icon-c4\/\" \/>\n<meta property=\"og:site_name\" content=\"Metro Interiors\" \/>\n<meta property=\"article:modified_time\" content=\"2023-09-14T16:53:45+00:00\" \/>\n<meta property=\"og:image\" content=\"https:\/\/metrointeriors.ca\/wp-content\/uploads\/2023\/02\/01_featured-c4-1080.jpg\" \/>\n\t<meta property=\"og:image:width\" content=\"1080\" \/>\n\t<meta property=\"og:image:height\" content=\"1080\" \/>\n\t<meta property=\"og:image:type\" content=\"image\/jpeg\" \/>\n<meta name=\"twitter:card\" content=\"summary_large_image\" \/>\n<script type=\"application\/ld+json\" class=\"yoast-schema-graph\">{\"@context\":\"https:\/\/schema.org\",\"@graph\":[{\"@type\":\"WebPage\",\"@id\":\"https:\/\/metrointeriors.ca\/fr\/produit\/chaises-icon-c4\/\",\"url\":\"https:\/\/metrointeriors.ca\/fr\/produit\/chaises-icon-c4\/\",\"name\":\"C4 - Metro Interiors\",\"isPartOf\":{\"@id\":\"https:\/\/metrointeriors.ca\/#website\"},\"primaryImageOfPage\":{\"@id\":\"https:\/\/metrointeriors.ca\/fr\/produit\/chaises-icon-c4\/#primaryimage\"},\"image\":{\"@id\":\"https:\/\/metrointeriors.ca\/fr\/produit\/chaises-icon-c4\/#primaryimage\"},\"thumbnailUrl\":\"https:\/\/metrointeriors.ca\/wp-content\/uploads\/2023\/02\/01_featured-c4-1080.jpg\",\"datePublished\":\"2023-02-21T16:23:40+00:00\",\"dateModified\":\"2023-09-14T16:53:45+00:00\",\"breadcrumb\":{\"@id\":\"https:\/\/metrointeriors.ca\/fr\/produit\/chaises-icon-c4\/#breadcrumb\"},\"inLanguage\":\"fr-FR\",\"potentialAction\":[{\"@type\":\"ReadAction\",\"target\":[\"https:\/\/metrointeriors.ca\/fr\/produit\/chaises-icon-c4\/\"]}]},{\"@type\":\"ImageObject\",\"inLanguage\":\"fr-FR\",\"@id\":\"https:\/\/metrointeriors.ca\/fr\/produit\/chaises-icon-c4\/#primaryimage\",\"url\":\"https:\/\/metrointeriors.ca\/wp-content\/uploads\/2023\/02\/01_featured-c4-1080.jpg\",\"contentUrl\":\"https:\/\/metrointeriors.ca\/wp-content\/uploads\/2023\/02\/01_featured-c4-1080.jpg\",\"width\":1080,\"height\":1080,\"caption\":\"c4\"},{\"@type\":\"BreadcrumbList\",\"@id\":\"https:\/\/metrointeriors.ca\/fr\/produit\/chaises-icon-c4\/#breadcrumb\",\"itemListElement\":[{\"@type\":\"ListItem\",\"position\":1,\"name\":\"Home\",\"item\":\"https:\/\/metrointeriors.ca\/fr\/\"},{\"@type\":\"ListItem\",\"position\":2,\"name\":\"Boutique\",\"item\":\"https:\/\/metrointeriors.ca\/fr\/boutique\/\"},{\"@type\":\"ListItem\",\"position\":3,\"name\":\"C4\"}]},{\"@type\":\"WebSite\",\"@id\":\"https:\/\/metrointeriors.ca\/#website\",\"url\":\"https:\/\/metrointeriors.ca\/\",\"name\":\"Metro Interiors\",\"description\":\"Laissez-nous vous aider \u00e0 rafra\u00eechir votre espace de travail d&#039;entreprise\",\"potentialAction\":[{\"@type\":\"SearchAction\",\"target\":{\"@type\":\"EntryPoint\",\"urlTemplate\":\"https:\/\/metrointeriors.ca\/?s={search_term_string}\"},\"query-input\":{\"@type\":\"PropertyValueSpecification\",\"valueRequired\":true,\"valueName\":\"search_term_string\"}}],\"inLanguage\":\"fr-FR\"}]}<\/script>\n<!-- \/ Yoast SEO plugin. -->","yoast_head_json":{"title":"C4 - Metro Interiors","robots":{"index":"index","follow":"follow","max-snippet":"max-snippet:-1","max-image-preview":"max-image-preview:large","max-video-preview":"max-video-preview:-1"},"canonical":"https:\/\/metrointeriors.ca\/fr\/produit\/chaises-icon-c4\/","og_locale":"fr_FR","og_type":"article","og_title":"C4 - Metro Interiors","og_description":"Votre corps adorera les contours ajust\u00e9s de cette chaise de travail l\u00e9g\u00e8re.","og_url":"https:\/\/metrointeriors.ca\/fr\/produit\/chaises-icon-c4\/","og_site_name":"Metro Interiors","article_modified_time":"2023-09-14T16:53:45+00:00","og_image":[{"width":1080,"height":1080,"url":"https:\/\/metrointeriors.ca\/wp-content\/uploads\/2023\/02\/01_featured-c4-1080.jpg","type":"image\/jpeg"}],"twitter_card":"summary_large_image","schema":{"@context":"https:\/\/schema.org","@graph":[{"@type":"WebPage","@id":"https:\/\/metrointeriors.ca\/fr\/produit\/chaises-icon-c4\/","url":"https:\/\/metrointeriors.ca\/fr\/produit\/chaises-icon-c4\/","name":"C4 - Metro Interiors","isPartOf":{"@id":"https:\/\/metrointeriors.ca\/#website"},"primaryImageOfPage":{"@id":"https:\/\/metrointeriors.ca\/fr\/produit\/chaises-icon-c4\/#primaryimage"},"image":{"@id":"https:\/\/metrointeriors.ca\/fr\/produit\/chaises-icon-c4\/#primaryimage"},"thumbnailUrl":"https:\/\/metrointeriors.ca\/wp-content\/uploads\/2023\/02\/01_featured-c4-1080.jpg","datePublished":"2023-02-21T16:23:40+00:00","dateModified":"2023-09-14T16:53:45+00:00","breadcrumb":{"@id":"https:\/\/metrointeriors.ca\/fr\/produit\/chaises-icon-c4\/#breadcrumb"},"inLanguage":"fr-FR","potentialAction":[{"@type":"ReadAction","target":["https:\/\/metrointeriors.ca\/fr\/produit\/chaises-icon-c4\/"]}]},{"@type":"ImageObject","inLanguage":"fr-FR","@id":"https:\/\/metrointeriors.ca\/fr\/produit\/chaises-icon-c4\/#primaryimage","url":"https:\/\/metrointeriors.ca\/wp-content\/uploads\/2023\/02\/01_featured-c4-1080.jpg","contentUrl":"https:\/\/metrointeriors.ca\/wp-content\/uploads\/2023\/02\/01_featured-c4-1080.jpg","width":1080,"height":1080,"caption":"c4"},{"@type":"BreadcrumbList","@id":"https:\/\/metrointeriors.ca\/fr\/produit\/chaises-icon-c4\/#breadcrumb","itemListElement":[{"@type":"ListItem","position":1,"name":"Home","item":"https:\/\/metrointeriors.ca\/fr\/"},{"@type":"ListItem","position":2,"name":"Boutique","item":"https:\/\/metrointeriors.ca\/fr\/boutique\/"},{"@type":"ListItem","position":3,"name":"C4"}]},{"@type":"WebSite","@id":"https:\/\/metrointeriors.ca\/#website","url":"https:\/\/metrointeriors.ca\/","name":"Metro Interiors","description":"Laissez-nous vous aider \u00e0 rafra\u00eechir votre espace de travail d&#039;entreprise","potentialAction":[{"@type":"SearchAction","target":{"@type":"EntryPoint","urlTemplate":"https:\/\/metrointeriors.ca\/?s={search_term_string}"},"query-input":{"@type":"PropertyValueSpecification","valueRequired":true,"valueName":"search_term_string"}}],"inLanguage":"fr-FR"}]}},"_links":{"self":[{"href":"https:\/\/metrointeriors.ca\/fr\/wp-json\/wp\/v2\/product\/2927","targetHints":{"allow":["GET"]}}],"collection":[{"href":"https:\/\/metrointeriors.ca\/fr\/wp-json\/wp\/v2\/product"}],"about":[{"href":"https:\/\/metrointeriors.ca\/fr\/wp-json\/wp\/v2\/types\/product"}],"replies":[{"embeddable":true,"href":"https:\/\/metrointeriors.ca\/fr\/wp-json\/wp\/v2\/comments?post=2927"}],"wp:featuredmedia":[{"embeddable":true,"href":"https:\/\/metrointeriors.ca\/fr\/wp-json\/wp\/v2\/media\/2306"}],"wp:attachment":[{"href":"https:\/\/metrointeriors.ca\/fr\/wp-json\/wp\/v2\/media?parent=2927"}],"wp:term":[{"taxonomy":"product_brand","embeddable":true,"href":"https:\/\/metrointeriors.ca\/fr\/wp-json\/wp\/v2\/product_brand?post=2927"},{"taxonomy":"product_cat","embeddable":true,"href":"https:\/\/metrointeriors.ca\/fr\/wp-json\/wp\/v2\/product_cat?post=2927"},{"taxonomy":"product_tag","embeddable":true,"href":"https:\/\/metrointeriors.ca\/fr\/wp-json\/wp\/v2\/product_tag?post=2927"}],"curies":[{"name":"wp","href":"https:\/\/api.w.org\/{rel}","templated":true}]}}