{"id":2925,"date":"2023-02-21T16:17:50","date_gmt":"2023-02-21T16:17:50","guid":{"rendered":"https:\/\/samsaragold.com\/product\/seating-icon-architect-black\/"},"modified":"2023-09-14T16:52:50","modified_gmt":"2023-09-14T16:52:50","slug":"chaises-icon-architect-black","status":"publish","type":"product","link":"https:\/\/metrointeriors.ca\/fr\/produit\/chaises-icon-architect-black\/","title":{"rendered":"Architect"},"content":{"rendered":"<p>Architect est l&rsquo;une des chaises les plus r\u00e9glables disponibles sur le march\u00e9 aujourd&rsquo;hui, ce qui en fait le choix des professionnels exigeants et de ceux soucieux de leur sant\u00e9 assise.<\/p>\n<p>Le maillage contrast\u00e9 et l&rsquo;aluminium poli \u00e9tablissent un \u00e9quilibre esth\u00e9tique et se marient bien avec la sophistication technique int\u00e9gr\u00e9e \u00e0 cette chaise unique.<\/p>\n<p>CARACT\u00c9RISTIQUES<br \/>\nr\u00e9glable en hauteur<br \/>\nbras r\u00e9glables en hauteur<br \/>\nbras r\u00e9glables en profondeur<br \/>\nappui-t\u00eate r\u00e9glable en hauteur<br \/>\ndossier r\u00e9glable en hauteur<br \/>\nbras pivotants<br \/>\nsupport lombaire int\u00e9gr\u00e9<br \/>\ninclinaison synchronis\u00e9e<br \/>\ntension d&rsquo;inclinaison<br \/>\nverrouillage de l&rsquo;inclinaison<br \/>\nassise et dossier en r\u00e9sille<br \/>\ncommand\u00e9 par c\u00e2ble<br \/>\nconstruction en aluminium<br \/>\nRoulettes en bois dur incluses<\/p>\n","protected":false},"excerpt":{"rendered":"<p>L&rsquo;Architect d&rsquo;ICON est une fusion de forme et de fonction. Dot\u00e9e d&rsquo;un riche ensemble de commandes ergonomiques, cette chaise innovante est con\u00e7ue pour les personnes qui passent la majeure partie de leur journ\u00e9e assises.<\/p>\n","protected":false},"featured_media":2299,"comment_status":"closed","ping_status":"closed","template":"","meta":{"_et_pb_use_builder":"","_et_pb_old_content":"","_et_gb_content_width":""},"product_brand":[],"product_cat":[340,358],"product_tag":[355,356,357],"class_list":{"0":"post-2925","1":"product","2":"type-product","3":"status-publish","4":"has-post-thumbnail","6":"product_cat-seating-new-fr","7":"product_cat-icon-seating-new-fr","8":"product_tag-architect-fr","9":"product_tag-architect-black-fr","10":"product_tag-icon-fr","12":"first","13":"instock","14":"product-type-simple"},"yoast_head":"<!-- This site is optimized with the Yoast SEO plugin v27.0 - https:\/\/yoast.com\/product\/yoast-seo-wordpress\/ -->\n<title>Architect - Metro Interiors<\/title>\n<meta name=\"robots\" content=\"index, follow, max-snippet:-1, max-image-preview:large, max-video-preview:-1\" \/>\n<link rel=\"canonical\" href=\"https:\/\/metrointeriors.ca\/fr\/produit\/chaises-icon-architect-black\/\" \/>\n<meta property=\"og:locale\" content=\"fr_FR\" \/>\n<meta property=\"og:type\" content=\"article\" \/>\n<meta property=\"og:title\" content=\"Architect - Metro Interiors\" \/>\n<meta property=\"og:description\" content=\"L&#039;Architect d&#039;ICON est une fusion de forme et de fonction. Dot\u00e9e d&#039;un riche ensemble de commandes ergonomiques, cette chaise innovante est con\u00e7ue pour les personnes qui passent la majeure partie de leur journ\u00e9e assises.\" \/>\n<meta property=\"og:url\" content=\"https:\/\/metrointeriors.ca\/fr\/produit\/chaises-icon-architect-black\/\" \/>\n<meta property=\"og:site_name\" content=\"Metro Interiors\" \/>\n<meta property=\"article:modified_time\" content=\"2023-09-14T16:52:50+00:00\" \/>\n<meta property=\"og:image\" content=\"https:\/\/metrointeriors.ca\/wp-content\/uploads\/2023\/02\/Architect-1080.jpg\" \/>\n\t<meta property=\"og:image:width\" content=\"930\" \/>\n\t<meta property=\"og:image:height\" content=\"930\" \/>\n\t<meta property=\"og:image:type\" content=\"image\/jpeg\" \/>\n<meta name=\"twitter:card\" content=\"summary_large_image\" \/>\n<meta name=\"twitter:label1\" content=\"Dur\u00e9e de lecture estim\u00e9e\" \/>\n\t<meta name=\"twitter:data1\" content=\"1 minute\" \/>\n<script type=\"application\/ld+json\" class=\"yoast-schema-graph\">{\"@context\":\"https:\/\/schema.org\",\"@graph\":[{\"@type\":\"WebPage\",\"@id\":\"https:\/\/metrointeriors.ca\/fr\/produit\/chaises-icon-architect-black\/\",\"url\":\"https:\/\/metrointeriors.ca\/fr\/produit\/chaises-icon-architect-black\/\",\"name\":\"Architect - Metro Interiors\",\"isPartOf\":{\"@id\":\"https:\/\/metrointeriors.ca\/#website\"},\"primaryImageOfPage\":{\"@id\":\"https:\/\/metrointeriors.ca\/fr\/produit\/chaises-icon-architect-black\/#primaryimage\"},\"image\":{\"@id\":\"https:\/\/metrointeriors.ca\/fr\/produit\/chaises-icon-architect-black\/#primaryimage\"},\"thumbnailUrl\":\"https:\/\/metrointeriors.ca\/wp-content\/uploads\/2023\/02\/Architect-1080.jpg\",\"datePublished\":\"2023-02-21T16:17:50+00:00\",\"dateModified\":\"2023-09-14T16:52:50+00:00\",\"breadcrumb\":{\"@id\":\"https:\/\/metrointeriors.ca\/fr\/produit\/chaises-icon-architect-black\/#breadcrumb\"},\"inLanguage\":\"fr-FR\",\"potentialAction\":[{\"@type\":\"ReadAction\",\"target\":[\"https:\/\/metrointeriors.ca\/fr\/produit\/chaises-icon-architect-black\/\"]}]},{\"@type\":\"ImageObject\",\"inLanguage\":\"fr-FR\",\"@id\":\"https:\/\/metrointeriors.ca\/fr\/produit\/chaises-icon-architect-black\/#primaryimage\",\"url\":\"https:\/\/metrointeriors.ca\/wp-content\/uploads\/2023\/02\/Architect-1080.jpg\",\"contentUrl\":\"https:\/\/metrointeriors.ca\/wp-content\/uploads\/2023\/02\/Architect-1080.jpg\",\"width\":930,\"height\":930,\"caption\":\"Architect\"},{\"@type\":\"BreadcrumbList\",\"@id\":\"https:\/\/metrointeriors.ca\/fr\/produit\/chaises-icon-architect-black\/#breadcrumb\",\"itemListElement\":[{\"@type\":\"ListItem\",\"position\":1,\"name\":\"Home\",\"item\":\"https:\/\/metrointeriors.ca\/fr\/\"},{\"@type\":\"ListItem\",\"position\":2,\"name\":\"Boutique\",\"item\":\"https:\/\/metrointeriors.ca\/fr\/boutique\/\"},{\"@type\":\"ListItem\",\"position\":3,\"name\":\"Architect\"}]},{\"@type\":\"WebSite\",\"@id\":\"https:\/\/metrointeriors.ca\/#website\",\"url\":\"https:\/\/metrointeriors.ca\/\",\"name\":\"Metro Interiors\",\"description\":\"Laissez-nous vous aider \u00e0 rafra\u00eechir votre espace de travail d&#039;entreprise\",\"potentialAction\":[{\"@type\":\"SearchAction\",\"target\":{\"@type\":\"EntryPoint\",\"urlTemplate\":\"https:\/\/metrointeriors.ca\/?s={search_term_string}\"},\"query-input\":{\"@type\":\"PropertyValueSpecification\",\"valueRequired\":true,\"valueName\":\"search_term_string\"}}],\"inLanguage\":\"fr-FR\"}]}<\/script>\n<!-- \/ Yoast SEO plugin. -->","yoast_head_json":{"title":"Architect - Metro Interiors","robots":{"index":"index","follow":"follow","max-snippet":"max-snippet:-1","max-image-preview":"max-image-preview:large","max-video-preview":"max-video-preview:-1"},"canonical":"https:\/\/metrointeriors.ca\/fr\/produit\/chaises-icon-architect-black\/","og_locale":"fr_FR","og_type":"article","og_title":"Architect - Metro Interiors","og_description":"L'Architect d'ICON est une fusion de forme et de fonction. Dot\u00e9e d'un riche ensemble de commandes ergonomiques, cette chaise innovante est con\u00e7ue pour les personnes qui passent la majeure partie de leur journ\u00e9e assises.","og_url":"https:\/\/metrointeriors.ca\/fr\/produit\/chaises-icon-architect-black\/","og_site_name":"Metro Interiors","article_modified_time":"2023-09-14T16:52:50+00:00","og_image":[{"width":930,"height":930,"url":"https:\/\/metrointeriors.ca\/wp-content\/uploads\/2023\/02\/Architect-1080.jpg","type":"image\/jpeg"}],"twitter_card":"summary_large_image","twitter_misc":{"Dur\u00e9e de lecture estim\u00e9e":"1 minute"},"schema":{"@context":"https:\/\/schema.org","@graph":[{"@type":"WebPage","@id":"https:\/\/metrointeriors.ca\/fr\/produit\/chaises-icon-architect-black\/","url":"https:\/\/metrointeriors.ca\/fr\/produit\/chaises-icon-architect-black\/","name":"Architect - Metro Interiors","isPartOf":{"@id":"https:\/\/metrointeriors.ca\/#website"},"primaryImageOfPage":{"@id":"https:\/\/metrointeriors.ca\/fr\/produit\/chaises-icon-architect-black\/#primaryimage"},"image":{"@id":"https:\/\/metrointeriors.ca\/fr\/produit\/chaises-icon-architect-black\/#primaryimage"},"thumbnailUrl":"https:\/\/metrointeriors.ca\/wp-content\/uploads\/2023\/02\/Architect-1080.jpg","datePublished":"2023-02-21T16:17:50+00:00","dateModified":"2023-09-14T16:52:50+00:00","breadcrumb":{"@id":"https:\/\/metrointeriors.ca\/fr\/produit\/chaises-icon-architect-black\/#breadcrumb"},"inLanguage":"fr-FR","potentialAction":[{"@type":"ReadAction","target":["https:\/\/metrointeriors.ca\/fr\/produit\/chaises-icon-architect-black\/"]}]},{"@type":"ImageObject","inLanguage":"fr-FR","@id":"https:\/\/metrointeriors.ca\/fr\/produit\/chaises-icon-architect-black\/#primaryimage","url":"https:\/\/metrointeriors.ca\/wp-content\/uploads\/2023\/02\/Architect-1080.jpg","contentUrl":"https:\/\/metrointeriors.ca\/wp-content\/uploads\/2023\/02\/Architect-1080.jpg","width":930,"height":930,"caption":"Architect"},{"@type":"BreadcrumbList","@id":"https:\/\/metrointeriors.ca\/fr\/produit\/chaises-icon-architect-black\/#breadcrumb","itemListElement":[{"@type":"ListItem","position":1,"name":"Home","item":"https:\/\/metrointeriors.ca\/fr\/"},{"@type":"ListItem","position":2,"name":"Boutique","item":"https:\/\/metrointeriors.ca\/fr\/boutique\/"},{"@type":"ListItem","position":3,"name":"Architect"}]},{"@type":"WebSite","@id":"https:\/\/metrointeriors.ca\/#website","url":"https:\/\/metrointeriors.ca\/","name":"Metro Interiors","description":"Laissez-nous vous aider \u00e0 rafra\u00eechir votre espace de travail d&#039;entreprise","potentialAction":[{"@type":"SearchAction","target":{"@type":"EntryPoint","urlTemplate":"https:\/\/metrointeriors.ca\/?s={search_term_string}"},"query-input":{"@type":"PropertyValueSpecification","valueRequired":true,"valueName":"search_term_string"}}],"inLanguage":"fr-FR"}]}},"_links":{"self":[{"href":"https:\/\/metrointeriors.ca\/fr\/wp-json\/wp\/v2\/product\/2925","targetHints":{"allow":["GET"]}}],"collection":[{"href":"https:\/\/metrointeriors.ca\/fr\/wp-json\/wp\/v2\/product"}],"about":[{"href":"https:\/\/metrointeriors.ca\/fr\/wp-json\/wp\/v2\/types\/product"}],"replies":[{"embeddable":true,"href":"https:\/\/metrointeriors.ca\/fr\/wp-json\/wp\/v2\/comments?post=2925"}],"wp:featuredmedia":[{"embeddable":true,"href":"https:\/\/metrointeriors.ca\/fr\/wp-json\/wp\/v2\/media\/2299"}],"wp:attachment":[{"href":"https:\/\/metrointeriors.ca\/fr\/wp-json\/wp\/v2\/media?parent=2925"}],"wp:term":[{"taxonomy":"product_brand","embeddable":true,"href":"https:\/\/metrointeriors.ca\/fr\/wp-json\/wp\/v2\/product_brand?post=2925"},{"taxonomy":"product_cat","embeddable":true,"href":"https:\/\/metrointeriors.ca\/fr\/wp-json\/wp\/v2\/product_cat?post=2925"},{"taxonomy":"product_tag","embeddable":true,"href":"https:\/\/metrointeriors.ca\/fr\/wp-json\/wp\/v2\/product_tag?post=2925"}],"curies":[{"name":"wp","href":"https:\/\/api.w.org\/{rel}","templated":true}]}}