{"id":2921,"date":"2023-02-21T16:08:59","date_gmt":"2023-02-21T16:08:59","guid":{"rendered":"https:\/\/samsaragold.com\/product\/seating-humanscale-summa\/"},"modified":"2023-09-13T21:42:15","modified_gmt":"2023-09-13T21:42:15","slug":"chaises-humanscale-summa","status":"publish","type":"product","link":"https:\/\/metrointeriors.ca\/fr\/produit\/chaises-humanscale-summa\/","title":{"rendered":"Summa"},"content":{"rendered":"<p>Ses courbes enveloppantes et ses mat\u00e9riaux sculpt\u00e9s se fondent en un design harmonieux dont chaque d\u00e9tail \u00e9voque le luxe. Totalement personnalisable, le fauteuil Summa se distingue par une esth\u00e9tique raffin\u00e9e et donnera une touche haut de gamme \u00e0 n\u2019importe quel environnement. Que ce soit dans sa version enti\u00e8rement cuir ou dans sa version coque en bois, aussi sophistiqu\u00e9es l\u2019une que l\u2019autre, le fauteuil Summa s\u2019harmonise parfaitement avec la collection de cuirs sans chrome de Humanscale.<\/p>\n","protected":false},"excerpt":{"rendered":"<p>Con\u00e7u pour les dirigeants d\u2019aujourd\u2019hui, Summa est un si\u00e8ge de conf\u00e9rence en cuir qui s\u2019int\u00e8grera aussi bien dans un bureau de direction que dans la salle du conseil d\u2019administration ou dans votre bureau \u00e0 la maison.<\/p>\n","protected":false},"featured_media":2285,"comment_status":"closed","ping_status":"closed","template":"","meta":{"_et_pb_use_builder":"","_et_pb_old_content":"","_et_gb_content_width":""},"product_brand":[],"product_cat":[340,179],"product_tag":[349],"class_list":{"0":"post-2921","1":"product","2":"type-product","3":"status-publish","4":"has-post-thumbnail","6":"product_cat-seating-new-fr","7":"product_cat-seat-humanscale-fr","8":"product_tag-suma-fr","10":"first","11":"instock","12":"product-type-simple"},"yoast_head":"<!-- This site is optimized with the Yoast SEO plugin v27.0 - https:\/\/yoast.com\/product\/yoast-seo-wordpress\/ -->\n<title>Summa - Metro Interiors<\/title>\n<meta name=\"robots\" content=\"index, follow, max-snippet:-1, max-image-preview:large, max-video-preview:-1\" \/>\n<link rel=\"canonical\" href=\"https:\/\/metrointeriors.ca\/fr\/produit\/chaises-humanscale-summa\/\" \/>\n<meta property=\"og:locale\" content=\"fr_FR\" \/>\n<meta property=\"og:type\" content=\"article\" \/>\n<meta property=\"og:title\" content=\"Summa - Metro Interiors\" \/>\n<meta property=\"og:description\" content=\"Con\u00e7u pour les dirigeants d\u2019aujourd\u2019hui, Summa est un si\u00e8ge de conf\u00e9rence en cuir qui s\u2019int\u00e8grera aussi bien dans un bureau de direction que dans la salle du conseil d\u2019administration ou dans votre bureau \u00e0 la maison.\" \/>\n<meta property=\"og:url\" content=\"https:\/\/metrointeriors.ca\/fr\/produit\/chaises-humanscale-summa\/\" \/>\n<meta property=\"og:site_name\" content=\"Metro Interiors\" \/>\n<meta property=\"article:modified_time\" content=\"2023-09-13T21:42:15+00:00\" \/>\n<meta property=\"og:image\" content=\"https:\/\/metrointeriors.ca\/wp-content\/uploads\/2023\/02\/summa-chair-product_1080.jpg\" \/>\n\t<meta property=\"og:image:width\" content=\"1080\" \/>\n\t<meta property=\"og:image:height\" content=\"1080\" \/>\n\t<meta property=\"og:image:type\" content=\"image\/jpeg\" \/>\n<meta name=\"twitter:card\" content=\"summary_large_image\" \/>\n<script type=\"application\/ld+json\" class=\"yoast-schema-graph\">{\"@context\":\"https:\/\/schema.org\",\"@graph\":[{\"@type\":\"WebPage\",\"@id\":\"https:\/\/metrointeriors.ca\/fr\/produit\/chaises-humanscale-summa\/\",\"url\":\"https:\/\/metrointeriors.ca\/fr\/produit\/chaises-humanscale-summa\/\",\"name\":\"Summa - Metro Interiors\",\"isPartOf\":{\"@id\":\"https:\/\/metrointeriors.ca\/#website\"},\"primaryImageOfPage\":{\"@id\":\"https:\/\/metrointeriors.ca\/fr\/produit\/chaises-humanscale-summa\/#primaryimage\"},\"image\":{\"@id\":\"https:\/\/metrointeriors.ca\/fr\/produit\/chaises-humanscale-summa\/#primaryimage\"},\"thumbnailUrl\":\"https:\/\/metrointeriors.ca\/wp-content\/uploads\/2023\/02\/summa-chair-product_1080.jpg\",\"datePublished\":\"2023-02-21T16:08:59+00:00\",\"dateModified\":\"2023-09-13T21:42:15+00:00\",\"breadcrumb\":{\"@id\":\"https:\/\/metrointeriors.ca\/fr\/produit\/chaises-humanscale-summa\/#breadcrumb\"},\"inLanguage\":\"fr-FR\",\"potentialAction\":[{\"@type\":\"ReadAction\",\"target\":[\"https:\/\/metrointeriors.ca\/fr\/produit\/chaises-humanscale-summa\/\"]}]},{\"@type\":\"ImageObject\",\"inLanguage\":\"fr-FR\",\"@id\":\"https:\/\/metrointeriors.ca\/fr\/produit\/chaises-humanscale-summa\/#primaryimage\",\"url\":\"https:\/\/metrointeriors.ca\/wp-content\/uploads\/2023\/02\/summa-chair-product_1080.jpg\",\"contentUrl\":\"https:\/\/metrointeriors.ca\/wp-content\/uploads\/2023\/02\/summa-chair-product_1080.jpg\",\"width\":1080,\"height\":1080,\"caption\":\"Suma\"},{\"@type\":\"BreadcrumbList\",\"@id\":\"https:\/\/metrointeriors.ca\/fr\/produit\/chaises-humanscale-summa\/#breadcrumb\",\"itemListElement\":[{\"@type\":\"ListItem\",\"position\":1,\"name\":\"Home\",\"item\":\"https:\/\/metrointeriors.ca\/fr\/\"},{\"@type\":\"ListItem\",\"position\":2,\"name\":\"Boutique\",\"item\":\"https:\/\/metrointeriors.ca\/fr\/boutique\/\"},{\"@type\":\"ListItem\",\"position\":3,\"name\":\"Summa\"}]},{\"@type\":\"WebSite\",\"@id\":\"https:\/\/metrointeriors.ca\/#website\",\"url\":\"https:\/\/metrointeriors.ca\/\",\"name\":\"Metro Interiors\",\"description\":\"Laissez-nous vous aider \u00e0 rafra\u00eechir votre espace de travail d&#039;entreprise\",\"potentialAction\":[{\"@type\":\"SearchAction\",\"target\":{\"@type\":\"EntryPoint\",\"urlTemplate\":\"https:\/\/metrointeriors.ca\/?s={search_term_string}\"},\"query-input\":{\"@type\":\"PropertyValueSpecification\",\"valueRequired\":true,\"valueName\":\"search_term_string\"}}],\"inLanguage\":\"fr-FR\"}]}<\/script>\n<!-- \/ Yoast SEO plugin. -->","yoast_head_json":{"title":"Summa - Metro Interiors","robots":{"index":"index","follow":"follow","max-snippet":"max-snippet:-1","max-image-preview":"max-image-preview:large","max-video-preview":"max-video-preview:-1"},"canonical":"https:\/\/metrointeriors.ca\/fr\/produit\/chaises-humanscale-summa\/","og_locale":"fr_FR","og_type":"article","og_title":"Summa - Metro Interiors","og_description":"Con\u00e7u pour les dirigeants d\u2019aujourd\u2019hui, Summa est un si\u00e8ge de conf\u00e9rence en cuir qui s\u2019int\u00e8grera aussi bien dans un bureau de direction que dans la salle du conseil d\u2019administration ou dans votre bureau \u00e0 la maison.","og_url":"https:\/\/metrointeriors.ca\/fr\/produit\/chaises-humanscale-summa\/","og_site_name":"Metro Interiors","article_modified_time":"2023-09-13T21:42:15+00:00","og_image":[{"width":1080,"height":1080,"url":"https:\/\/metrointeriors.ca\/wp-content\/uploads\/2023\/02\/summa-chair-product_1080.jpg","type":"image\/jpeg"}],"twitter_card":"summary_large_image","schema":{"@context":"https:\/\/schema.org","@graph":[{"@type":"WebPage","@id":"https:\/\/metrointeriors.ca\/fr\/produit\/chaises-humanscale-summa\/","url":"https:\/\/metrointeriors.ca\/fr\/produit\/chaises-humanscale-summa\/","name":"Summa - Metro Interiors","isPartOf":{"@id":"https:\/\/metrointeriors.ca\/#website"},"primaryImageOfPage":{"@id":"https:\/\/metrointeriors.ca\/fr\/produit\/chaises-humanscale-summa\/#primaryimage"},"image":{"@id":"https:\/\/metrointeriors.ca\/fr\/produit\/chaises-humanscale-summa\/#primaryimage"},"thumbnailUrl":"https:\/\/metrointeriors.ca\/wp-content\/uploads\/2023\/02\/summa-chair-product_1080.jpg","datePublished":"2023-02-21T16:08:59+00:00","dateModified":"2023-09-13T21:42:15+00:00","breadcrumb":{"@id":"https:\/\/metrointeriors.ca\/fr\/produit\/chaises-humanscale-summa\/#breadcrumb"},"inLanguage":"fr-FR","potentialAction":[{"@type":"ReadAction","target":["https:\/\/metrointeriors.ca\/fr\/produit\/chaises-humanscale-summa\/"]}]},{"@type":"ImageObject","inLanguage":"fr-FR","@id":"https:\/\/metrointeriors.ca\/fr\/produit\/chaises-humanscale-summa\/#primaryimage","url":"https:\/\/metrointeriors.ca\/wp-content\/uploads\/2023\/02\/summa-chair-product_1080.jpg","contentUrl":"https:\/\/metrointeriors.ca\/wp-content\/uploads\/2023\/02\/summa-chair-product_1080.jpg","width":1080,"height":1080,"caption":"Suma"},{"@type":"BreadcrumbList","@id":"https:\/\/metrointeriors.ca\/fr\/produit\/chaises-humanscale-summa\/#breadcrumb","itemListElement":[{"@type":"ListItem","position":1,"name":"Home","item":"https:\/\/metrointeriors.ca\/fr\/"},{"@type":"ListItem","position":2,"name":"Boutique","item":"https:\/\/metrointeriors.ca\/fr\/boutique\/"},{"@type":"ListItem","position":3,"name":"Summa"}]},{"@type":"WebSite","@id":"https:\/\/metrointeriors.ca\/#website","url":"https:\/\/metrointeriors.ca\/","name":"Metro Interiors","description":"Laissez-nous vous aider \u00e0 rafra\u00eechir votre espace de travail d&#039;entreprise","potentialAction":[{"@type":"SearchAction","target":{"@type":"EntryPoint","urlTemplate":"https:\/\/metrointeriors.ca\/?s={search_term_string}"},"query-input":{"@type":"PropertyValueSpecification","valueRequired":true,"valueName":"search_term_string"}}],"inLanguage":"fr-FR"}]}},"_links":{"self":[{"href":"https:\/\/metrointeriors.ca\/fr\/wp-json\/wp\/v2\/product\/2921","targetHints":{"allow":["GET"]}}],"collection":[{"href":"https:\/\/metrointeriors.ca\/fr\/wp-json\/wp\/v2\/product"}],"about":[{"href":"https:\/\/metrointeriors.ca\/fr\/wp-json\/wp\/v2\/types\/product"}],"replies":[{"embeddable":true,"href":"https:\/\/metrointeriors.ca\/fr\/wp-json\/wp\/v2\/comments?post=2921"}],"wp:featuredmedia":[{"embeddable":true,"href":"https:\/\/metrointeriors.ca\/fr\/wp-json\/wp\/v2\/media\/2285"}],"wp:attachment":[{"href":"https:\/\/metrointeriors.ca\/fr\/wp-json\/wp\/v2\/media?parent=2921"}],"wp:term":[{"taxonomy":"product_brand","embeddable":true,"href":"https:\/\/metrointeriors.ca\/fr\/wp-json\/wp\/v2\/product_brand?post=2921"},{"taxonomy":"product_cat","embeddable":true,"href":"https:\/\/metrointeriors.ca\/fr\/wp-json\/wp\/v2\/product_cat?post=2921"},{"taxonomy":"product_tag","embeddable":true,"href":"https:\/\/metrointeriors.ca\/fr\/wp-json\/wp\/v2\/product_tag?post=2921"}],"curies":[{"name":"wp","href":"https:\/\/api.w.org\/{rel}","templated":true}]}}