{"id":2919,"date":"2023-02-21T15:59:45","date_gmt":"2023-02-21T15:59:45","guid":{"rendered":"https:\/\/samsaragold.com\/product\/seating-humanscale-liberty\/"},"modified":"2023-09-13T21:38:17","modified_gmt":"2023-09-13T21:38:17","slug":"chaises-humanscale-liberty","status":"publish","type":"product","link":"https:\/\/metrointeriors.ca\/fr\/produit\/chaises-humanscale-liberty\/","title":{"rendered":"Liberty"},"content":{"rendered":"<p>Sans commandes manuelles \u00e0 r\u00e9gler, l\u2019utilisateur peut changer de postures sans effort tout au long de la journ\u00e9e.<\/p>\n<p>LIBERTY<br \/>\n<strong>design Niels Diffrient<\/strong><\/p>\n<p>Dot\u00e9 d\u2019un esth\u00e9tisme \u00e9pur\u00e9 qui s\u2019adapte \u00e0 n\u2019importe quel espace, le si\u00e8ge de bureau Liberty convient parfaitement \u00e0 l\u2019environnement de travail d\u2019aujourd\u2019hui. Gr\u00e2ce \u00e0 ses fonctions innovantes, dont les accoudoirs \u00e0 inclinaison automatique sensibles au poids, fix\u00e9s au dossier en maille \u00e0 trois panneaux qui garantissent un confort absolu, le Liberty allie performance, simplicit\u00e9 et esth\u00e9tisme. \u00c9quip\u00e9 de moins de pi\u00e8ces qu\u2019un si\u00e8ge de bureau traditionnel, le Liberty est une cr\u00e9ation intemporelle et respectueuse de l\u2019environnement.<\/p>\n<p>QU\u2019EST-CE QU\u2019UN PRODUIT NET POSITIF ?<br \/>\nLe Chaise de bureau ergonomique Liberty est certifi\u00e9 Living Product, r\u00e9pondant ainsi aux crit\u00e8res de fabrication durable les plus rigoureux jamais \u00e9dict\u00e9s \u00e0 ce jour. Cela signifie que Chaise de bureau ergonomique Liberty a un effet positif sur le climat, l\u2019eau et l\u2019\u00e9nergie. La fabrication de ces produits contribue \u00e0 am\u00e9liorer le bien-\u00eatre de la plan\u00e8te. Notre mission \u00e9tant de cr\u00e9er un monde plus sain, nous sommes fiers que plus de 60 % de nos produits aient un impact net positif.<\/p>\n","protected":false},"excerpt":{"rendered":"<p>Le syst\u00e8me d\u2019inclinaison intelligent sans m\u00e9canisme du Liberty fait appel aux lois de la physique et au poids de l\u2019utilisateur pour lui apporter le support dont il a besoin, et ce \u00e0 n\u2019importe quel degr\u00e9 d\u2019inclinaison. <\/p>\n","protected":false},"featured_media":2278,"comment_status":"closed","ping_status":"closed","template":"","meta":{"_et_pb_use_builder":"","_et_pb_old_content":"","_et_gb_content_width":""},"product_brand":[],"product_cat":[340,179],"product_tag":[348],"class_list":{"0":"post-2919","1":"product","2":"type-product","3":"status-publish","4":"has-post-thumbnail","6":"product_cat-seating-new-fr","7":"product_cat-seat-humanscale-fr","8":"product_tag-liberty-fr","10":"first","11":"instock","12":"product-type-simple"},"yoast_head":"<!-- This site is optimized with the Yoast SEO plugin v27.0 - https:\/\/yoast.com\/product\/yoast-seo-wordpress\/ -->\n<title>Liberty - Metro Interiors<\/title>\n<meta name=\"robots\" content=\"index, follow, max-snippet:-1, max-image-preview:large, max-video-preview:-1\" \/>\n<link rel=\"canonical\" href=\"https:\/\/metrointeriors.ca\/fr\/produit\/chaises-humanscale-liberty\/\" \/>\n<meta property=\"og:locale\" content=\"fr_FR\" \/>\n<meta property=\"og:type\" content=\"article\" \/>\n<meta property=\"og:title\" content=\"Liberty - Metro Interiors\" \/>\n<meta property=\"og:description\" content=\"Le syst\u00e8me d\u2019inclinaison intelligent sans m\u00e9canisme du Liberty fait appel aux lois de la physique et au poids de l\u2019utilisateur pour lui apporter le support dont il a besoin, et ce \u00e0 n\u2019importe quel degr\u00e9 d\u2019inclinaison.\" \/>\n<meta property=\"og:url\" content=\"https:\/\/metrointeriors.ca\/fr\/produit\/chaises-humanscale-liberty\/\" \/>\n<meta property=\"og:site_name\" content=\"Metro Interiors\" \/>\n<meta property=\"article:modified_time\" content=\"2023-09-13T21:38:17+00:00\" \/>\n<meta property=\"og:image\" content=\"https:\/\/metrointeriors.ca\/wp-content\/uploads\/2023\/02\/01_17_humanscale_liberty_1080.jpg\" \/>\n\t<meta property=\"og:image:width\" content=\"1080\" \/>\n\t<meta property=\"og:image:height\" content=\"1080\" \/>\n\t<meta property=\"og:image:type\" content=\"image\/jpeg\" \/>\n<meta name=\"twitter:card\" content=\"summary_large_image\" \/>\n<meta name=\"twitter:label1\" content=\"Dur\u00e9e de lecture estim\u00e9e\" \/>\n\t<meta name=\"twitter:data1\" content=\"1 minute\" \/>\n<script type=\"application\/ld+json\" class=\"yoast-schema-graph\">{\"@context\":\"https:\/\/schema.org\",\"@graph\":[{\"@type\":\"WebPage\",\"@id\":\"https:\/\/metrointeriors.ca\/fr\/produit\/chaises-humanscale-liberty\/\",\"url\":\"https:\/\/metrointeriors.ca\/fr\/produit\/chaises-humanscale-liberty\/\",\"name\":\"Liberty - Metro Interiors\",\"isPartOf\":{\"@id\":\"https:\/\/metrointeriors.ca\/#website\"},\"primaryImageOfPage\":{\"@id\":\"https:\/\/metrointeriors.ca\/fr\/produit\/chaises-humanscale-liberty\/#primaryimage\"},\"image\":{\"@id\":\"https:\/\/metrointeriors.ca\/fr\/produit\/chaises-humanscale-liberty\/#primaryimage\"},\"thumbnailUrl\":\"https:\/\/metrointeriors.ca\/wp-content\/uploads\/2023\/02\/01_17_humanscale_liberty_1080.jpg\",\"datePublished\":\"2023-02-21T15:59:45+00:00\",\"dateModified\":\"2023-09-13T21:38:17+00:00\",\"breadcrumb\":{\"@id\":\"https:\/\/metrointeriors.ca\/fr\/produit\/chaises-humanscale-liberty\/#breadcrumb\"},\"inLanguage\":\"fr-FR\",\"potentialAction\":[{\"@type\":\"ReadAction\",\"target\":[\"https:\/\/metrointeriors.ca\/fr\/produit\/chaises-humanscale-liberty\/\"]}]},{\"@type\":\"ImageObject\",\"inLanguage\":\"fr-FR\",\"@id\":\"https:\/\/metrointeriors.ca\/fr\/produit\/chaises-humanscale-liberty\/#primaryimage\",\"url\":\"https:\/\/metrointeriors.ca\/wp-content\/uploads\/2023\/02\/01_17_humanscale_liberty_1080.jpg\",\"contentUrl\":\"https:\/\/metrointeriors.ca\/wp-content\/uploads\/2023\/02\/01_17_humanscale_liberty_1080.jpg\",\"width\":1080,\"height\":1080,\"caption\":\"humanscale_liberty\"},{\"@type\":\"BreadcrumbList\",\"@id\":\"https:\/\/metrointeriors.ca\/fr\/produit\/chaises-humanscale-liberty\/#breadcrumb\",\"itemListElement\":[{\"@type\":\"ListItem\",\"position\":1,\"name\":\"Home\",\"item\":\"https:\/\/metrointeriors.ca\/fr\/\"},{\"@type\":\"ListItem\",\"position\":2,\"name\":\"Boutique\",\"item\":\"https:\/\/metrointeriors.ca\/fr\/boutique\/\"},{\"@type\":\"ListItem\",\"position\":3,\"name\":\"Liberty\"}]},{\"@type\":\"WebSite\",\"@id\":\"https:\/\/metrointeriors.ca\/#website\",\"url\":\"https:\/\/metrointeriors.ca\/\",\"name\":\"Metro Interiors\",\"description\":\"Laissez-nous vous aider \u00e0 rafra\u00eechir votre espace de travail d&#039;entreprise\",\"potentialAction\":[{\"@type\":\"SearchAction\",\"target\":{\"@type\":\"EntryPoint\",\"urlTemplate\":\"https:\/\/metrointeriors.ca\/?s={search_term_string}\"},\"query-input\":{\"@type\":\"PropertyValueSpecification\",\"valueRequired\":true,\"valueName\":\"search_term_string\"}}],\"inLanguage\":\"fr-FR\"}]}<\/script>\n<!-- \/ Yoast SEO plugin. -->","yoast_head_json":{"title":"Liberty - Metro Interiors","robots":{"index":"index","follow":"follow","max-snippet":"max-snippet:-1","max-image-preview":"max-image-preview:large","max-video-preview":"max-video-preview:-1"},"canonical":"https:\/\/metrointeriors.ca\/fr\/produit\/chaises-humanscale-liberty\/","og_locale":"fr_FR","og_type":"article","og_title":"Liberty - Metro Interiors","og_description":"Le syst\u00e8me d\u2019inclinaison intelligent sans m\u00e9canisme du Liberty fait appel aux lois de la physique et au poids de l\u2019utilisateur pour lui apporter le support dont il a besoin, et ce \u00e0 n\u2019importe quel degr\u00e9 d\u2019inclinaison.","og_url":"https:\/\/metrointeriors.ca\/fr\/produit\/chaises-humanscale-liberty\/","og_site_name":"Metro Interiors","article_modified_time":"2023-09-13T21:38:17+00:00","og_image":[{"width":1080,"height":1080,"url":"https:\/\/metrointeriors.ca\/wp-content\/uploads\/2023\/02\/01_17_humanscale_liberty_1080.jpg","type":"image\/jpeg"}],"twitter_card":"summary_large_image","twitter_misc":{"Dur\u00e9e de lecture estim\u00e9e":"1 minute"},"schema":{"@context":"https:\/\/schema.org","@graph":[{"@type":"WebPage","@id":"https:\/\/metrointeriors.ca\/fr\/produit\/chaises-humanscale-liberty\/","url":"https:\/\/metrointeriors.ca\/fr\/produit\/chaises-humanscale-liberty\/","name":"Liberty - Metro Interiors","isPartOf":{"@id":"https:\/\/metrointeriors.ca\/#website"},"primaryImageOfPage":{"@id":"https:\/\/metrointeriors.ca\/fr\/produit\/chaises-humanscale-liberty\/#primaryimage"},"image":{"@id":"https:\/\/metrointeriors.ca\/fr\/produit\/chaises-humanscale-liberty\/#primaryimage"},"thumbnailUrl":"https:\/\/metrointeriors.ca\/wp-content\/uploads\/2023\/02\/01_17_humanscale_liberty_1080.jpg","datePublished":"2023-02-21T15:59:45+00:00","dateModified":"2023-09-13T21:38:17+00:00","breadcrumb":{"@id":"https:\/\/metrointeriors.ca\/fr\/produit\/chaises-humanscale-liberty\/#breadcrumb"},"inLanguage":"fr-FR","potentialAction":[{"@type":"ReadAction","target":["https:\/\/metrointeriors.ca\/fr\/produit\/chaises-humanscale-liberty\/"]}]},{"@type":"ImageObject","inLanguage":"fr-FR","@id":"https:\/\/metrointeriors.ca\/fr\/produit\/chaises-humanscale-liberty\/#primaryimage","url":"https:\/\/metrointeriors.ca\/wp-content\/uploads\/2023\/02\/01_17_humanscale_liberty_1080.jpg","contentUrl":"https:\/\/metrointeriors.ca\/wp-content\/uploads\/2023\/02\/01_17_humanscale_liberty_1080.jpg","width":1080,"height":1080,"caption":"humanscale_liberty"},{"@type":"BreadcrumbList","@id":"https:\/\/metrointeriors.ca\/fr\/produit\/chaises-humanscale-liberty\/#breadcrumb","itemListElement":[{"@type":"ListItem","position":1,"name":"Home","item":"https:\/\/metrointeriors.ca\/fr\/"},{"@type":"ListItem","position":2,"name":"Boutique","item":"https:\/\/metrointeriors.ca\/fr\/boutique\/"},{"@type":"ListItem","position":3,"name":"Liberty"}]},{"@type":"WebSite","@id":"https:\/\/metrointeriors.ca\/#website","url":"https:\/\/metrointeriors.ca\/","name":"Metro Interiors","description":"Laissez-nous vous aider \u00e0 rafra\u00eechir votre espace de travail d&#039;entreprise","potentialAction":[{"@type":"SearchAction","target":{"@type":"EntryPoint","urlTemplate":"https:\/\/metrointeriors.ca\/?s={search_term_string}"},"query-input":{"@type":"PropertyValueSpecification","valueRequired":true,"valueName":"search_term_string"}}],"inLanguage":"fr-FR"}]}},"_links":{"self":[{"href":"https:\/\/metrointeriors.ca\/fr\/wp-json\/wp\/v2\/product\/2919","targetHints":{"allow":["GET"]}}],"collection":[{"href":"https:\/\/metrointeriors.ca\/fr\/wp-json\/wp\/v2\/product"}],"about":[{"href":"https:\/\/metrointeriors.ca\/fr\/wp-json\/wp\/v2\/types\/product"}],"replies":[{"embeddable":true,"href":"https:\/\/metrointeriors.ca\/fr\/wp-json\/wp\/v2\/comments?post=2919"}],"wp:featuredmedia":[{"embeddable":true,"href":"https:\/\/metrointeriors.ca\/fr\/wp-json\/wp\/v2\/media\/2278"}],"wp:attachment":[{"href":"https:\/\/metrointeriors.ca\/fr\/wp-json\/wp\/v2\/media?parent=2919"}],"wp:term":[{"taxonomy":"product_brand","embeddable":true,"href":"https:\/\/metrointeriors.ca\/fr\/wp-json\/wp\/v2\/product_brand?post=2919"},{"taxonomy":"product_cat","embeddable":true,"href":"https:\/\/metrointeriors.ca\/fr\/wp-json\/wp\/v2\/product_cat?post=2919"},{"taxonomy":"product_tag","embeddable":true,"href":"https:\/\/metrointeriors.ca\/fr\/wp-json\/wp\/v2\/product_tag?post=2919"}],"curies":[{"name":"wp","href":"https:\/\/api.w.org\/{rel}","templated":true}]}}