{"id":2918,"date":"2021-08-27T14:29:46","date_gmt":"2021-08-27T14:29:46","guid":{"rendered":"https:\/\/samsaragold.com\/product\/seating-humanscale-freedom-headrest\/"},"modified":"2023-09-13T21:33:28","modified_gmt":"2023-09-13T21:33:28","slug":"chaises-humanscale-freedom-headrest","status":"publish","type":"product","link":"https:\/\/metrointeriors.ca\/fr\/produit\/chaises-humanscale-freedom-headrest\/","title":{"rendered":"Freedom"},"content":{"rendered":"<p>\u00c9quip\u00e9 d\u2019un syst\u00e8me d\u2019inclinaison innovant qui supporte en permanence le poids de l\u2019utilisateur, et d\u2019un dossier pivotant qui s\u2019adapte automatiquement \u00e0 la forme de la colonne vert\u00e9brale, le si\u00e8ge Freedom offre un confort exceptionnel et favorise le mouvement tout au long de la journ\u00e9e. Il est \u00e9galement \u00e9quip\u00e9 de coussins \u00e0 la coupe \u00e9l\u00e9gante qui \u00e9pousent les courbes naturelles du corps et r\u00e9duisent les efforts de pression pour un confort absolu. \u00c0 l\u2019instar des autres si\u00e8ges de Humanscale, le Freedom a \u00e9t\u00e9 con\u00e7u pour conserver son aspect d\u2019origine et son \u00e9tat de fonctionnement, m\u00eame apr\u00e8s des ann\u00e9es d\u2019utilisation r\u00e9guli\u00e8re.<\/p>\n<p>SI\u00c8GE FREEDOM AVEC APPUI-T\u00caTE<br \/>\n<strong>design par Niels Diffrient<\/strong><\/p>\n<p>Le si\u00e8ge Freedom est dot\u00e9 d&rsquo;un appui-t\u00eate dynamique et articul\u00e9 qui soutient la t\u00eate et le cou de l\u2019utilisateur lorsqu\u2019il incline le si\u00e8ge. L\u2019appui-t\u00eate accompagne le mouvement de l\u2019utilisateur et lui permet ainsi de changer de posture sans recourir \u00e0 un r\u00e9glage manuel et de se sentir \u00e0 l\u2019aise dans n\u2019importe quelle position.<\/p>\n","protected":false},"excerpt":{"rendered":"<p>Les conceptions de Niels Diffrient s&rsquo;inscrivent dans la philosophie selon laquelle la forme suit la fonction.<\/p>\n","protected":false},"featured_media":2259,"comment_status":"closed","ping_status":"closed","template":"","meta":{"_et_pb_use_builder":"","_et_pb_old_content":"","_et_gb_content_width":""},"product_brand":[],"product_cat":[340,179],"product_tag":[347],"class_list":{"0":"post-2918","1":"product","2":"type-product","3":"status-publish","4":"has-post-thumbnail","6":"product_cat-seating-new-fr","7":"product_cat-seat-humanscale-fr","8":"product_tag-humanscale-fr","10":"first","11":"instock","12":"product-type-simple"},"yoast_head":"<!-- This site is optimized with the Yoast SEO plugin v27.0 - https:\/\/yoast.com\/product\/yoast-seo-wordpress\/ -->\n<title>Freedom - Metro Interiors<\/title>\n<meta name=\"robots\" content=\"index, follow, max-snippet:-1, max-image-preview:large, max-video-preview:-1\" \/>\n<link rel=\"canonical\" href=\"https:\/\/metrointeriors.ca\/fr\/produit\/chaises-humanscale-freedom-headrest\/\" \/>\n<meta property=\"og:locale\" content=\"fr_FR\" \/>\n<meta property=\"og:type\" content=\"article\" \/>\n<meta property=\"og:title\" content=\"Freedom - Metro Interiors\" \/>\n<meta property=\"og:description\" content=\"Les conceptions de Niels Diffrient s&#039;inscrivent dans la philosophie selon laquelle la forme suit la fonction.\" \/>\n<meta property=\"og:url\" content=\"https:\/\/metrointeriors.ca\/fr\/produit\/chaises-humanscale-freedom-headrest\/\" \/>\n<meta property=\"og:site_name\" content=\"Metro Interiors\" \/>\n<meta property=\"article:modified_time\" content=\"2023-09-13T21:33:28+00:00\" \/>\n<meta property=\"og:image\" content=\"https:\/\/metrointeriors.ca\/wp-content\/uploads\/2021\/08\/01_17_humanscale_freedom_headrest_chair_prod-1080.jpg\" \/>\n\t<meta property=\"og:image:width\" content=\"1080\" \/>\n\t<meta property=\"og:image:height\" content=\"1080\" \/>\n\t<meta property=\"og:image:type\" content=\"image\/jpeg\" \/>\n<meta name=\"twitter:card\" content=\"summary_large_image\" \/>\n<meta name=\"twitter:label1\" content=\"Dur\u00e9e de lecture estim\u00e9e\" \/>\n\t<meta name=\"twitter:data1\" content=\"1 minute\" \/>\n<script type=\"application\/ld+json\" class=\"yoast-schema-graph\">{\"@context\":\"https:\/\/schema.org\",\"@graph\":[{\"@type\":\"WebPage\",\"@id\":\"https:\/\/metrointeriors.ca\/fr\/produit\/chaises-humanscale-freedom-headrest\/\",\"url\":\"https:\/\/metrointeriors.ca\/fr\/produit\/chaises-humanscale-freedom-headrest\/\",\"name\":\"Freedom - Metro Interiors\",\"isPartOf\":{\"@id\":\"https:\/\/metrointeriors.ca\/#website\"},\"primaryImageOfPage\":{\"@id\":\"https:\/\/metrointeriors.ca\/fr\/produit\/chaises-humanscale-freedom-headrest\/#primaryimage\"},\"image\":{\"@id\":\"https:\/\/metrointeriors.ca\/fr\/produit\/chaises-humanscale-freedom-headrest\/#primaryimage\"},\"thumbnailUrl\":\"https:\/\/metrointeriors.ca\/wp-content\/uploads\/2021\/08\/01_17_humanscale_freedom_headrest_chair_prod-1080.jpg\",\"datePublished\":\"2021-08-27T14:29:46+00:00\",\"dateModified\":\"2023-09-13T21:33:28+00:00\",\"breadcrumb\":{\"@id\":\"https:\/\/metrointeriors.ca\/fr\/produit\/chaises-humanscale-freedom-headrest\/#breadcrumb\"},\"inLanguage\":\"fr-FR\",\"potentialAction\":[{\"@type\":\"ReadAction\",\"target\":[\"https:\/\/metrointeriors.ca\/fr\/produit\/chaises-humanscale-freedom-headrest\/\"]}]},{\"@type\":\"ImageObject\",\"inLanguage\":\"fr-FR\",\"@id\":\"https:\/\/metrointeriors.ca\/fr\/produit\/chaises-humanscale-freedom-headrest\/#primaryimage\",\"url\":\"https:\/\/metrointeriors.ca\/wp-content\/uploads\/2021\/08\/01_17_humanscale_freedom_headrest_chair_prod-1080.jpg\",\"contentUrl\":\"https:\/\/metrointeriors.ca\/wp-content\/uploads\/2021\/08\/01_17_humanscale_freedom_headrest_chair_prod-1080.jpg\",\"width\":1080,\"height\":1080,\"caption\":\"HUMANSCALE\"},{\"@type\":\"BreadcrumbList\",\"@id\":\"https:\/\/metrointeriors.ca\/fr\/produit\/chaises-humanscale-freedom-headrest\/#breadcrumb\",\"itemListElement\":[{\"@type\":\"ListItem\",\"position\":1,\"name\":\"Home\",\"item\":\"https:\/\/metrointeriors.ca\/fr\/\"},{\"@type\":\"ListItem\",\"position\":2,\"name\":\"Boutique\",\"item\":\"https:\/\/metrointeriors.ca\/fr\/boutique\/\"},{\"@type\":\"ListItem\",\"position\":3,\"name\":\"Freedom\"}]},{\"@type\":\"WebSite\",\"@id\":\"https:\/\/metrointeriors.ca\/#website\",\"url\":\"https:\/\/metrointeriors.ca\/\",\"name\":\"Metro Interiors\",\"description\":\"Laissez-nous vous aider \u00e0 rafra\u00eechir votre espace de travail d&#039;entreprise\",\"potentialAction\":[{\"@type\":\"SearchAction\",\"target\":{\"@type\":\"EntryPoint\",\"urlTemplate\":\"https:\/\/metrointeriors.ca\/?s={search_term_string}\"},\"query-input\":{\"@type\":\"PropertyValueSpecification\",\"valueRequired\":true,\"valueName\":\"search_term_string\"}}],\"inLanguage\":\"fr-FR\"}]}<\/script>\n<!-- \/ Yoast SEO plugin. -->","yoast_head_json":{"title":"Freedom - Metro Interiors","robots":{"index":"index","follow":"follow","max-snippet":"max-snippet:-1","max-image-preview":"max-image-preview:large","max-video-preview":"max-video-preview:-1"},"canonical":"https:\/\/metrointeriors.ca\/fr\/produit\/chaises-humanscale-freedom-headrest\/","og_locale":"fr_FR","og_type":"article","og_title":"Freedom - Metro Interiors","og_description":"Les conceptions de Niels Diffrient s'inscrivent dans la philosophie selon laquelle la forme suit la fonction.","og_url":"https:\/\/metrointeriors.ca\/fr\/produit\/chaises-humanscale-freedom-headrest\/","og_site_name":"Metro Interiors","article_modified_time":"2023-09-13T21:33:28+00:00","og_image":[{"width":1080,"height":1080,"url":"https:\/\/metrointeriors.ca\/wp-content\/uploads\/2021\/08\/01_17_humanscale_freedom_headrest_chair_prod-1080.jpg","type":"image\/jpeg"}],"twitter_card":"summary_large_image","twitter_misc":{"Dur\u00e9e de lecture estim\u00e9e":"1 minute"},"schema":{"@context":"https:\/\/schema.org","@graph":[{"@type":"WebPage","@id":"https:\/\/metrointeriors.ca\/fr\/produit\/chaises-humanscale-freedom-headrest\/","url":"https:\/\/metrointeriors.ca\/fr\/produit\/chaises-humanscale-freedom-headrest\/","name":"Freedom - Metro Interiors","isPartOf":{"@id":"https:\/\/metrointeriors.ca\/#website"},"primaryImageOfPage":{"@id":"https:\/\/metrointeriors.ca\/fr\/produit\/chaises-humanscale-freedom-headrest\/#primaryimage"},"image":{"@id":"https:\/\/metrointeriors.ca\/fr\/produit\/chaises-humanscale-freedom-headrest\/#primaryimage"},"thumbnailUrl":"https:\/\/metrointeriors.ca\/wp-content\/uploads\/2021\/08\/01_17_humanscale_freedom_headrest_chair_prod-1080.jpg","datePublished":"2021-08-27T14:29:46+00:00","dateModified":"2023-09-13T21:33:28+00:00","breadcrumb":{"@id":"https:\/\/metrointeriors.ca\/fr\/produit\/chaises-humanscale-freedom-headrest\/#breadcrumb"},"inLanguage":"fr-FR","potentialAction":[{"@type":"ReadAction","target":["https:\/\/metrointeriors.ca\/fr\/produit\/chaises-humanscale-freedom-headrest\/"]}]},{"@type":"ImageObject","inLanguage":"fr-FR","@id":"https:\/\/metrointeriors.ca\/fr\/produit\/chaises-humanscale-freedom-headrest\/#primaryimage","url":"https:\/\/metrointeriors.ca\/wp-content\/uploads\/2021\/08\/01_17_humanscale_freedom_headrest_chair_prod-1080.jpg","contentUrl":"https:\/\/metrointeriors.ca\/wp-content\/uploads\/2021\/08\/01_17_humanscale_freedom_headrest_chair_prod-1080.jpg","width":1080,"height":1080,"caption":"HUMANSCALE"},{"@type":"BreadcrumbList","@id":"https:\/\/metrointeriors.ca\/fr\/produit\/chaises-humanscale-freedom-headrest\/#breadcrumb","itemListElement":[{"@type":"ListItem","position":1,"name":"Home","item":"https:\/\/metrointeriors.ca\/fr\/"},{"@type":"ListItem","position":2,"name":"Boutique","item":"https:\/\/metrointeriors.ca\/fr\/boutique\/"},{"@type":"ListItem","position":3,"name":"Freedom"}]},{"@type":"WebSite","@id":"https:\/\/metrointeriors.ca\/#website","url":"https:\/\/metrointeriors.ca\/","name":"Metro Interiors","description":"Laissez-nous vous aider \u00e0 rafra\u00eechir votre espace de travail d&#039;entreprise","potentialAction":[{"@type":"SearchAction","target":{"@type":"EntryPoint","urlTemplate":"https:\/\/metrointeriors.ca\/?s={search_term_string}"},"query-input":{"@type":"PropertyValueSpecification","valueRequired":true,"valueName":"search_term_string"}}],"inLanguage":"fr-FR"}]}},"_links":{"self":[{"href":"https:\/\/metrointeriors.ca\/fr\/wp-json\/wp\/v2\/product\/2918","targetHints":{"allow":["GET"]}}],"collection":[{"href":"https:\/\/metrointeriors.ca\/fr\/wp-json\/wp\/v2\/product"}],"about":[{"href":"https:\/\/metrointeriors.ca\/fr\/wp-json\/wp\/v2\/types\/product"}],"replies":[{"embeddable":true,"href":"https:\/\/metrointeriors.ca\/fr\/wp-json\/wp\/v2\/comments?post=2918"}],"wp:featuredmedia":[{"embeddable":true,"href":"https:\/\/metrointeriors.ca\/fr\/wp-json\/wp\/v2\/media\/2259"}],"wp:attachment":[{"href":"https:\/\/metrointeriors.ca\/fr\/wp-json\/wp\/v2\/media?parent=2918"}],"wp:term":[{"taxonomy":"product_brand","embeddable":true,"href":"https:\/\/metrointeriors.ca\/fr\/wp-json\/wp\/v2\/product_brand?post=2918"},{"taxonomy":"product_cat","embeddable":true,"href":"https:\/\/metrointeriors.ca\/fr\/wp-json\/wp\/v2\/product_cat?post=2918"},{"taxonomy":"product_tag","embeddable":true,"href":"https:\/\/metrointeriors.ca\/fr\/wp-json\/wp\/v2\/product_tag?post=2918"}],"curies":[{"name":"wp","href":"https:\/\/api.w.org\/{rel}","templated":true}]}}