{"id":2916,"date":"2021-08-27T14:30:32","date_gmt":"2021-08-27T14:30:32","guid":{"rendered":"https:\/\/samsaragold.com\/product\/seating-groupe-lacasse-upswing\/"},"modified":"2023-09-13T21:24:26","modified_gmt":"2023-09-13T21:24:26","slug":"chaises-groupe-lacasse-upswing","status":"publish","type":"product","link":"https:\/\/metrointeriors.ca\/fr\/produit\/chaises-groupe-lacasse-upswing\/","title":{"rendered":"Upswing"},"content":{"rendered":"<p>Upswing a un objectif en t\u00eate\u00a0: apporter une touche unique \u00e0 l\u2019environnement de travail tout en s\u2019adaptant aux r\u00e9alit\u00e9s des espaces de travail ergonomiques d\u2019aujourd\u2019hui. Offrant un confort exceptionnel \u00e0 une valeur in\u00e9gal\u00e9e, Upswing est la solution parfaite pour tous vos besoins en mati\u00e8re de si\u00e8ges de travail, de conf\u00e9rence ou de tabouret.<\/p>\n","protected":false},"excerpt":{"rendered":"<p>UNITED CHAIR<br \/>\nLa prochaine \u00e9tape d&rsquo;une valeur in\u00e9gal\u00e9e dans les solutions de si\u00e8ges de bureau\u00a0!<\/p>\n","protected":false},"featured_media":2249,"comment_status":"closed","ping_status":"closed","template":"","meta":{"_et_pb_use_builder":"","_et_pb_old_content":"","_et_gb_content_width":""},"product_brand":[],"product_cat":[340,178],"product_tag":[346],"class_list":{"0":"post-2916","1":"product","2":"type-product","3":"status-publish","4":"has-post-thumbnail","6":"product_cat-seating-new-fr","7":"product_cat-seat-groupe-lacasse-fr","8":"product_tag-upswing-fr","10":"first","11":"instock","12":"product-type-simple"},"yoast_head":"<!-- This site is optimized with the Yoast SEO plugin v27.0 - https:\/\/yoast.com\/product\/yoast-seo-wordpress\/ -->\n<title>Upswing - Metro Interiors<\/title>\n<meta name=\"robots\" content=\"index, follow, max-snippet:-1, max-image-preview:large, max-video-preview:-1\" \/>\n<link rel=\"canonical\" href=\"https:\/\/metrointeriors.ca\/fr\/produit\/chaises-groupe-lacasse-upswing\/\" \/>\n<meta property=\"og:locale\" content=\"fr_FR\" \/>\n<meta property=\"og:type\" content=\"article\" \/>\n<meta property=\"og:title\" content=\"Upswing - Metro Interiors\" \/>\n<meta property=\"og:description\" content=\"UNITED CHAIR La prochaine \u00e9tape d&#039;une valeur in\u00e9gal\u00e9e dans les solutions de si\u00e8ges de bureau\u00a0!\" \/>\n<meta property=\"og:url\" content=\"https:\/\/metrointeriors.ca\/fr\/produit\/chaises-groupe-lacasse-upswing\/\" \/>\n<meta property=\"og:site_name\" content=\"Metro Interiors\" \/>\n<meta property=\"article:modified_time\" content=\"2023-09-13T21:24:26+00:00\" \/>\n<meta property=\"og:image\" content=\"https:\/\/metrointeriors.ca\/wp-content\/uploads\/2021\/08\/02_DF_ZIRA_DES_YGV3_ACCORD_A42E_Chair_1080SQ-2.jpg\" \/>\n\t<meta property=\"og:image:width\" content=\"1080\" \/>\n\t<meta property=\"og:image:height\" content=\"1080\" \/>\n\t<meta property=\"og:image:type\" content=\"image\/jpeg\" \/>\n<meta name=\"twitter:card\" content=\"summary_large_image\" \/>\n<script type=\"application\/ld+json\" class=\"yoast-schema-graph\">{\"@context\":\"https:\/\/schema.org\",\"@graph\":[{\"@type\":\"WebPage\",\"@id\":\"https:\/\/metrointeriors.ca\/fr\/produit\/chaises-groupe-lacasse-upswing\/\",\"url\":\"https:\/\/metrointeriors.ca\/fr\/produit\/chaises-groupe-lacasse-upswing\/\",\"name\":\"Upswing - Metro Interiors\",\"isPartOf\":{\"@id\":\"https:\/\/metrointeriors.ca\/#website\"},\"primaryImageOfPage\":{\"@id\":\"https:\/\/metrointeriors.ca\/fr\/produit\/chaises-groupe-lacasse-upswing\/#primaryimage\"},\"image\":{\"@id\":\"https:\/\/metrointeriors.ca\/fr\/produit\/chaises-groupe-lacasse-upswing\/#primaryimage\"},\"thumbnailUrl\":\"https:\/\/metrointeriors.ca\/wp-content\/uploads\/2021\/08\/02_DF_ZIRA_DES_YGV3_ACCORD_A42E_Chair_1080SQ-2.jpg\",\"datePublished\":\"2021-08-27T14:30:32+00:00\",\"dateModified\":\"2023-09-13T21:24:26+00:00\",\"breadcrumb\":{\"@id\":\"https:\/\/metrointeriors.ca\/fr\/produit\/chaises-groupe-lacasse-upswing\/#breadcrumb\"},\"inLanguage\":\"fr-FR\",\"potentialAction\":[{\"@type\":\"ReadAction\",\"target\":[\"https:\/\/metrointeriors.ca\/fr\/produit\/chaises-groupe-lacasse-upswing\/\"]}]},{\"@type\":\"ImageObject\",\"inLanguage\":\"fr-FR\",\"@id\":\"https:\/\/metrointeriors.ca\/fr\/produit\/chaises-groupe-lacasse-upswing\/#primaryimage\",\"url\":\"https:\/\/metrointeriors.ca\/wp-content\/uploads\/2021\/08\/02_DF_ZIRA_DES_YGV3_ACCORD_A42E_Chair_1080SQ-2.jpg\",\"contentUrl\":\"https:\/\/metrointeriors.ca\/wp-content\/uploads\/2021\/08\/02_DF_ZIRA_DES_YGV3_ACCORD_A42E_Chair_1080SQ-2.jpg\",\"width\":1080,\"height\":1080,\"caption\":\"Upswing\"},{\"@type\":\"BreadcrumbList\",\"@id\":\"https:\/\/metrointeriors.ca\/fr\/produit\/chaises-groupe-lacasse-upswing\/#breadcrumb\",\"itemListElement\":[{\"@type\":\"ListItem\",\"position\":1,\"name\":\"Home\",\"item\":\"https:\/\/metrointeriors.ca\/fr\/\"},{\"@type\":\"ListItem\",\"position\":2,\"name\":\"Boutique\",\"item\":\"https:\/\/metrointeriors.ca\/fr\/boutique\/\"},{\"@type\":\"ListItem\",\"position\":3,\"name\":\"Upswing\"}]},{\"@type\":\"WebSite\",\"@id\":\"https:\/\/metrointeriors.ca\/#website\",\"url\":\"https:\/\/metrointeriors.ca\/\",\"name\":\"Metro Interiors\",\"description\":\"Laissez-nous vous aider \u00e0 rafra\u00eechir votre espace de travail d&#039;entreprise\",\"potentialAction\":[{\"@type\":\"SearchAction\",\"target\":{\"@type\":\"EntryPoint\",\"urlTemplate\":\"https:\/\/metrointeriors.ca\/?s={search_term_string}\"},\"query-input\":{\"@type\":\"PropertyValueSpecification\",\"valueRequired\":true,\"valueName\":\"search_term_string\"}}],\"inLanguage\":\"fr-FR\"}]}<\/script>\n<!-- \/ Yoast SEO plugin. -->","yoast_head_json":{"title":"Upswing - Metro Interiors","robots":{"index":"index","follow":"follow","max-snippet":"max-snippet:-1","max-image-preview":"max-image-preview:large","max-video-preview":"max-video-preview:-1"},"canonical":"https:\/\/metrointeriors.ca\/fr\/produit\/chaises-groupe-lacasse-upswing\/","og_locale":"fr_FR","og_type":"article","og_title":"Upswing - Metro Interiors","og_description":"UNITED CHAIR La prochaine \u00e9tape d'une valeur in\u00e9gal\u00e9e dans les solutions de si\u00e8ges de bureau\u00a0!","og_url":"https:\/\/metrointeriors.ca\/fr\/produit\/chaises-groupe-lacasse-upswing\/","og_site_name":"Metro Interiors","article_modified_time":"2023-09-13T21:24:26+00:00","og_image":[{"width":1080,"height":1080,"url":"https:\/\/metrointeriors.ca\/wp-content\/uploads\/2021\/08\/02_DF_ZIRA_DES_YGV3_ACCORD_A42E_Chair_1080SQ-2.jpg","type":"image\/jpeg"}],"twitter_card":"summary_large_image","schema":{"@context":"https:\/\/schema.org","@graph":[{"@type":"WebPage","@id":"https:\/\/metrointeriors.ca\/fr\/produit\/chaises-groupe-lacasse-upswing\/","url":"https:\/\/metrointeriors.ca\/fr\/produit\/chaises-groupe-lacasse-upswing\/","name":"Upswing - Metro Interiors","isPartOf":{"@id":"https:\/\/metrointeriors.ca\/#website"},"primaryImageOfPage":{"@id":"https:\/\/metrointeriors.ca\/fr\/produit\/chaises-groupe-lacasse-upswing\/#primaryimage"},"image":{"@id":"https:\/\/metrointeriors.ca\/fr\/produit\/chaises-groupe-lacasse-upswing\/#primaryimage"},"thumbnailUrl":"https:\/\/metrointeriors.ca\/wp-content\/uploads\/2021\/08\/02_DF_ZIRA_DES_YGV3_ACCORD_A42E_Chair_1080SQ-2.jpg","datePublished":"2021-08-27T14:30:32+00:00","dateModified":"2023-09-13T21:24:26+00:00","breadcrumb":{"@id":"https:\/\/metrointeriors.ca\/fr\/produit\/chaises-groupe-lacasse-upswing\/#breadcrumb"},"inLanguage":"fr-FR","potentialAction":[{"@type":"ReadAction","target":["https:\/\/metrointeriors.ca\/fr\/produit\/chaises-groupe-lacasse-upswing\/"]}]},{"@type":"ImageObject","inLanguage":"fr-FR","@id":"https:\/\/metrointeriors.ca\/fr\/produit\/chaises-groupe-lacasse-upswing\/#primaryimage","url":"https:\/\/metrointeriors.ca\/wp-content\/uploads\/2021\/08\/02_DF_ZIRA_DES_YGV3_ACCORD_A42E_Chair_1080SQ-2.jpg","contentUrl":"https:\/\/metrointeriors.ca\/wp-content\/uploads\/2021\/08\/02_DF_ZIRA_DES_YGV3_ACCORD_A42E_Chair_1080SQ-2.jpg","width":1080,"height":1080,"caption":"Upswing"},{"@type":"BreadcrumbList","@id":"https:\/\/metrointeriors.ca\/fr\/produit\/chaises-groupe-lacasse-upswing\/#breadcrumb","itemListElement":[{"@type":"ListItem","position":1,"name":"Home","item":"https:\/\/metrointeriors.ca\/fr\/"},{"@type":"ListItem","position":2,"name":"Boutique","item":"https:\/\/metrointeriors.ca\/fr\/boutique\/"},{"@type":"ListItem","position":3,"name":"Upswing"}]},{"@type":"WebSite","@id":"https:\/\/metrointeriors.ca\/#website","url":"https:\/\/metrointeriors.ca\/","name":"Metro Interiors","description":"Laissez-nous vous aider \u00e0 rafra\u00eechir votre espace de travail d&#039;entreprise","potentialAction":[{"@type":"SearchAction","target":{"@type":"EntryPoint","urlTemplate":"https:\/\/metrointeriors.ca\/?s={search_term_string}"},"query-input":{"@type":"PropertyValueSpecification","valueRequired":true,"valueName":"search_term_string"}}],"inLanguage":"fr-FR"}]}},"_links":{"self":[{"href":"https:\/\/metrointeriors.ca\/fr\/wp-json\/wp\/v2\/product\/2916","targetHints":{"allow":["GET"]}}],"collection":[{"href":"https:\/\/metrointeriors.ca\/fr\/wp-json\/wp\/v2\/product"}],"about":[{"href":"https:\/\/metrointeriors.ca\/fr\/wp-json\/wp\/v2\/types\/product"}],"replies":[{"embeddable":true,"href":"https:\/\/metrointeriors.ca\/fr\/wp-json\/wp\/v2\/comments?post=2916"}],"wp:featuredmedia":[{"embeddable":true,"href":"https:\/\/metrointeriors.ca\/fr\/wp-json\/wp\/v2\/media\/2249"}],"wp:attachment":[{"href":"https:\/\/metrointeriors.ca\/fr\/wp-json\/wp\/v2\/media?parent=2916"}],"wp:term":[{"taxonomy":"product_brand","embeddable":true,"href":"https:\/\/metrointeriors.ca\/fr\/wp-json\/wp\/v2\/product_brand?post=2916"},{"taxonomy":"product_cat","embeddable":true,"href":"https:\/\/metrointeriors.ca\/fr\/wp-json\/wp\/v2\/product_cat?post=2916"},{"taxonomy":"product_tag","embeddable":true,"href":"https:\/\/metrointeriors.ca\/fr\/wp-json\/wp\/v2\/product_tag?post=2916"}],"curies":[{"name":"wp","href":"https:\/\/api.w.org\/{rel}","templated":true}]}}