{"id":2912,"date":"2021-08-27T14:30:32","date_gmt":"2021-08-27T14:30:32","guid":{"rendered":"https:\/\/samsaragold.com\/product\/seating-groupe-lacasse-atto\/"},"modified":"2023-09-13T19:20:55","modified_gmt":"2023-09-13T19:20:55","slug":"chaises-groupe-lacasse-atto","status":"publish","type":"product","link":"https:\/\/metrointeriors.ca\/fr\/produit\/chaises-groupe-lacasse-atto\/","title":{"rendered":"Atto"},"content":{"rendered":"<p>Il poss\u00e8de un panneau arri\u00e8re enti\u00e8rement rembourr\u00e9, un si\u00e8ge de style cascade et des accoudoirs en chrome poli avec coussinets en polyur\u00e9thane. Il est disponible dans une vari\u00e9t\u00e9 de styles de rev\u00eatement et est \u00e9galement disponible avec des hauteurs de dossier hautes ou moyennes.<\/p>\n","protected":false},"excerpt":{"rendered":"<p>UNITED CHAIR<br \/>\n\u00c9l\u00e9gance moderne : cette chaise de conf\u00e9rence est parfaite pour les environnements dynamiques et au rythme rapide.<\/p>\n","protected":false},"featured_media":2242,"comment_status":"closed","ping_status":"closed","template":"","meta":{"_et_pb_use_builder":"off","_et_pb_old_content":"It has a fully upholstered back panel, a waterfall-style seat and Polished Chrome armrests with polyurethane pads. It is available in a variety of upholstery styles and also comes in high or medium back heights.","_et_gb_content_width":""},"product_brand":[],"product_cat":[340,178],"product_tag":[345],"class_list":{"0":"post-2912","1":"product","2":"type-product","3":"status-publish","4":"has-post-thumbnail","6":"product_cat-seating-new-fr","7":"product_cat-seat-groupe-lacasse-fr","8":"product_tag-atto-fr","10":"first","11":"instock","12":"product-type-simple"},"yoast_head":"<!-- This site is optimized with the Yoast SEO plugin v27.0 - https:\/\/yoast.com\/product\/yoast-seo-wordpress\/ -->\n<title>Atto - Metro Interiors<\/title>\n<meta name=\"robots\" content=\"index, follow, max-snippet:-1, max-image-preview:large, max-video-preview:-1\" \/>\n<link rel=\"canonical\" href=\"https:\/\/metrointeriors.ca\/fr\/produit\/chaises-groupe-lacasse-atto\/\" \/>\n<meta property=\"og:locale\" content=\"fr_FR\" \/>\n<meta property=\"og:type\" content=\"article\" \/>\n<meta property=\"og:title\" content=\"Atto - Metro Interiors\" \/>\n<meta property=\"og:description\" content=\"UNITED CHAIR \u00c9l\u00e9gance moderne : cette chaise de conf\u00e9rence est parfaite pour les environnements dynamiques et au rythme rapide.\" \/>\n<meta property=\"og:url\" content=\"https:\/\/metrointeriors.ca\/fr\/produit\/chaises-groupe-lacasse-atto\/\" \/>\n<meta property=\"og:site_name\" content=\"Metro Interiors\" \/>\n<meta property=\"article:modified_time\" content=\"2023-09-13T19:20:55+00:00\" \/>\n<meta property=\"og:image\" content=\"https:\/\/metrointeriors.ca\/wp-content\/uploads\/2021\/08\/02_DF_ZIRA_DES_YGV3_ACCORD_A42E_Chair_1080SQ-1.jpg\" \/>\n\t<meta property=\"og:image:width\" content=\"1080\" \/>\n\t<meta property=\"og:image:height\" content=\"1080\" \/>\n\t<meta property=\"og:image:type\" content=\"image\/jpeg\" \/>\n<meta name=\"twitter:card\" content=\"summary_large_image\" \/>\n<script type=\"application\/ld+json\" class=\"yoast-schema-graph\">{\"@context\":\"https:\/\/schema.org\",\"@graph\":[{\"@type\":\"WebPage\",\"@id\":\"https:\/\/metrointeriors.ca\/fr\/produit\/chaises-groupe-lacasse-atto\/\",\"url\":\"https:\/\/metrointeriors.ca\/fr\/produit\/chaises-groupe-lacasse-atto\/\",\"name\":\"Atto - Metro Interiors\",\"isPartOf\":{\"@id\":\"https:\/\/metrointeriors.ca\/#website\"},\"primaryImageOfPage\":{\"@id\":\"https:\/\/metrointeriors.ca\/fr\/produit\/chaises-groupe-lacasse-atto\/#primaryimage\"},\"image\":{\"@id\":\"https:\/\/metrointeriors.ca\/fr\/produit\/chaises-groupe-lacasse-atto\/#primaryimage\"},\"thumbnailUrl\":\"https:\/\/metrointeriors.ca\/wp-content\/uploads\/2021\/08\/02_DF_ZIRA_DES_YGV3_ACCORD_A42E_Chair_1080SQ-1.jpg\",\"datePublished\":\"2021-08-27T14:30:32+00:00\",\"dateModified\":\"2023-09-13T19:20:55+00:00\",\"breadcrumb\":{\"@id\":\"https:\/\/metrointeriors.ca\/fr\/produit\/chaises-groupe-lacasse-atto\/#breadcrumb\"},\"inLanguage\":\"fr-FR\",\"potentialAction\":[{\"@type\":\"ReadAction\",\"target\":[\"https:\/\/metrointeriors.ca\/fr\/produit\/chaises-groupe-lacasse-atto\/\"]}]},{\"@type\":\"ImageObject\",\"inLanguage\":\"fr-FR\",\"@id\":\"https:\/\/metrointeriors.ca\/fr\/produit\/chaises-groupe-lacasse-atto\/#primaryimage\",\"url\":\"https:\/\/metrointeriors.ca\/wp-content\/uploads\/2021\/08\/02_DF_ZIRA_DES_YGV3_ACCORD_A42E_Chair_1080SQ-1.jpg\",\"contentUrl\":\"https:\/\/metrointeriors.ca\/wp-content\/uploads\/2021\/08\/02_DF_ZIRA_DES_YGV3_ACCORD_A42E_Chair_1080SQ-1.jpg\",\"width\":1080,\"height\":1080,\"caption\":\"Atto\"},{\"@type\":\"BreadcrumbList\",\"@id\":\"https:\/\/metrointeriors.ca\/fr\/produit\/chaises-groupe-lacasse-atto\/#breadcrumb\",\"itemListElement\":[{\"@type\":\"ListItem\",\"position\":1,\"name\":\"Home\",\"item\":\"https:\/\/metrointeriors.ca\/fr\/\"},{\"@type\":\"ListItem\",\"position\":2,\"name\":\"Boutique\",\"item\":\"https:\/\/metrointeriors.ca\/fr\/boutique\/\"},{\"@type\":\"ListItem\",\"position\":3,\"name\":\"Atto\"}]},{\"@type\":\"WebSite\",\"@id\":\"https:\/\/metrointeriors.ca\/#website\",\"url\":\"https:\/\/metrointeriors.ca\/\",\"name\":\"Metro Interiors\",\"description\":\"Laissez-nous vous aider \u00e0 rafra\u00eechir votre espace de travail d&#039;entreprise\",\"potentialAction\":[{\"@type\":\"SearchAction\",\"target\":{\"@type\":\"EntryPoint\",\"urlTemplate\":\"https:\/\/metrointeriors.ca\/?s={search_term_string}\"},\"query-input\":{\"@type\":\"PropertyValueSpecification\",\"valueRequired\":true,\"valueName\":\"search_term_string\"}}],\"inLanguage\":\"fr-FR\"}]}<\/script>\n<!-- \/ Yoast SEO plugin. -->","yoast_head_json":{"title":"Atto - Metro Interiors","robots":{"index":"index","follow":"follow","max-snippet":"max-snippet:-1","max-image-preview":"max-image-preview:large","max-video-preview":"max-video-preview:-1"},"canonical":"https:\/\/metrointeriors.ca\/fr\/produit\/chaises-groupe-lacasse-atto\/","og_locale":"fr_FR","og_type":"article","og_title":"Atto - Metro Interiors","og_description":"UNITED CHAIR \u00c9l\u00e9gance moderne : cette chaise de conf\u00e9rence est parfaite pour les environnements dynamiques et au rythme rapide.","og_url":"https:\/\/metrointeriors.ca\/fr\/produit\/chaises-groupe-lacasse-atto\/","og_site_name":"Metro Interiors","article_modified_time":"2023-09-13T19:20:55+00:00","og_image":[{"width":1080,"height":1080,"url":"https:\/\/metrointeriors.ca\/wp-content\/uploads\/2021\/08\/02_DF_ZIRA_DES_YGV3_ACCORD_A42E_Chair_1080SQ-1.jpg","type":"image\/jpeg"}],"twitter_card":"summary_large_image","schema":{"@context":"https:\/\/schema.org","@graph":[{"@type":"WebPage","@id":"https:\/\/metrointeriors.ca\/fr\/produit\/chaises-groupe-lacasse-atto\/","url":"https:\/\/metrointeriors.ca\/fr\/produit\/chaises-groupe-lacasse-atto\/","name":"Atto - Metro Interiors","isPartOf":{"@id":"https:\/\/metrointeriors.ca\/#website"},"primaryImageOfPage":{"@id":"https:\/\/metrointeriors.ca\/fr\/produit\/chaises-groupe-lacasse-atto\/#primaryimage"},"image":{"@id":"https:\/\/metrointeriors.ca\/fr\/produit\/chaises-groupe-lacasse-atto\/#primaryimage"},"thumbnailUrl":"https:\/\/metrointeriors.ca\/wp-content\/uploads\/2021\/08\/02_DF_ZIRA_DES_YGV3_ACCORD_A42E_Chair_1080SQ-1.jpg","datePublished":"2021-08-27T14:30:32+00:00","dateModified":"2023-09-13T19:20:55+00:00","breadcrumb":{"@id":"https:\/\/metrointeriors.ca\/fr\/produit\/chaises-groupe-lacasse-atto\/#breadcrumb"},"inLanguage":"fr-FR","potentialAction":[{"@type":"ReadAction","target":["https:\/\/metrointeriors.ca\/fr\/produit\/chaises-groupe-lacasse-atto\/"]}]},{"@type":"ImageObject","inLanguage":"fr-FR","@id":"https:\/\/metrointeriors.ca\/fr\/produit\/chaises-groupe-lacasse-atto\/#primaryimage","url":"https:\/\/metrointeriors.ca\/wp-content\/uploads\/2021\/08\/02_DF_ZIRA_DES_YGV3_ACCORD_A42E_Chair_1080SQ-1.jpg","contentUrl":"https:\/\/metrointeriors.ca\/wp-content\/uploads\/2021\/08\/02_DF_ZIRA_DES_YGV3_ACCORD_A42E_Chair_1080SQ-1.jpg","width":1080,"height":1080,"caption":"Atto"},{"@type":"BreadcrumbList","@id":"https:\/\/metrointeriors.ca\/fr\/produit\/chaises-groupe-lacasse-atto\/#breadcrumb","itemListElement":[{"@type":"ListItem","position":1,"name":"Home","item":"https:\/\/metrointeriors.ca\/fr\/"},{"@type":"ListItem","position":2,"name":"Boutique","item":"https:\/\/metrointeriors.ca\/fr\/boutique\/"},{"@type":"ListItem","position":3,"name":"Atto"}]},{"@type":"WebSite","@id":"https:\/\/metrointeriors.ca\/#website","url":"https:\/\/metrointeriors.ca\/","name":"Metro Interiors","description":"Laissez-nous vous aider \u00e0 rafra\u00eechir votre espace de travail d&#039;entreprise","potentialAction":[{"@type":"SearchAction","target":{"@type":"EntryPoint","urlTemplate":"https:\/\/metrointeriors.ca\/?s={search_term_string}"},"query-input":{"@type":"PropertyValueSpecification","valueRequired":true,"valueName":"search_term_string"}}],"inLanguage":"fr-FR"}]}},"_links":{"self":[{"href":"https:\/\/metrointeriors.ca\/fr\/wp-json\/wp\/v2\/product\/2912","targetHints":{"allow":["GET"]}}],"collection":[{"href":"https:\/\/metrointeriors.ca\/fr\/wp-json\/wp\/v2\/product"}],"about":[{"href":"https:\/\/metrointeriors.ca\/fr\/wp-json\/wp\/v2\/types\/product"}],"replies":[{"embeddable":true,"href":"https:\/\/metrointeriors.ca\/fr\/wp-json\/wp\/v2\/comments?post=2912"}],"wp:featuredmedia":[{"embeddable":true,"href":"https:\/\/metrointeriors.ca\/fr\/wp-json\/wp\/v2\/media\/2242"}],"wp:attachment":[{"href":"https:\/\/metrointeriors.ca\/fr\/wp-json\/wp\/v2\/media?parent=2912"}],"wp:term":[{"taxonomy":"product_brand","embeddable":true,"href":"https:\/\/metrointeriors.ca\/fr\/wp-json\/wp\/v2\/product_brand?post=2912"},{"taxonomy":"product_cat","embeddable":true,"href":"https:\/\/metrointeriors.ca\/fr\/wp-json\/wp\/v2\/product_cat?post=2912"},{"taxonomy":"product_tag","embeddable":true,"href":"https:\/\/metrointeriors.ca\/fr\/wp-json\/wp\/v2\/product_tag?post=2912"}],"curies":[{"name":"wp","href":"https:\/\/api.w.org\/{rel}","templated":true}]}}