{"id":2887,"date":"2023-02-21T19:24:32","date_gmt":"2023-02-21T19:24:32","guid":{"rendered":"https:\/\/samsaragold.com\/product\/sitstand-workspace48-agile\/"},"modified":"2023-08-24T18:11:02","modified_gmt":"2023-08-24T18:11:02","slug":"postes-de-travail-assis-debout-workspace48-agile","status":"publish","type":"product","link":"https:\/\/metrointeriors.ca\/fr\/produit\/postes-de-travail-assis-debout-workspace48-agile\/","title":{"rendered":"Agile"},"content":{"rendered":"<p>Passez au niveau sup\u00e9rieur gr\u00e2ce \u00e0 un r\u00e9glage assis\/debout d&rsquo;une simple pression sur un interrupteur et permet \u00e0 votre espace de travail de bureau de s&rsquo;adapter \u00e0 plusieurs utilisateurs.<\/p>\n<h3 class=\"panel-title\">Caract\u00e9ristiques standards<\/h3>\n<p>Protection contre les surcharges<br \/>\n\u00c9cran \u00e9lectronique affichant la hauteur exacte avec 4 r\u00e9glages de hauteur pr\u00e9d\u00e9finis<br \/>\nSupport \u00e0 double rail pour plus de stabilit\u00e9 et de solidit\u00e9<br \/>\nPied de base large et niveleur pour le r\u00e9glage<br \/>\nPlage de hauteur\u00a0: 27\u2033 \u2013 44,5\u2033<br \/>\nCapacit\u00e9 de charge : 225 lb.<br \/>\nVitesse de r\u00e9glage de la hauteur : 1\u2033\/seconde<br \/>\nPoids brut : 80 livres.<br \/>\nGarantie : cadre \u2013 10 ans ; moteur 5 ans<\/p>\n","protected":false},"excerpt":{"rendered":"<p>Se tenir debout au travail est plus qu\u2019une simple tendance, c\u2019est aussi une option plus saine.<\/p>\n","protected":false},"featured_media":2379,"comment_status":"closed","ping_status":"closed","template":"","meta":{"_et_pb_use_builder":"off","_et_pb_old_content":"FreeFit\u2122\u00a0height adjustable tables allow you to incorporate healthy movement into your workday. Move freely from sitting to standing to support the task at hand. FreeFit has a \u201cwhisper quiet\u201d sound insulation option that makes adjustments as quiet as a library. The table can be used individually or in conjunction with Global desks.","_et_gb_content_width":""},"product_brand":[],"product_cat":[184,331],"product_tag":[332,333],"class_list":{"0":"post-2887","1":"product","2":"type-product","3":"status-publish","4":"has-post-thumbnail","6":"product_cat-assis-debout","7":"product_cat-workspace48-sitstand-fr","8":"product_tag-agile-fr","9":"product_tag-agile-shared-electric-fr","11":"first","12":"instock","13":"featured","14":"product-type-simple"},"yoast_head":"<!-- This site is optimized with the Yoast SEO plugin v27.0 - https:\/\/yoast.com\/product\/yoast-seo-wordpress\/ -->\n<title>Agile - Metro Interiors<\/title>\n<meta name=\"robots\" content=\"index, follow, max-snippet:-1, max-image-preview:large, max-video-preview:-1\" \/>\n<link rel=\"canonical\" href=\"https:\/\/metrointeriors.ca\/fr\/produit\/postes-de-travail-assis-debout-workspace48-agile\/\" \/>\n<meta property=\"og:locale\" content=\"fr_FR\" \/>\n<meta property=\"og:type\" content=\"article\" \/>\n<meta property=\"og:title\" content=\"Agile - Metro Interiors\" \/>\n<meta property=\"og:description\" content=\"Se tenir debout au travail est plus qu\u2019une simple tendance, c\u2019est aussi une option plus saine.\" \/>\n<meta property=\"og:url\" content=\"https:\/\/metrointeriors.ca\/fr\/produit\/postes-de-travail-assis-debout-workspace48-agile\/\" \/>\n<meta property=\"og:site_name\" content=\"Metro Interiors\" \/>\n<meta property=\"article:modified_time\" content=\"2023-08-24T18:11:02+00:00\" \/>\n<meta property=\"og:image\" content=\"https:\/\/metrointeriors.ca\/wp-content\/uploads\/2023\/02\/01_Agile-Shared-Electric-2stg-White-1080.jpg\" \/>\n\t<meta property=\"og:image:width\" content=\"1080\" \/>\n\t<meta property=\"og:image:height\" content=\"1080\" \/>\n\t<meta property=\"og:image:type\" content=\"image\/jpeg\" \/>\n<meta name=\"twitter:card\" content=\"summary_large_image\" \/>\n<script type=\"application\/ld+json\" class=\"yoast-schema-graph\">{\"@context\":\"https:\/\/schema.org\",\"@graph\":[{\"@type\":\"WebPage\",\"@id\":\"https:\/\/metrointeriors.ca\/fr\/produit\/postes-de-travail-assis-debout-workspace48-agile\/\",\"url\":\"https:\/\/metrointeriors.ca\/fr\/produit\/postes-de-travail-assis-debout-workspace48-agile\/\",\"name\":\"Agile - Metro Interiors\",\"isPartOf\":{\"@id\":\"https:\/\/metrointeriors.ca\/#website\"},\"primaryImageOfPage\":{\"@id\":\"https:\/\/metrointeriors.ca\/fr\/produit\/postes-de-travail-assis-debout-workspace48-agile\/#primaryimage\"},\"image\":{\"@id\":\"https:\/\/metrointeriors.ca\/fr\/produit\/postes-de-travail-assis-debout-workspace48-agile\/#primaryimage\"},\"thumbnailUrl\":\"https:\/\/metrointeriors.ca\/wp-content\/uploads\/2023\/02\/01_Agile-Shared-Electric-2stg-White-1080.jpg\",\"datePublished\":\"2023-02-21T19:24:32+00:00\",\"dateModified\":\"2023-08-24T18:11:02+00:00\",\"breadcrumb\":{\"@id\":\"https:\/\/metrointeriors.ca\/fr\/produit\/postes-de-travail-assis-debout-workspace48-agile\/#breadcrumb\"},\"inLanguage\":\"fr-FR\",\"potentialAction\":[{\"@type\":\"ReadAction\",\"target\":[\"https:\/\/metrointeriors.ca\/fr\/produit\/postes-de-travail-assis-debout-workspace48-agile\/\"]}]},{\"@type\":\"ImageObject\",\"inLanguage\":\"fr-FR\",\"@id\":\"https:\/\/metrointeriors.ca\/fr\/produit\/postes-de-travail-assis-debout-workspace48-agile\/#primaryimage\",\"url\":\"https:\/\/metrointeriors.ca\/wp-content\/uploads\/2023\/02\/01_Agile-Shared-Electric-2stg-White-1080.jpg\",\"contentUrl\":\"https:\/\/metrointeriors.ca\/wp-content\/uploads\/2023\/02\/01_Agile-Shared-Electric-2stg-White-1080.jpg\",\"width\":1080,\"height\":1080,\"caption\":\"Agile-Shared-Electric\"},{\"@type\":\"BreadcrumbList\",\"@id\":\"https:\/\/metrointeriors.ca\/fr\/produit\/postes-de-travail-assis-debout-workspace48-agile\/#breadcrumb\",\"itemListElement\":[{\"@type\":\"ListItem\",\"position\":1,\"name\":\"Home\",\"item\":\"https:\/\/metrointeriors.ca\/fr\/\"},{\"@type\":\"ListItem\",\"position\":2,\"name\":\"Boutique\",\"item\":\"https:\/\/metrointeriors.ca\/fr\/boutique\/\"},{\"@type\":\"ListItem\",\"position\":3,\"name\":\"Agile\"}]},{\"@type\":\"WebSite\",\"@id\":\"https:\/\/metrointeriors.ca\/#website\",\"url\":\"https:\/\/metrointeriors.ca\/\",\"name\":\"Metro Interiors\",\"description\":\"Laissez-nous vous aider \u00e0 rafra\u00eechir votre espace de travail d&#039;entreprise\",\"potentialAction\":[{\"@type\":\"SearchAction\",\"target\":{\"@type\":\"EntryPoint\",\"urlTemplate\":\"https:\/\/metrointeriors.ca\/?s={search_term_string}\"},\"query-input\":{\"@type\":\"PropertyValueSpecification\",\"valueRequired\":true,\"valueName\":\"search_term_string\"}}],\"inLanguage\":\"fr-FR\"}]}<\/script>\n<!-- \/ Yoast SEO plugin. -->","yoast_head_json":{"title":"Agile - Metro Interiors","robots":{"index":"index","follow":"follow","max-snippet":"max-snippet:-1","max-image-preview":"max-image-preview:large","max-video-preview":"max-video-preview:-1"},"canonical":"https:\/\/metrointeriors.ca\/fr\/produit\/postes-de-travail-assis-debout-workspace48-agile\/","og_locale":"fr_FR","og_type":"article","og_title":"Agile - Metro Interiors","og_description":"Se tenir debout au travail est plus qu\u2019une simple tendance, c\u2019est aussi une option plus saine.","og_url":"https:\/\/metrointeriors.ca\/fr\/produit\/postes-de-travail-assis-debout-workspace48-agile\/","og_site_name":"Metro Interiors","article_modified_time":"2023-08-24T18:11:02+00:00","og_image":[{"width":1080,"height":1080,"url":"https:\/\/metrointeriors.ca\/wp-content\/uploads\/2023\/02\/01_Agile-Shared-Electric-2stg-White-1080.jpg","type":"image\/jpeg"}],"twitter_card":"summary_large_image","schema":{"@context":"https:\/\/schema.org","@graph":[{"@type":"WebPage","@id":"https:\/\/metrointeriors.ca\/fr\/produit\/postes-de-travail-assis-debout-workspace48-agile\/","url":"https:\/\/metrointeriors.ca\/fr\/produit\/postes-de-travail-assis-debout-workspace48-agile\/","name":"Agile - Metro Interiors","isPartOf":{"@id":"https:\/\/metrointeriors.ca\/#website"},"primaryImageOfPage":{"@id":"https:\/\/metrointeriors.ca\/fr\/produit\/postes-de-travail-assis-debout-workspace48-agile\/#primaryimage"},"image":{"@id":"https:\/\/metrointeriors.ca\/fr\/produit\/postes-de-travail-assis-debout-workspace48-agile\/#primaryimage"},"thumbnailUrl":"https:\/\/metrointeriors.ca\/wp-content\/uploads\/2023\/02\/01_Agile-Shared-Electric-2stg-White-1080.jpg","datePublished":"2023-02-21T19:24:32+00:00","dateModified":"2023-08-24T18:11:02+00:00","breadcrumb":{"@id":"https:\/\/metrointeriors.ca\/fr\/produit\/postes-de-travail-assis-debout-workspace48-agile\/#breadcrumb"},"inLanguage":"fr-FR","potentialAction":[{"@type":"ReadAction","target":["https:\/\/metrointeriors.ca\/fr\/produit\/postes-de-travail-assis-debout-workspace48-agile\/"]}]},{"@type":"ImageObject","inLanguage":"fr-FR","@id":"https:\/\/metrointeriors.ca\/fr\/produit\/postes-de-travail-assis-debout-workspace48-agile\/#primaryimage","url":"https:\/\/metrointeriors.ca\/wp-content\/uploads\/2023\/02\/01_Agile-Shared-Electric-2stg-White-1080.jpg","contentUrl":"https:\/\/metrointeriors.ca\/wp-content\/uploads\/2023\/02\/01_Agile-Shared-Electric-2stg-White-1080.jpg","width":1080,"height":1080,"caption":"Agile-Shared-Electric"},{"@type":"BreadcrumbList","@id":"https:\/\/metrointeriors.ca\/fr\/produit\/postes-de-travail-assis-debout-workspace48-agile\/#breadcrumb","itemListElement":[{"@type":"ListItem","position":1,"name":"Home","item":"https:\/\/metrointeriors.ca\/fr\/"},{"@type":"ListItem","position":2,"name":"Boutique","item":"https:\/\/metrointeriors.ca\/fr\/boutique\/"},{"@type":"ListItem","position":3,"name":"Agile"}]},{"@type":"WebSite","@id":"https:\/\/metrointeriors.ca\/#website","url":"https:\/\/metrointeriors.ca\/","name":"Metro Interiors","description":"Laissez-nous vous aider \u00e0 rafra\u00eechir votre espace de travail d&#039;entreprise","potentialAction":[{"@type":"SearchAction","target":{"@type":"EntryPoint","urlTemplate":"https:\/\/metrointeriors.ca\/?s={search_term_string}"},"query-input":{"@type":"PropertyValueSpecification","valueRequired":true,"valueName":"search_term_string"}}],"inLanguage":"fr-FR"}]}},"_links":{"self":[{"href":"https:\/\/metrointeriors.ca\/fr\/wp-json\/wp\/v2\/product\/2887","targetHints":{"allow":["GET"]}}],"collection":[{"href":"https:\/\/metrointeriors.ca\/fr\/wp-json\/wp\/v2\/product"}],"about":[{"href":"https:\/\/metrointeriors.ca\/fr\/wp-json\/wp\/v2\/types\/product"}],"replies":[{"embeddable":true,"href":"https:\/\/metrointeriors.ca\/fr\/wp-json\/wp\/v2\/comments?post=2887"}],"wp:featuredmedia":[{"embeddable":true,"href":"https:\/\/metrointeriors.ca\/fr\/wp-json\/wp\/v2\/media\/2379"}],"wp:attachment":[{"href":"https:\/\/metrointeriors.ca\/fr\/wp-json\/wp\/v2\/media?parent=2887"}],"wp:term":[{"taxonomy":"product_brand","embeddable":true,"href":"https:\/\/metrointeriors.ca\/fr\/wp-json\/wp\/v2\/product_brand?post=2887"},{"taxonomy":"product_cat","embeddable":true,"href":"https:\/\/metrointeriors.ca\/fr\/wp-json\/wp\/v2\/product_cat?post=2887"},{"taxonomy":"product_tag","embeddable":true,"href":"https:\/\/metrointeriors.ca\/fr\/wp-json\/wp\/v2\/product_tag?post=2887"}],"curies":[{"name":"wp","href":"https:\/\/api.w.org\/{rel}","templated":true}]}}