{"id":2885,"date":"2023-02-21T17:18:54","date_gmt":"2023-02-21T17:18:54","guid":{"rendered":"https:\/\/samsaragold.com\/product\/sitstand-offices-to-go-ionic\/"},"modified":"2023-08-24T18:11:46","modified_gmt":"2023-08-24T18:11:46","slug":"postes-de-travail-assis-debout-offices-to-go-ionic","status":"publish","type":"product","link":"https:\/\/metrointeriors.ca\/fr\/produit\/postes-de-travail-assis-debout-offices-to-go-ionic\/","title":{"rendered":"Ionic"},"content":{"rendered":"<p>Les produits <strong>Offices to Go<\/strong> offrent une valeur \u00e9lev\u00e9e et sont construits selon des normes de qualit\u00e9 commerciale pour prot\u00e9ger votre investissement \u00e0 long terme.<\/p>\n<ul>\n<li>Option efficace appuyant les programmes de mieux-\u00eatre en milieu de travail<\/li>\n<li>Permet de passer de la position assise \u00e0 debout sans effort au cours de la journ\u00e9e, et ce, sans interruption de travail<\/li>\n<li>S&rsquo;utilise seule ou avec d&rsquo;autres bureaux Ionic autoportants<\/li>\n<li>Syst\u00e8me d&rsquo;entra\u00eenement \u00e0 moteur unique silencieux actionn\u00e9 par une tige \u00e0 six pans pouvant supporter jusqu&rsquo;\u00e0 265 lb<\/li>\n<li>Hauteur r\u00e9glable : 28-1\/8 po \u00e0 46-6\/8 po<\/li>\n<li>Fonctionnement \u00e0 1-1\/5 po par seconde<\/li>\n<li>R\u00e9gulateur de hauteur \u00e0 affichage num\u00e9rique et cl\u00e9s de m\u00e9moire \u00e0 quatre positions facile \u00e0 utiliser<\/li>\n<li>Plateau lamin\u00e9 thermosoud\u00e9 de 1 po d&rsquo;\u00e9paisseur avec bord de 2 mm assorti<\/li>\n<li>Assemblage requis<\/li>\n<li>Les dessus en m\u00e9lamine sont prot\u00e9g\u00e9s par la garantie \u00e0 vie de Global ; les pi\u00e8ces des pi\u00e9tements y compris les moteurs \u00e9lectriques et les pi\u00e8ces motoris\u00e9es sont prot\u00e9g\u00e9s par une garantie de 5 ans<\/li>\n<li>Certifi\u00e9e GREENGUARD<\/li>\n<\/ul>\n<p>&nbsp;<\/p>\n","protected":false},"excerpt":{"rendered":"<p>Tables r\u00e9glables en hauteur ionique<br \/>\nDes studios aux \u00e9tablis. Des styles pour atteindre toutes les hauteurs.<\/p>\n","protected":false},"featured_media":2372,"comment_status":"closed","ping_status":"closed","template":"","meta":{"_et_pb_use_builder":"off","_et_pb_old_content":"FreeFit\u2122\u00a0height adjustable tables allow you to incorporate healthy movement into your workday. Move freely from sitting to standing to support the task at hand. FreeFit has a \u201cwhisper quiet\u201d sound insulation option that makes adjustments as quiet as a library. The table can be used individually or in conjunction with Global desks.","_et_gb_content_width":""},"product_brand":[],"product_cat":[184,187],"product_tag":[330],"class_list":{"0":"post-2885","1":"product","2":"type-product","3":"status-publish","4":"has-post-thumbnail","6":"product_cat-assis-debout","7":"product_cat-sit-offices-fr","8":"product_tag-ionic-fr","10":"first","11":"instock","12":"featured","13":"product-type-simple"},"yoast_head":"<!-- This site is optimized with the Yoast SEO plugin v27.0 - https:\/\/yoast.com\/product\/yoast-seo-wordpress\/ -->\n<title>Ionic - Metro Interiors<\/title>\n<meta name=\"robots\" content=\"index, follow, max-snippet:-1, max-image-preview:large, max-video-preview:-1\" \/>\n<link rel=\"canonical\" href=\"https:\/\/metrointeriors.ca\/fr\/produit\/postes-de-travail-assis-debout-offices-to-go-ionic\/\" \/>\n<meta property=\"og:locale\" content=\"fr_FR\" \/>\n<meta property=\"og:type\" content=\"article\" \/>\n<meta property=\"og:title\" content=\"Ionic - Metro Interiors\" \/>\n<meta property=\"og:description\" content=\"Tables r\u00e9glables en hauteur ionique Des studios aux \u00e9tablis. Des styles pour atteindre toutes les hauteurs.\" \/>\n<meta property=\"og:url\" content=\"https:\/\/metrointeriors.ca\/fr\/produit\/postes-de-travail-assis-debout-offices-to-go-ionic\/\" \/>\n<meta property=\"og:site_name\" content=\"Metro Interiors\" \/>\n<meta property=\"article:modified_time\" content=\"2023-08-24T18:11:46+00:00\" \/>\n<meta property=\"og:image\" content=\"https:\/\/metrointeriors.ca\/wp-content\/uploads\/2023\/02\/01_GLO003-HA-Workstations-1080.jpg\" \/>\n\t<meta property=\"og:image:width\" content=\"1080\" \/>\n\t<meta property=\"og:image:height\" content=\"1080\" \/>\n\t<meta property=\"og:image:type\" content=\"image\/jpeg\" \/>\n<meta name=\"twitter:card\" content=\"summary_large_image\" \/>\n<meta name=\"twitter:label1\" content=\"Dur\u00e9e de lecture estim\u00e9e\" \/>\n\t<meta name=\"twitter:data1\" content=\"1 minute\" \/>\n<script type=\"application\/ld+json\" class=\"yoast-schema-graph\">{\"@context\":\"https:\/\/schema.org\",\"@graph\":[{\"@type\":\"WebPage\",\"@id\":\"https:\/\/metrointeriors.ca\/fr\/produit\/postes-de-travail-assis-debout-offices-to-go-ionic\/\",\"url\":\"https:\/\/metrointeriors.ca\/fr\/produit\/postes-de-travail-assis-debout-offices-to-go-ionic\/\",\"name\":\"Ionic - Metro Interiors\",\"isPartOf\":{\"@id\":\"https:\/\/metrointeriors.ca\/#website\"},\"primaryImageOfPage\":{\"@id\":\"https:\/\/metrointeriors.ca\/fr\/produit\/postes-de-travail-assis-debout-offices-to-go-ionic\/#primaryimage\"},\"image\":{\"@id\":\"https:\/\/metrointeriors.ca\/fr\/produit\/postes-de-travail-assis-debout-offices-to-go-ionic\/#primaryimage\"},\"thumbnailUrl\":\"https:\/\/metrointeriors.ca\/wp-content\/uploads\/2023\/02\/01_GLO003-HA-Workstations-1080.jpg\",\"datePublished\":\"2023-02-21T17:18:54+00:00\",\"dateModified\":\"2023-08-24T18:11:46+00:00\",\"breadcrumb\":{\"@id\":\"https:\/\/metrointeriors.ca\/fr\/produit\/postes-de-travail-assis-debout-offices-to-go-ionic\/#breadcrumb\"},\"inLanguage\":\"fr-FR\",\"potentialAction\":[{\"@type\":\"ReadAction\",\"target\":[\"https:\/\/metrointeriors.ca\/fr\/produit\/postes-de-travail-assis-debout-offices-to-go-ionic\/\"]}]},{\"@type\":\"ImageObject\",\"inLanguage\":\"fr-FR\",\"@id\":\"https:\/\/metrointeriors.ca\/fr\/produit\/postes-de-travail-assis-debout-offices-to-go-ionic\/#primaryimage\",\"url\":\"https:\/\/metrointeriors.ca\/wp-content\/uploads\/2023\/02\/01_GLO003-HA-Workstations-1080.jpg\",\"contentUrl\":\"https:\/\/metrointeriors.ca\/wp-content\/uploads\/2023\/02\/01_GLO003-HA-Workstations-1080.jpg\",\"width\":1080,\"height\":1080,\"caption\":\"Ionic\"},{\"@type\":\"BreadcrumbList\",\"@id\":\"https:\/\/metrointeriors.ca\/fr\/produit\/postes-de-travail-assis-debout-offices-to-go-ionic\/#breadcrumb\",\"itemListElement\":[{\"@type\":\"ListItem\",\"position\":1,\"name\":\"Home\",\"item\":\"https:\/\/metrointeriors.ca\/fr\/\"},{\"@type\":\"ListItem\",\"position\":2,\"name\":\"Boutique\",\"item\":\"https:\/\/metrointeriors.ca\/fr\/boutique\/\"},{\"@type\":\"ListItem\",\"position\":3,\"name\":\"Ionic\"}]},{\"@type\":\"WebSite\",\"@id\":\"https:\/\/metrointeriors.ca\/#website\",\"url\":\"https:\/\/metrointeriors.ca\/\",\"name\":\"Metro Interiors\",\"description\":\"Laissez-nous vous aider \u00e0 rafra\u00eechir votre espace de travail d&#039;entreprise\",\"potentialAction\":[{\"@type\":\"SearchAction\",\"target\":{\"@type\":\"EntryPoint\",\"urlTemplate\":\"https:\/\/metrointeriors.ca\/?s={search_term_string}\"},\"query-input\":{\"@type\":\"PropertyValueSpecification\",\"valueRequired\":true,\"valueName\":\"search_term_string\"}}],\"inLanguage\":\"fr-FR\"}]}<\/script>\n<!-- \/ Yoast SEO plugin. -->","yoast_head_json":{"title":"Ionic - Metro Interiors","robots":{"index":"index","follow":"follow","max-snippet":"max-snippet:-1","max-image-preview":"max-image-preview:large","max-video-preview":"max-video-preview:-1"},"canonical":"https:\/\/metrointeriors.ca\/fr\/produit\/postes-de-travail-assis-debout-offices-to-go-ionic\/","og_locale":"fr_FR","og_type":"article","og_title":"Ionic - Metro Interiors","og_description":"Tables r\u00e9glables en hauteur ionique Des studios aux \u00e9tablis. Des styles pour atteindre toutes les hauteurs.","og_url":"https:\/\/metrointeriors.ca\/fr\/produit\/postes-de-travail-assis-debout-offices-to-go-ionic\/","og_site_name":"Metro Interiors","article_modified_time":"2023-08-24T18:11:46+00:00","og_image":[{"width":1080,"height":1080,"url":"https:\/\/metrointeriors.ca\/wp-content\/uploads\/2023\/02\/01_GLO003-HA-Workstations-1080.jpg","type":"image\/jpeg"}],"twitter_card":"summary_large_image","twitter_misc":{"Dur\u00e9e de lecture estim\u00e9e":"1 minute"},"schema":{"@context":"https:\/\/schema.org","@graph":[{"@type":"WebPage","@id":"https:\/\/metrointeriors.ca\/fr\/produit\/postes-de-travail-assis-debout-offices-to-go-ionic\/","url":"https:\/\/metrointeriors.ca\/fr\/produit\/postes-de-travail-assis-debout-offices-to-go-ionic\/","name":"Ionic - Metro Interiors","isPartOf":{"@id":"https:\/\/metrointeriors.ca\/#website"},"primaryImageOfPage":{"@id":"https:\/\/metrointeriors.ca\/fr\/produit\/postes-de-travail-assis-debout-offices-to-go-ionic\/#primaryimage"},"image":{"@id":"https:\/\/metrointeriors.ca\/fr\/produit\/postes-de-travail-assis-debout-offices-to-go-ionic\/#primaryimage"},"thumbnailUrl":"https:\/\/metrointeriors.ca\/wp-content\/uploads\/2023\/02\/01_GLO003-HA-Workstations-1080.jpg","datePublished":"2023-02-21T17:18:54+00:00","dateModified":"2023-08-24T18:11:46+00:00","breadcrumb":{"@id":"https:\/\/metrointeriors.ca\/fr\/produit\/postes-de-travail-assis-debout-offices-to-go-ionic\/#breadcrumb"},"inLanguage":"fr-FR","potentialAction":[{"@type":"ReadAction","target":["https:\/\/metrointeriors.ca\/fr\/produit\/postes-de-travail-assis-debout-offices-to-go-ionic\/"]}]},{"@type":"ImageObject","inLanguage":"fr-FR","@id":"https:\/\/metrointeriors.ca\/fr\/produit\/postes-de-travail-assis-debout-offices-to-go-ionic\/#primaryimage","url":"https:\/\/metrointeriors.ca\/wp-content\/uploads\/2023\/02\/01_GLO003-HA-Workstations-1080.jpg","contentUrl":"https:\/\/metrointeriors.ca\/wp-content\/uploads\/2023\/02\/01_GLO003-HA-Workstations-1080.jpg","width":1080,"height":1080,"caption":"Ionic"},{"@type":"BreadcrumbList","@id":"https:\/\/metrointeriors.ca\/fr\/produit\/postes-de-travail-assis-debout-offices-to-go-ionic\/#breadcrumb","itemListElement":[{"@type":"ListItem","position":1,"name":"Home","item":"https:\/\/metrointeriors.ca\/fr\/"},{"@type":"ListItem","position":2,"name":"Boutique","item":"https:\/\/metrointeriors.ca\/fr\/boutique\/"},{"@type":"ListItem","position":3,"name":"Ionic"}]},{"@type":"WebSite","@id":"https:\/\/metrointeriors.ca\/#website","url":"https:\/\/metrointeriors.ca\/","name":"Metro Interiors","description":"Laissez-nous vous aider \u00e0 rafra\u00eechir votre espace de travail d&#039;entreprise","potentialAction":[{"@type":"SearchAction","target":{"@type":"EntryPoint","urlTemplate":"https:\/\/metrointeriors.ca\/?s={search_term_string}"},"query-input":{"@type":"PropertyValueSpecification","valueRequired":true,"valueName":"search_term_string"}}],"inLanguage":"fr-FR"}]}},"_links":{"self":[{"href":"https:\/\/metrointeriors.ca\/fr\/wp-json\/wp\/v2\/product\/2885","targetHints":{"allow":["GET"]}}],"collection":[{"href":"https:\/\/metrointeriors.ca\/fr\/wp-json\/wp\/v2\/product"}],"about":[{"href":"https:\/\/metrointeriors.ca\/fr\/wp-json\/wp\/v2\/types\/product"}],"replies":[{"embeddable":true,"href":"https:\/\/metrointeriors.ca\/fr\/wp-json\/wp\/v2\/comments?post=2885"}],"wp:featuredmedia":[{"embeddable":true,"href":"https:\/\/metrointeriors.ca\/fr\/wp-json\/wp\/v2\/media\/2372"}],"wp:attachment":[{"href":"https:\/\/metrointeriors.ca\/fr\/wp-json\/wp\/v2\/media?parent=2885"}],"wp:term":[{"taxonomy":"product_brand","embeddable":true,"href":"https:\/\/metrointeriors.ca\/fr\/wp-json\/wp\/v2\/product_brand?post=2885"},{"taxonomy":"product_cat","embeddable":true,"href":"https:\/\/metrointeriors.ca\/fr\/wp-json\/wp\/v2\/product_cat?post=2885"},{"taxonomy":"product_tag","embeddable":true,"href":"https:\/\/metrointeriors.ca\/fr\/wp-json\/wp\/v2\/product_tag?post=2885"}],"curies":[{"name":"wp","href":"https:\/\/api.w.org\/{rel}","templated":true}]}}