{"id":2883,"date":"2021-08-27T14:30:46","date_gmt":"2021-08-27T14:30:46","guid":{"rendered":"https:\/\/samsaragold.com\/product\/sitstand-humanscale-quickstand\/"},"modified":"2023-08-24T16:30:53","modified_gmt":"2023-08-24T16:30:53","slug":"postes-de-travail-assis-debout-humanscale-quickstand","status":"publish","type":"product","link":"https:\/\/metrointeriors.ca\/fr\/produit\/postes-de-travail-assis-debout-humanscale-quickstand\/","title":{"rendered":"Quickstand"},"content":{"rendered":"<p>Le QuickStand transforme en toute transparence n\u2019importe quel bureau \u00e0 hauteur fixe en bureau actif et favorise la collaboration et le bien-\u00eatre au travail. Dot\u00e9 d\u2019un mode de fonctionnement l\u00e9ger et d\u2019un syst\u00e8me de gestion des c\u00e2bles \u00ab Plug-and-Play \u00bb, le QuickStand s\u2019ins\u00e8re tout simplement \u00e0 l\u2019arri\u00e8re de n\u2019importe quelle surface de travail et assure \u00e0 l\u2019utilisateur une position parfaitement ergonomique de son \u00e9cran et de son clavier.<\/p>\n","protected":false},"excerpt":{"rendered":"<p>Le poste de travail r\u00e9glable en hauteur QuickStand marque une nouvelle \u00e9tape concernant la facilit\u00e9 d\u2019utilisation et de stabilit\u00e9 des produits assis-debout.<\/p>\n","protected":false},"featured_media":2390,"comment_status":"closed","ping_status":"closed","template":"","meta":{"_et_pb_use_builder":"","_et_pb_old_content":"","_et_gb_content_width":""},"product_brand":[],"product_cat":[184,186],"product_tag":[328,329],"class_list":{"0":"post-2883","1":"product","2":"type-product","3":"status-publish","4":"has-post-thumbnail","6":"product_cat-assis-debout","7":"product_cat-sit-humanscale-fr","8":"product_tag-efloat-fr","9":"product_tag-quickstand-fr","11":"first","12":"instock","13":"product-type-simple"},"yoast_head":"<!-- This site is optimized with the Yoast SEO plugin v27.0 - https:\/\/yoast.com\/product\/yoast-seo-wordpress\/ -->\n<title>Quickstand - Metro Interiors<\/title>\n<meta name=\"robots\" content=\"index, follow, max-snippet:-1, max-image-preview:large, max-video-preview:-1\" \/>\n<link rel=\"canonical\" href=\"https:\/\/metrointeriors.ca\/fr\/produit\/postes-de-travail-assis-debout-humanscale-quickstand\/\" \/>\n<meta property=\"og:locale\" content=\"fr_FR\" \/>\n<meta property=\"og:type\" content=\"article\" \/>\n<meta property=\"og:title\" content=\"Quickstand - Metro Interiors\" \/>\n<meta property=\"og:description\" content=\"Le poste de travail r\u00e9glable en hauteur QuickStand marque une nouvelle \u00e9tape concernant la facilit\u00e9 d\u2019utilisation et de stabilit\u00e9 des produits assis-debout.\" \/>\n<meta property=\"og:url\" content=\"https:\/\/metrointeriors.ca\/fr\/produit\/postes-de-travail-assis-debout-humanscale-quickstand\/\" \/>\n<meta property=\"og:site_name\" content=\"Metro Interiors\" \/>\n<meta property=\"article:modified_time\" content=\"2023-08-24T16:30:53+00:00\" \/>\n<meta property=\"og:image\" content=\"https:\/\/metrointeriors.ca\/wp-content\/uploads\/2021\/08\/03_17_humanscale_quickstand_edit4-1080.jpg\" \/>\n\t<meta property=\"og:image:width\" content=\"1080\" \/>\n\t<meta property=\"og:image:height\" content=\"1080\" \/>\n\t<meta property=\"og:image:type\" content=\"image\/jpeg\" \/>\n<meta name=\"twitter:card\" content=\"summary_large_image\" \/>\n<script type=\"application\/ld+json\" class=\"yoast-schema-graph\">{\"@context\":\"https:\/\/schema.org\",\"@graph\":[{\"@type\":\"WebPage\",\"@id\":\"https:\/\/metrointeriors.ca\/fr\/produit\/postes-de-travail-assis-debout-humanscale-quickstand\/\",\"url\":\"https:\/\/metrointeriors.ca\/fr\/produit\/postes-de-travail-assis-debout-humanscale-quickstand\/\",\"name\":\"Quickstand - Metro Interiors\",\"isPartOf\":{\"@id\":\"https:\/\/metrointeriors.ca\/#website\"},\"primaryImageOfPage\":{\"@id\":\"https:\/\/metrointeriors.ca\/fr\/produit\/postes-de-travail-assis-debout-humanscale-quickstand\/#primaryimage\"},\"image\":{\"@id\":\"https:\/\/metrointeriors.ca\/fr\/produit\/postes-de-travail-assis-debout-humanscale-quickstand\/#primaryimage\"},\"thumbnailUrl\":\"https:\/\/metrointeriors.ca\/wp-content\/uploads\/2021\/08\/03_17_humanscale_quickstand_edit4-1080.jpg\",\"datePublished\":\"2021-08-27T14:30:46+00:00\",\"dateModified\":\"2023-08-24T16:30:53+00:00\",\"breadcrumb\":{\"@id\":\"https:\/\/metrointeriors.ca\/fr\/produit\/postes-de-travail-assis-debout-humanscale-quickstand\/#breadcrumb\"},\"inLanguage\":\"fr-FR\",\"potentialAction\":[{\"@type\":\"ReadAction\",\"target\":[\"https:\/\/metrointeriors.ca\/fr\/produit\/postes-de-travail-assis-debout-humanscale-quickstand\/\"]}]},{\"@type\":\"ImageObject\",\"inLanguage\":\"fr-FR\",\"@id\":\"https:\/\/metrointeriors.ca\/fr\/produit\/postes-de-travail-assis-debout-humanscale-quickstand\/#primaryimage\",\"url\":\"https:\/\/metrointeriors.ca\/wp-content\/uploads\/2021\/08\/03_17_humanscale_quickstand_edit4-1080.jpg\",\"contentUrl\":\"https:\/\/metrointeriors.ca\/wp-content\/uploads\/2021\/08\/03_17_humanscale_quickstand_edit4-1080.jpg\",\"width\":1080,\"height\":1080,\"caption\":\"Agile-Shared-Electric\"},{\"@type\":\"BreadcrumbList\",\"@id\":\"https:\/\/metrointeriors.ca\/fr\/produit\/postes-de-travail-assis-debout-humanscale-quickstand\/#breadcrumb\",\"itemListElement\":[{\"@type\":\"ListItem\",\"position\":1,\"name\":\"Home\",\"item\":\"https:\/\/metrointeriors.ca\/fr\/\"},{\"@type\":\"ListItem\",\"position\":2,\"name\":\"Boutique\",\"item\":\"https:\/\/metrointeriors.ca\/fr\/boutique\/\"},{\"@type\":\"ListItem\",\"position\":3,\"name\":\"Quickstand\"}]},{\"@type\":\"WebSite\",\"@id\":\"https:\/\/metrointeriors.ca\/#website\",\"url\":\"https:\/\/metrointeriors.ca\/\",\"name\":\"Metro Interiors\",\"description\":\"Laissez-nous vous aider \u00e0 rafra\u00eechir votre espace de travail d&#039;entreprise\",\"potentialAction\":[{\"@type\":\"SearchAction\",\"target\":{\"@type\":\"EntryPoint\",\"urlTemplate\":\"https:\/\/metrointeriors.ca\/?s={search_term_string}\"},\"query-input\":{\"@type\":\"PropertyValueSpecification\",\"valueRequired\":true,\"valueName\":\"search_term_string\"}}],\"inLanguage\":\"fr-FR\"}]}<\/script>\n<!-- \/ Yoast SEO plugin. -->","yoast_head_json":{"title":"Quickstand - Metro Interiors","robots":{"index":"index","follow":"follow","max-snippet":"max-snippet:-1","max-image-preview":"max-image-preview:large","max-video-preview":"max-video-preview:-1"},"canonical":"https:\/\/metrointeriors.ca\/fr\/produit\/postes-de-travail-assis-debout-humanscale-quickstand\/","og_locale":"fr_FR","og_type":"article","og_title":"Quickstand - Metro Interiors","og_description":"Le poste de travail r\u00e9glable en hauteur QuickStand marque une nouvelle \u00e9tape concernant la facilit\u00e9 d\u2019utilisation et de stabilit\u00e9 des produits assis-debout.","og_url":"https:\/\/metrointeriors.ca\/fr\/produit\/postes-de-travail-assis-debout-humanscale-quickstand\/","og_site_name":"Metro Interiors","article_modified_time":"2023-08-24T16:30:53+00:00","og_image":[{"width":1080,"height":1080,"url":"https:\/\/metrointeriors.ca\/wp-content\/uploads\/2021\/08\/03_17_humanscale_quickstand_edit4-1080.jpg","type":"image\/jpeg"}],"twitter_card":"summary_large_image","schema":{"@context":"https:\/\/schema.org","@graph":[{"@type":"WebPage","@id":"https:\/\/metrointeriors.ca\/fr\/produit\/postes-de-travail-assis-debout-humanscale-quickstand\/","url":"https:\/\/metrointeriors.ca\/fr\/produit\/postes-de-travail-assis-debout-humanscale-quickstand\/","name":"Quickstand - Metro Interiors","isPartOf":{"@id":"https:\/\/metrointeriors.ca\/#website"},"primaryImageOfPage":{"@id":"https:\/\/metrointeriors.ca\/fr\/produit\/postes-de-travail-assis-debout-humanscale-quickstand\/#primaryimage"},"image":{"@id":"https:\/\/metrointeriors.ca\/fr\/produit\/postes-de-travail-assis-debout-humanscale-quickstand\/#primaryimage"},"thumbnailUrl":"https:\/\/metrointeriors.ca\/wp-content\/uploads\/2021\/08\/03_17_humanscale_quickstand_edit4-1080.jpg","datePublished":"2021-08-27T14:30:46+00:00","dateModified":"2023-08-24T16:30:53+00:00","breadcrumb":{"@id":"https:\/\/metrointeriors.ca\/fr\/produit\/postes-de-travail-assis-debout-humanscale-quickstand\/#breadcrumb"},"inLanguage":"fr-FR","potentialAction":[{"@type":"ReadAction","target":["https:\/\/metrointeriors.ca\/fr\/produit\/postes-de-travail-assis-debout-humanscale-quickstand\/"]}]},{"@type":"ImageObject","inLanguage":"fr-FR","@id":"https:\/\/metrointeriors.ca\/fr\/produit\/postes-de-travail-assis-debout-humanscale-quickstand\/#primaryimage","url":"https:\/\/metrointeriors.ca\/wp-content\/uploads\/2021\/08\/03_17_humanscale_quickstand_edit4-1080.jpg","contentUrl":"https:\/\/metrointeriors.ca\/wp-content\/uploads\/2021\/08\/03_17_humanscale_quickstand_edit4-1080.jpg","width":1080,"height":1080,"caption":"Agile-Shared-Electric"},{"@type":"BreadcrumbList","@id":"https:\/\/metrointeriors.ca\/fr\/produit\/postes-de-travail-assis-debout-humanscale-quickstand\/#breadcrumb","itemListElement":[{"@type":"ListItem","position":1,"name":"Home","item":"https:\/\/metrointeriors.ca\/fr\/"},{"@type":"ListItem","position":2,"name":"Boutique","item":"https:\/\/metrointeriors.ca\/fr\/boutique\/"},{"@type":"ListItem","position":3,"name":"Quickstand"}]},{"@type":"WebSite","@id":"https:\/\/metrointeriors.ca\/#website","url":"https:\/\/metrointeriors.ca\/","name":"Metro Interiors","description":"Laissez-nous vous aider \u00e0 rafra\u00eechir votre espace de travail d&#039;entreprise","potentialAction":[{"@type":"SearchAction","target":{"@type":"EntryPoint","urlTemplate":"https:\/\/metrointeriors.ca\/?s={search_term_string}"},"query-input":{"@type":"PropertyValueSpecification","valueRequired":true,"valueName":"search_term_string"}}],"inLanguage":"fr-FR"}]}},"_links":{"self":[{"href":"https:\/\/metrointeriors.ca\/fr\/wp-json\/wp\/v2\/product\/2883","targetHints":{"allow":["GET"]}}],"collection":[{"href":"https:\/\/metrointeriors.ca\/fr\/wp-json\/wp\/v2\/product"}],"about":[{"href":"https:\/\/metrointeriors.ca\/fr\/wp-json\/wp\/v2\/types\/product"}],"replies":[{"embeddable":true,"href":"https:\/\/metrointeriors.ca\/fr\/wp-json\/wp\/v2\/comments?post=2883"}],"wp:featuredmedia":[{"embeddable":true,"href":"https:\/\/metrointeriors.ca\/fr\/wp-json\/wp\/v2\/media\/2390"}],"wp:attachment":[{"href":"https:\/\/metrointeriors.ca\/fr\/wp-json\/wp\/v2\/media?parent=2883"}],"wp:term":[{"taxonomy":"product_brand","embeddable":true,"href":"https:\/\/metrointeriors.ca\/fr\/wp-json\/wp\/v2\/product_brand?post=2883"},{"taxonomy":"product_cat","embeddable":true,"href":"https:\/\/metrointeriors.ca\/fr\/wp-json\/wp\/v2\/product_cat?post=2883"},{"taxonomy":"product_tag","embeddable":true,"href":"https:\/\/metrointeriors.ca\/fr\/wp-json\/wp\/v2\/product_tag?post=2883"}],"curies":[{"name":"wp","href":"https:\/\/api.w.org\/{rel}","templated":true}]}}