{"id":2879,"date":"2021-08-27T14:29:46","date_gmt":"2021-08-27T14:29:46","guid":{"rendered":"https:\/\/samsaragold.com\/product\/workstation-groupe-lacasse-paradigm\/"},"modified":"2023-08-23T20:06:13","modified_gmt":"2023-08-23T20:06:13","slug":"station-de-service-groupe-lacasse-paradigm","status":"publish","type":"product","link":"https:\/\/metrointeriors.ca\/fr\/produit\/station-de-service-groupe-lacasse-paradigm\/","title":{"rendered":"Paradigm"},"content":{"rendered":"<h1>Cr\u00e9ativit\u00e9, simplicit\u00e9 et \u00e9l\u00e9gance\u2026<\/h1>\n<p>Bien plus qu\u2019un simple syst\u00e8me, Paradigm est une collection moderne et polyvalente qui se d\u00e9cline de mille et une fa\u00e7ons.<\/p>\n<div class=\"description\"><\/div>\n","protected":false},"excerpt":{"rendered":"<p>Paradigm est un syst\u00e8me \u00e0 panneaux bien pens\u00e9 qui se module en fonction des besoins d\u2019aujourd\u2019hui et de demain.<\/p>\n","protected":false},"featured_media":1731,"comment_status":"closed","ping_status":"closed","template":"","meta":{"_et_pb_use_builder":"","_et_pb_old_content":"","_et_gb_content_width":""},"product_brand":[],"product_cat":[325],"product_tag":[327],"class_list":{"0":"post-2879","1":"product","2":"type-product","3":"status-publish","4":"has-post-thumbnail","6":"product_cat-stations-de-travail-mu","7":"product_tag-paradigmpanelsystem-fr","9":"first","10":"instock","11":"product-type-simple"},"yoast_head":"<!-- This site is optimized with the Yoast SEO plugin v27.0 - https:\/\/yoast.com\/product\/yoast-seo-wordpress\/ -->\n<title>Paradigm - Metro Interiors<\/title>\n<meta name=\"robots\" content=\"index, follow, max-snippet:-1, max-image-preview:large, max-video-preview:-1\" \/>\n<link rel=\"canonical\" href=\"https:\/\/metrointeriors.ca\/fr\/produit\/station-de-service-groupe-lacasse-paradigm\/\" \/>\n<meta property=\"og:locale\" content=\"fr_FR\" \/>\n<meta property=\"og:type\" content=\"article\" \/>\n<meta property=\"og:title\" content=\"Paradigm - Metro Interiors\" \/>\n<meta property=\"og:description\" content=\"Paradigm est un syst\u00e8me \u00e0 panneaux bien pens\u00e9 qui se module en fonction des besoins d\u2019aujourd\u2019hui et de demain.\" \/>\n<meta property=\"og:url\" content=\"https:\/\/metrointeriors.ca\/fr\/produit\/station-de-service-groupe-lacasse-paradigm\/\" \/>\n<meta property=\"og:site_name\" content=\"Metro Interiors\" \/>\n<meta property=\"article:modified_time\" content=\"2023-08-23T20:06:13+00:00\" \/>\n<meta property=\"og:image\" content=\"https:\/\/metrointeriors.ca\/wp-content\/uploads\/2021\/08\/01_ParadigmPannelSystem_1080.jpg\" \/>\n\t<meta property=\"og:image:width\" content=\"1080\" \/>\n\t<meta property=\"og:image:height\" content=\"1080\" \/>\n\t<meta property=\"og:image:type\" content=\"image\/jpeg\" \/>\n<meta name=\"twitter:card\" content=\"summary_large_image\" \/>\n<script type=\"application\/ld+json\" class=\"yoast-schema-graph\">{\"@context\":\"https:\/\/schema.org\",\"@graph\":[{\"@type\":\"WebPage\",\"@id\":\"https:\/\/metrointeriors.ca\/fr\/produit\/station-de-service-groupe-lacasse-paradigm\/\",\"url\":\"https:\/\/metrointeriors.ca\/fr\/produit\/station-de-service-groupe-lacasse-paradigm\/\",\"name\":\"Paradigm - Metro Interiors\",\"isPartOf\":{\"@id\":\"https:\/\/metrointeriors.ca\/#website\"},\"primaryImageOfPage\":{\"@id\":\"https:\/\/metrointeriors.ca\/fr\/produit\/station-de-service-groupe-lacasse-paradigm\/#primaryimage\"},\"image\":{\"@id\":\"https:\/\/metrointeriors.ca\/fr\/produit\/station-de-service-groupe-lacasse-paradigm\/#primaryimage\"},\"thumbnailUrl\":\"https:\/\/metrointeriors.ca\/wp-content\/uploads\/2021\/08\/01_ParadigmPannelSystem_1080.jpg\",\"datePublished\":\"2021-08-27T14:29:46+00:00\",\"dateModified\":\"2023-08-23T20:06:13+00:00\",\"breadcrumb\":{\"@id\":\"https:\/\/metrointeriors.ca\/fr\/produit\/station-de-service-groupe-lacasse-paradigm\/#breadcrumb\"},\"inLanguage\":\"fr-FR\",\"potentialAction\":[{\"@type\":\"ReadAction\",\"target\":[\"https:\/\/metrointeriors.ca\/fr\/produit\/station-de-service-groupe-lacasse-paradigm\/\"]}]},{\"@type\":\"ImageObject\",\"inLanguage\":\"fr-FR\",\"@id\":\"https:\/\/metrointeriors.ca\/fr\/produit\/station-de-service-groupe-lacasse-paradigm\/#primaryimage\",\"url\":\"https:\/\/metrointeriors.ca\/wp-content\/uploads\/2021\/08\/01_ParadigmPannelSystem_1080.jpg\",\"contentUrl\":\"https:\/\/metrointeriors.ca\/wp-content\/uploads\/2021\/08\/01_ParadigmPannelSystem_1080.jpg\",\"width\":1080,\"height\":1080,\"caption\":\"ParadigmPannelSystem\"},{\"@type\":\"BreadcrumbList\",\"@id\":\"https:\/\/metrointeriors.ca\/fr\/produit\/station-de-service-groupe-lacasse-paradigm\/#breadcrumb\",\"itemListElement\":[{\"@type\":\"ListItem\",\"position\":1,\"name\":\"Home\",\"item\":\"https:\/\/metrointeriors.ca\/fr\/\"},{\"@type\":\"ListItem\",\"position\":2,\"name\":\"Boutique\",\"item\":\"https:\/\/metrointeriors.ca\/fr\/boutique\/\"},{\"@type\":\"ListItem\",\"position\":3,\"name\":\"Paradigm\"}]},{\"@type\":\"WebSite\",\"@id\":\"https:\/\/metrointeriors.ca\/#website\",\"url\":\"https:\/\/metrointeriors.ca\/\",\"name\":\"Metro Interiors\",\"description\":\"Laissez-nous vous aider \u00e0 rafra\u00eechir votre espace de travail d&#039;entreprise\",\"potentialAction\":[{\"@type\":\"SearchAction\",\"target\":{\"@type\":\"EntryPoint\",\"urlTemplate\":\"https:\/\/metrointeriors.ca\/?s={search_term_string}\"},\"query-input\":{\"@type\":\"PropertyValueSpecification\",\"valueRequired\":true,\"valueName\":\"search_term_string\"}}],\"inLanguage\":\"fr-FR\"}]}<\/script>\n<!-- \/ Yoast SEO plugin. -->","yoast_head_json":{"title":"Paradigm - Metro Interiors","robots":{"index":"index","follow":"follow","max-snippet":"max-snippet:-1","max-image-preview":"max-image-preview:large","max-video-preview":"max-video-preview:-1"},"canonical":"https:\/\/metrointeriors.ca\/fr\/produit\/station-de-service-groupe-lacasse-paradigm\/","og_locale":"fr_FR","og_type":"article","og_title":"Paradigm - Metro Interiors","og_description":"Paradigm est un syst\u00e8me \u00e0 panneaux bien pens\u00e9 qui se module en fonction des besoins d\u2019aujourd\u2019hui et de demain.","og_url":"https:\/\/metrointeriors.ca\/fr\/produit\/station-de-service-groupe-lacasse-paradigm\/","og_site_name":"Metro Interiors","article_modified_time":"2023-08-23T20:06:13+00:00","og_image":[{"width":1080,"height":1080,"url":"https:\/\/metrointeriors.ca\/wp-content\/uploads\/2021\/08\/01_ParadigmPannelSystem_1080.jpg","type":"image\/jpeg"}],"twitter_card":"summary_large_image","schema":{"@context":"https:\/\/schema.org","@graph":[{"@type":"WebPage","@id":"https:\/\/metrointeriors.ca\/fr\/produit\/station-de-service-groupe-lacasse-paradigm\/","url":"https:\/\/metrointeriors.ca\/fr\/produit\/station-de-service-groupe-lacasse-paradigm\/","name":"Paradigm - Metro Interiors","isPartOf":{"@id":"https:\/\/metrointeriors.ca\/#website"},"primaryImageOfPage":{"@id":"https:\/\/metrointeriors.ca\/fr\/produit\/station-de-service-groupe-lacasse-paradigm\/#primaryimage"},"image":{"@id":"https:\/\/metrointeriors.ca\/fr\/produit\/station-de-service-groupe-lacasse-paradigm\/#primaryimage"},"thumbnailUrl":"https:\/\/metrointeriors.ca\/wp-content\/uploads\/2021\/08\/01_ParadigmPannelSystem_1080.jpg","datePublished":"2021-08-27T14:29:46+00:00","dateModified":"2023-08-23T20:06:13+00:00","breadcrumb":{"@id":"https:\/\/metrointeriors.ca\/fr\/produit\/station-de-service-groupe-lacasse-paradigm\/#breadcrumb"},"inLanguage":"fr-FR","potentialAction":[{"@type":"ReadAction","target":["https:\/\/metrointeriors.ca\/fr\/produit\/station-de-service-groupe-lacasse-paradigm\/"]}]},{"@type":"ImageObject","inLanguage":"fr-FR","@id":"https:\/\/metrointeriors.ca\/fr\/produit\/station-de-service-groupe-lacasse-paradigm\/#primaryimage","url":"https:\/\/metrointeriors.ca\/wp-content\/uploads\/2021\/08\/01_ParadigmPannelSystem_1080.jpg","contentUrl":"https:\/\/metrointeriors.ca\/wp-content\/uploads\/2021\/08\/01_ParadigmPannelSystem_1080.jpg","width":1080,"height":1080,"caption":"ParadigmPannelSystem"},{"@type":"BreadcrumbList","@id":"https:\/\/metrointeriors.ca\/fr\/produit\/station-de-service-groupe-lacasse-paradigm\/#breadcrumb","itemListElement":[{"@type":"ListItem","position":1,"name":"Home","item":"https:\/\/metrointeriors.ca\/fr\/"},{"@type":"ListItem","position":2,"name":"Boutique","item":"https:\/\/metrointeriors.ca\/fr\/boutique\/"},{"@type":"ListItem","position":3,"name":"Paradigm"}]},{"@type":"WebSite","@id":"https:\/\/metrointeriors.ca\/#website","url":"https:\/\/metrointeriors.ca\/","name":"Metro Interiors","description":"Laissez-nous vous aider \u00e0 rafra\u00eechir votre espace de travail d&#039;entreprise","potentialAction":[{"@type":"SearchAction","target":{"@type":"EntryPoint","urlTemplate":"https:\/\/metrointeriors.ca\/?s={search_term_string}"},"query-input":{"@type":"PropertyValueSpecification","valueRequired":true,"valueName":"search_term_string"}}],"inLanguage":"fr-FR"}]}},"_links":{"self":[{"href":"https:\/\/metrointeriors.ca\/fr\/wp-json\/wp\/v2\/product\/2879","targetHints":{"allow":["GET"]}}],"collection":[{"href":"https:\/\/metrointeriors.ca\/fr\/wp-json\/wp\/v2\/product"}],"about":[{"href":"https:\/\/metrointeriors.ca\/fr\/wp-json\/wp\/v2\/types\/product"}],"replies":[{"embeddable":true,"href":"https:\/\/metrointeriors.ca\/fr\/wp-json\/wp\/v2\/comments?post=2879"}],"wp:featuredmedia":[{"embeddable":true,"href":"https:\/\/metrointeriors.ca\/fr\/wp-json\/wp\/v2\/media\/1731"}],"wp:attachment":[{"href":"https:\/\/metrointeriors.ca\/fr\/wp-json\/wp\/v2\/media?parent=2879"}],"wp:term":[{"taxonomy":"product_brand","embeddable":true,"href":"https:\/\/metrointeriors.ca\/fr\/wp-json\/wp\/v2\/product_brand?post=2879"},{"taxonomy":"product_cat","embeddable":true,"href":"https:\/\/metrointeriors.ca\/fr\/wp-json\/wp\/v2\/product_cat?post=2879"},{"taxonomy":"product_tag","embeddable":true,"href":"https:\/\/metrointeriors.ca\/fr\/wp-json\/wp\/v2\/product_tag?post=2879"}],"curies":[{"name":"wp","href":"https:\/\/api.w.org\/{rel}","templated":true}]}}