{"id":2626,"date":"2021-08-27T14:29:46","date_gmt":"2021-08-27T14:29:46","guid":{"rendered":"https:\/\/samsaragold.com\/product\/workstation-global-compile\/"},"modified":"2023-08-23T19:56:57","modified_gmt":"2023-08-23T19:56:57","slug":"station-de-service-global-compile","status":"publish","type":"product","link":"https:\/\/metrointeriors.ca\/fr\/produit\/station-de-service-global-compile\/","title":{"rendered":"Compile"},"content":{"rendered":"<h2 class=\"workspaces__overview__heading\">Facile \u00e0 pr\u00e9ciser,<\/h2>\n<p>facile \u00e0 installer, facile \u00e0 reconfigurer \u2013 avec ses lignes \u00e9pur\u00e9es, la gamme Compile propose tout un \u00e9ventail de finis, de styles de pieds et de surfaces pour cr\u00e9er le look que vous recherchez en fonction de l\u2019espace dont vous disposez. Des choix de cloisons pr\u00e9configur\u00e9es vous permettent d\u2019\u00e9conomiser temps et efforts. Et gr\u00e2ce \u00e0 sa durabilit\u00e9 et \u00e0 sa polyvalence, la gamme Compile peut ais\u00e9ment se reconfigurer suivant l\u2019\u00e9volution de vos besoins. La gamme id\u00e9ale pour les milieux du travail, de l\u2019\u00e9ducation et de la sant\u00e9, Compile vous donne la libert\u00e9 d\u2019imaginer les applications qui r\u00e9pondent express\u00e9ment \u00e0 vos besoins \u2013 d\u2019isoloirs pour les \u00e9tudiants aux postes en espace d\u00e9cloisonn\u00e9 pour les zones de travail collaboratif.<\/p>\n","protected":false},"excerpt":{"rendered":"<p>Simple et rationnelle.\u00a0La gamme Compile est une collection d\u2019\u00e9l\u00e9ments song\u00e9s, rassembl\u00e9s avec soin pour offrir une fonctionnalit\u00e9 optimale et une valeur in\u00e9gal\u00e9e.<\/p>\n","protected":false},"featured_media":1703,"comment_status":"closed","ping_status":"closed","template":"","meta":{"_et_pb_use_builder":"","_et_pb_old_content":"","_et_gb_content_width":""},"product_brand":[],"product_cat":[325],"product_tag":[],"class_list":{"0":"post-2626","1":"product","2":"type-product","3":"status-publish","4":"has-post-thumbnail","6":"product_cat-stations-de-travail-mu","8":"first","9":"instock","10":"product-type-simple"},"yoast_head":"<!-- This site is optimized with the Yoast SEO plugin v27.0 - https:\/\/yoast.com\/product\/yoast-seo-wordpress\/ -->\n<title>Compile - Metro Interiors<\/title>\n<meta name=\"robots\" content=\"index, follow, max-snippet:-1, max-image-preview:large, max-video-preview:-1\" \/>\n<link rel=\"canonical\" href=\"https:\/\/metrointeriors.ca\/fr\/produit\/station-de-service-global-compile\/\" \/>\n<meta property=\"og:locale\" content=\"fr_FR\" \/>\n<meta property=\"og:type\" content=\"article\" \/>\n<meta property=\"og:title\" content=\"Compile - Metro Interiors\" \/>\n<meta property=\"og:description\" content=\"Simple et rationnelle.\u00a0La gamme Compile est une collection d\u2019\u00e9l\u00e9ments song\u00e9s, rassembl\u00e9s avec soin pour offrir une fonctionnalit\u00e9 optimale et une valeur in\u00e9gal\u00e9e.\" \/>\n<meta property=\"og:url\" content=\"https:\/\/metrointeriors.ca\/fr\/produit\/station-de-service-global-compile\/\" \/>\n<meta property=\"og:site_name\" content=\"Metro Interiors\" \/>\n<meta property=\"article:modified_time\" content=\"2023-08-23T19:56:57+00:00\" \/>\n<meta property=\"og:image\" content=\"https:\/\/metrointeriors.ca\/wp-content\/uploads\/2021\/08\/01_BBB0002_1080SQUARE.jpg\" \/>\n\t<meta property=\"og:image:width\" content=\"1080\" \/>\n\t<meta property=\"og:image:height\" content=\"1080\" \/>\n\t<meta property=\"og:image:type\" content=\"image\/jpeg\" \/>\n<meta name=\"twitter:card\" content=\"summary_large_image\" \/>\n<meta name=\"twitter:label1\" content=\"Dur\u00e9e de lecture estim\u00e9e\" \/>\n\t<meta name=\"twitter:data1\" content=\"1 minute\" \/>\n<script type=\"application\/ld+json\" class=\"yoast-schema-graph\">{\"@context\":\"https:\/\/schema.org\",\"@graph\":[{\"@type\":\"WebPage\",\"@id\":\"https:\/\/metrointeriors.ca\/fr\/produit\/station-de-service-global-compile\/\",\"url\":\"https:\/\/metrointeriors.ca\/fr\/produit\/station-de-service-global-compile\/\",\"name\":\"Compile - Metro Interiors\",\"isPartOf\":{\"@id\":\"https:\/\/metrointeriors.ca\/#website\"},\"primaryImageOfPage\":{\"@id\":\"https:\/\/metrointeriors.ca\/fr\/produit\/station-de-service-global-compile\/#primaryimage\"},\"image\":{\"@id\":\"https:\/\/metrointeriors.ca\/fr\/produit\/station-de-service-global-compile\/#primaryimage\"},\"thumbnailUrl\":\"https:\/\/metrointeriors.ca\/wp-content\/uploads\/2021\/08\/01_BBB0002_1080SQUARE.jpg\",\"datePublished\":\"2021-08-27T14:29:46+00:00\",\"dateModified\":\"2023-08-23T19:56:57+00:00\",\"breadcrumb\":{\"@id\":\"https:\/\/metrointeriors.ca\/fr\/produit\/station-de-service-global-compile\/#breadcrumb\"},\"inLanguage\":\"fr-FR\",\"potentialAction\":[{\"@type\":\"ReadAction\",\"target\":[\"https:\/\/metrointeriors.ca\/fr\/produit\/station-de-service-global-compile\/\"]}]},{\"@type\":\"ImageObject\",\"inLanguage\":\"fr-FR\",\"@id\":\"https:\/\/metrointeriors.ca\/fr\/produit\/station-de-service-global-compile\/#primaryimage\",\"url\":\"https:\/\/metrointeriors.ca\/wp-content\/uploads\/2021\/08\/01_BBB0002_1080SQUARE.jpg\",\"contentUrl\":\"https:\/\/metrointeriors.ca\/wp-content\/uploads\/2021\/08\/01_BBB0002_1080SQUARE.jpg\",\"width\":1080,\"height\":1080,\"caption\":\"Compile Workstation\"},{\"@type\":\"BreadcrumbList\",\"@id\":\"https:\/\/metrointeriors.ca\/fr\/produit\/station-de-service-global-compile\/#breadcrumb\",\"itemListElement\":[{\"@type\":\"ListItem\",\"position\":1,\"name\":\"Home\",\"item\":\"https:\/\/metrointeriors.ca\/fr\/\"},{\"@type\":\"ListItem\",\"position\":2,\"name\":\"Boutique\",\"item\":\"https:\/\/metrointeriors.ca\/fr\/boutique\/\"},{\"@type\":\"ListItem\",\"position\":3,\"name\":\"Compile\"}]},{\"@type\":\"WebSite\",\"@id\":\"https:\/\/metrointeriors.ca\/#website\",\"url\":\"https:\/\/metrointeriors.ca\/\",\"name\":\"Metro Interiors\",\"description\":\"Laissez-nous vous aider \u00e0 rafra\u00eechir votre espace de travail d&#039;entreprise\",\"potentialAction\":[{\"@type\":\"SearchAction\",\"target\":{\"@type\":\"EntryPoint\",\"urlTemplate\":\"https:\/\/metrointeriors.ca\/?s={search_term_string}\"},\"query-input\":{\"@type\":\"PropertyValueSpecification\",\"valueRequired\":true,\"valueName\":\"search_term_string\"}}],\"inLanguage\":\"fr-FR\"}]}<\/script>\n<!-- \/ Yoast SEO plugin. -->","yoast_head_json":{"title":"Compile - Metro Interiors","robots":{"index":"index","follow":"follow","max-snippet":"max-snippet:-1","max-image-preview":"max-image-preview:large","max-video-preview":"max-video-preview:-1"},"canonical":"https:\/\/metrointeriors.ca\/fr\/produit\/station-de-service-global-compile\/","og_locale":"fr_FR","og_type":"article","og_title":"Compile - Metro Interiors","og_description":"Simple et rationnelle.\u00a0La gamme Compile est une collection d\u2019\u00e9l\u00e9ments song\u00e9s, rassembl\u00e9s avec soin pour offrir une fonctionnalit\u00e9 optimale et une valeur in\u00e9gal\u00e9e.","og_url":"https:\/\/metrointeriors.ca\/fr\/produit\/station-de-service-global-compile\/","og_site_name":"Metro Interiors","article_modified_time":"2023-08-23T19:56:57+00:00","og_image":[{"width":1080,"height":1080,"url":"https:\/\/metrointeriors.ca\/wp-content\/uploads\/2021\/08\/01_BBB0002_1080SQUARE.jpg","type":"image\/jpeg"}],"twitter_card":"summary_large_image","twitter_misc":{"Dur\u00e9e de lecture estim\u00e9e":"1 minute"},"schema":{"@context":"https:\/\/schema.org","@graph":[{"@type":"WebPage","@id":"https:\/\/metrointeriors.ca\/fr\/produit\/station-de-service-global-compile\/","url":"https:\/\/metrointeriors.ca\/fr\/produit\/station-de-service-global-compile\/","name":"Compile - Metro Interiors","isPartOf":{"@id":"https:\/\/metrointeriors.ca\/#website"},"primaryImageOfPage":{"@id":"https:\/\/metrointeriors.ca\/fr\/produit\/station-de-service-global-compile\/#primaryimage"},"image":{"@id":"https:\/\/metrointeriors.ca\/fr\/produit\/station-de-service-global-compile\/#primaryimage"},"thumbnailUrl":"https:\/\/metrointeriors.ca\/wp-content\/uploads\/2021\/08\/01_BBB0002_1080SQUARE.jpg","datePublished":"2021-08-27T14:29:46+00:00","dateModified":"2023-08-23T19:56:57+00:00","breadcrumb":{"@id":"https:\/\/metrointeriors.ca\/fr\/produit\/station-de-service-global-compile\/#breadcrumb"},"inLanguage":"fr-FR","potentialAction":[{"@type":"ReadAction","target":["https:\/\/metrointeriors.ca\/fr\/produit\/station-de-service-global-compile\/"]}]},{"@type":"ImageObject","inLanguage":"fr-FR","@id":"https:\/\/metrointeriors.ca\/fr\/produit\/station-de-service-global-compile\/#primaryimage","url":"https:\/\/metrointeriors.ca\/wp-content\/uploads\/2021\/08\/01_BBB0002_1080SQUARE.jpg","contentUrl":"https:\/\/metrointeriors.ca\/wp-content\/uploads\/2021\/08\/01_BBB0002_1080SQUARE.jpg","width":1080,"height":1080,"caption":"Compile Workstation"},{"@type":"BreadcrumbList","@id":"https:\/\/metrointeriors.ca\/fr\/produit\/station-de-service-global-compile\/#breadcrumb","itemListElement":[{"@type":"ListItem","position":1,"name":"Home","item":"https:\/\/metrointeriors.ca\/fr\/"},{"@type":"ListItem","position":2,"name":"Boutique","item":"https:\/\/metrointeriors.ca\/fr\/boutique\/"},{"@type":"ListItem","position":3,"name":"Compile"}]},{"@type":"WebSite","@id":"https:\/\/metrointeriors.ca\/#website","url":"https:\/\/metrointeriors.ca\/","name":"Metro Interiors","description":"Laissez-nous vous aider \u00e0 rafra\u00eechir votre espace de travail d&#039;entreprise","potentialAction":[{"@type":"SearchAction","target":{"@type":"EntryPoint","urlTemplate":"https:\/\/metrointeriors.ca\/?s={search_term_string}"},"query-input":{"@type":"PropertyValueSpecification","valueRequired":true,"valueName":"search_term_string"}}],"inLanguage":"fr-FR"}]}},"_links":{"self":[{"href":"https:\/\/metrointeriors.ca\/fr\/wp-json\/wp\/v2\/product\/2626","targetHints":{"allow":["GET"]}}],"collection":[{"href":"https:\/\/metrointeriors.ca\/fr\/wp-json\/wp\/v2\/product"}],"about":[{"href":"https:\/\/metrointeriors.ca\/fr\/wp-json\/wp\/v2\/types\/product"}],"replies":[{"embeddable":true,"href":"https:\/\/metrointeriors.ca\/fr\/wp-json\/wp\/v2\/comments?post=2626"}],"wp:featuredmedia":[{"embeddable":true,"href":"https:\/\/metrointeriors.ca\/fr\/wp-json\/wp\/v2\/media\/1703"}],"wp:attachment":[{"href":"https:\/\/metrointeriors.ca\/fr\/wp-json\/wp\/v2\/media?parent=2626"}],"wp:term":[{"taxonomy":"product_brand","embeddable":true,"href":"https:\/\/metrointeriors.ca\/fr\/wp-json\/wp\/v2\/product_brand?post=2626"},{"taxonomy":"product_cat","embeddable":true,"href":"https:\/\/metrointeriors.ca\/fr\/wp-json\/wp\/v2\/product_cat?post=2626"},{"taxonomy":"product_tag","embeddable":true,"href":"https:\/\/metrointeriors.ca\/fr\/wp-json\/wp\/v2\/product_tag?post=2626"}],"curies":[{"name":"wp","href":"https:\/\/api.w.org\/{rel}","templated":true}]}}