{"id":1550,"date":"2021-10-05T11:10:37","date_gmt":"2021-10-05T11:10:37","guid":{"rendered":"https:\/\/samsaragold.com\/product\/quad\/"},"modified":"2021-10-09T11:39:51","modified_gmt":"2021-10-09T11:39:51","slug":"quad","status":"publish","type":"product","link":"https:\/\/metrointeriors.ca\/fr\/produit\/quad\/","title":{"rendered":"Quad"},"content":{"rendered":"<p>QUAD est une ligne compl\u00e8te de mobilier de bureau aux lignes simples qui combine un subtil m\u00e9lange de m\u00e9lamine \u00e0 motifs de grain de bois ou de couleurs solides avec des accents de m\u00e9tal.<\/p>\n<p><a href=\"http:\/\/www.groupelacasse.ca\/Brix?pageID=8\" target=\"_blank\" rel=\"noopener\">Groupe Lacasse<\/a><\/p>\n","protected":false},"excerpt":{"rendered":"<p>Lorem Ipsum is simply dummy text of the printing and typesetting industry.<\/p>\n","protected":false},"featured_media":437,"comment_status":"closed","ping_status":"closed","template":"","meta":{"_et_pb_use_builder":"","_et_pb_old_content":"","_et_gb_content_width":""},"product_brand":[],"product_cat":[153,155],"product_tag":[],"class_list":{"0":"post-1550","1":"product","2":"type-product","3":"status-publish","4":"has-post-thumbnail","6":"product_cat-cubicules","7":"product_cat-case-lacasse-fr","9":"first","10":"instock","11":"product-type-simple"},"yoast_head":"<!-- This site is optimized with the Yoast SEO plugin v27.0 - https:\/\/yoast.com\/product\/yoast-seo-wordpress\/ -->\n<title>Quad - Metro Interiors<\/title>\n<meta name=\"robots\" content=\"index, follow, max-snippet:-1, max-image-preview:large, max-video-preview:-1\" \/>\n<link rel=\"canonical\" href=\"https:\/\/metrointeriors.ca\/fr\/produit\/quad\/\" \/>\n<meta property=\"og:locale\" content=\"fr_FR\" \/>\n<meta property=\"og:type\" content=\"article\" \/>\n<meta property=\"og:title\" content=\"Quad - Metro Interiors\" \/>\n<meta property=\"og:description\" content=\"Lorem Ipsum is simply dummy text of the printing and typesetting industry.\" \/>\n<meta property=\"og:url\" content=\"https:\/\/metrointeriors.ca\/fr\/produit\/quad\/\" \/>\n<meta property=\"og:site_name\" content=\"Metro Interiors\" \/>\n<meta property=\"article:modified_time\" content=\"2021-10-09T11:39:51+00:00\" \/>\n<meta property=\"og:image\" content=\"https:\/\/metrointeriors.ca\/wp-content\/uploads\/2021\/08\/Quad_15A_GVR_SNO_CLY_web_09.jpg\" \/>\n\t<meta property=\"og:image:width\" content=\"616\" \/>\n\t<meta property=\"og:image:height\" content=\"525\" \/>\n\t<meta property=\"og:image:type\" content=\"image\/jpeg\" \/>\n<meta name=\"twitter:card\" content=\"summary_large_image\" \/>\n<script type=\"application\/ld+json\" class=\"yoast-schema-graph\">{\"@context\":\"https:\/\/schema.org\",\"@graph\":[{\"@type\":\"WebPage\",\"@id\":\"https:\/\/metrointeriors.ca\/fr\/produit\/quad\/\",\"url\":\"https:\/\/metrointeriors.ca\/fr\/produit\/quad\/\",\"name\":\"Quad - Metro Interiors\",\"isPartOf\":{\"@id\":\"https:\/\/metrointeriors.ca\/#website\"},\"primaryImageOfPage\":{\"@id\":\"https:\/\/metrointeriors.ca\/fr\/produit\/quad\/#primaryimage\"},\"image\":{\"@id\":\"https:\/\/metrointeriors.ca\/fr\/produit\/quad\/#primaryimage\"},\"thumbnailUrl\":\"https:\/\/metrointeriors.ca\/wp-content\/uploads\/2021\/08\/Quad_15A_GVR_SNO_CLY_web_09.jpg\",\"datePublished\":\"2021-10-05T11:10:37+00:00\",\"dateModified\":\"2021-10-09T11:39:51+00:00\",\"breadcrumb\":{\"@id\":\"https:\/\/metrointeriors.ca\/fr\/produit\/quad\/#breadcrumb\"},\"inLanguage\":\"fr-FR\",\"potentialAction\":[{\"@type\":\"ReadAction\",\"target\":[\"https:\/\/metrointeriors.ca\/fr\/produit\/quad\/\"]}]},{\"@type\":\"ImageObject\",\"inLanguage\":\"fr-FR\",\"@id\":\"https:\/\/metrointeriors.ca\/fr\/produit\/quad\/#primaryimage\",\"url\":\"https:\/\/metrointeriors.ca\/wp-content\/uploads\/2021\/08\/Quad_15A_GVR_SNO_CLY_web_09.jpg\",\"contentUrl\":\"https:\/\/metrointeriors.ca\/wp-content\/uploads\/2021\/08\/Quad_15A_GVR_SNO_CLY_web_09.jpg\",\"width\":616,\"height\":525,\"caption\":\"Quad\"},{\"@type\":\"BreadcrumbList\",\"@id\":\"https:\/\/metrointeriors.ca\/fr\/produit\/quad\/#breadcrumb\",\"itemListElement\":[{\"@type\":\"ListItem\",\"position\":1,\"name\":\"Home\",\"item\":\"https:\/\/metrointeriors.ca\/fr\/\"},{\"@type\":\"ListItem\",\"position\":2,\"name\":\"Boutique\",\"item\":\"https:\/\/metrointeriors.ca\/fr\/boutique\/\"},{\"@type\":\"ListItem\",\"position\":3,\"name\":\"Quad\"}]},{\"@type\":\"WebSite\",\"@id\":\"https:\/\/metrointeriors.ca\/#website\",\"url\":\"https:\/\/metrointeriors.ca\/\",\"name\":\"Metro Interiors\",\"description\":\"Laissez-nous vous aider \u00e0 rafra\u00eechir votre espace de travail d&#039;entreprise\",\"potentialAction\":[{\"@type\":\"SearchAction\",\"target\":{\"@type\":\"EntryPoint\",\"urlTemplate\":\"https:\/\/metrointeriors.ca\/?s={search_term_string}\"},\"query-input\":{\"@type\":\"PropertyValueSpecification\",\"valueRequired\":true,\"valueName\":\"search_term_string\"}}],\"inLanguage\":\"fr-FR\"}]}<\/script>\n<!-- \/ Yoast SEO plugin. -->","yoast_head_json":{"title":"Quad - Metro Interiors","robots":{"index":"index","follow":"follow","max-snippet":"max-snippet:-1","max-image-preview":"max-image-preview:large","max-video-preview":"max-video-preview:-1"},"canonical":"https:\/\/metrointeriors.ca\/fr\/produit\/quad\/","og_locale":"fr_FR","og_type":"article","og_title":"Quad - Metro Interiors","og_description":"Lorem Ipsum is simply dummy text of the printing and typesetting industry.","og_url":"https:\/\/metrointeriors.ca\/fr\/produit\/quad\/","og_site_name":"Metro Interiors","article_modified_time":"2021-10-09T11:39:51+00:00","og_image":[{"width":616,"height":525,"url":"https:\/\/metrointeriors.ca\/wp-content\/uploads\/2021\/08\/Quad_15A_GVR_SNO_CLY_web_09.jpg","type":"image\/jpeg"}],"twitter_card":"summary_large_image","schema":{"@context":"https:\/\/schema.org","@graph":[{"@type":"WebPage","@id":"https:\/\/metrointeriors.ca\/fr\/produit\/quad\/","url":"https:\/\/metrointeriors.ca\/fr\/produit\/quad\/","name":"Quad - Metro Interiors","isPartOf":{"@id":"https:\/\/metrointeriors.ca\/#website"},"primaryImageOfPage":{"@id":"https:\/\/metrointeriors.ca\/fr\/produit\/quad\/#primaryimage"},"image":{"@id":"https:\/\/metrointeriors.ca\/fr\/produit\/quad\/#primaryimage"},"thumbnailUrl":"https:\/\/metrointeriors.ca\/wp-content\/uploads\/2021\/08\/Quad_15A_GVR_SNO_CLY_web_09.jpg","datePublished":"2021-10-05T11:10:37+00:00","dateModified":"2021-10-09T11:39:51+00:00","breadcrumb":{"@id":"https:\/\/metrointeriors.ca\/fr\/produit\/quad\/#breadcrumb"},"inLanguage":"fr-FR","potentialAction":[{"@type":"ReadAction","target":["https:\/\/metrointeriors.ca\/fr\/produit\/quad\/"]}]},{"@type":"ImageObject","inLanguage":"fr-FR","@id":"https:\/\/metrointeriors.ca\/fr\/produit\/quad\/#primaryimage","url":"https:\/\/metrointeriors.ca\/wp-content\/uploads\/2021\/08\/Quad_15A_GVR_SNO_CLY_web_09.jpg","contentUrl":"https:\/\/metrointeriors.ca\/wp-content\/uploads\/2021\/08\/Quad_15A_GVR_SNO_CLY_web_09.jpg","width":616,"height":525,"caption":"Quad"},{"@type":"BreadcrumbList","@id":"https:\/\/metrointeriors.ca\/fr\/produit\/quad\/#breadcrumb","itemListElement":[{"@type":"ListItem","position":1,"name":"Home","item":"https:\/\/metrointeriors.ca\/fr\/"},{"@type":"ListItem","position":2,"name":"Boutique","item":"https:\/\/metrointeriors.ca\/fr\/boutique\/"},{"@type":"ListItem","position":3,"name":"Quad"}]},{"@type":"WebSite","@id":"https:\/\/metrointeriors.ca\/#website","url":"https:\/\/metrointeriors.ca\/","name":"Metro Interiors","description":"Laissez-nous vous aider \u00e0 rafra\u00eechir votre espace de travail d&#039;entreprise","potentialAction":[{"@type":"SearchAction","target":{"@type":"EntryPoint","urlTemplate":"https:\/\/metrointeriors.ca\/?s={search_term_string}"},"query-input":{"@type":"PropertyValueSpecification","valueRequired":true,"valueName":"search_term_string"}}],"inLanguage":"fr-FR"}]}},"_links":{"self":[{"href":"https:\/\/metrointeriors.ca\/fr\/wp-json\/wp\/v2\/product\/1550","targetHints":{"allow":["GET"]}}],"collection":[{"href":"https:\/\/metrointeriors.ca\/fr\/wp-json\/wp\/v2\/product"}],"about":[{"href":"https:\/\/metrointeriors.ca\/fr\/wp-json\/wp\/v2\/types\/product"}],"replies":[{"embeddable":true,"href":"https:\/\/metrointeriors.ca\/fr\/wp-json\/wp\/v2\/comments?post=1550"}],"wp:featuredmedia":[{"embeddable":true,"href":"https:\/\/metrointeriors.ca\/fr\/wp-json\/wp\/v2\/media\/437"}],"wp:attachment":[{"href":"https:\/\/metrointeriors.ca\/fr\/wp-json\/wp\/v2\/media?parent=1550"}],"wp:term":[{"taxonomy":"product_brand","embeddable":true,"href":"https:\/\/metrointeriors.ca\/fr\/wp-json\/wp\/v2\/product_brand?post=1550"},{"taxonomy":"product_cat","embeddable":true,"href":"https:\/\/metrointeriors.ca\/fr\/wp-json\/wp\/v2\/product_cat?post=1550"},{"taxonomy":"product_tag","embeddable":true,"href":"https:\/\/metrointeriors.ca\/fr\/wp-json\/wp\/v2\/product_tag?post=1550"}],"curies":[{"name":"wp","href":"https:\/\/api.w.org\/{rel}","templated":true}]}}