{"id":1542,"date":"2021-10-05T11:10:37","date_gmt":"2021-10-05T11:10:37","guid":{"rendered":"https:\/\/samsaragold.com\/product\/zira\/"},"modified":"2021-10-09T11:58:42","modified_gmt":"2021-10-09T11:58:42","slug":"zira","status":"publish","type":"product","link":"https:\/\/metrointeriors.ca\/fr\/produit\/zira\/","title":{"rendered":"Zira"},"content":{"rendered":"<p>Une solution contemporaine pour bureau avec options extensif pour personnaliser votre espace de travail. &#8211; Pour l&rsquo;application manag\u00e9riale ou le bureau ex\u00e9cutif, cr\u00e9ez un environnement de travail qui r\u00e9pond \u00e0 vos besoins de surface de travail et \u00e0 vos besoins de stockage. Ensuite, allez-y, personnalisez-le! &#8211; S\u00e9lectionnez parmi les \u00e9l\u00e9ments suivants: des centaines de composants pour n&rsquo;importe quel bureau de taille ou de forme, des composants de stockage pouvant atteindre 84 \u00ab\u00a0de haut, un large choix de finitions stratifi\u00e9es, plusieurs options de bord et des tailles d&rsquo;\u00e9paisseur, des options de poign\u00e9e en finitions en argent, noir, nickel ou laiton , Des options de vitrage sur les portes et des panneaux de modestie, et enfin des oeillets de surface de travail et des blocs de puissance pour vos besoins \u00e9lectriques. &#8211; Zira est votre solution la plus fonctionnelle pour l&rsquo;efficacit\u00e9 et l&rsquo;organisation de l&rsquo;environnement de travail.<\/p>\n<p><a href=\"http:\/\/www.globalcontract.com\/\" target=\"_blank\" rel=\"noopener\">GlobalContract<\/a><\/p>\n","protected":false},"excerpt":{"rendered":"<p>Lorem Ipsum is simply dummy text of the printing and typesetting industry.<\/p>\n","protected":false},"featured_media":426,"comment_status":"closed","ping_status":"closed","template":"","meta":{"_et_pb_use_builder":"","_et_pb_old_content":"","_et_gb_content_width":""},"product_brand":[],"product_cat":[153,150],"product_tag":[],"class_list":{"0":"post-1542","1":"product","2":"type-product","3":"status-publish","4":"has-post-thumbnail","6":"product_cat-cubicules","7":"product_cat-case-global-fr","9":"first","10":"instock","11":"product-type-simple"},"yoast_head":"<!-- This site is optimized with the Yoast SEO plugin v27.0 - https:\/\/yoast.com\/product\/yoast-seo-wordpress\/ -->\n<title>Zira - Metro Interiors<\/title>\n<meta name=\"robots\" content=\"index, follow, max-snippet:-1, max-image-preview:large, max-video-preview:-1\" \/>\n<link rel=\"canonical\" href=\"https:\/\/metrointeriors.ca\/fr\/produit\/zira\/\" \/>\n<meta property=\"og:locale\" content=\"fr_FR\" \/>\n<meta property=\"og:type\" content=\"article\" \/>\n<meta property=\"og:title\" content=\"Zira - Metro Interiors\" \/>\n<meta property=\"og:description\" content=\"Lorem Ipsum is simply dummy text of the printing and typesetting industry.\" \/>\n<meta property=\"og:url\" content=\"https:\/\/metrointeriors.ca\/fr\/produit\/zira\/\" \/>\n<meta property=\"og:site_name\" content=\"Metro Interiors\" \/>\n<meta property=\"article:modified_time\" content=\"2021-10-09T11:58:42+00:00\" \/>\n<meta property=\"og:image\" content=\"https:\/\/metrointeriors.ca\/wp-content\/uploads\/2021\/08\/zira1.jpg\" \/>\n\t<meta property=\"og:image:width\" content=\"700\" \/>\n\t<meta property=\"og:image:height\" content=\"515\" \/>\n\t<meta property=\"og:image:type\" content=\"image\/jpeg\" \/>\n<meta name=\"twitter:card\" content=\"summary_large_image\" \/>\n<meta name=\"twitter:label1\" content=\"Dur\u00e9e de lecture estim\u00e9e\" \/>\n\t<meta name=\"twitter:data1\" content=\"1 minute\" \/>\n<script type=\"application\/ld+json\" class=\"yoast-schema-graph\">{\"@context\":\"https:\/\/schema.org\",\"@graph\":[{\"@type\":\"WebPage\",\"@id\":\"https:\/\/metrointeriors.ca\/fr\/produit\/zira\/\",\"url\":\"https:\/\/metrointeriors.ca\/fr\/produit\/zira\/\",\"name\":\"Zira - Metro Interiors\",\"isPartOf\":{\"@id\":\"https:\/\/metrointeriors.ca\/#website\"},\"primaryImageOfPage\":{\"@id\":\"https:\/\/metrointeriors.ca\/fr\/produit\/zira\/#primaryimage\"},\"image\":{\"@id\":\"https:\/\/metrointeriors.ca\/fr\/produit\/zira\/#primaryimage\"},\"thumbnailUrl\":\"https:\/\/metrointeriors.ca\/wp-content\/uploads\/2021\/08\/zira1.jpg\",\"datePublished\":\"2021-10-05T11:10:37+00:00\",\"dateModified\":\"2021-10-09T11:58:42+00:00\",\"breadcrumb\":{\"@id\":\"https:\/\/metrointeriors.ca\/fr\/produit\/zira\/#breadcrumb\"},\"inLanguage\":\"fr-FR\",\"potentialAction\":[{\"@type\":\"ReadAction\",\"target\":[\"https:\/\/metrointeriors.ca\/fr\/produit\/zira\/\"]}]},{\"@type\":\"ImageObject\",\"inLanguage\":\"fr-FR\",\"@id\":\"https:\/\/metrointeriors.ca\/fr\/produit\/zira\/#primaryimage\",\"url\":\"https:\/\/metrointeriors.ca\/wp-content\/uploads\/2021\/08\/zira1.jpg\",\"contentUrl\":\"https:\/\/metrointeriors.ca\/wp-content\/uploads\/2021\/08\/zira1.jpg\",\"width\":700,\"height\":515,\"caption\":\"Zira\"},{\"@type\":\"BreadcrumbList\",\"@id\":\"https:\/\/metrointeriors.ca\/fr\/produit\/zira\/#breadcrumb\",\"itemListElement\":[{\"@type\":\"ListItem\",\"position\":1,\"name\":\"Home\",\"item\":\"https:\/\/metrointeriors.ca\/fr\/\"},{\"@type\":\"ListItem\",\"position\":2,\"name\":\"Boutique\",\"item\":\"https:\/\/metrointeriors.ca\/fr\/boutique\/\"},{\"@type\":\"ListItem\",\"position\":3,\"name\":\"Zira\"}]},{\"@type\":\"WebSite\",\"@id\":\"https:\/\/metrointeriors.ca\/#website\",\"url\":\"https:\/\/metrointeriors.ca\/\",\"name\":\"Metro Interiors\",\"description\":\"Laissez-nous vous aider \u00e0 rafra\u00eechir votre espace de travail d&#039;entreprise\",\"potentialAction\":[{\"@type\":\"SearchAction\",\"target\":{\"@type\":\"EntryPoint\",\"urlTemplate\":\"https:\/\/metrointeriors.ca\/?s={search_term_string}\"},\"query-input\":{\"@type\":\"PropertyValueSpecification\",\"valueRequired\":true,\"valueName\":\"search_term_string\"}}],\"inLanguage\":\"fr-FR\"}]}<\/script>\n<!-- \/ Yoast SEO plugin. -->","yoast_head_json":{"title":"Zira - Metro Interiors","robots":{"index":"index","follow":"follow","max-snippet":"max-snippet:-1","max-image-preview":"max-image-preview:large","max-video-preview":"max-video-preview:-1"},"canonical":"https:\/\/metrointeriors.ca\/fr\/produit\/zira\/","og_locale":"fr_FR","og_type":"article","og_title":"Zira - Metro Interiors","og_description":"Lorem Ipsum is simply dummy text of the printing and typesetting industry.","og_url":"https:\/\/metrointeriors.ca\/fr\/produit\/zira\/","og_site_name":"Metro Interiors","article_modified_time":"2021-10-09T11:58:42+00:00","og_image":[{"width":700,"height":515,"url":"https:\/\/metrointeriors.ca\/wp-content\/uploads\/2021\/08\/zira1.jpg","type":"image\/jpeg"}],"twitter_card":"summary_large_image","twitter_misc":{"Dur\u00e9e de lecture estim\u00e9e":"1 minute"},"schema":{"@context":"https:\/\/schema.org","@graph":[{"@type":"WebPage","@id":"https:\/\/metrointeriors.ca\/fr\/produit\/zira\/","url":"https:\/\/metrointeriors.ca\/fr\/produit\/zira\/","name":"Zira - Metro Interiors","isPartOf":{"@id":"https:\/\/metrointeriors.ca\/#website"},"primaryImageOfPage":{"@id":"https:\/\/metrointeriors.ca\/fr\/produit\/zira\/#primaryimage"},"image":{"@id":"https:\/\/metrointeriors.ca\/fr\/produit\/zira\/#primaryimage"},"thumbnailUrl":"https:\/\/metrointeriors.ca\/wp-content\/uploads\/2021\/08\/zira1.jpg","datePublished":"2021-10-05T11:10:37+00:00","dateModified":"2021-10-09T11:58:42+00:00","breadcrumb":{"@id":"https:\/\/metrointeriors.ca\/fr\/produit\/zira\/#breadcrumb"},"inLanguage":"fr-FR","potentialAction":[{"@type":"ReadAction","target":["https:\/\/metrointeriors.ca\/fr\/produit\/zira\/"]}]},{"@type":"ImageObject","inLanguage":"fr-FR","@id":"https:\/\/metrointeriors.ca\/fr\/produit\/zira\/#primaryimage","url":"https:\/\/metrointeriors.ca\/wp-content\/uploads\/2021\/08\/zira1.jpg","contentUrl":"https:\/\/metrointeriors.ca\/wp-content\/uploads\/2021\/08\/zira1.jpg","width":700,"height":515,"caption":"Zira"},{"@type":"BreadcrumbList","@id":"https:\/\/metrointeriors.ca\/fr\/produit\/zira\/#breadcrumb","itemListElement":[{"@type":"ListItem","position":1,"name":"Home","item":"https:\/\/metrointeriors.ca\/fr\/"},{"@type":"ListItem","position":2,"name":"Boutique","item":"https:\/\/metrointeriors.ca\/fr\/boutique\/"},{"@type":"ListItem","position":3,"name":"Zira"}]},{"@type":"WebSite","@id":"https:\/\/metrointeriors.ca\/#website","url":"https:\/\/metrointeriors.ca\/","name":"Metro Interiors","description":"Laissez-nous vous aider \u00e0 rafra\u00eechir votre espace de travail d&#039;entreprise","potentialAction":[{"@type":"SearchAction","target":{"@type":"EntryPoint","urlTemplate":"https:\/\/metrointeriors.ca\/?s={search_term_string}"},"query-input":{"@type":"PropertyValueSpecification","valueRequired":true,"valueName":"search_term_string"}}],"inLanguage":"fr-FR"}]}},"_links":{"self":[{"href":"https:\/\/metrointeriors.ca\/fr\/wp-json\/wp\/v2\/product\/1542","targetHints":{"allow":["GET"]}}],"collection":[{"href":"https:\/\/metrointeriors.ca\/fr\/wp-json\/wp\/v2\/product"}],"about":[{"href":"https:\/\/metrointeriors.ca\/fr\/wp-json\/wp\/v2\/types\/product"}],"replies":[{"embeddable":true,"href":"https:\/\/metrointeriors.ca\/fr\/wp-json\/wp\/v2\/comments?post=1542"}],"wp:featuredmedia":[{"embeddable":true,"href":"https:\/\/metrointeriors.ca\/fr\/wp-json\/wp\/v2\/media\/426"}],"wp:attachment":[{"href":"https:\/\/metrointeriors.ca\/fr\/wp-json\/wp\/v2\/media?parent=1542"}],"wp:term":[{"taxonomy":"product_brand","embeddable":true,"href":"https:\/\/metrointeriors.ca\/fr\/wp-json\/wp\/v2\/product_brand?post=1542"},{"taxonomy":"product_cat","embeddable":true,"href":"https:\/\/metrointeriors.ca\/fr\/wp-json\/wp\/v2\/product_cat?post=1542"},{"taxonomy":"product_tag","embeddable":true,"href":"https:\/\/metrointeriors.ca\/fr\/wp-json\/wp\/v2\/product_tag?post=1542"}],"curies":[{"name":"wp","href":"https:\/\/api.w.org\/{rel}","templated":true}]}}