{"id":1517,"date":"2021-10-05T11:10:31","date_gmt":"2021-10-05T11:10:31","guid":{"rendered":"https:\/\/samsaragold.com\/product\/bridges-ii\/"},"modified":"2021-10-05T12:15:22","modified_gmt":"2021-10-05T12:15:22","slug":"bridges-ii","status":"publish","type":"product","link":"https:\/\/metrointeriors.ca\/fr\/produit\/bridges-ii\/","title":{"rendered":"Bridges II"},"content":{"rendered":"<p>La solution la plus polyvalente a \u00e9t\u00e9 am\u00e9lior\u00e9e! Global Contract est fier d&rsquo;introduire Bridges Collaborative Seating, une collection de si\u00e8ges tr\u00e8s souple, d&rsquo;\u00e9crans de confidentialit\u00e9, de tables et de puissance.<br \/>\n\u00c0 son noyau, Bridges se concentre sur les assemblages lin\u00e9aires \u00e0 double arri\u00e8re, et sa bo\u00eete \u00e0 outils \u00e9largie le rend id\u00e9al pour une multitude de solutions en milieu de travail.<br \/>\nIl peut m\u00eame \u00eatre int\u00e9gr\u00e9 aux meubles syst\u00e8me. Bridges vous permet de le m\u00e9langer, de lancer des id\u00e9es, d&rsquo;\u00eatre mobile et de connecter les points de diff\u00e9rentes fa\u00e7ons. Bridges est enti\u00e8rement personnalisable avec sa vari\u00e9t\u00e9 de configurations, finitions et fonctionnalit\u00e9s de postes de travail, y compris l&rsquo;acc\u00e8s \u00e0 l&rsquo;alimentation \/ donn\u00e9es de la surface de travail, la partition en verre ou en stratifi\u00e9, la gestion des c\u00e2bles hors-vue et l&rsquo;extension facile des stations individuelles \u00e0 multi-personnes.<\/p>\n<p>\n<a href=\"http:\/\/www.globalcontract.com\/\" target=\"_blank\" rel=\"noopener\">GlobalContract<\/a><\/p>\n","protected":false},"excerpt":{"rendered":"<p>Lorem Ipsum is simply dummy text of the printing and typesetting industry.<\/p>\n","protected":false},"featured_media":393,"comment_status":"closed","ping_status":"closed","template":"","meta":{"_et_pb_use_builder":"","_et_pb_old_content":"","_et_gb_content_width":""},"product_brand":[],"product_cat":[152,147],"product_tag":[],"class_list":{"0":"post-1517","1":"product","2":"type-product","3":"status-publish","4":"has-post-thumbnail","6":"product_cat-bancs","7":"product_cat-ben-global-fr","9":"first","10":"instock","11":"product-type-simple"},"yoast_head":"<!-- This site is optimized with the Yoast SEO plugin v27.0 - https:\/\/yoast.com\/product\/yoast-seo-wordpress\/ -->\n<title>Bridges II - Metro Interiors<\/title>\n<meta name=\"robots\" content=\"index, follow, max-snippet:-1, max-image-preview:large, max-video-preview:-1\" \/>\n<link rel=\"canonical\" href=\"https:\/\/metrointeriors.ca\/fr\/produit\/bridges-ii\/\" \/>\n<meta property=\"og:locale\" content=\"fr_FR\" \/>\n<meta property=\"og:type\" content=\"article\" \/>\n<meta property=\"og:title\" content=\"Bridges II - Metro Interiors\" \/>\n<meta property=\"og:description\" content=\"Lorem Ipsum is simply dummy text of the printing and typesetting industry.\" \/>\n<meta property=\"og:url\" content=\"https:\/\/metrointeriors.ca\/fr\/produit\/bridges-ii\/\" \/>\n<meta property=\"og:site_name\" content=\"Metro Interiors\" \/>\n<meta property=\"article:modified_time\" content=\"2021-10-05T12:15:22+00:00\" \/>\n<meta property=\"og:image\" content=\"https:\/\/metrointeriors.ca\/wp-content\/uploads\/2021\/08\/bridges1.jpg\" \/>\n\t<meta property=\"og:image:width\" content=\"700\" \/>\n\t<meta property=\"og:image:height\" content=\"400\" \/>\n\t<meta property=\"og:image:type\" content=\"image\/jpeg\" \/>\n<meta name=\"twitter:card\" content=\"summary_large_image\" \/>\n<meta name=\"twitter:label1\" content=\"Dur\u00e9e de lecture estim\u00e9e\" \/>\n\t<meta name=\"twitter:data1\" content=\"1 minute\" \/>\n<script type=\"application\/ld+json\" class=\"yoast-schema-graph\">{\"@context\":\"https:\/\/schema.org\",\"@graph\":[{\"@type\":\"WebPage\",\"@id\":\"https:\/\/metrointeriors.ca\/fr\/produit\/bridges-ii\/\",\"url\":\"https:\/\/metrointeriors.ca\/fr\/produit\/bridges-ii\/\",\"name\":\"Bridges II - Metro Interiors\",\"isPartOf\":{\"@id\":\"https:\/\/metrointeriors.ca\/#website\"},\"primaryImageOfPage\":{\"@id\":\"https:\/\/metrointeriors.ca\/fr\/produit\/bridges-ii\/#primaryimage\"},\"image\":{\"@id\":\"https:\/\/metrointeriors.ca\/fr\/produit\/bridges-ii\/#primaryimage\"},\"thumbnailUrl\":\"https:\/\/metrointeriors.ca\/wp-content\/uploads\/2021\/08\/bridges1.jpg\",\"datePublished\":\"2021-10-05T11:10:31+00:00\",\"dateModified\":\"2021-10-05T12:15:22+00:00\",\"breadcrumb\":{\"@id\":\"https:\/\/metrointeriors.ca\/fr\/produit\/bridges-ii\/#breadcrumb\"},\"inLanguage\":\"fr-FR\",\"potentialAction\":[{\"@type\":\"ReadAction\",\"target\":[\"https:\/\/metrointeriors.ca\/fr\/produit\/bridges-ii\/\"]}]},{\"@type\":\"ImageObject\",\"inLanguage\":\"fr-FR\",\"@id\":\"https:\/\/metrointeriors.ca\/fr\/produit\/bridges-ii\/#primaryimage\",\"url\":\"https:\/\/metrointeriors.ca\/wp-content\/uploads\/2021\/08\/bridges1.jpg\",\"contentUrl\":\"https:\/\/metrointeriors.ca\/wp-content\/uploads\/2021\/08\/bridges1.jpg\",\"width\":700,\"height\":400,\"caption\":\"Bridges II\"},{\"@type\":\"BreadcrumbList\",\"@id\":\"https:\/\/metrointeriors.ca\/fr\/produit\/bridges-ii\/#breadcrumb\",\"itemListElement\":[{\"@type\":\"ListItem\",\"position\":1,\"name\":\"Home\",\"item\":\"https:\/\/metrointeriors.ca\/fr\/\"},{\"@type\":\"ListItem\",\"position\":2,\"name\":\"Boutique\",\"item\":\"https:\/\/metrointeriors.ca\/fr\/boutique\/\"},{\"@type\":\"ListItem\",\"position\":3,\"name\":\"Bridges II\"}]},{\"@type\":\"WebSite\",\"@id\":\"https:\/\/metrointeriors.ca\/#website\",\"url\":\"https:\/\/metrointeriors.ca\/\",\"name\":\"Metro Interiors\",\"description\":\"Laissez-nous vous aider \u00e0 rafra\u00eechir votre espace de travail d&#039;entreprise\",\"potentialAction\":[{\"@type\":\"SearchAction\",\"target\":{\"@type\":\"EntryPoint\",\"urlTemplate\":\"https:\/\/metrointeriors.ca\/?s={search_term_string}\"},\"query-input\":{\"@type\":\"PropertyValueSpecification\",\"valueRequired\":true,\"valueName\":\"search_term_string\"}}],\"inLanguage\":\"fr-FR\"}]}<\/script>\n<!-- \/ Yoast SEO plugin. -->","yoast_head_json":{"title":"Bridges II - Metro Interiors","robots":{"index":"index","follow":"follow","max-snippet":"max-snippet:-1","max-image-preview":"max-image-preview:large","max-video-preview":"max-video-preview:-1"},"canonical":"https:\/\/metrointeriors.ca\/fr\/produit\/bridges-ii\/","og_locale":"fr_FR","og_type":"article","og_title":"Bridges II - Metro Interiors","og_description":"Lorem Ipsum is simply dummy text of the printing and typesetting industry.","og_url":"https:\/\/metrointeriors.ca\/fr\/produit\/bridges-ii\/","og_site_name":"Metro Interiors","article_modified_time":"2021-10-05T12:15:22+00:00","og_image":[{"width":700,"height":400,"url":"https:\/\/metrointeriors.ca\/wp-content\/uploads\/2021\/08\/bridges1.jpg","type":"image\/jpeg"}],"twitter_card":"summary_large_image","twitter_misc":{"Dur\u00e9e de lecture estim\u00e9e":"1 minute"},"schema":{"@context":"https:\/\/schema.org","@graph":[{"@type":"WebPage","@id":"https:\/\/metrointeriors.ca\/fr\/produit\/bridges-ii\/","url":"https:\/\/metrointeriors.ca\/fr\/produit\/bridges-ii\/","name":"Bridges II - Metro Interiors","isPartOf":{"@id":"https:\/\/metrointeriors.ca\/#website"},"primaryImageOfPage":{"@id":"https:\/\/metrointeriors.ca\/fr\/produit\/bridges-ii\/#primaryimage"},"image":{"@id":"https:\/\/metrointeriors.ca\/fr\/produit\/bridges-ii\/#primaryimage"},"thumbnailUrl":"https:\/\/metrointeriors.ca\/wp-content\/uploads\/2021\/08\/bridges1.jpg","datePublished":"2021-10-05T11:10:31+00:00","dateModified":"2021-10-05T12:15:22+00:00","breadcrumb":{"@id":"https:\/\/metrointeriors.ca\/fr\/produit\/bridges-ii\/#breadcrumb"},"inLanguage":"fr-FR","potentialAction":[{"@type":"ReadAction","target":["https:\/\/metrointeriors.ca\/fr\/produit\/bridges-ii\/"]}]},{"@type":"ImageObject","inLanguage":"fr-FR","@id":"https:\/\/metrointeriors.ca\/fr\/produit\/bridges-ii\/#primaryimage","url":"https:\/\/metrointeriors.ca\/wp-content\/uploads\/2021\/08\/bridges1.jpg","contentUrl":"https:\/\/metrointeriors.ca\/wp-content\/uploads\/2021\/08\/bridges1.jpg","width":700,"height":400,"caption":"Bridges II"},{"@type":"BreadcrumbList","@id":"https:\/\/metrointeriors.ca\/fr\/produit\/bridges-ii\/#breadcrumb","itemListElement":[{"@type":"ListItem","position":1,"name":"Home","item":"https:\/\/metrointeriors.ca\/fr\/"},{"@type":"ListItem","position":2,"name":"Boutique","item":"https:\/\/metrointeriors.ca\/fr\/boutique\/"},{"@type":"ListItem","position":3,"name":"Bridges II"}]},{"@type":"WebSite","@id":"https:\/\/metrointeriors.ca\/#website","url":"https:\/\/metrointeriors.ca\/","name":"Metro Interiors","description":"Laissez-nous vous aider \u00e0 rafra\u00eechir votre espace de travail d&#039;entreprise","potentialAction":[{"@type":"SearchAction","target":{"@type":"EntryPoint","urlTemplate":"https:\/\/metrointeriors.ca\/?s={search_term_string}"},"query-input":{"@type":"PropertyValueSpecification","valueRequired":true,"valueName":"search_term_string"}}],"inLanguage":"fr-FR"}]}},"_links":{"self":[{"href":"https:\/\/metrointeriors.ca\/fr\/wp-json\/wp\/v2\/product\/1517","targetHints":{"allow":["GET"]}}],"collection":[{"href":"https:\/\/metrointeriors.ca\/fr\/wp-json\/wp\/v2\/product"}],"about":[{"href":"https:\/\/metrointeriors.ca\/fr\/wp-json\/wp\/v2\/types\/product"}],"replies":[{"embeddable":true,"href":"https:\/\/metrointeriors.ca\/fr\/wp-json\/wp\/v2\/comments?post=1517"}],"wp:featuredmedia":[{"embeddable":true,"href":"https:\/\/metrointeriors.ca\/fr\/wp-json\/wp\/v2\/media\/393"}],"wp:attachment":[{"href":"https:\/\/metrointeriors.ca\/fr\/wp-json\/wp\/v2\/media?parent=1517"}],"wp:term":[{"taxonomy":"product_brand","embeddable":true,"href":"https:\/\/metrointeriors.ca\/fr\/wp-json\/wp\/v2\/product_brand?post=1517"},{"taxonomy":"product_cat","embeddable":true,"href":"https:\/\/metrointeriors.ca\/fr\/wp-json\/wp\/v2\/product_cat?post=1517"},{"taxonomy":"product_tag","embeddable":true,"href":"https:\/\/metrointeriors.ca\/fr\/wp-json\/wp\/v2\/product_tag?post=1517"}],"curies":[{"name":"wp","href":"https:\/\/api.w.org\/{rel}","templated":true}]}}