{"id":1434,"date":"2023-02-22T16:48:17","date_gmt":"2021-10-05T11:10:04","guid":{"rendered":"https:\/\/samsaragold.com\/product\/boulevard\/"},"modified":"2023-08-23T19:56:38","modified_gmt":"2023-08-23T19:56:38","slug":"station-de-service-global-boulevard-system-3","status":"publish","type":"product","link":"https:\/\/metrointeriors.ca\/fr\/produit\/station-de-service-global-boulevard-system-3\/","title":{"rendered":"Boulevard System 3"},"content":{"rendered":"<p>Choisissez parmi une offre contemporaine \u00e9largie de tissus et de finitions. Quand les temps changent &#8230; Boulevard s&rsquo;adapte. <b>\u00a0<\/b><\/p>\n<p>Boulevard\u00ae lets you easily create applications that support social interaction, group work and focused work.<\/p>\n<h2>Cr\u00e9ez, encouragez, collaborez.<\/h2>\n<p>Fa\u00e7onnez votre espace. La gamme Boulevard System 3 jette les fondements qui permettent de cr\u00e9er des lieux de travail dynamiques, des espaces qui \u00e9voluent et s\u2019adaptent aux r\u00e9alit\u00e9s du milieu de travail d\u2019aujourd\u2019hui. System 3 structure l\u2019espace pour soutenir le travail individuel tout en facilitant l\u2019interaction entre les gens et entre les espaces qu\u2019ils partagent. M\u00e9nagez-vous des moments plus intimes, \u00e0 l\u2019\u00e9cart, \u00e0 l\u2019abri du tumulte d\u2019un bureau affair\u00e9. Configurez votre havre, et r\u00e9am\u00e9nagez-le au gr\u00e9 de vos besoins gr\u00e2ce \u00e0 une collection concise de modules et de pi\u00e8ces. Remplacez tout simplement les carreaux par d\u2019autres \u2013 en verre, en tableau blanc, en textile ou \u00e0 graphique \u2013 mieux adapt\u00e9s \u00e0 vos exigences du moment et \u00e0 vos besoins d\u2019intimit\u00e9.<\/p>\n","protected":false},"excerpt":{"rendered":"<p>Boulevard est bas\u00e9 sur la simplicit\u00e9 &#8230; Simple \u00e0 sp\u00e9cifier, simple \u00e0 installer, simple \u00e0 entretenir et \u00e0 reconfigurer et avec une fiabilit\u00e9 \u00e9prouv\u00e9e.<\/p>\n","protected":false},"featured_media":1675,"comment_status":"closed","ping_status":"closed","template":"","meta":{"_et_pb_use_builder":"off","_et_pb_old_content":"","_et_gb_content_width":""},"product_brand":[],"product_cat":[325],"product_tag":[],"class_list":{"0":"post-1434","1":"product","2":"type-product","3":"status-publish","4":"has-post-thumbnail","6":"product_cat-stations-de-travail-mu","8":"first","9":"instock","10":"product-type-simple"},"yoast_head":"<!-- This site is optimized with the Yoast SEO plugin v27.0 - https:\/\/yoast.com\/product\/yoast-seo-wordpress\/ -->\n<title>Boulevard System 3 - Metro Interiors<\/title>\n<meta name=\"robots\" content=\"index, follow, max-snippet:-1, max-image-preview:large, max-video-preview:-1\" \/>\n<link rel=\"canonical\" href=\"https:\/\/metrointeriors.ca\/fr\/produit\/station-de-service-global-boulevard-system-3\/\" \/>\n<meta property=\"og:locale\" content=\"fr_FR\" \/>\n<meta property=\"og:type\" content=\"article\" \/>\n<meta property=\"og:title\" content=\"Boulevard System 3 - Metro Interiors\" \/>\n<meta property=\"og:description\" content=\"Boulevard est bas\u00e9 sur la simplicit\u00e9 ... Simple \u00e0 sp\u00e9cifier, simple \u00e0 installer, simple \u00e0 entretenir et \u00e0 reconfigurer et avec une fiabilit\u00e9 \u00e9prouv\u00e9e.\" \/>\n<meta property=\"og:url\" content=\"https:\/\/metrointeriors.ca\/fr\/produit\/station-de-service-global-boulevard-system-3\/\" \/>\n<meta property=\"og:site_name\" content=\"Metro Interiors\" \/>\n<meta property=\"article:modified_time\" content=\"2023-08-23T19:56:38+00:00\" \/>\n<meta property=\"og:image\" content=\"https:\/\/metrointeriors.ca\/wp-content\/uploads\/2021\/08\/Global-Boulevard-Feature-Big-Square-1.jpg\" \/>\n\t<meta property=\"og:image:width\" content=\"1080\" \/>\n\t<meta property=\"og:image:height\" content=\"1080\" \/>\n\t<meta property=\"og:image:type\" content=\"image\/jpeg\" \/>\n<meta name=\"twitter:card\" content=\"summary_large_image\" \/>\n<meta name=\"twitter:label1\" content=\"Dur\u00e9e de lecture estim\u00e9e\" \/>\n\t<meta name=\"twitter:data1\" content=\"1 minute\" \/>\n<script type=\"application\/ld+json\" class=\"yoast-schema-graph\">{\"@context\":\"https:\/\/schema.org\",\"@graph\":[{\"@type\":\"WebPage\",\"@id\":\"https:\/\/metrointeriors.ca\/fr\/produit\/station-de-service-global-boulevard-system-3\/\",\"url\":\"https:\/\/metrointeriors.ca\/fr\/produit\/station-de-service-global-boulevard-system-3\/\",\"name\":\"Boulevard System 3 - Metro Interiors\",\"isPartOf\":{\"@id\":\"https:\/\/metrointeriors.ca\/#website\"},\"primaryImageOfPage\":{\"@id\":\"https:\/\/metrointeriors.ca\/fr\/produit\/station-de-service-global-boulevard-system-3\/#primaryimage\"},\"image\":{\"@id\":\"https:\/\/metrointeriors.ca\/fr\/produit\/station-de-service-global-boulevard-system-3\/#primaryimage\"},\"thumbnailUrl\":\"https:\/\/metrointeriors.ca\/wp-content\/uploads\/2021\/08\/Global-Boulevard-Feature-Big-Square-1.jpg\",\"datePublished\":\"2021-10-05T11:10:04+00:00\",\"dateModified\":\"2023-08-23T19:56:38+00:00\",\"breadcrumb\":{\"@id\":\"https:\/\/metrointeriors.ca\/fr\/produit\/station-de-service-global-boulevard-system-3\/#breadcrumb\"},\"inLanguage\":\"fr-FR\",\"potentialAction\":[{\"@type\":\"ReadAction\",\"target\":[\"https:\/\/metrointeriors.ca\/fr\/produit\/station-de-service-global-boulevard-system-3\/\"]}]},{\"@type\":\"ImageObject\",\"inLanguage\":\"fr-FR\",\"@id\":\"https:\/\/metrointeriors.ca\/fr\/produit\/station-de-service-global-boulevard-system-3\/#primaryimage\",\"url\":\"https:\/\/metrointeriors.ca\/wp-content\/uploads\/2021\/08\/Global-Boulevard-Feature-Big-Square-1.jpg\",\"contentUrl\":\"https:\/\/metrointeriors.ca\/wp-content\/uploads\/2021\/08\/Global-Boulevard-Feature-Big-Square-1.jpg\",\"width\":1080,\"height\":1080,\"caption\":\"Global Boulevard Workstations Metro Interiors Quebec\"},{\"@type\":\"BreadcrumbList\",\"@id\":\"https:\/\/metrointeriors.ca\/fr\/produit\/station-de-service-global-boulevard-system-3\/#breadcrumb\",\"itemListElement\":[{\"@type\":\"ListItem\",\"position\":1,\"name\":\"Home\",\"item\":\"https:\/\/metrointeriors.ca\/fr\/\"},{\"@type\":\"ListItem\",\"position\":2,\"name\":\"Boutique\",\"item\":\"https:\/\/metrointeriors.ca\/fr\/boutique\/\"},{\"@type\":\"ListItem\",\"position\":3,\"name\":\"Boulevard System 3\"}]},{\"@type\":\"WebSite\",\"@id\":\"https:\/\/metrointeriors.ca\/#website\",\"url\":\"https:\/\/metrointeriors.ca\/\",\"name\":\"Metro Interiors\",\"description\":\"Laissez-nous vous aider \u00e0 rafra\u00eechir votre espace de travail d&#039;entreprise\",\"potentialAction\":[{\"@type\":\"SearchAction\",\"target\":{\"@type\":\"EntryPoint\",\"urlTemplate\":\"https:\/\/metrointeriors.ca\/?s={search_term_string}\"},\"query-input\":{\"@type\":\"PropertyValueSpecification\",\"valueRequired\":true,\"valueName\":\"search_term_string\"}}],\"inLanguage\":\"fr-FR\"}]}<\/script>\n<!-- \/ Yoast SEO plugin. -->","yoast_head_json":{"title":"Boulevard System 3 - Metro Interiors","robots":{"index":"index","follow":"follow","max-snippet":"max-snippet:-1","max-image-preview":"max-image-preview:large","max-video-preview":"max-video-preview:-1"},"canonical":"https:\/\/metrointeriors.ca\/fr\/produit\/station-de-service-global-boulevard-system-3\/","og_locale":"fr_FR","og_type":"article","og_title":"Boulevard System 3 - Metro Interiors","og_description":"Boulevard est bas\u00e9 sur la simplicit\u00e9 ... Simple \u00e0 sp\u00e9cifier, simple \u00e0 installer, simple \u00e0 entretenir et \u00e0 reconfigurer et avec une fiabilit\u00e9 \u00e9prouv\u00e9e.","og_url":"https:\/\/metrointeriors.ca\/fr\/produit\/station-de-service-global-boulevard-system-3\/","og_site_name":"Metro Interiors","article_modified_time":"2023-08-23T19:56:38+00:00","og_image":[{"width":1080,"height":1080,"url":"https:\/\/metrointeriors.ca\/wp-content\/uploads\/2021\/08\/Global-Boulevard-Feature-Big-Square-1.jpg","type":"image\/jpeg"}],"twitter_card":"summary_large_image","twitter_misc":{"Dur\u00e9e de lecture estim\u00e9e":"1 minute"},"schema":{"@context":"https:\/\/schema.org","@graph":[{"@type":"WebPage","@id":"https:\/\/metrointeriors.ca\/fr\/produit\/station-de-service-global-boulevard-system-3\/","url":"https:\/\/metrointeriors.ca\/fr\/produit\/station-de-service-global-boulevard-system-3\/","name":"Boulevard System 3 - Metro Interiors","isPartOf":{"@id":"https:\/\/metrointeriors.ca\/#website"},"primaryImageOfPage":{"@id":"https:\/\/metrointeriors.ca\/fr\/produit\/station-de-service-global-boulevard-system-3\/#primaryimage"},"image":{"@id":"https:\/\/metrointeriors.ca\/fr\/produit\/station-de-service-global-boulevard-system-3\/#primaryimage"},"thumbnailUrl":"https:\/\/metrointeriors.ca\/wp-content\/uploads\/2021\/08\/Global-Boulevard-Feature-Big-Square-1.jpg","datePublished":"2021-10-05T11:10:04+00:00","dateModified":"2023-08-23T19:56:38+00:00","breadcrumb":{"@id":"https:\/\/metrointeriors.ca\/fr\/produit\/station-de-service-global-boulevard-system-3\/#breadcrumb"},"inLanguage":"fr-FR","potentialAction":[{"@type":"ReadAction","target":["https:\/\/metrointeriors.ca\/fr\/produit\/station-de-service-global-boulevard-system-3\/"]}]},{"@type":"ImageObject","inLanguage":"fr-FR","@id":"https:\/\/metrointeriors.ca\/fr\/produit\/station-de-service-global-boulevard-system-3\/#primaryimage","url":"https:\/\/metrointeriors.ca\/wp-content\/uploads\/2021\/08\/Global-Boulevard-Feature-Big-Square-1.jpg","contentUrl":"https:\/\/metrointeriors.ca\/wp-content\/uploads\/2021\/08\/Global-Boulevard-Feature-Big-Square-1.jpg","width":1080,"height":1080,"caption":"Global Boulevard Workstations Metro Interiors Quebec"},{"@type":"BreadcrumbList","@id":"https:\/\/metrointeriors.ca\/fr\/produit\/station-de-service-global-boulevard-system-3\/#breadcrumb","itemListElement":[{"@type":"ListItem","position":1,"name":"Home","item":"https:\/\/metrointeriors.ca\/fr\/"},{"@type":"ListItem","position":2,"name":"Boutique","item":"https:\/\/metrointeriors.ca\/fr\/boutique\/"},{"@type":"ListItem","position":3,"name":"Boulevard System 3"}]},{"@type":"WebSite","@id":"https:\/\/metrointeriors.ca\/#website","url":"https:\/\/metrointeriors.ca\/","name":"Metro Interiors","description":"Laissez-nous vous aider \u00e0 rafra\u00eechir votre espace de travail d&#039;entreprise","potentialAction":[{"@type":"SearchAction","target":{"@type":"EntryPoint","urlTemplate":"https:\/\/metrointeriors.ca\/?s={search_term_string}"},"query-input":{"@type":"PropertyValueSpecification","valueRequired":true,"valueName":"search_term_string"}}],"inLanguage":"fr-FR"}]}},"_links":{"self":[{"href":"https:\/\/metrointeriors.ca\/fr\/wp-json\/wp\/v2\/product\/1434","targetHints":{"allow":["GET"]}}],"collection":[{"href":"https:\/\/metrointeriors.ca\/fr\/wp-json\/wp\/v2\/product"}],"about":[{"href":"https:\/\/metrointeriors.ca\/fr\/wp-json\/wp\/v2\/types\/product"}],"replies":[{"embeddable":true,"href":"https:\/\/metrointeriors.ca\/fr\/wp-json\/wp\/v2\/comments?post=1434"}],"wp:featuredmedia":[{"embeddable":true,"href":"https:\/\/metrointeriors.ca\/fr\/wp-json\/wp\/v2\/media\/1675"}],"wp:attachment":[{"href":"https:\/\/metrointeriors.ca\/fr\/wp-json\/wp\/v2\/media?parent=1434"}],"wp:term":[{"taxonomy":"product_brand","embeddable":true,"href":"https:\/\/metrointeriors.ca\/fr\/wp-json\/wp\/v2\/product_brand?post=1434"},{"taxonomy":"product_cat","embeddable":true,"href":"https:\/\/metrointeriors.ca\/fr\/wp-json\/wp\/v2\/product_cat?post=1434"},{"taxonomy":"product_tag","embeddable":true,"href":"https:\/\/metrointeriors.ca\/fr\/wp-json\/wp\/v2\/product_tag?post=1434"}],"curies":[{"name":"wp","href":"https:\/\/api.w.org\/{rel}","templated":true}]}}